{"id":15625,"date":"2021-12-01T16:17:29","date_gmt":"2021-12-01T21:17:29","guid":{"rendered":"https:\/\/wwwoaggaoca.wpengine.com\/?page_id=15625"},"modified":"2025-11-10T13:40:30","modified_gmt":"2025-11-10T18:40:30","slug":"faire-un-don","status":"publish","type":"page","link":"https:\/\/oaggao.ca\/fr\/faire-un-don\/","title":{"rendered":"Faire un don"},"content":{"rendered":"\t\t<div data-elementor-type=\"wp-page\" data-elementor-id=\"15625\" class=\"elementor elementor-15625 elementor-607\" data-elementor-post-type=\"page\">\n\t\t\t\t\t\t<section class=\"elementor-section elementor-top-section elementor-element elementor-element-8596fbf elementor-section-height-min-height elementor-section-boxed elementor-section-height-default elementor-section-items-middle\" data-id=\"8596fbf\" data-element_type=\"section\" data-settings=\"{&quot;background_background&quot;:&quot;classic&quot;}\">\n\t\t\t\t\t\t\t<div class=\"elementor-background-overlay\"><\/div>\n\t\t\t\t\t\t\t<div class=\"elementor-container elementor-column-gap-default\">\n\t\t\t\t\t<div class=\"elementor-column elementor-col-100 elementor-top-column elementor-element elementor-element-4fe8e76\" data-id=\"4fe8e76\" data-element_type=\"column\">\n\t\t\t<div class=\"elementor-widget-wrap elementor-element-populated\">\n\t\t\t\t\t\t<div class=\"elementor-element elementor-element-3e170a7 elementor-widget elementor-widget-heading\" data-id=\"3e170a7\" data-element_type=\"widget\" data-widget_type=\"heading.default\">\n\t\t\t\t<div class=\"elementor-widget-container\">\n\t\t\t\t\t<h1 class=\"elementor-heading-title elementor-size-default\">Faire un don<\/h1>\t\t\t\t<\/div>\n\t\t\t\t<\/div>\n\t\t\t\t\t<\/div>\n\t\t<\/div>\n\t\t\t\t\t<\/div>\n\t\t<\/section>\n\t\t\t\t<section class=\"elementor-section elementor-top-section elementor-element elementor-element-9720d01 elementor-section-boxed elementor-section-height-default elementor-section-height-default\" data-id=\"9720d01\" data-element_type=\"section\" data-settings=\"{&quot;background_background&quot;:&quot;classic&quot;}\">\n\t\t\t\t\t\t<div class=\"elementor-container elementor-column-gap-default\">\n\t\t\t\t\t<div class=\"elementor-column elementor-col-100 elementor-top-column elementor-element elementor-element-ba89c16\" data-id=\"ba89c16\" data-element_type=\"column\">\n\t\t\t<div class=\"elementor-widget-wrap elementor-element-populated\">\n\t\t\t\t\t\t<div class=\"elementor-element elementor-element-419373b elementor-nav-menu__align-center elementor-nav-menu--dropdown-tablet elementor-nav-menu__text-align-aside elementor-nav-menu--toggle elementor-nav-menu--burger elementor-widget elementor-widget-nav-menu\" data-id=\"419373b\" data-element_type=\"widget\" data-settings=\"{&quot;layout&quot;:&quot;horizontal&quot;,&quot;submenu_icon&quot;:{&quot;value&quot;:&quot;&lt;i class=\\&quot;fas fa-caret-down\\&quot; aria-hidden=\\&quot;true\\&quot;&gt;&lt;\\\/i&gt;&quot;,&quot;library&quot;:&quot;fa-solid&quot;},&quot;toggle&quot;:&quot;burger&quot;}\" data-widget_type=\"nav-menu.default\">\n\t\t\t\t<div class=\"elementor-widget-container\">\n\t\t\t\t\t\t\t\t<nav aria-label=\"Menu\" class=\"elementor-nav-menu--main elementor-nav-menu__container elementor-nav-menu--layout-horizontal e--pointer-none\">\n\t\t\t\t<ul id=\"menu-1-419373b\" class=\"elementor-nav-menu\"><li class=\"menu-item menu-item-type-post_type menu-item-object-page menu-item-32579\"><a href=\"https:\/\/oaggao.ca\/fr\/simpliquer\/adhesion\/\" class=\"elementor-item\">Adh\u00e9sion<\/a><\/li>\n<li class=\"menu-item menu-item-type-post_type menu-item-object-page menu-item-19633\"><a href=\"https:\/\/oaggao.ca\/fr\/simpliquer\/commandites-dentreprises\/\" class=\"elementor-item\">Commandites d\u2019entreprises<\/a><\/li>\n<li class=\"menu-item menu-item-type-post_type menu-item-object-page menu-item-19632\"><a href=\"https:\/\/oaggao.ca\/fr\/simpliquer\/dons-planifies\/\" class=\"elementor-item\">Dons planifi\u00e9s<\/a><\/li>\n<li class=\"menu-item menu-item-type-post_type menu-item-object-page menu-item-19635\"><a href=\"https:\/\/oaggao.ca\/fr\/faire-un-don\/\" class=\"elementor-item\">Faire un don<\/a><\/li>\n<\/ul>\t\t\t<\/nav>\n\t\t\t\t\t<div class=\"elementor-menu-toggle\" role=\"button\" tabindex=\"0\" aria-label=\"Permuter le menu\" aria-expanded=\"false\">\n\t\t\t<i aria-hidden=\"true\" role=\"presentation\" class=\"elementor-menu-toggle__icon--open eicon-menu-bar\"><\/i><i aria-hidden=\"true\" role=\"presentation\" class=\"elementor-menu-toggle__icon--close eicon-close\"><\/i>\t\t<\/div>\n\t\t\t\t\t<nav class=\"elementor-nav-menu--dropdown elementor-nav-menu__container\" aria-hidden=\"true\">\n\t\t\t\t<ul id=\"menu-2-419373b\" class=\"elementor-nav-menu\"><li class=\"menu-item menu-item-type-post_type menu-item-object-page menu-item-32579\"><a href=\"https:\/\/oaggao.ca\/fr\/simpliquer\/adhesion\/\" class=\"elementor-item\" tabindex=\"-1\">Adh\u00e9sion<\/a><\/li>\n<li class=\"menu-item menu-item-type-post_type menu-item-object-page menu-item-19633\"><a href=\"https:\/\/oaggao.ca\/fr\/simpliquer\/commandites-dentreprises\/\" class=\"elementor-item\" tabindex=\"-1\">Commandites d\u2019entreprises<\/a><\/li>\n<li class=\"menu-item menu-item-type-post_type menu-item-object-page menu-item-19632\"><a href=\"https:\/\/oaggao.ca\/fr\/simpliquer\/dons-planifies\/\" class=\"elementor-item\" tabindex=\"-1\">Dons planifi\u00e9s<\/a><\/li>\n<li class=\"menu-item menu-item-type-post_type menu-item-object-page menu-item-19635\"><a href=\"https:\/\/oaggao.ca\/fr\/faire-un-don\/\" class=\"elementor-item\" tabindex=\"-1\">Faire un don<\/a><\/li>\n<\/ul>\t\t\t<\/nav>\n\t\t\t\t\t\t<\/div>\n\t\t\t\t<\/div>\n\t\t\t\t\t<\/div>\n\t\t<\/div>\n\t\t\t\t\t<\/div>\n\t\t<\/section>\n\t\t\t\t<section class=\"elementor-section elementor-top-section elementor-element elementor-element-82b059a elementor-section-boxed elementor-section-height-default elementor-section-height-default\" data-id=\"82b059a\" data-element_type=\"section\">\n\t\t\t\t\t\t<div class=\"elementor-container elementor-column-gap-default\">\n\t\t\t\t\t<div class=\"elementor-column elementor-col-100 elementor-top-column elementor-element elementor-element-2a14cea\" data-id=\"2a14cea\" data-element_type=\"column\">\n\t\t\t<div class=\"elementor-widget-wrap\">\n\t\t\t\t\t\t\t<\/div>\n\t\t<\/div>\n\t\t\t\t\t<\/div>\n\t\t<\/section>\n\t\t\t\t<section class=\"elementor-section elementor-top-section elementor-element elementor-element-a003542 elementor-section-boxed elementor-section-height-default elementor-section-height-default\" data-id=\"a003542\" data-element_type=\"section\">\n\t\t\t\t\t\t<div class=\"elementor-container elementor-column-gap-default\">\n\t\t\t\t\t<div class=\"elementor-column elementor-col-50 elementor-top-column elementor-element elementor-element-636ce4f\" data-id=\"636ce4f\" data-element_type=\"column\">\n\t\t\t<div class=\"elementor-widget-wrap elementor-element-populated\">\n\t\t\t\t\t\t<div class=\"elementor-element elementor-element-bb55104 elementor-widget elementor-widget-image\" data-id=\"bb55104\" data-element_type=\"widget\" data-widget_type=\"image.default\">\n\t\t\t\t<div class=\"elementor-widget-container\">\n\t\t\t\t\t\t\t\t\t\t\t\t\t\t\t<img fetchpriority=\"high\" decoding=\"async\" width=\"800\" height=\"534\" src=\"https:\/\/oaggao.ca\/wp-content\/uploads\/2024\/01\/aeb8e974-d226-7743-1682-91f046158233-1024x683.jpg\" class=\"attachment-large size-large wp-image-37092\" alt=\"\" srcset=\"https:\/\/oaggao.ca\/wp-content\/uploads\/2024\/01\/aeb8e974-d226-7743-1682-91f046158233-1024x683.jpg 1024w, https:\/\/oaggao.ca\/wp-content\/uploads\/2024\/01\/aeb8e974-d226-7743-1682-91f046158233-300x200.jpg 300w, https:\/\/oaggao.ca\/wp-content\/uploads\/2024\/01\/aeb8e974-d226-7743-1682-91f046158233-768x512.jpg 768w, https:\/\/oaggao.ca\/wp-content\/uploads\/2024\/01\/aeb8e974-d226-7743-1682-91f046158233-600x400.jpg 600w, https:\/\/oaggao.ca\/wp-content\/uploads\/2024\/01\/aeb8e974-d226-7743-1682-91f046158233.jpg 1080w\" sizes=\"(max-width: 800px) 100vw, 800px\" \/>\t\t\t\t\t\t\t\t\t\t\t\t\t\t\t<\/div>\n\t\t\t\t<\/div>\n\t\t\t\t\t<\/div>\n\t\t<\/div>\n\t\t\t\t<div class=\"elementor-column elementor-col-50 elementor-top-column elementor-element elementor-element-4268793\" data-id=\"4268793\" data-element_type=\"column\">\n\t\t\t<div class=\"elementor-widget-wrap elementor-element-populated\">\n\t\t\t\t\t\t<div class=\"elementor-element elementor-element-9242345 elementor-widget__width-initial elementor-widget elementor-widget-text-editor\" data-id=\"9242345\" data-element_type=\"widget\" data-widget_type=\"text-editor.default\">\n\t\t\t\t<div class=\"elementor-widget-container\">\n\t\t\t\t\t\t\t\t\t<h4><strong>Faire un don \u00e0 la Galerie d&rsquo;art d&rsquo;Ottawa.<\/strong><\/h4><p><strong>Soutenez l\u2019art, la communaut\u00e9 et la GAO !<\/strong><\/p><p>Chaque don, grand ou petit, fait une diff\u00e9rence.<br \/>Merci de contribuer \u00e0 l\u2019exp\u00e9rience enrichissante du foyer pour les arts \u00e0 Ottawa-Gatineau.<\/p><p>Pour en apprendre davantage sur comment appuyer la GAO, veuillez communiquer avec :<a href=\"mailto:rrama@oaggao.ca\" target=\"_blank\" rel=\"noopener\"> rrama@oaggao.ca<\/a><br \/>613-233-8699 +243<\/p><p><strong>Choisissez ci-dessous l\u2019impact que vous aurez sur votre communaut\u00e9 artistique ou encore contribuez au <a href=\"https:\/\/oaggao.ca\/fr\/soutenir-le-fonds-acquisitions-bill-staubi\/\">Fonds d\u2019acquisitions Bill Staubi<\/a>.<\/strong><\/p>\t\t\t\t\t\t\t\t<\/div>\n\t\t\t\t<\/div>\n\t\t\t\t\t<\/div>\n\t\t<\/div>\n\t\t\t\t\t<\/div>\n\t\t<\/section>\n\t\t\t\t<section class=\"elementor-section elementor-top-section elementor-element elementor-element-1d083ef elementor-section-boxed elementor-section-height-default elementor-section-height-default\" data-id=\"1d083ef\" data-element_type=\"section\">\n\t\t\t\t\t\t<div class=\"elementor-container elementor-column-gap-default\">\n\t\t\t\t\t<div class=\"elementor-column elementor-col-100 elementor-top-column elementor-element elementor-element-2289ff3\" data-id=\"2289ff3\" data-element_type=\"column\">\n\t\t\t<div class=\"elementor-widget-wrap elementor-element-populated\">\n\t\t\t\t\t\t<div class=\"elementor-element elementor-element-2ca8060 elementor-widget-divider--view-line elementor-widget elementor-widget-divider\" data-id=\"2ca8060\" data-element_type=\"widget\" data-widget_type=\"divider.default\">\n\t\t\t\t<div class=\"elementor-widget-container\">\n\t\t\t\t\t\t\t<div class=\"elementor-divider\">\n\t\t\t<span class=\"elementor-divider-separator\">\n\t\t\t\t\t\t<\/span>\n\t\t<\/div>\n\t\t\t\t\t\t<\/div>\n\t\t\t\t<\/div>\n\t\t\t\t\t<\/div>\n\t\t<\/div>\n\t\t\t\t\t<\/div>\n\t\t<\/section>\n\t\t\t\t<section class=\"elementor-section elementor-top-section elementor-element elementor-element-bc98dfc elementor-section-boxed elementor-section-height-default elementor-section-height-default\" data-id=\"bc98dfc\" data-element_type=\"section\">\n\t\t\t\t\t\t<div class=\"elementor-container elementor-column-gap-default\">\n\t\t\t\t\t<div class=\"elementor-column elementor-col-50 elementor-top-column elementor-element elementor-element-5ba6230\" data-id=\"5ba6230\" data-element_type=\"column\">\n\t\t\t<div class=\"elementor-widget-wrap elementor-element-populated\">\n\t\t\t\t\t\t<div class=\"elementor-element elementor-element-83713e3 elementor-hidden-mobile elementor-widget elementor-widget-jet-images-layout\" data-id=\"83713e3\" data-element_type=\"widget\" data-settings=\"{&quot;columns&quot;:&quot;1&quot;}\" data-widget_type=\"jet-images-layout.default\">\n\t\t\t\t<div class=\"elementor-widget-container\">\n\t\t\t\t\t<div class=\"elementor-jet-images-layout jet-elements\">\n<div class=\"jet-images-layout layout-type-grid\" data-settings='{&quot;layoutType&quot;:&quot;grid&quot;,&quot;justifyHeight&quot;:300}'>\n\t<div class=\"jet-images-layout__list col-row disable-cols-gap disable-rows-gap column-desktop-1 column-tablet-2 column-mobile-1\" >\n<div class=\"jet-images-layout__item col-desk-1\">\n\t<div class=\"jet-images-layout__inner\">\n\t\t<div class=\"jet-images-layout__image-loader\"><span><\/span><\/div>\n\t\t<div class=\"jet-images-layout__link \">\n\t\t\t<div class=\"jet-images-layout__image\">\n\t\t\t\t<img decoding=\"async\" class=\"jet-images-layout__image-instance\" src=\"https:\/\/oaggao.ca\/wp-content\/uploads\/2021\/10\/arthouseEXT-87_2.jpg\" alt=\"arthouse(EXT)-87_2\" loading=\"lazy\">\t\t\t<\/div>\n\t\t\t<div class=\"jet-images-layout__content\"><\/div>\n\t\t<\/div>\n\t<\/div>\n<\/div>\n<div class=\"jet-images-layout__item col-desk-1\">\n\t<div class=\"jet-images-layout__inner\">\n\t\t<div class=\"jet-images-layout__image-loader\"><span><\/span><\/div>\n\t\t<div class=\"jet-images-layout__link \">\n\t\t\t<div class=\"jet-images-layout__image\">\n\t\t\t\t<img decoding=\"async\" class=\"jet-images-layout__image-instance\" src=\"https:\/\/oaggao.ca\/wp-content\/uploads\/2024\/11\/Educator-e1674248526223.jpg\" alt=\"Educator-e1674248526223\" loading=\"lazy\">\t\t\t<\/div>\n\t\t\t<div class=\"jet-images-layout__content\"><\/div>\n\t\t<\/div>\n\t<\/div>\n<\/div>\n<div class=\"jet-images-layout__item col-desk-1\">\n\t<div class=\"jet-images-layout__inner\">\n\t\t<div class=\"jet-images-layout__image-loader\"><span><\/span><\/div>\n\t\t<a class=\"jet-images-layout__link \" href=\"https:\/\/oaggao.ca\/wp-content\/uploads\/2024\/11\/LIN04045-2.jpg\" data-elementor-open-lightbox=\"yes\" data-elementor-lightbox-slideshow=\"83713e3\">\n\t\t\t<div class=\"jet-images-layout__image\">\n\t\t\t\t<img decoding=\"async\" class=\"jet-images-layout__image-instance\" src=\"https:\/\/oaggao.ca\/wp-content\/uploads\/2024\/11\/LIN04045-2.jpg\" alt=\"LIN04045 (2)\" loading=\"lazy\">\t\t\t<\/div>\n\t\t\t<div class=\"jet-images-layout__content\"><\/div>\n\t\t<\/a>\n\t<\/div>\n<\/div>\n<div class=\"jet-images-layout__item col-desk-1\">\n\t<div class=\"jet-images-layout__inner\">\n\t\t<div class=\"jet-images-layout__image-loader\"><span><\/span><\/div>\n\t\t<div class=\"jet-images-layout__link \">\n\t\t\t<div class=\"jet-images-layout__image\">\n\t\t\t\t<img decoding=\"async\" class=\"jet-images-layout__image-instance\" src=\"https:\/\/oaggao.ca\/wp-content\/uploads\/2023\/06\/287452642_10158897646073042_5175972422241368207_n.jpg\" alt=\"287452642_10158897646073042_5175972422241368207_n\" loading=\"lazy\">\t\t\t<\/div>\n\t\t\t<div class=\"jet-images-layout__content\"><\/div>\n\t\t<\/div>\n\t<\/div>\n<\/div>\n<div class=\"jet-images-layout__item col-desk-1\">\n\t<div class=\"jet-images-layout__inner\">\n\t\t<div class=\"jet-images-layout__image-loader\"><span><\/span><\/div>\n\t\t<div class=\"jet-images-layout__link \">\n\t\t\t<div class=\"jet-images-layout__image\">\n\t\t\t\t<img decoding=\"async\" class=\"jet-images-layout__image-instance\" src=\"https:\/\/oaggao.ca\/wp-content\/uploads\/2024\/11\/LIN05320.jpg\" alt=\"LIN05320\" loading=\"lazy\">\t\t\t<\/div>\n\t\t\t<div class=\"jet-images-layout__content\"><\/div>\n\t\t<\/div>\n\t<\/div>\n<\/div>\n<div class=\"jet-images-layout__item col-desk-1\">\n\t<div class=\"jet-images-layout__inner\">\n\t\t<div class=\"jet-images-layout__image-loader\"><span><\/span><\/div>\n\t\t<a class=\"jet-images-layout__link \" href=\"https:\/\/oaggao.ca\/wp-content\/uploads\/2024\/10\/LIN00353.jpg\" data-elementor-open-lightbox=\"yes\" data-elementor-lightbox-slideshow=\"83713e3\">\n\t\t\t<div class=\"jet-images-layout__image\">\n\t\t\t\t<img decoding=\"async\" class=\"jet-images-layout__image-instance\" src=\"https:\/\/oaggao.ca\/wp-content\/uploads\/2024\/10\/LIN00353.jpg\" alt=\"LIN00353\" loading=\"lazy\">\t\t\t<\/div>\n\t\t\t<div class=\"jet-images-layout__content\"><\/div>\n\t\t<\/a>\n\t<\/div>\n<\/div>\n<div class=\"jet-images-layout__item col-desk-1\">\n\t<div class=\"jet-images-layout__inner\">\n\t\t<div class=\"jet-images-layout__image-loader\"><span><\/span><\/div>\n\t\t<a class=\"jet-images-layout__link \" href=\"https:\/\/oaggao.ca\/wp-content\/uploads\/2024\/11\/LIN09445-1.jpg\" data-elementor-open-lightbox=\"yes\" data-elementor-lightbox-slideshow=\"83713e3\">\n\t\t\t<div class=\"jet-images-layout__image\">\n\t\t\t\t<img decoding=\"async\" class=\"jet-images-layout__image-instance\" src=\"https:\/\/oaggao.ca\/wp-content\/uploads\/2024\/11\/LIN09445-1.jpg\" alt=\"LIN09445 (1)\" loading=\"lazy\">\t\t\t<\/div>\n\t\t\t<div class=\"jet-images-layout__content\"><\/div>\n\t\t<\/a>\n\t<\/div>\n<\/div>\n<\/div><\/div>\n<\/div>\t\t\t\t<\/div>\n\t\t\t\t<\/div>\n\t\t\t\t\t<\/div>\n\t\t<\/div>\n\t\t\t\t<div class=\"elementor-column elementor-col-50 elementor-top-column elementor-element elementor-element-d6e28ed\" data-id=\"d6e28ed\" data-element_type=\"column\">\n\t\t\t<div class=\"elementor-widget-wrap elementor-element-populated\">\n\t\t\t\t\t\t<div class=\"elementor-element elementor-element-f909c16 elementor-widget__width-initial elementor-widget elementor-widget-shortcode\" data-id=\"f909c16\" data-element_type=\"widget\" data-widget_type=\"shortcode.default\">\n\t\t\t\t<div class=\"elementor-widget-container\">\n\t\t\t\t\t\t\t<div class=\"elementor-shortcode\"> <div id=\"blackbaud-donation-form_32225b1b-6a79-40fa-8eb4-944169161efc\"><\/div>\n        <script src=\"https:\/\/sky.blackbaudcdn.net\/static\/donor-form-loader\/2\/main.js\"><\/script>\n        <script>BBDonorFormLoader.newBlackbaudDonationFormZoned('renxt', 'p-ELeLuTZRmkWDAP5wAscPHg', '32225b1b-6a79-40fa-8eb4-944169161efc', 'can')<\/script>\n\n<\/div>\n\t\t\t\t\t\t<\/div>\n\t\t\t\t<\/div>\n\t\t\t\t\t<\/div>\n\t\t<\/div>\n\t\t\t\t\t<\/div>\n\t\t<\/section>\n\t\t\t\t<\/div>\n\t\t","protected":false},"excerpt":{"rendered":"<p>Faire un don Faire un don \u00e0 la Galerie d&rsquo;art d&rsquo;Ottawa. Soutenez l\u2019art, la communaut\u00e9 et la GAO ! Chaque don, grand ou petit, fait une diff\u00e9rence.Merci de contribuer \u00e0 [&hellip;]<\/p>\n","protected":false},"author":4,"featured_media":0,"parent":0,"menu_order":0,"comment_status":"closed","ping_status":"closed","template":"","meta":{"_acf_changed":false,"footnotes":""},"class_list":["post-15625","page","type-page","status-publish","hentry"],"acf":[],"aioseo_notices":[],"_links":{"self":[{"href":"https:\/\/oaggao.ca\/fr\/wp-json\/wp\/v2\/pages\/15625","targetHints":{"allow":["GET"]}}],"collection":[{"href":"https:\/\/oaggao.ca\/fr\/wp-json\/wp\/v2\/pages"}],"about":[{"href":"https:\/\/oaggao.ca\/fr\/wp-json\/wp\/v2\/types\/page"}],"author":[{"embeddable":true,"href":"https:\/\/oaggao.ca\/fr\/wp-json\/wp\/v2\/users\/4"}],"replies":[{"embeddable":true,"href":"https:\/\/oaggao.ca\/fr\/wp-json\/wp\/v2\/comments?post=15625"}],"version-history":[{"count":0,"href":"https:\/\/oaggao.ca\/fr\/wp-json\/wp\/v2\/pages\/15625\/revisions"}],"wp:attachment":[{"href":"https:\/\/oaggao.ca\/fr\/wp-json\/wp\/v2\/media?parent=15625"}],"curies":[{"name":"wp","href":"https:\/\/api.w.org\/{rel}","templated":true}]}}