{"id":15743,"date":"2021-12-06T09:38:05","date_gmt":"2021-12-06T14:38:05","guid":{"rendered":"https:\/\/wwwoaggaoca.wpengine.com\/?page_id=15743"},"modified":"2026-01-26T16:22:53","modified_gmt":"2026-01-26T21:22:53","slug":"accessibilite-et-service-de-garde","status":"publish","type":"page","link":"https:\/\/oaggao.ca\/fr\/visiter\/accessibilite-et-service-de-garde\/","title":{"rendered":"Accessibilit\u00e9 et service de garde"},"content":{"rendered":"\t\t<div data-elementor-type=\"wp-page\" data-elementor-id=\"15743\" class=\"elementor elementor-15743 elementor-11555\" data-elementor-post-type=\"page\">\n\t\t\t\t\t\t<section class=\"elementor-section elementor-top-section elementor-element elementor-element-739c3b4 elementor-section-height-min-height elementor-section-boxed elementor-section-height-default elementor-section-items-middle\" data-id=\"739c3b4\" data-element_type=\"section\" data-settings=\"{&quot;background_background&quot;:&quot;classic&quot;}\">\n\t\t\t\t\t\t\t<div class=\"elementor-background-overlay\"><\/div>\n\t\t\t\t\t\t\t<div class=\"elementor-container elementor-column-gap-default\">\n\t\t\t\t\t<div class=\"elementor-column elementor-col-100 elementor-top-column elementor-element elementor-element-ad19ccc\" data-id=\"ad19ccc\" data-element_type=\"column\">\n\t\t\t<div class=\"elementor-widget-wrap elementor-element-populated\">\n\t\t\t\t\t\t<div class=\"elementor-element elementor-element-b64896d elementor-widget elementor-widget-heading\" data-id=\"b64896d\" data-element_type=\"widget\" data-widget_type=\"heading.default\">\n\t\t\t\t<div class=\"elementor-widget-container\">\n\t\t\t\t\t<h1 class=\"elementor-heading-title elementor-size-default\">Accessibilit\u00e9 et service de garde<\/h1>\t\t\t\t<\/div>\n\t\t\t\t<\/div>\n\t\t\t\t\t<\/div>\n\t\t<\/div>\n\t\t\t\t\t<\/div>\n\t\t<\/section>\n\t\t\t\t<section class=\"elementor-section elementor-top-section elementor-element elementor-element-5ef6499 elementor-section-boxed elementor-section-height-default elementor-section-height-default\" data-id=\"5ef6499\" data-element_type=\"section\" data-settings=\"{&quot;background_background&quot;:&quot;classic&quot;}\">\n\t\t\t\t\t\t<div class=\"elementor-container elementor-column-gap-default\">\n\t\t\t\t\t<div class=\"elementor-column elementor-col-100 elementor-top-column elementor-element elementor-element-d01ec95\" data-id=\"d01ec95\" data-element_type=\"column\">\n\t\t\t<div class=\"elementor-widget-wrap elementor-element-populated\">\n\t\t\t\t\t\t<div class=\"elementor-element elementor-element-03189d1 elementor-nav-menu__align-center elementor-nav-menu--dropdown-tablet elementor-nav-menu__text-align-aside elementor-nav-menu--toggle elementor-nav-menu--burger elementor-widget elementor-widget-nav-menu\" data-id=\"03189d1\" data-element_type=\"widget\" data-settings=\"{&quot;layout&quot;:&quot;horizontal&quot;,&quot;submenu_icon&quot;:{&quot;value&quot;:&quot;&lt;i class=\\&quot;fas fa-caret-down\\&quot; aria-hidden=\\&quot;true\\&quot;&gt;&lt;\\\/i&gt;&quot;,&quot;library&quot;:&quot;fa-solid&quot;},&quot;toggle&quot;:&quot;burger&quot;}\" data-widget_type=\"nav-menu.default\">\n\t\t\t\t<div class=\"elementor-widget-container\">\n\t\t\t\t\t\t\t\t<nav aria-label=\"Menu\" class=\"elementor-nav-menu--main elementor-nav-menu__container elementor-nav-menu--layout-horizontal e--pointer-none\">\n\t\t\t\t<ul id=\"menu-1-03189d1\" class=\"elementor-nav-menu\"><li class=\"menu-item menu-item-type-post_type menu-item-object-page menu-item-15748\"><a href=\"https:\/\/oaggao.ca\/fr\/visiter\/preparer-votre-visite\/\" class=\"elementor-item\">Pr\u00e9parer votre visite<\/a><\/li>\n<li class=\"menu-item menu-item-type-post_type menu-item-object-page menu-item-21000\"><a href=\"https:\/\/oaggao.ca\/fr\/visiter\/declaration-de-territoire\/\" class=\"elementor-item\">D\u00e9claration de territoire<\/a><\/li>\n<li class=\"menu-item menu-item-type-post_type menu-item-object-page menu-item-15749\"><a href=\"https:\/\/oaggao.ca\/fr\/visiter\/visites-guidees\/\" class=\"elementor-item\">Visites guid\u00e9es<\/a><\/li>\n<li class=\"menu-item menu-item-type-post_type menu-item-object-page menu-item-15746\"><a href=\"https:\/\/oaggao.ca\/fr\/visiter\/accessibilite-et-service-de-garde\/\" class=\"elementor-item\">Accessibilit\u00e9 et service de garde<\/a><\/li>\n<li class=\"menu-item menu-item-type-post_type menu-item-object-page menu-item-15747\"><a href=\"https:\/\/oaggao.ca\/fr\/visiter\/consignes-lors-des-visites\/\" class=\"elementor-item\">Consignes lors des visites<\/a><\/li>\n<li class=\"menu-item menu-item-type-post_type menu-item-object-page menu-item-27547\"><a href=\"https:\/\/oaggao.ca\/fr\/location-de-salles\/\" class=\"elementor-item\">Location de salles<\/a><\/li>\n<\/ul>\t\t\t<\/nav>\n\t\t\t\t\t<div class=\"elementor-menu-toggle\" role=\"button\" tabindex=\"0\" aria-label=\"Permuter le menu\" aria-expanded=\"false\">\n\t\t\t<i aria-hidden=\"true\" role=\"presentation\" class=\"elementor-menu-toggle__icon--open eicon-menu-bar\"><\/i><i aria-hidden=\"true\" role=\"presentation\" class=\"elementor-menu-toggle__icon--close eicon-close\"><\/i>\t\t<\/div>\n\t\t\t\t\t<nav class=\"elementor-nav-menu--dropdown elementor-nav-menu__container\" aria-hidden=\"true\">\n\t\t\t\t<ul id=\"menu-2-03189d1\" class=\"elementor-nav-menu\"><li class=\"menu-item menu-item-type-post_type menu-item-object-page menu-item-15748\"><a href=\"https:\/\/oaggao.ca\/fr\/visiter\/preparer-votre-visite\/\" class=\"elementor-item\" tabindex=\"-1\">Pr\u00e9parer votre visite<\/a><\/li>\n<li class=\"menu-item menu-item-type-post_type menu-item-object-page menu-item-21000\"><a href=\"https:\/\/oaggao.ca\/fr\/visiter\/declaration-de-territoire\/\" class=\"elementor-item\" tabindex=\"-1\">D\u00e9claration de territoire<\/a><\/li>\n<li class=\"menu-item menu-item-type-post_type menu-item-object-page menu-item-15749\"><a href=\"https:\/\/oaggao.ca\/fr\/visiter\/visites-guidees\/\" class=\"elementor-item\" tabindex=\"-1\">Visites guid\u00e9es<\/a><\/li>\n<li class=\"menu-item menu-item-type-post_type menu-item-object-page menu-item-15746\"><a href=\"https:\/\/oaggao.ca\/fr\/visiter\/accessibilite-et-service-de-garde\/\" class=\"elementor-item\" tabindex=\"-1\">Accessibilit\u00e9 et service de garde<\/a><\/li>\n<li class=\"menu-item menu-item-type-post_type menu-item-object-page menu-item-15747\"><a href=\"https:\/\/oaggao.ca\/fr\/visiter\/consignes-lors-des-visites\/\" class=\"elementor-item\" tabindex=\"-1\">Consignes lors des visites<\/a><\/li>\n<li class=\"menu-item menu-item-type-post_type menu-item-object-page menu-item-27547\"><a href=\"https:\/\/oaggao.ca\/fr\/location-de-salles\/\" class=\"elementor-item\" tabindex=\"-1\">Location de salles<\/a><\/li>\n<\/ul>\t\t\t<\/nav>\n\t\t\t\t\t\t<\/div>\n\t\t\t\t<\/div>\n\t\t\t\t\t<\/div>\n\t\t<\/div>\n\t\t\t\t\t<\/div>\n\t\t<\/section>\n\t\t\t\t<section class=\"elementor-section elementor-top-section elementor-element elementor-element-801df92 elementor-section-boxed elementor-section-height-default elementor-section-height-default\" data-id=\"801df92\" data-element_type=\"section\">\n\t\t\t\t\t\t<div class=\"elementor-container elementor-column-gap-default\">\n\t\t\t\t\t<div class=\"elementor-column elementor-col-100 elementor-top-column elementor-element elementor-element-2426755\" data-id=\"2426755\" data-element_type=\"column\">\n\t\t\t<div class=\"elementor-widget-wrap elementor-element-populated\">\n\t\t\t\t\t\t<div class=\"elementor-element elementor-element-44ee5a8 elementor-widget elementor-widget-spacer\" data-id=\"44ee5a8\" data-element_type=\"widget\" data-widget_type=\"spacer.default\">\n\t\t\t\t<div class=\"elementor-widget-container\">\n\t\t\t\t\t\t\t<div class=\"elementor-spacer\">\n\t\t\t<div class=\"elementor-spacer-inner\"><\/div>\n\t\t<\/div>\n\t\t\t\t\t\t<\/div>\n\t\t\t\t<\/div>\n\t\t\t\t<div class=\"elementor-element elementor-element-61f7709 elementor-widget elementor-widget-heading\" data-id=\"61f7709\" data-element_type=\"widget\" data-widget_type=\"heading.default\">\n\t\t\t\t<div class=\"elementor-widget-container\">\n\t\t\t\t\t<h2 class=\"elementor-heading-title elementor-size-default\">ACC\u00c8S<\/h2>\t\t\t\t<\/div>\n\t\t\t\t<\/div>\n\t\t\t\t\t<\/div>\n\t\t<\/div>\n\t\t\t\t\t<\/div>\n\t\t<\/section>\n\t\t\t\t<section class=\"elementor-section elementor-top-section elementor-element elementor-element-2c578d4 elementor-section-boxed elementor-section-height-default elementor-section-height-default\" data-id=\"2c578d4\" data-element_type=\"section\">\n\t\t\t\t\t\t<div class=\"elementor-container elementor-column-gap-default\">\n\t\t\t\t\t<div class=\"elementor-column elementor-col-50 elementor-top-column elementor-element elementor-element-773a2fd\" data-id=\"773a2fd\" data-element_type=\"column\">\n\t\t\t<div class=\"elementor-widget-wrap elementor-element-populated\">\n\t\t\t\t\t\t<div class=\"elementor-element elementor-element-8ac3371 elementor-widget elementor-widget-image\" data-id=\"8ac3371\" data-element_type=\"widget\" data-widget_type=\"image.default\">\n\t\t\t\t<div class=\"elementor-widget-container\">\n\t\t\t\t\t\t\t\t\t\t\t\t\t\t\t<img fetchpriority=\"high\" decoding=\"async\" width=\"800\" height=\"533\" src=\"https:\/\/oaggao.ca\/wp-content\/uploads\/2021\/12\/LUT5043_0-1024x682.jpg\" class=\"attachment-large size-large wp-image-19721\" alt=\"\" srcset=\"https:\/\/oaggao.ca\/wp-content\/uploads\/2021\/12\/LUT5043_0-1024x682.jpg 1024w, https:\/\/oaggao.ca\/wp-content\/uploads\/2021\/12\/LUT5043_0-300x200.jpg 300w, https:\/\/oaggao.ca\/wp-content\/uploads\/2021\/12\/LUT5043_0-768x511.jpg 768w, https:\/\/oaggao.ca\/wp-content\/uploads\/2021\/12\/LUT5043_0-1536x1022.jpg 1536w, https:\/\/oaggao.ca\/wp-content\/uploads\/2021\/12\/LUT5043_0-600x400.jpg 600w, https:\/\/oaggao.ca\/wp-content\/uploads\/2021\/12\/LUT5043_0.jpg 1600w\" sizes=\"(max-width: 800px) 100vw, 800px\" \/>\t\t\t\t\t\t\t\t\t\t\t\t\t\t\t<\/div>\n\t\t\t\t<\/div>\n\t\t\t\t\t<\/div>\n\t\t<\/div>\n\t\t\t\t<div class=\"elementor-column elementor-col-50 elementor-top-column elementor-element elementor-element-6425f14\" data-id=\"6425f14\" data-element_type=\"column\">\n\t\t\t<div class=\"elementor-widget-wrap elementor-element-populated\">\n\t\t\t\t\t\t<div class=\"elementor-element elementor-element-66489e4 elementor-widget__width-initial elementor-widget elementor-widget-text-editor\" data-id=\"66489e4\" data-element_type=\"widget\" data-widget_type=\"text-editor.default\">\n\t\t\t\t<div class=\"elementor-widget-container\">\n\t\t\t\t\t\t\t\t\t<p><strong>La Galerie d\u2019art d\u2019Ottawa est engag\u00e9e \u00e0 offrir un environnement sans barri\u00e8res.<\/strong><\/p><ul><li>L\u2019entr\u00e9e est <strong>gratuite<\/strong> et tout le monde est la bienvenue<\/li><li>Toutes les entr\u00e9es ainsi que les salles d\u2019exposition et d\u2019\u00e9v\u00e8nement sont enti\u00e8rement accessibles.<\/li><li>Veuillez noter que l&#8217;emplacement du lieu de d\u00e9pot Para Transpo est situ\u00e9 au 10, avenue Daly.<\/li><li>La GAO est ravie d\u2019offrir des toilettes non genr\u00e9es.<\/li><li>Un service de garde gratuit est offert lors des vernissages\u00a0<\/li><li>Des si\u00e8ges portables et des si\u00e8ges publics dans tout l&rsquo;\u00e9difice.<\/li><li>L\u2019une des salles de toilette au niveau 1 est \u00e9quip\u00e9e d&rsquo;une table \u00e0 langer pour adultes.<\/li><li>Pour toute autre demande relative \u00e0 l\u2019accessibilit\u00e9, veuillez \u00e9crire \u00e0 l&rsquo;adresse <a href=\"mailto:info@oaggao.ca\"><strong>info@oaggao.ca,<\/strong><\/a> ou composer le <strong>613-233-8699 +226<\/strong>.<\/li><\/ul>\t\t\t\t\t\t\t\t<\/div>\n\t\t\t\t<\/div>\n\t\t\t\t\t<\/div>\n\t\t<\/div>\n\t\t\t\t\t<\/div>\n\t\t<\/section>\n\t\t\t\t<section class=\"elementor-section elementor-top-section elementor-element elementor-element-855b7c7 elementor-section-boxed elementor-section-height-default elementor-section-height-default\" data-id=\"855b7c7\" data-element_type=\"section\">\n\t\t\t\t\t\t<div class=\"elementor-container elementor-column-gap-default\">\n\t\t\t\t\t<div class=\"elementor-column elementor-col-100 elementor-top-column elementor-element elementor-element-dcb98e9\" data-id=\"dcb98e9\" data-element_type=\"column\">\n\t\t\t<div class=\"elementor-widget-wrap elementor-element-populated\">\n\t\t\t\t\t\t<div class=\"elementor-element elementor-element-be6f4ce elementor-widget elementor-widget-text-editor\" data-id=\"be6f4ce\" data-element_type=\"widget\" data-widget_type=\"text-editor.default\">\n\t\t\t\t<div class=\"elementor-widget-container\">\n\t\t\t\t\t\t\t\t\t<p><strong>Options pour l\u2019accessibilit\u00e9 dans les expositions &#8211; Adressez-vous au Boutique OAG Shop au niveau 1, \u00e0 l&rsquo;entr\u00e9e principale du 50, point Mackenzie King :<\/strong><\/p><ul><li>Casques anti-bruit : vous pouvez emprunter des casques anti-bruit pour enfants ou pour adultes.<\/li><li>Fauteuil roulant et d\u00e9ambulateur disponibles.<\/li><\/ul><p><strong>Visites guid\u00e9es accessibles<br \/><\/strong>les personnes qui sont aveugles ou qui ont une vision partielle peuvent r\u00e9server gratuitement une visite guid\u00e9e des expositions en composant le <strong>613-233-8699 + 226<\/strong><\/p><p><strong>Pour se rendre :<br \/><\/strong><\/p><ul><li><strong>*Entr\u00e9e avec aire de d\u00e9barquement : 10, avenue Daly.<\/strong> L\u2019entr\u00e9e de l\u2019avenue Daly se trouve du c\u00f4t\u00e9 sud, entre les rues Waller et Nicholas. Les grandes portes doubles vitr\u00e9es de la galerie se situent en retrait de la rue. Les banni\u00e8res de la Galerie sont accentu\u00e9es de rose vif.<\/li><li><strong>Entr\u00e9e au 50, pont Mackenzie King :<\/strong> Si vous voyagez avec OC Transpo, descendez \u00e0 la station Mackenzie King puis prenez la direction est, en vous dirigeant vers l\u2019Universit\u00e9 d\u2019Ottawa. La Galerie se trouve du m\u00eame c\u00f4t\u00e9 de la rue que le Centre Rideau, au coin nord-ouest du pont Mackenzie King et de la rue Waller. L\u2019entr\u00e9e de la Galerie est en retrait de la rue et se distingue par une affiche DEL.<\/li><\/ul><p><strong><span style=\"text-decoration: underline;\">*Veuillez noter :<\/span> On ne peut vous d\u00e9poser ou passer vous chercher en voiture qu\u2019\u00e0 l\u2019ENTR\u00c9E DALY. Faites-nous savoir \u00e0 quelle entr\u00e9e vous arriverez et un guide voyant vous y rencontrera.<\/strong><\/p>\t\t\t\t\t\t\t\t<\/div>\n\t\t\t\t<\/div>\n\t\t\t\t<div class=\"elementor-element elementor-element-ff89e80 elementor-widget elementor-widget-spacer\" data-id=\"ff89e80\" data-element_type=\"widget\" data-widget_type=\"spacer.default\">\n\t\t\t\t<div class=\"elementor-widget-container\">\n\t\t\t\t\t\t\t<div class=\"elementor-spacer\">\n\t\t\t<div class=\"elementor-spacer-inner\"><\/div>\n\t\t<\/div>\n\t\t\t\t\t\t<\/div>\n\t\t\t\t<\/div>\n\t\t\t\t\t<\/div>\n\t\t<\/div>\n\t\t\t\t\t<\/div>\n\t\t<\/section>\n\t\t\t\t<section class=\"elementor-section elementor-top-section elementor-element elementor-element-ba76b78 elementor-section-boxed elementor-section-height-default elementor-section-height-default\" data-id=\"ba76b78\" data-element_type=\"section\">\n\t\t\t\t\t\t<div class=\"elementor-container elementor-column-gap-default\">\n\t\t\t\t\t<div class=\"elementor-column elementor-col-100 elementor-top-column elementor-element elementor-element-043f205\" data-id=\"043f205\" data-element_type=\"column\">\n\t\t\t<div class=\"elementor-widget-wrap elementor-element-populated\">\n\t\t\t\t\t\t<div class=\"elementor-element elementor-element-8372602 elementor-widget elementor-widget-heading\" data-id=\"8372602\" data-element_type=\"widget\" data-widget_type=\"heading.default\">\n\t\t\t\t<div class=\"elementor-widget-container\">\n\t\t\t\t\t<h2 class=\"elementor-heading-title elementor-size-default\">SERVICE DE GARDE Gratuit<\/h2>\t\t\t\t<\/div>\n\t\t\t\t<\/div>\n\t\t\t\t\t<\/div>\n\t\t<\/div>\n\t\t\t\t\t<\/div>\n\t\t<\/section>\n\t\t\t\t<section class=\"elementor-section elementor-top-section elementor-element elementor-element-0cb6c67 elementor-section-boxed elementor-section-height-default elementor-section-height-default\" data-id=\"0cb6c67\" data-element_type=\"section\">\n\t\t\t\t\t\t<div class=\"elementor-container elementor-column-gap-default\">\n\t\t\t\t\t<div class=\"elementor-column elementor-col-50 elementor-top-column elementor-element elementor-element-21338f9\" data-id=\"21338f9\" data-element_type=\"column\">\n\t\t\t<div class=\"elementor-widget-wrap elementor-element-populated\">\n\t\t\t\t\t\t<div class=\"elementor-element elementor-element-568f9e3 elementor-widget elementor-widget-image\" data-id=\"568f9e3\" data-element_type=\"widget\" data-widget_type=\"image.default\">\n\t\t\t\t<div class=\"elementor-widget-container\">\n\t\t\t\t\t\t\t\t\t\t\t\t\t\t\t<img decoding=\"async\" width=\"800\" height=\"533\" src=\"https:\/\/oaggao.ca\/wp-content\/uploads\/2021\/11\/LUT1251-1024x682.jpg\" class=\"attachment-large size-large wp-image-12813\" alt=\"\" srcset=\"https:\/\/oaggao.ca\/wp-content\/uploads\/2021\/11\/LUT1251-1024x682.jpg 1024w, https:\/\/oaggao.ca\/wp-content\/uploads\/2021\/11\/LUT1251-300x200.jpg 300w, https:\/\/oaggao.ca\/wp-content\/uploads\/2021\/11\/LUT1251-768x511.jpg 768w, https:\/\/oaggao.ca\/wp-content\/uploads\/2021\/11\/LUT1251-1536x1022.jpg 1536w, https:\/\/oaggao.ca\/wp-content\/uploads\/2021\/11\/LUT1251-scaled.jpg 2048w, https:\/\/oaggao.ca\/wp-content\/uploads\/2021\/11\/LUT1251-600x400.jpg 600w\" sizes=\"(max-width: 800px) 100vw, 800px\" \/>\t\t\t\t\t\t\t\t\t\t\t\t\t\t\t<\/div>\n\t\t\t\t<\/div>\n\t\t\t\t\t<\/div>\n\t\t<\/div>\n\t\t\t\t<div class=\"elementor-column elementor-col-50 elementor-top-column elementor-element elementor-element-4cc04d1\" data-id=\"4cc04d1\" data-element_type=\"column\">\n\t\t\t<div class=\"elementor-widget-wrap elementor-element-populated\">\n\t\t\t\t\t\t<div class=\"elementor-element elementor-element-7bb19ee elementor-widget elementor-widget-text-editor\" data-id=\"7bb19ee\" data-element_type=\"widget\" data-widget_type=\"text-editor.default\">\n\t\t\t\t<div class=\"elementor-widget-container\">\n\t\t\t\t\t\t\t\t\t<p><strong>Le service de garde de la GAO ne requiert pas d\u2019inscription pr\u00e9alable.<\/strong><\/p><p>La Galerie d\u2019art d\u2019Ottawa est ravie de pouvoir offrir un service de garde gratuit de qualit\u00e9 lors des vernissages.<\/p><p>Le service de garde de la GAO est muni de jeux et d\u2019activit\u00e9s qui encouragent la cr\u00e9ativit\u00e9. Profitez d\u2019une visite des expositions d\u00e9tendue en sachant que vos enfants sont entre de bonnes mains.<\/p><p><strong>*Notez que le service de garde est suspendu en juillet et ao\u00fbt pendant les camp d&rsquo;\u00e9t\u00e9<\/strong><\/p>\t\t\t\t\t\t\t\t<\/div>\n\t\t\t\t<\/div>\n\t\t\t\t\t<\/div>\n\t\t<\/div>\n\t\t\t\t\t<\/div>\n\t\t<\/section>\n\t\t\t\t<section class=\"elementor-section elementor-top-section elementor-element elementor-element-7d1d728 elementor-section-boxed elementor-section-height-default elementor-section-height-default\" data-id=\"7d1d728\" data-element_type=\"section\">\n\t\t\t\t\t\t<div class=\"elementor-container elementor-column-gap-default\">\n\t\t\t\t\t<div class=\"elementor-column elementor-col-100 elementor-top-column elementor-element elementor-element-95d4481\" data-id=\"95d4481\" data-element_type=\"column\">\n\t\t\t<div class=\"elementor-widget-wrap elementor-element-populated\">\n\t\t\t\t\t\t<div class=\"elementor-element elementor-element-5040d06 elementor-widget elementor-widget-spacer\" data-id=\"5040d06\" data-element_type=\"widget\" data-widget_type=\"spacer.default\">\n\t\t\t\t<div class=\"elementor-widget-container\">\n\t\t\t\t\t\t\t<div class=\"elementor-spacer\">\n\t\t\t<div class=\"elementor-spacer-inner\"><\/div>\n\t\t<\/div>\n\t\t\t\t\t\t<\/div>\n\t\t\t\t<\/div>\n\t\t\t\t<div class=\"elementor-element elementor-element-becb899 elementor-widget elementor-widget-text-editor\" data-id=\"becb899\" data-element_type=\"widget\" data-widget_type=\"text-editor.default\">\n\t\t\t\t<div class=\"elementor-widget-container\">\n\t\t\t\t\t\t\t\t\t<ul><li>Pour les enfants de 18 mois \u00e0 10 ans.<\/li><li>Les parents doivent demeurer dans l&rsquo;\u00e9difice de la GAO et r\u00e9pondre aux appels de la GAO.<\/li><li>Les parents\/adultes responsables doivent changer les couches et des culottes d\u2019entra\u00eenement.<\/li><li>Le service de garde est offert aux premi\u00e8res familles sur les lieux, et ce jusqu&rsquo;\u00e0 ce qu&rsquo;il n&rsquo;y ai plus de places.<\/li><\/ul><p><strong>Questions ? <a href=\"mailto:studio@oaggao.ca\">studio@oaggao.ca<\/a> <\/strong><strong>613-233-8699 +242<\/strong><\/p>\t\t\t\t\t\t\t\t<\/div>\n\t\t\t\t<\/div>\n\t\t\t\t\t<\/div>\n\t\t<\/div>\n\t\t\t\t\t<\/div>\n\t\t<\/section>\n\t\t\t\t<section class=\"elementor-section elementor-top-section elementor-element elementor-element-1baca0e elementor-section-boxed elementor-section-height-default elementor-section-height-default\" data-id=\"1baca0e\" data-element_type=\"section\">\n\t\t\t\t\t\t<div class=\"elementor-container elementor-column-gap-default\">\n\t\t\t\t\t<div class=\"elementor-column elementor-col-100 elementor-top-column elementor-element elementor-element-759980d\" data-id=\"759980d\" data-element_type=\"column\">\n\t\t\t<div class=\"elementor-widget-wrap\">\n\t\t\t\t\t\t\t<\/div>\n\t\t<\/div>\n\t\t\t\t\t<\/div>\n\t\t<\/section>\n\t\t\t\t<\/div>\n\t\t","protected":false},"excerpt":{"rendered":"<p>Accessibilit\u00e9 et service de garde ACC\u00c8S La Galerie d\u2019art d\u2019Ottawa est engag\u00e9e \u00e0 offrir un environnement sans barri\u00e8res. L\u2019entr\u00e9e est gratuite et tout le monde est la bienvenue Toutes les [&hellip;]<\/p>\n","protected":false},"author":3,"featured_media":0,"parent":15620,"menu_order":0,"comment_status":"closed","ping_status":"closed","template":"","meta":{"_acf_changed":false,"footnotes":""},"class_list":["post-15743","page","type-page","status-publish","hentry"],"acf":[],"aioseo_notices":[],"_links":{"self":[{"href":"https:\/\/oaggao.ca\/fr\/wp-json\/wp\/v2\/pages\/15743","targetHints":{"allow":["GET"]}}],"collection":[{"href":"https:\/\/oaggao.ca\/fr\/wp-json\/wp\/v2\/pages"}],"about":[{"href":"https:\/\/oaggao.ca\/fr\/wp-json\/wp\/v2\/types\/page"}],"author":[{"embeddable":true,"href":"https:\/\/oaggao.ca\/fr\/wp-json\/wp\/v2\/users\/3"}],"replies":[{"embeddable":true,"href":"https:\/\/oaggao.ca\/fr\/wp-json\/wp\/v2\/comments?post=15743"}],"version-history":[{"count":0,"href":"https:\/\/oaggao.ca\/fr\/wp-json\/wp\/v2\/pages\/15743\/revisions"}],"up":[{"embeddable":true,"href":"https:\/\/oaggao.ca\/fr\/wp-json\/wp\/v2\/pages\/15620"}],"wp:attachment":[{"href":"https:\/\/oaggao.ca\/fr\/wp-json\/wp\/v2\/media?parent=15743"}],"curies":[{"name":"wp","href":"https:\/\/api.w.org\/{rel}","templated":true}]}}