{"id":15744,"date":"2021-12-06T09:40:30","date_gmt":"2021-12-06T14:40:30","guid":{"rendered":"https:\/\/wwwoaggaoca.wpengine.com\/?page_id=15744"},"modified":"2023-04-11T15:29:00","modified_gmt":"2023-04-11T19:29:00","slug":"consignes-lors-des-visites","status":"publish","type":"page","link":"https:\/\/oaggao.ca\/fr\/visiter\/consignes-lors-des-visites\/","title":{"rendered":"Consignes lors des visites"},"content":{"rendered":"\t\t<div data-elementor-type=\"wp-page\" data-elementor-id=\"15744\" class=\"elementor elementor-15744 elementor-11562\" data-elementor-post-type=\"page\">\n\t\t\t\t\t\t<section class=\"elementor-section elementor-top-section elementor-element elementor-element-739c3b4 elementor-section-height-min-height elementor-section-boxed elementor-section-height-default elementor-section-items-middle\" data-id=\"739c3b4\" data-element_type=\"section\" data-settings=\"{&quot;background_background&quot;:&quot;classic&quot;}\">\n\t\t\t\t\t\t\t<div class=\"elementor-background-overlay\"><\/div>\n\t\t\t\t\t\t\t<div class=\"elementor-container elementor-column-gap-default\">\n\t\t\t\t\t<div class=\"elementor-column elementor-col-100 elementor-top-column elementor-element elementor-element-ad19ccc\" data-id=\"ad19ccc\" data-element_type=\"column\">\n\t\t\t<div class=\"elementor-widget-wrap elementor-element-populated\">\n\t\t\t\t\t\t<div class=\"elementor-element elementor-element-b64896d elementor-widget elementor-widget-heading\" data-id=\"b64896d\" data-element_type=\"widget\" data-widget_type=\"heading.default\">\n\t\t\t\t<div class=\"elementor-widget-container\">\n\t\t\t\t\t<h1 class=\"elementor-heading-title elementor-size-default\">Consignes lors des visites<\/h1>\t\t\t\t<\/div>\n\t\t\t\t<\/div>\n\t\t\t\t\t<\/div>\n\t\t<\/div>\n\t\t\t\t\t<\/div>\n\t\t<\/section>\n\t\t\t\t<section class=\"elementor-section elementor-top-section elementor-element elementor-element-5ef6499 elementor-section-boxed elementor-section-height-default elementor-section-height-default\" data-id=\"5ef6499\" data-element_type=\"section\" data-settings=\"{&quot;background_background&quot;:&quot;classic&quot;}\">\n\t\t\t\t\t\t<div class=\"elementor-container elementor-column-gap-default\">\n\t\t\t\t\t<div class=\"elementor-column elementor-col-100 elementor-top-column elementor-element elementor-element-d01ec95\" data-id=\"d01ec95\" data-element_type=\"column\">\n\t\t\t<div class=\"elementor-widget-wrap elementor-element-populated\">\n\t\t\t\t\t\t<div class=\"elementor-element elementor-element-79aa119 elementor-nav-menu__align-center elementor-nav-menu--dropdown-tablet elementor-nav-menu__text-align-aside elementor-nav-menu--toggle elementor-nav-menu--burger elementor-widget elementor-widget-nav-menu\" data-id=\"79aa119\" data-element_type=\"widget\" data-settings=\"{&quot;layout&quot;:&quot;horizontal&quot;,&quot;submenu_icon&quot;:{&quot;value&quot;:&quot;&lt;i class=\\&quot;fas fa-caret-down\\&quot; aria-hidden=\\&quot;true\\&quot;&gt;&lt;\\\/i&gt;&quot;,&quot;library&quot;:&quot;fa-solid&quot;},&quot;toggle&quot;:&quot;burger&quot;}\" data-widget_type=\"nav-menu.default\">\n\t\t\t\t<div class=\"elementor-widget-container\">\n\t\t\t\t\t\t\t\t<nav aria-label=\"Menu\" class=\"elementor-nav-menu--main elementor-nav-menu__container elementor-nav-menu--layout-horizontal e--pointer-none\">\n\t\t\t\t<ul id=\"menu-1-79aa119\" class=\"elementor-nav-menu\"><li class=\"menu-item menu-item-type-post_type menu-item-object-page menu-item-15748\"><a href=\"https:\/\/oaggao.ca\/fr\/visiter\/preparer-votre-visite\/\" class=\"elementor-item\">Pr\u00e9parer votre visite<\/a><\/li>\n<li class=\"menu-item menu-item-type-post_type menu-item-object-page menu-item-21000\"><a href=\"https:\/\/oaggao.ca\/fr\/visiter\/declaration-de-territoire\/\" class=\"elementor-item\">D\u00e9claration de territoire<\/a><\/li>\n<li class=\"menu-item menu-item-type-post_type menu-item-object-page menu-item-15749\"><a href=\"https:\/\/oaggao.ca\/fr\/visiter\/visites-des-expositions\/\" class=\"elementor-item\">Visites des expositions<\/a><\/li>\n<li class=\"menu-item menu-item-type-post_type menu-item-object-page menu-item-15746\"><a href=\"https:\/\/oaggao.ca\/fr\/visiter\/accessibilite-et-service-de-garde\/\" class=\"elementor-item\">Accessibilit\u00e9 et service de garde<\/a><\/li>\n<li class=\"menu-item menu-item-type-post_type menu-item-object-page menu-item-15747\"><a href=\"https:\/\/oaggao.ca\/fr\/visiter\/consignes-lors-des-visites\/\" class=\"elementor-item\">Consignes lors des visites<\/a><\/li>\n<li class=\"menu-item menu-item-type-post_type menu-item-object-page menu-item-27547\"><a href=\"https:\/\/oaggao.ca\/fr\/location-de-salles\/\" class=\"elementor-item\">Location de salles<\/a><\/li>\n<\/ul>\t\t\t<\/nav>\n\t\t\t\t\t<div class=\"elementor-menu-toggle\" role=\"button\" tabindex=\"0\" aria-label=\"Permuter le menu\" aria-expanded=\"false\">\n\t\t\t<i aria-hidden=\"true\" role=\"presentation\" class=\"elementor-menu-toggle__icon--open eicon-menu-bar\"><\/i><i aria-hidden=\"true\" role=\"presentation\" class=\"elementor-menu-toggle__icon--close eicon-close\"><\/i>\t\t<\/div>\n\t\t\t\t\t<nav class=\"elementor-nav-menu--dropdown elementor-nav-menu__container\" aria-hidden=\"true\">\n\t\t\t\t<ul id=\"menu-2-79aa119\" class=\"elementor-nav-menu\"><li class=\"menu-item menu-item-type-post_type menu-item-object-page menu-item-15748\"><a href=\"https:\/\/oaggao.ca\/fr\/visiter\/preparer-votre-visite\/\" class=\"elementor-item\" tabindex=\"-1\">Pr\u00e9parer votre visite<\/a><\/li>\n<li class=\"menu-item menu-item-type-post_type menu-item-object-page menu-item-21000\"><a href=\"https:\/\/oaggao.ca\/fr\/visiter\/declaration-de-territoire\/\" class=\"elementor-item\" tabindex=\"-1\">D\u00e9claration de territoire<\/a><\/li>\n<li class=\"menu-item menu-item-type-post_type menu-item-object-page menu-item-15749\"><a href=\"https:\/\/oaggao.ca\/fr\/visiter\/visites-des-expositions\/\" class=\"elementor-item\" tabindex=\"-1\">Visites des expositions<\/a><\/li>\n<li class=\"menu-item menu-item-type-post_type menu-item-object-page menu-item-15746\"><a href=\"https:\/\/oaggao.ca\/fr\/visiter\/accessibilite-et-service-de-garde\/\" class=\"elementor-item\" tabindex=\"-1\">Accessibilit\u00e9 et service de garde<\/a><\/li>\n<li class=\"menu-item menu-item-type-post_type menu-item-object-page menu-item-15747\"><a href=\"https:\/\/oaggao.ca\/fr\/visiter\/consignes-lors-des-visites\/\" class=\"elementor-item\" tabindex=\"-1\">Consignes lors des visites<\/a><\/li>\n<li class=\"menu-item menu-item-type-post_type menu-item-object-page menu-item-27547\"><a href=\"https:\/\/oaggao.ca\/fr\/location-de-salles\/\" class=\"elementor-item\" tabindex=\"-1\">Location de salles<\/a><\/li>\n<\/ul>\t\t\t<\/nav>\n\t\t\t\t\t\t<\/div>\n\t\t\t\t<\/div>\n\t\t\t\t\t<\/div>\n\t\t<\/div>\n\t\t\t\t\t<\/div>\n\t\t<\/section>\n\t\t\t\t<section class=\"elementor-section elementor-top-section elementor-element elementor-element-5525550 elementor-section-boxed elementor-section-height-default elementor-section-height-default\" data-id=\"5525550\" data-element_type=\"section\">\n\t\t\t\t\t\t<div class=\"elementor-container elementor-column-gap-default\">\n\t\t\t\t\t<div class=\"elementor-column elementor-col-100 elementor-top-column elementor-element elementor-element-dee77e5\" data-id=\"dee77e5\" data-element_type=\"column\">\n\t\t\t<div class=\"elementor-widget-wrap elementor-element-populated\">\n\t\t\t\t\t\t<section class=\"elementor-section elementor-inner-section elementor-element elementor-element-45b2f11 elementor-section-boxed elementor-section-height-default elementor-section-height-default\" data-id=\"45b2f11\" data-element_type=\"section\">\n\t\t\t\t\t\t<div class=\"elementor-container elementor-column-gap-wide\">\n\t\t\t\t\t<div class=\"elementor-column elementor-col-100 elementor-inner-column elementor-element elementor-element-b436f67\" data-id=\"b436f67\" data-element_type=\"column\">\n\t\t\t<div class=\"elementor-widget-wrap elementor-element-populated\">\n\t\t\t\t\t\t<div class=\"elementor-element elementor-element-61b48a1 elementor-widget elementor-widget-heading\" data-id=\"61b48a1\" data-element_type=\"widget\" data-widget_type=\"heading.default\">\n\t\t\t\t<div class=\"elementor-widget-container\">\n\t\t\t\t\t<h2 class=\"elementor-heading-title elementor-size-default\"> CONSIGNES LORS DES VISITES<\/h2>\t\t\t\t<\/div>\n\t\t\t\t<\/div>\n\t\t\t\t\t<\/div>\n\t\t<\/div>\n\t\t\t\t\t<\/div>\n\t\t<\/section>\n\t\t\t\t<section class=\"elementor-section elementor-inner-section elementor-element elementor-element-2715400 elementor-section-boxed elementor-section-height-default elementor-section-height-default\" data-id=\"2715400\" data-element_type=\"section\">\n\t\t\t\t\t\t<div class=\"elementor-container elementor-column-gap-wide\">\n\t\t\t\t\t<div class=\"elementor-column elementor-col-50 elementor-inner-column elementor-element elementor-element-456ea47\" data-id=\"456ea47\" data-element_type=\"column\">\n\t\t\t<div class=\"elementor-widget-wrap elementor-element-populated\">\n\t\t\t\t\t\t<div class=\"elementor-element elementor-element-c2a532a elementor-widget elementor-widget-image\" data-id=\"c2a532a\" data-element_type=\"widget\" data-widget_type=\"image.default\">\n\t\t\t\t<div class=\"elementor-widget-container\">\n\t\t\t\t\t\t\t\t\t\t\t\t<figure class=\"wp-caption\">\n\t\t\t\t\t\t\t\t\t\t<img fetchpriority=\"high\" decoding=\"async\" width=\"600\" height=\"600\" src=\"https:\/\/oaggao.ca\/wp-content\/uploads\/2021\/09\/visitor-policies-thumbnail.jpg\" class=\"attachment-large size-large wp-image-3677\" alt=\"\" srcset=\"https:\/\/oaggao.ca\/wp-content\/uploads\/2021\/09\/visitor-policies-thumbnail.jpg 600w, https:\/\/oaggao.ca\/wp-content\/uploads\/2021\/09\/visitor-policies-thumbnail-300x300.jpg 300w, https:\/\/oaggao.ca\/wp-content\/uploads\/2021\/09\/visitor-policies-thumbnail-150x150.jpg 150w\" sizes=\"(max-width: 600px) 100vw, 600px\" \/>\t\t\t\t\t\t\t\t\t\t\t<figcaption class=\"widget-image-caption wp-caption-text\">Photo : Lindsay Ralph <\/figcaption>\n\t\t\t\t\t\t\t\t\t\t<\/figure>\n\t\t\t\t\t\t\t\t\t<\/div>\n\t\t\t\t<\/div>\n\t\t\t\t\t<\/div>\n\t\t<\/div>\n\t\t\t\t<div class=\"elementor-column elementor-col-50 elementor-inner-column elementor-element elementor-element-9f0f231\" data-id=\"9f0f231\" data-element_type=\"column\">\n\t\t\t<div class=\"elementor-widget-wrap elementor-element-populated\">\n\t\t\t\t\t\t<div class=\"elementor-element elementor-element-4dcb8e2 elementor-widget elementor-widget-text-editor\" data-id=\"4dcb8e2\" data-element_type=\"widget\" data-widget_type=\"text-editor.default\">\n\t\t\t\t<div class=\"elementor-widget-container\">\n\t\t\t\t\t\t\t\t\t<ul><li>Les photos sont permises \u00e0 moins d\u2019avis contraire. Les enregistrements vid\u00e9o ainsi que l\u2019utilisation de flash ou de tr\u00e9pieds sont interdits.<\/li><li>Les poussettes sont permises dans les salles d\u2019exposition.<\/li><li>La nourriture et les boissons sont interdites dans les salles d\u2019exposition; elles ne peuvent \u00eatre consomm\u00e9es qu\u2019au caf\u00e9, dans les espaces salon des corridors et sur les terrasses.<\/li><li>Il est permis de faire des croquis au crayon dans les salles d\u2019exposition; les stylos, les plumes, l\u2019encre et l\u2019aquarelle sont cependant interdits.<\/li><li>Il n\u2019est pas permis de toucher les \u0153uvres d\u2019art.<\/li><\/ul>\t\t\t\t\t\t\t\t<\/div>\n\t\t\t\t<\/div>\n\t\t\t\t\t<\/div>\n\t\t<\/div>\n\t\t\t\t\t<\/div>\n\t\t<\/section>\n\t\t\t\t<div class=\"elementor-element elementor-element-fab45b3 elementor-widget elementor-widget-heading\" data-id=\"fab45b3\" data-element_type=\"widget\" data-widget_type=\"heading.default\">\n\t\t\t\t<div class=\"elementor-widget-container\">\n\t\t\t\t\t<h2 class=\"elementor-heading-title elementor-size-default\">LIGNES DIRECTRICES SUR LA PHOTOGRAPHIE<\/h2>\t\t\t\t<\/div>\n\t\t\t\t<\/div>\n\t\t\t\t<div class=\"elementor-element elementor-element-c6e5cbf elementor-widget elementor-widget-spacer\" data-id=\"c6e5cbf\" data-element_type=\"widget\" data-widget_type=\"spacer.default\">\n\t\t\t\t<div class=\"elementor-widget-container\">\n\t\t\t\t\t\t\t<div class=\"elementor-spacer\">\n\t\t\t<div class=\"elementor-spacer-inner\"><\/div>\n\t\t<\/div>\n\t\t\t\t\t\t<\/div>\n\t\t\t\t<\/div>\n\t\t\t\t<div class=\"elementor-element elementor-element-4903dac elementor-widget elementor-widget-text-editor\" data-id=\"4903dac\" data-element_type=\"widget\" data-widget_type=\"text-editor.default\">\n\t\t\t\t<div class=\"elementor-widget-container\">\n\t\t\t\t\t\t\t\t\t<p><strong>Merci d\u2019avoir pens\u00e9 \u00e0 la Galerie d\u2019art d\u2019Ottawa pour votre s\u00e9ance de photo. Puisque la GAO est un \u00e9tablissement public, il n\u2019est pas possible de louer les espaces d\u2019exposition principaux. Si vous choisissez de prendre des photos dans la GAO, veuillez respecter les lignes directrices suivantes\u00a0: <\/strong><strong>\u00a0<\/strong><\/p>\t\t\t\t\t\t\t\t<\/div>\n\t\t\t\t<\/div>\n\t\t\t\t<section class=\"elementor-section elementor-inner-section elementor-element elementor-element-5f9d8fc elementor-section-boxed elementor-section-height-default elementor-section-height-default\" data-id=\"5f9d8fc\" data-element_type=\"section\">\n\t\t\t\t\t\t<div class=\"elementor-container elementor-column-gap-default\">\n\t\t\t\t\t<div class=\"elementor-column elementor-col-50 elementor-inner-column elementor-element elementor-element-426f714\" data-id=\"426f714\" data-element_type=\"column\">\n\t\t\t<div class=\"elementor-widget-wrap elementor-element-populated\">\n\t\t\t\t\t\t<div class=\"elementor-element elementor-element-4df7852 elementor-widget elementor-widget-image\" data-id=\"4df7852\" data-element_type=\"widget\" data-widget_type=\"image.default\">\n\t\t\t\t<div class=\"elementor-widget-container\">\n\t\t\t\t\t\t\t\t\t\t\t\t<figure class=\"wp-caption\">\n\t\t\t\t\t\t\t\t\t\t<img decoding=\"async\" width=\"800\" height=\"534\" src=\"https:\/\/oaggao.ca\/wp-content\/uploads\/2022\/04\/SNO_4095-1024x683.jpg\" class=\"attachment-large size-large wp-image-23591\" alt=\"\" srcset=\"https:\/\/oaggao.ca\/wp-content\/uploads\/2022\/04\/SNO_4095-1024x683.jpg 1024w, https:\/\/oaggao.ca\/wp-content\/uploads\/2022\/04\/SNO_4095-300x200.jpg 300w, https:\/\/oaggao.ca\/wp-content\/uploads\/2022\/04\/SNO_4095-768x512.jpg 768w, https:\/\/oaggao.ca\/wp-content\/uploads\/2022\/04\/SNO_4095-1536x1024.jpg 1536w, https:\/\/oaggao.ca\/wp-content\/uploads\/2022\/04\/SNO_4095-scaled.jpg 2048w, https:\/\/oaggao.ca\/wp-content\/uploads\/2022\/04\/SNO_4095-600x400.jpg 600w\" sizes=\"(max-width: 800px) 100vw, 800px\" \/>\t\t\t\t\t\t\t\t\t\t\t<figcaption class=\"widget-image-caption wp-caption-text\">Photo : Chris Snow<\/figcaption>\n\t\t\t\t\t\t\t\t\t\t<\/figure>\n\t\t\t\t\t\t\t\t\t<\/div>\n\t\t\t\t<\/div>\n\t\t\t\t\t<\/div>\n\t\t<\/div>\n\t\t\t\t<div class=\"elementor-column elementor-col-50 elementor-inner-column elementor-element elementor-element-1bb0aa0\" data-id=\"1bb0aa0\" data-element_type=\"column\">\n\t\t\t<div class=\"elementor-widget-wrap elementor-element-populated\">\n\t\t\t\t\t\t<div class=\"elementor-element elementor-element-e2dc1cd elementor-widget elementor-widget-text-editor\" data-id=\"e2dc1cd\" data-element_type=\"widget\" data-widget_type=\"text-editor.default\">\n\t\t\t\t<div class=\"elementor-widget-container\">\n\t\t\t\t\t\t\t\t\t<ul><li>La Galerie compte sur des dons d\u2019entr\u00e9e pour son fonctionnement. Veuillez s\u2019il vous plait songer \u00e0 faire un don \u00e0 l\u2019appui de la GAO \u00e0 votre arriv\u00e9e.<\/li><li>Les tr\u00e9pieds et les \u00e9clairages sur pied ne sont pas permis puisqu\u2019ils pr\u00e9sentent un risque de tr\u00e9buchement.<\/li><li>Veuillez limiter votre s\u00e9ance de photographie \u00e0 une ou deux heures et toujours respecter le public pr\u00e9sent. Les espaces de la GAO sont destin\u00e9s \u00e0 l\u2019usage du public. Il est important que tout le monde se sente \u00e0 l\u2019aise dans nos espaces.<\/li><li><span lang=\"FR-CA\">Veuillez noter qu\u2019une <a href=\"https:\/\/oaggao.ca\/fr\/location-de-salles\/\">r\u00e9servation<\/a> est requise pour les projets de plus de 1 heure ou 2 et si plus de 6 personnes y sont impliqu\u00e9es.<\/span><\/li><li>Vu les contrats de droits de reproductions, la photographie commerciale n\u2019est pas permise dans les salles d\u2019exposition. Il n\u2019est permis que de prendre des photographies \u00e0 usage personnel.<\/li><li>La consommation d\u2019alcool n\u2019est PAS permise pendant les s\u00e9ances de photo.<\/li><\/ul>\t\t\t\t\t\t\t\t<\/div>\n\t\t\t\t<\/div>\n\t\t\t\t\t<\/div>\n\t\t<\/div>\n\t\t\t\t\t<\/div>\n\t\t<\/section>\n\t\t\t\t\t<\/div>\n\t\t<\/div>\n\t\t\t\t\t<\/div>\n\t\t<\/section>\n\t\t\t\t<\/div>\n\t\t","protected":false},"excerpt":{"rendered":"<p>Consignes lors des visites CONSIGNES LORS DES VISITES Photo : Lindsay Ralph Les photos sont permises \u00e0 moins d\u2019avis contraire. Les enregistrements vid\u00e9o ainsi que l\u2019utilisation de flash ou de [&hellip;]<\/p>\n","protected":false},"author":3,"featured_media":0,"parent":15620,"menu_order":0,"comment_status":"closed","ping_status":"closed","template":"","meta":{"_acf_changed":false,"footnotes":""},"class_list":["post-15744","page","type-page","status-publish","hentry"],"acf":[],"aioseo_notices":[],"_links":{"self":[{"href":"https:\/\/oaggao.ca\/fr\/wp-json\/wp\/v2\/pages\/15744","targetHints":{"allow":["GET"]}}],"collection":[{"href":"https:\/\/oaggao.ca\/fr\/wp-json\/wp\/v2\/pages"}],"about":[{"href":"https:\/\/oaggao.ca\/fr\/wp-json\/wp\/v2\/types\/page"}],"author":[{"embeddable":true,"href":"https:\/\/oaggao.ca\/fr\/wp-json\/wp\/v2\/users\/3"}],"replies":[{"embeddable":true,"href":"https:\/\/oaggao.ca\/fr\/wp-json\/wp\/v2\/comments?post=15744"}],"version-history":[{"count":0,"href":"https:\/\/oaggao.ca\/fr\/wp-json\/wp\/v2\/pages\/15744\/revisions"}],"up":[{"embeddable":true,"href":"https:\/\/oaggao.ca\/fr\/wp-json\/wp\/v2\/pages\/15620"}],"wp:attachment":[{"href":"https:\/\/oaggao.ca\/fr\/wp-json\/wp\/v2\/media?parent=15744"}],"curies":[{"name":"wp","href":"https:\/\/api.w.org\/{rel}","templated":true}]}}