{"id":19630,"date":"2021-12-06T14:33:18","date_gmt":"2021-12-06T19:33:18","guid":{"rendered":"https:\/\/wwwoaggaoca.wpengine.com\/?page_id=19630"},"modified":"2025-09-03T15:50:35","modified_gmt":"2025-09-03T19:50:35","slug":"commandites-dentreprises","status":"publish","type":"page","link":"https:\/\/oaggao.ca\/fr\/simpliquer\/commandites-dentreprises\/","title":{"rendered":"Commandites d&rsquo;entreprises"},"content":{"rendered":"\t\t<div data-elementor-type=\"wp-page\" data-elementor-id=\"19630\" class=\"elementor elementor-19630 elementor-11723\" data-elementor-post-type=\"page\">\n\t\t\t\t\t\t<section class=\"elementor-section elementor-top-section elementor-element elementor-element-dc5c030 elementor-section-height-min-height elementor-section-boxed elementor-section-height-default elementor-section-items-middle\" data-id=\"dc5c030\" data-element_type=\"section\" data-settings=\"{&quot;background_background&quot;:&quot;classic&quot;}\">\n\t\t\t\t\t\t\t<div class=\"elementor-background-overlay\"><\/div>\n\t\t\t\t\t\t\t<div class=\"elementor-container elementor-column-gap-default\">\n\t\t\t\t\t<div class=\"elementor-column elementor-col-100 elementor-top-column elementor-element elementor-element-36c29b0\" data-id=\"36c29b0\" data-element_type=\"column\">\n\t\t\t<div class=\"elementor-widget-wrap elementor-element-populated\">\n\t\t\t\t\t\t<div class=\"elementor-element elementor-element-d6a80e7 elementor-widget elementor-widget-heading\" data-id=\"d6a80e7\" data-element_type=\"widget\" data-widget_type=\"heading.default\">\n\t\t\t\t<div class=\"elementor-widget-container\">\n\t\t\t\t\t<h1 class=\"elementor-heading-title elementor-size-default\">Commandites d'entreprises<\/h1>\t\t\t\t<\/div>\n\t\t\t\t<\/div>\n\t\t\t\t\t<\/div>\n\t\t<\/div>\n\t\t\t\t\t<\/div>\n\t\t<\/section>\n\t\t\t\t<section class=\"elementor-section elementor-top-section elementor-element elementor-element-e1e7bf7 elementor-section-boxed elementor-section-height-default elementor-section-height-default\" data-id=\"e1e7bf7\" data-element_type=\"section\" data-settings=\"{&quot;background_background&quot;:&quot;classic&quot;}\">\n\t\t\t\t\t\t<div class=\"elementor-container elementor-column-gap-default\">\n\t\t\t\t\t<div class=\"elementor-column elementor-col-100 elementor-top-column elementor-element elementor-element-752273e\" data-id=\"752273e\" data-element_type=\"column\">\n\t\t\t<div class=\"elementor-widget-wrap elementor-element-populated\">\n\t\t\t\t\t\t<div class=\"elementor-element elementor-element-ce59acb elementor-nav-menu__align-center elementor-nav-menu--dropdown-tablet elementor-nav-menu__text-align-aside elementor-nav-menu--toggle elementor-nav-menu--burger elementor-widget elementor-widget-nav-menu\" data-id=\"ce59acb\" data-element_type=\"widget\" data-settings=\"{&quot;layout&quot;:&quot;horizontal&quot;,&quot;submenu_icon&quot;:{&quot;value&quot;:&quot;&lt;i class=\\&quot;fas fa-caret-down\\&quot; aria-hidden=\\&quot;true\\&quot;&gt;&lt;\\\/i&gt;&quot;,&quot;library&quot;:&quot;fa-solid&quot;},&quot;toggle&quot;:&quot;burger&quot;}\" data-widget_type=\"nav-menu.default\">\n\t\t\t\t<div class=\"elementor-widget-container\">\n\t\t\t\t\t\t\t\t<nav aria-label=\"Menu\" class=\"elementor-nav-menu--main elementor-nav-menu__container elementor-nav-menu--layout-horizontal e--pointer-none\">\n\t\t\t\t<ul id=\"menu-1-ce59acb\" class=\"elementor-nav-menu\"><li class=\"menu-item menu-item-type-post_type menu-item-object-page menu-item-32579\"><a href=\"https:\/\/oaggao.ca\/fr\/simpliquer\/adhesion\/\" class=\"elementor-item\">Adh\u00e9sion<\/a><\/li>\n<li class=\"menu-item menu-item-type-post_type menu-item-object-page menu-item-19633\"><a href=\"https:\/\/oaggao.ca\/fr\/simpliquer\/commandites-dentreprises\/\" class=\"elementor-item\">Commandites d\u2019entreprises<\/a><\/li>\n<li class=\"menu-item menu-item-type-post_type menu-item-object-page menu-item-19632\"><a href=\"https:\/\/oaggao.ca\/fr\/simpliquer\/dons-planifies\/\" class=\"elementor-item\">Dons planifi\u00e9s<\/a><\/li>\n<li class=\"menu-item menu-item-type-post_type menu-item-object-page menu-item-19635\"><a href=\"https:\/\/oaggao.ca\/fr\/faire-un-don\/\" class=\"elementor-item\">Faire un don<\/a><\/li>\n<\/ul>\t\t\t<\/nav>\n\t\t\t\t\t<div class=\"elementor-menu-toggle\" role=\"button\" tabindex=\"0\" aria-label=\"Permuter le menu\" aria-expanded=\"false\">\n\t\t\t<i aria-hidden=\"true\" role=\"presentation\" class=\"elementor-menu-toggle__icon--open eicon-menu-bar\"><\/i><i aria-hidden=\"true\" role=\"presentation\" class=\"elementor-menu-toggle__icon--close eicon-close\"><\/i>\t\t<\/div>\n\t\t\t\t\t<nav class=\"elementor-nav-menu--dropdown elementor-nav-menu__container\" aria-hidden=\"true\">\n\t\t\t\t<ul id=\"menu-2-ce59acb\" class=\"elementor-nav-menu\"><li class=\"menu-item menu-item-type-post_type menu-item-object-page menu-item-32579\"><a href=\"https:\/\/oaggao.ca\/fr\/simpliquer\/adhesion\/\" class=\"elementor-item\" tabindex=\"-1\">Adh\u00e9sion<\/a><\/li>\n<li class=\"menu-item menu-item-type-post_type menu-item-object-page menu-item-19633\"><a href=\"https:\/\/oaggao.ca\/fr\/simpliquer\/commandites-dentreprises\/\" class=\"elementor-item\" tabindex=\"-1\">Commandites d\u2019entreprises<\/a><\/li>\n<li class=\"menu-item menu-item-type-post_type menu-item-object-page menu-item-19632\"><a href=\"https:\/\/oaggao.ca\/fr\/simpliquer\/dons-planifies\/\" class=\"elementor-item\" tabindex=\"-1\">Dons planifi\u00e9s<\/a><\/li>\n<li class=\"menu-item menu-item-type-post_type menu-item-object-page menu-item-19635\"><a href=\"https:\/\/oaggao.ca\/fr\/faire-un-don\/\" class=\"elementor-item\" tabindex=\"-1\">Faire un don<\/a><\/li>\n<\/ul>\t\t\t<\/nav>\n\t\t\t\t\t\t<\/div>\n\t\t\t\t<\/div>\n\t\t\t\t\t<\/div>\n\t\t<\/div>\n\t\t\t\t\t<\/div>\n\t\t<\/section>\n\t\t\t\t<section class=\"elementor-section elementor-top-section elementor-element elementor-element-27e7eb9 elementor-section-boxed elementor-section-height-default elementor-section-height-default\" data-id=\"27e7eb9\" data-element_type=\"section\">\n\t\t\t\t\t\t<div class=\"elementor-container elementor-column-gap-default\">\n\t\t\t\t\t<div class=\"elementor-column elementor-col-100 elementor-top-column elementor-element elementor-element-0db583f\" data-id=\"0db583f\" data-element_type=\"column\">\n\t\t\t<div class=\"elementor-widget-wrap elementor-element-populated\">\n\t\t\t\t\t\t<section class=\"elementor-section elementor-inner-section elementor-element elementor-element-5a5b36e elementor-section-boxed elementor-section-height-default elementor-section-height-default\" data-id=\"5a5b36e\" data-element_type=\"section\">\n\t\t\t\t\t\t<div class=\"elementor-container elementor-column-gap-wide\">\n\t\t\t\t\t<div class=\"elementor-column elementor-col-100 elementor-inner-column elementor-element elementor-element-dc74c51\" data-id=\"dc74c51\" data-element_type=\"column\">\n\t\t\t<div class=\"elementor-widget-wrap elementor-element-populated\">\n\t\t\t\t\t\t<div class=\"elementor-element elementor-element-65f04dc elementor-widget elementor-widget-heading\" data-id=\"65f04dc\" data-element_type=\"widget\" data-widget_type=\"heading.default\">\n\t\t\t\t<div class=\"elementor-widget-container\">\n\t\t\t\t\t<h2 class=\"elementor-heading-title elementor-size-default\">LAISSEZ VOTRE MARQUE \u00c0 LA GALERIE D'ART D'OTTAWA<\/h2>\t\t\t\t<\/div>\n\t\t\t\t<\/div>\n\t\t\t\t\t<\/div>\n\t\t<\/div>\n\t\t\t\t\t<\/div>\n\t\t<\/section>\n\t\t\t\t<section class=\"elementor-section elementor-inner-section elementor-element elementor-element-6d9b79a elementor-section-boxed elementor-section-height-default elementor-section-height-default\" data-id=\"6d9b79a\" data-element_type=\"section\">\n\t\t\t\t\t\t<div class=\"elementor-container elementor-column-gap-wide\">\n\t\t\t\t\t<div class=\"elementor-column elementor-col-50 elementor-inner-column elementor-element elementor-element-c4635f9\" data-id=\"c4635f9\" data-element_type=\"column\">\n\t\t\t<div class=\"elementor-widget-wrap elementor-element-populated\">\n\t\t\t\t\t\t<div class=\"elementor-element elementor-element-899488b elementor-widget elementor-widget-image\" data-id=\"899488b\" data-element_type=\"widget\" data-widget_type=\"image.default\">\n\t\t\t\t<div class=\"elementor-widget-container\">\n\t\t\t\t\t\t\t\t\t\t\t\t\t\t\t<img fetchpriority=\"high\" decoding=\"async\" width=\"300\" height=\"300\" src=\"https:\/\/oaggao.ca\/wp-content\/uploads\/2021\/11\/CORPORATE-SPONSORSHIP-300x300.png\" class=\"attachment-medium size-medium wp-image-12960\" alt=\"\" srcset=\"https:\/\/oaggao.ca\/wp-content\/uploads\/2021\/11\/CORPORATE-SPONSORSHIP-300x300.png 300w, https:\/\/oaggao.ca\/wp-content\/uploads\/2021\/11\/CORPORATE-SPONSORSHIP-150x150.png 150w, https:\/\/oaggao.ca\/wp-content\/uploads\/2021\/11\/CORPORATE-SPONSORSHIP.png 512w\" sizes=\"(max-width: 300px) 100vw, 300px\" \/>\t\t\t\t\t\t\t\t\t\t\t\t\t\t\t<\/div>\n\t\t\t\t<\/div>\n\t\t\t\t\t<\/div>\n\t\t<\/div>\n\t\t\t\t<div class=\"elementor-column elementor-col-50 elementor-inner-column elementor-element elementor-element-c113901\" data-id=\"c113901\" data-element_type=\"column\">\n\t\t\t<div class=\"elementor-widget-wrap elementor-element-populated\">\n\t\t\t\t\t\t<div class=\"elementor-element elementor-element-cf93250 elementor-widget elementor-widget-text-editor\" data-id=\"cf93250\" data-element_type=\"widget\" data-widget_type=\"text-editor.default\">\n\t\t\t\t<div class=\"elementor-widget-container\">\n\t\t\t\t\t\t\t\t\t<p>La Galerie d&rsquo;art d&rsquo;Ottawa c\u2019est union de l\u2019art et de votre r\u00e9gion. Joignez-vous au foyer des arts et des artistes d\u2019Ottawa-Gatineau pour r\u00e9alisez vos objectifs commerciaux de fa\u00e7on personnalis\u00e9e. La GAO offre de nombreuses fa\u00e7ons d&rsquo;\u00e9lever votre marque et de vous aligner avec vos clients, vos cadres et votre personnel &#8211; qu&rsquo;il s&rsquo;agisse d\u2019encourager les programmes artistiques de bien-\u00eatre, de mentorat pour les jeunes, ou les artistes en qu\u00eate d&rsquo;\u00e9quit\u00e9, ou encore aider \u00e0 soutenir la GAO afin qu\u2019elle demeure accessible et accueillante et que son entr\u00e9e demeure gratuite, ensemble, nous cr\u00e9erons une histoire qui vaudra la peine d&rsquo;\u00eatre racont\u00e9e.<\/p><p>Parlons-en. Communiquez avec Rama \u00e0 cette adresse : <a href=\"mailto:rrama@oaggao.ca\">rrama@oaggao.ca<\/a><\/p>\t\t\t\t\t\t\t\t<\/div>\n\t\t\t\t<\/div>\n\t\t\t\t\t<\/div>\n\t\t<\/div>\n\t\t\t\t\t<\/div>\n\t\t<\/section>\n\t\t\t\t\t<\/div>\n\t\t<\/div>\n\t\t\t\t\t<\/div>\n\t\t<\/section>\n\t\t\t\t<\/div>\n\t\t","protected":false},"excerpt":{"rendered":"<p>Commandites d&rsquo;entreprises LAISSEZ VOTRE MARQUE \u00c0 LA GALERIE D&rsquo;ART D&rsquo;OTTAWA La Galerie d&rsquo;art d&rsquo;Ottawa c\u2019est union de l\u2019art et de votre r\u00e9gion. Joignez-vous au foyer des arts et des artistes [&hellip;]<\/p>\n","protected":false},"author":3,"featured_media":0,"parent":15618,"menu_order":0,"comment_status":"closed","ping_status":"closed","template":"","meta":{"_acf_changed":false,"footnotes":""},"class_list":["post-19630","page","type-page","status-publish","hentry"],"acf":[],"aioseo_notices":[],"_links":{"self":[{"href":"https:\/\/oaggao.ca\/fr\/wp-json\/wp\/v2\/pages\/19630","targetHints":{"allow":["GET"]}}],"collection":[{"href":"https:\/\/oaggao.ca\/fr\/wp-json\/wp\/v2\/pages"}],"about":[{"href":"https:\/\/oaggao.ca\/fr\/wp-json\/wp\/v2\/types\/page"}],"author":[{"embeddable":true,"href":"https:\/\/oaggao.ca\/fr\/wp-json\/wp\/v2\/users\/3"}],"replies":[{"embeddable":true,"href":"https:\/\/oaggao.ca\/fr\/wp-json\/wp\/v2\/comments?post=19630"}],"version-history":[{"count":0,"href":"https:\/\/oaggao.ca\/fr\/wp-json\/wp\/v2\/pages\/19630\/revisions"}],"up":[{"embeddable":true,"href":"https:\/\/oaggao.ca\/fr\/wp-json\/wp\/v2\/pages\/15618"}],"wp:attachment":[{"href":"https:\/\/oaggao.ca\/fr\/wp-json\/wp\/v2\/media?parent=19630"}],"curies":[{"name":"wp","href":"https:\/\/api.w.org\/{rel}","templated":true}]}}