{"id":19631,"date":"2021-12-06T14:38:14","date_gmt":"2021-12-06T19:38:14","guid":{"rendered":"https:\/\/wwwoaggaoca.wpengine.com\/?page_id=19631"},"modified":"2025-09-03T15:56:59","modified_gmt":"2025-09-03T19:56:59","slug":"dons-planifies","status":"publish","type":"page","link":"https:\/\/oaggao.ca\/fr\/simpliquer\/dons-planifies\/","title":{"rendered":"Dons planifi\u00e9s"},"content":{"rendered":"\t\t<div data-elementor-type=\"wp-page\" data-elementor-id=\"19631\" class=\"elementor elementor-19631 elementor-11724\" data-elementor-post-type=\"page\">\n\t\t\t\t\t\t<section class=\"elementor-section elementor-top-section elementor-element elementor-element-dc5c030 elementor-section-height-min-height elementor-section-boxed elementor-section-height-default elementor-section-items-middle\" data-id=\"dc5c030\" data-element_type=\"section\" data-settings=\"{&quot;background_background&quot;:&quot;classic&quot;}\">\n\t\t\t\t\t\t\t<div class=\"elementor-background-overlay\"><\/div>\n\t\t\t\t\t\t\t<div class=\"elementor-container elementor-column-gap-default\">\n\t\t\t\t\t<div class=\"elementor-column elementor-col-100 elementor-top-column elementor-element elementor-element-36c29b0\" data-id=\"36c29b0\" data-element_type=\"column\">\n\t\t\t<div class=\"elementor-widget-wrap elementor-element-populated\">\n\t\t\t\t\t\t<div class=\"elementor-element elementor-element-d6a80e7 elementor-widget elementor-widget-heading\" data-id=\"d6a80e7\" data-element_type=\"widget\" data-widget_type=\"heading.default\">\n\t\t\t\t<div class=\"elementor-widget-container\">\n\t\t\t\t\t<h1 class=\"elementor-heading-title elementor-size-default\">Dons planifi\u00e9s<\/h1>\t\t\t\t<\/div>\n\t\t\t\t<\/div>\n\t\t\t\t\t<\/div>\n\t\t<\/div>\n\t\t\t\t\t<\/div>\n\t\t<\/section>\n\t\t\t\t<section class=\"elementor-section elementor-top-section elementor-element elementor-element-e1e7bf7 elementor-section-boxed elementor-section-height-default elementor-section-height-default\" data-id=\"e1e7bf7\" data-element_type=\"section\" data-settings=\"{&quot;background_background&quot;:&quot;classic&quot;}\">\n\t\t\t\t\t\t<div class=\"elementor-container elementor-column-gap-default\">\n\t\t\t\t\t<div class=\"elementor-column elementor-col-100 elementor-top-column elementor-element elementor-element-752273e\" data-id=\"752273e\" data-element_type=\"column\">\n\t\t\t<div class=\"elementor-widget-wrap elementor-element-populated\">\n\t\t\t\t\t\t<div class=\"elementor-element elementor-element-ce59acb elementor-nav-menu__align-center elementor-nav-menu--dropdown-tablet elementor-nav-menu__text-align-aside elementor-nav-menu--toggle elementor-nav-menu--burger elementor-widget elementor-widget-nav-menu\" data-id=\"ce59acb\" data-element_type=\"widget\" data-settings=\"{&quot;layout&quot;:&quot;horizontal&quot;,&quot;submenu_icon&quot;:{&quot;value&quot;:&quot;&lt;i class=\\&quot;fas fa-caret-down\\&quot; aria-hidden=\\&quot;true\\&quot;&gt;&lt;\\\/i&gt;&quot;,&quot;library&quot;:&quot;fa-solid&quot;},&quot;toggle&quot;:&quot;burger&quot;}\" data-widget_type=\"nav-menu.default\">\n\t\t\t\t<div class=\"elementor-widget-container\">\n\t\t\t\t\t\t\t\t<nav aria-label=\"Menu\" class=\"elementor-nav-menu--main elementor-nav-menu__container elementor-nav-menu--layout-horizontal e--pointer-none\">\n\t\t\t\t<ul id=\"menu-1-ce59acb\" class=\"elementor-nav-menu\"><li class=\"menu-item menu-item-type-post_type menu-item-object-page menu-item-32579\"><a href=\"https:\/\/oaggao.ca\/fr\/simpliquer\/adhesion\/\" class=\"elementor-item\">Adh\u00e9sion<\/a><\/li>\n<li class=\"menu-item menu-item-type-post_type menu-item-object-page menu-item-19633\"><a href=\"https:\/\/oaggao.ca\/fr\/simpliquer\/commandites-dentreprises\/\" class=\"elementor-item\">Commandites d\u2019entreprises<\/a><\/li>\n<li class=\"menu-item menu-item-type-post_type menu-item-object-page menu-item-19632\"><a href=\"https:\/\/oaggao.ca\/fr\/simpliquer\/dons-planifies\/\" class=\"elementor-item\">Dons planifi\u00e9s<\/a><\/li>\n<li class=\"menu-item menu-item-type-post_type menu-item-object-page menu-item-19635\"><a href=\"https:\/\/oaggao.ca\/fr\/faire-un-don\/\" class=\"elementor-item\">Faire un don<\/a><\/li>\n<\/ul>\t\t\t<\/nav>\n\t\t\t\t\t<div class=\"elementor-menu-toggle\" role=\"button\" tabindex=\"0\" aria-label=\"Permuter le menu\" aria-expanded=\"false\">\n\t\t\t<i aria-hidden=\"true\" role=\"presentation\" class=\"elementor-menu-toggle__icon--open eicon-menu-bar\"><\/i><i aria-hidden=\"true\" role=\"presentation\" class=\"elementor-menu-toggle__icon--close eicon-close\"><\/i>\t\t<\/div>\n\t\t\t\t\t<nav class=\"elementor-nav-menu--dropdown elementor-nav-menu__container\" aria-hidden=\"true\">\n\t\t\t\t<ul id=\"menu-2-ce59acb\" class=\"elementor-nav-menu\"><li class=\"menu-item menu-item-type-post_type menu-item-object-page menu-item-32579\"><a href=\"https:\/\/oaggao.ca\/fr\/simpliquer\/adhesion\/\" class=\"elementor-item\" tabindex=\"-1\">Adh\u00e9sion<\/a><\/li>\n<li class=\"menu-item menu-item-type-post_type menu-item-object-page menu-item-19633\"><a href=\"https:\/\/oaggao.ca\/fr\/simpliquer\/commandites-dentreprises\/\" class=\"elementor-item\" tabindex=\"-1\">Commandites d\u2019entreprises<\/a><\/li>\n<li class=\"menu-item menu-item-type-post_type menu-item-object-page menu-item-19632\"><a href=\"https:\/\/oaggao.ca\/fr\/simpliquer\/dons-planifies\/\" class=\"elementor-item\" tabindex=\"-1\">Dons planifi\u00e9s<\/a><\/li>\n<li class=\"menu-item menu-item-type-post_type menu-item-object-page menu-item-19635\"><a href=\"https:\/\/oaggao.ca\/fr\/faire-un-don\/\" class=\"elementor-item\" tabindex=\"-1\">Faire un don<\/a><\/li>\n<\/ul>\t\t\t<\/nav>\n\t\t\t\t\t\t<\/div>\n\t\t\t\t<\/div>\n\t\t\t\t\t<\/div>\n\t\t<\/div>\n\t\t\t\t\t<\/div>\n\t\t<\/section>\n\t\t\t\t<section class=\"elementor-section elementor-top-section elementor-element elementor-element-27e7eb9 elementor-section-boxed elementor-section-height-default elementor-section-height-default\" data-id=\"27e7eb9\" data-element_type=\"section\">\n\t\t\t\t\t\t<div class=\"elementor-container elementor-column-gap-default\">\n\t\t\t\t\t<div class=\"elementor-column elementor-col-100 elementor-top-column elementor-element elementor-element-0db583f\" data-id=\"0db583f\" data-element_type=\"column\">\n\t\t\t<div class=\"elementor-widget-wrap elementor-element-populated\">\n\t\t\t\t\t\t<section class=\"elementor-section elementor-inner-section elementor-element elementor-element-5a5b36e elementor-section-boxed elementor-section-height-default elementor-section-height-default\" data-id=\"5a5b36e\" data-element_type=\"section\">\n\t\t\t\t\t\t<div class=\"elementor-container elementor-column-gap-wide\">\n\t\t\t\t\t<div class=\"elementor-column elementor-col-100 elementor-inner-column elementor-element elementor-element-dc74c51\" data-id=\"dc74c51\" data-element_type=\"column\">\n\t\t\t<div class=\"elementor-widget-wrap elementor-element-populated\">\n\t\t\t\t\t\t<div class=\"elementor-element elementor-element-65f04dc elementor-widget elementor-widget-heading\" data-id=\"65f04dc\" data-element_type=\"widget\" data-widget_type=\"heading.default\">\n\t\t\t\t<div class=\"elementor-widget-container\">\n\t\t\t\t\t<h2 class=\"elementor-heading-title elementor-size-default\">VOTRE LEGS ET LA GAO<\/h2>\t\t\t\t<\/div>\n\t\t\t\t<\/div>\n\t\t\t\t\t<\/div>\n\t\t<\/div>\n\t\t\t\t\t<\/div>\n\t\t<\/section>\n\t\t\t\t<section class=\"elementor-section elementor-inner-section elementor-element elementor-element-6d9b79a elementor-section-boxed elementor-section-height-default elementor-section-height-default\" data-id=\"6d9b79a\" data-element_type=\"section\">\n\t\t\t\t\t\t<div class=\"elementor-container elementor-column-gap-wide\">\n\t\t\t\t\t<div class=\"elementor-column elementor-col-50 elementor-inner-column elementor-element elementor-element-c4635f9\" data-id=\"c4635f9\" data-element_type=\"column\">\n\t\t\t<div class=\"elementor-widget-wrap elementor-element-populated\">\n\t\t\t\t\t\t<div class=\"elementor-element elementor-element-899488b elementor-widget elementor-widget-image\" data-id=\"899488b\" data-element_type=\"widget\" data-widget_type=\"image.default\">\n\t\t\t\t<div class=\"elementor-widget-container\">\n\t\t\t\t\t\t\t\t\t\t\t\t\t\t\t<img fetchpriority=\"high\" decoding=\"async\" width=\"512\" height=\"512\" src=\"https:\/\/oaggao.ca\/wp-content\/uploads\/2021\/11\/PLANNED-GIVING-21.png\" class=\"attachment-large size-large wp-image-12962\" alt=\"\" srcset=\"https:\/\/oaggao.ca\/wp-content\/uploads\/2021\/11\/PLANNED-GIVING-21.png 512w, https:\/\/oaggao.ca\/wp-content\/uploads\/2021\/11\/PLANNED-GIVING-21-300x300.png 300w, https:\/\/oaggao.ca\/wp-content\/uploads\/2021\/11\/PLANNED-GIVING-21-150x150.png 150w\" sizes=\"(max-width: 512px) 100vw, 512px\" \/>\t\t\t\t\t\t\t\t\t\t\t\t\t\t\t<\/div>\n\t\t\t\t<\/div>\n\t\t\t\t\t<\/div>\n\t\t<\/div>\n\t\t\t\t<div class=\"elementor-column elementor-col-50 elementor-inner-column elementor-element elementor-element-c113901\" data-id=\"c113901\" data-element_type=\"column\">\n\t\t\t<div class=\"elementor-widget-wrap elementor-element-populated\">\n\t\t\t\t\t\t<div class=\"elementor-element elementor-element-cf93250 elementor-widget elementor-widget-text-editor\" data-id=\"cf93250\" data-element_type=\"widget\" data-widget_type=\"text-editor.default\">\n\t\t\t\t<div class=\"elementor-widget-container\">\n\t\t\t\t\t\t\t\t\t<p>Un don planifi\u00e9, de n&rsquo;importe quelle taille, incitera les g\u00e9n\u00e9rations actuelles et futures \u00e0 se sentir li\u00e9es \u00e0 leur Galerie d&rsquo;art et \u00e0 cr\u00e9er des exp\u00e9riences artistiques significatives offrant de nouvelles perspectives, stimulant la cr\u00e9ativit\u00e9 et provoquant d\u2019importants dialogues.<\/p><p>Qu&rsquo;il s&rsquo;agisse d&rsquo;un don testamentaire, d&rsquo;une assurance-vie, d&rsquo;un fonds de retraite enregistr\u00e9, d&rsquo;une \u00e9pargne libre d&rsquo;imp\u00f4t ou du don d&rsquo;une \u0153uvre d&rsquo;art, un don en h\u00e9ritage, tout comme l&rsquo;art, inspirera les publics d&rsquo;aujourd&rsquo;hui et de demain. Cr\u00e9ons ensemble un legs personnel et significatif pour vous et qui aidera la GAO \u00e0 demeurer inspirante par sa mission pour les ann\u00e9es \u00e0 venir.<\/p><p>Pour en discuter davantage, ou pour de plus amples informations, veuillez communiquer avec Rama \u00e0 l&rsquo;adresse <a href=\"mailto:rrama@oaggao.ca\">rrama@oaggao.ca<\/a><\/p>\t\t\t\t\t\t\t\t<\/div>\n\t\t\t\t<\/div>\n\t\t\t\t\t<\/div>\n\t\t<\/div>\n\t\t\t\t\t<\/div>\n\t\t<\/section>\n\t\t\t\t\t<\/div>\n\t\t<\/div>\n\t\t\t\t\t<\/div>\n\t\t<\/section>\n\t\t\t\t<\/div>\n\t\t","protected":false},"excerpt":{"rendered":"<p>Dons planifi\u00e9s VOTRE LEGS ET LA GAO Un don planifi\u00e9, de n&rsquo;importe quelle taille, incitera les g\u00e9n\u00e9rations actuelles et futures \u00e0 se sentir li\u00e9es \u00e0 leur Galerie d&rsquo;art et \u00e0 [&hellip;]<\/p>\n","protected":false},"author":3,"featured_media":0,"parent":15618,"menu_order":0,"comment_status":"closed","ping_status":"closed","template":"","meta":{"_acf_changed":false,"footnotes":""},"class_list":["post-19631","page","type-page","status-publish","hentry"],"acf":[],"aioseo_notices":[],"_links":{"self":[{"href":"https:\/\/oaggao.ca\/fr\/wp-json\/wp\/v2\/pages\/19631","targetHints":{"allow":["GET"]}}],"collection":[{"href":"https:\/\/oaggao.ca\/fr\/wp-json\/wp\/v2\/pages"}],"about":[{"href":"https:\/\/oaggao.ca\/fr\/wp-json\/wp\/v2\/types\/page"}],"author":[{"embeddable":true,"href":"https:\/\/oaggao.ca\/fr\/wp-json\/wp\/v2\/users\/3"}],"replies":[{"embeddable":true,"href":"https:\/\/oaggao.ca\/fr\/wp-json\/wp\/v2\/comments?post=19631"}],"version-history":[{"count":0,"href":"https:\/\/oaggao.ca\/fr\/wp-json\/wp\/v2\/pages\/19631\/revisions"}],"up":[{"embeddable":true,"href":"https:\/\/oaggao.ca\/fr\/wp-json\/wp\/v2\/pages\/15618"}],"wp:attachment":[{"href":"https:\/\/oaggao.ca\/fr\/wp-json\/wp\/v2\/media?parent=19631"}],"curies":[{"name":"wp","href":"https:\/\/api.w.org\/{rel}","templated":true}]}}