{"id":19935,"date":"2021-12-13T16:43:15","date_gmt":"2021-12-13T21:43:15","guid":{"rendered":"https:\/\/wwwoaggaoca.wpengine.com\/?page_id=19935"},"modified":"2022-01-19T10:02:32","modified_gmt":"2022-01-19T15:02:32","slug":"vision-et-histoire-de-la-gao","status":"publish","type":"page","link":"https:\/\/oaggao.ca\/fr\/a-propos\/vision-et-histoire-de-la-gao\/","title":{"rendered":"Vision et histoire de la GAO"},"content":{"rendered":"\t\t<div data-elementor-type=\"wp-page\" data-elementor-id=\"19935\" class=\"elementor elementor-19935 elementor-3574\" data-elementor-post-type=\"page\">\n\t\t\t\t\t\t<section class=\"elementor-section elementor-top-section elementor-element elementor-element-739c3b4 elementor-section-height-min-height elementor-section-boxed elementor-section-height-default elementor-section-items-middle\" data-id=\"739c3b4\" data-element_type=\"section\" data-settings=\"{&quot;background_background&quot;:&quot;classic&quot;}\">\n\t\t\t\t\t\t\t<div class=\"elementor-background-overlay\"><\/div>\n\t\t\t\t\t\t\t<div class=\"elementor-container elementor-column-gap-default\">\n\t\t\t\t\t<div class=\"elementor-column elementor-col-100 elementor-top-column elementor-element elementor-element-ad19ccc\" data-id=\"ad19ccc\" data-element_type=\"column\">\n\t\t\t<div class=\"elementor-widget-wrap elementor-element-populated\">\n\t\t\t\t\t\t<div class=\"elementor-element elementor-element-b64896d elementor-widget elementor-widget-heading\" data-id=\"b64896d\" data-element_type=\"widget\" data-widget_type=\"heading.default\">\n\t\t\t\t<div class=\"elementor-widget-container\">\n\t\t\t\t\t<h1 class=\"elementor-heading-title elementor-size-default\">Vision et histoire de la GAO<\/h1>\t\t\t\t<\/div>\n\t\t\t\t<\/div>\n\t\t\t\t\t<\/div>\n\t\t<\/div>\n\t\t\t\t\t<\/div>\n\t\t<\/section>\n\t\t\t\t<section class=\"elementor-section elementor-top-section elementor-element elementor-element-36eab81 elementor-section-full_width elementor-section-height-default elementor-section-height-default\" data-id=\"36eab81\" data-element_type=\"section\" data-settings=\"{&quot;background_background&quot;:&quot;classic&quot;}\">\n\t\t\t\t\t\t<div class=\"elementor-container elementor-column-gap-default\">\n\t\t\t\t\t<div class=\"elementor-column elementor-col-100 elementor-top-column elementor-element elementor-element-aec12b6\" data-id=\"aec12b6\" data-element_type=\"column\">\n\t\t\t<div class=\"elementor-widget-wrap elementor-element-populated\">\n\t\t\t\t\t\t<div class=\"elementor-element elementor-element-9ba3720 elementor-nav-menu__align-center elementor-nav-menu--dropdown-tablet elementor-nav-menu__text-align-aside elementor-nav-menu--toggle elementor-nav-menu--burger elementor-widget elementor-widget-nav-menu\" data-id=\"9ba3720\" data-element_type=\"widget\" data-settings=\"{&quot;layout&quot;:&quot;horizontal&quot;,&quot;submenu_icon&quot;:{&quot;value&quot;:&quot;&lt;i class=\\&quot;fas fa-caret-down\\&quot; aria-hidden=\\&quot;true\\&quot;&gt;&lt;\\\/i&gt;&quot;,&quot;library&quot;:&quot;fa-solid&quot;},&quot;toggle&quot;:&quot;burger&quot;}\" data-widget_type=\"nav-menu.default\">\n\t\t\t\t<div class=\"elementor-widget-container\">\n\t\t\t\t\t\t\t\t<nav aria-label=\"Menu\" class=\"elementor-nav-menu--main elementor-nav-menu__container elementor-nav-menu--layout-horizontal e--pointer-none\">\n\t\t\t\t<ul id=\"menu-1-9ba3720\" class=\"elementor-nav-menu\"><li class=\"menu-item menu-item-type-post_type menu-item-object-page menu-item-3576\"><a href=\"https:\/\/oaggao.ca\/about-us\/history-and-vision\/\" class=\"elementor-item\">Vision et histoire de la GAO<\/a><\/li>\n<li class=\"menu-item menu-item-type-post_type menu-item-object-page menu-item-3585\"><a href=\"https:\/\/oaggao.ca\/about-us\/strategic-plan\/\" class=\"elementor-item\">Le Plan strat\u00e9gique<\/a><\/li>\n<li class=\"menu-item menu-item-type-post_type menu-item-object-page menu-item-3644\"><a href=\"https:\/\/oaggao.ca\/about-us\/staff\/\" class=\"elementor-item\">Personnel<\/a><\/li>\n<li class=\"menu-item menu-item-type-post_type menu-item-object-page menu-item-3643\"><a href=\"https:\/\/oaggao.ca\/about-us\/board-of-directors\/\" class=\"elementor-item\">Conseil d\u2019administration<\/a><\/li>\n<li class=\"menu-item menu-item-type-post_type menu-item-object-page menu-item-3588\"><a href=\"https:\/\/oaggao.ca\/about-us\/careers-and-opportunities\/\" class=\"elementor-item\">Carri\u00e8res et opportunit\u00e9s<\/a><\/li>\n<li class=\"menu-item menu-item-type-post_type menu-item-object-page menu-item-3646\"><a href=\"https:\/\/oaggao.ca\/about-us\/volunteer\/\" class=\"elementor-item\">B\u00e9n\u00e9volat<\/a><\/li>\n<li class=\"menu-item menu-item-type-post_type menu-item-object-page menu-item-3645\"><a href=\"https:\/\/oaggao.ca\/about-us\/corporate-documents-and-reports\/\" class=\"elementor-item\">Rapports et documents d&rsquo;entreprise<\/a><\/li>\n<\/ul>\t\t\t<\/nav>\n\t\t\t\t\t<div class=\"elementor-menu-toggle\" role=\"button\" tabindex=\"0\" aria-label=\"Permuter le menu\" aria-expanded=\"false\">\n\t\t\t<i aria-hidden=\"true\" role=\"presentation\" class=\"elementor-menu-toggle__icon--open eicon-menu-bar\"><\/i><i aria-hidden=\"true\" role=\"presentation\" class=\"elementor-menu-toggle__icon--close eicon-close\"><\/i>\t\t<\/div>\n\t\t\t\t\t<nav class=\"elementor-nav-menu--dropdown elementor-nav-menu__container\" aria-hidden=\"true\">\n\t\t\t\t<ul id=\"menu-2-9ba3720\" class=\"elementor-nav-menu\"><li class=\"menu-item menu-item-type-post_type menu-item-object-page menu-item-3576\"><a href=\"https:\/\/oaggao.ca\/about-us\/history-and-vision\/\" class=\"elementor-item\" tabindex=\"-1\">Vision et histoire de la GAO<\/a><\/li>\n<li class=\"menu-item menu-item-type-post_type menu-item-object-page menu-item-3585\"><a href=\"https:\/\/oaggao.ca\/about-us\/strategic-plan\/\" class=\"elementor-item\" tabindex=\"-1\">Le Plan strat\u00e9gique<\/a><\/li>\n<li class=\"menu-item menu-item-type-post_type menu-item-object-page menu-item-3644\"><a href=\"https:\/\/oaggao.ca\/about-us\/staff\/\" class=\"elementor-item\" tabindex=\"-1\">Personnel<\/a><\/li>\n<li class=\"menu-item menu-item-type-post_type menu-item-object-page menu-item-3643\"><a href=\"https:\/\/oaggao.ca\/about-us\/board-of-directors\/\" class=\"elementor-item\" tabindex=\"-1\">Conseil d\u2019administration<\/a><\/li>\n<li class=\"menu-item menu-item-type-post_type menu-item-object-page menu-item-3588\"><a href=\"https:\/\/oaggao.ca\/about-us\/careers-and-opportunities\/\" class=\"elementor-item\" tabindex=\"-1\">Carri\u00e8res et opportunit\u00e9s<\/a><\/li>\n<li class=\"menu-item menu-item-type-post_type menu-item-object-page menu-item-3646\"><a href=\"https:\/\/oaggao.ca\/about-us\/volunteer\/\" class=\"elementor-item\" tabindex=\"-1\">B\u00e9n\u00e9volat<\/a><\/li>\n<li class=\"menu-item menu-item-type-post_type menu-item-object-page menu-item-3645\"><a href=\"https:\/\/oaggao.ca\/about-us\/corporate-documents-and-reports\/\" class=\"elementor-item\" tabindex=\"-1\">Rapports et documents d&rsquo;entreprise<\/a><\/li>\n<\/ul>\t\t\t<\/nav>\n\t\t\t\t\t\t<\/div>\n\t\t\t\t<\/div>\n\t\t\t\t\t<\/div>\n\t\t<\/div>\n\t\t\t\t\t<\/div>\n\t\t<\/section>\n\t\t\t\t<section class=\"elementor-section elementor-top-section elementor-element elementor-element-51a454d elementor-section-boxed elementor-section-height-default elementor-section-height-default\" data-id=\"51a454d\" data-element_type=\"section\">\n\t\t\t\t\t\t<div class=\"elementor-container elementor-column-gap-default\">\n\t\t\t\t\t<div class=\"elementor-column elementor-col-100 elementor-top-column elementor-element elementor-element-0194580\" data-id=\"0194580\" data-element_type=\"column\">\n\t\t\t<div class=\"elementor-widget-wrap elementor-element-populated\">\n\t\t\t\t\t\t<div class=\"elementor-element elementor-element-a26dced elementor-widget elementor-widget-heading\" data-id=\"a26dced\" data-element_type=\"widget\" data-widget_type=\"heading.default\">\n\t\t\t\t<div class=\"elementor-widget-container\">\n\t\t\t\t\t<h2 class=\"elementor-heading-title elementor-size-default\">Un mot de la direction et chef de la direction<\/h2>\t\t\t\t<\/div>\n\t\t\t\t<\/div>\n\t\t\t\t\t<\/div>\n\t\t<\/div>\n\t\t\t\t\t<\/div>\n\t\t<\/section>\n\t\t\t\t<section class=\"elementor-section elementor-top-section elementor-element elementor-element-865fb5d elementor-section-boxed elementor-section-height-default elementor-section-height-default\" data-id=\"865fb5d\" data-element_type=\"section\">\n\t\t\t\t\t\t<div class=\"elementor-container elementor-column-gap-default\">\n\t\t\t\t\t<div class=\"elementor-column elementor-col-100 elementor-top-column elementor-element elementor-element-0f8d932\" data-id=\"0f8d932\" data-element_type=\"column\">\n\t\t\t<div class=\"elementor-widget-wrap elementor-element-populated\">\n\t\t\t\t\t\t<div class=\"elementor-element elementor-element-b5d2eed elementor-widget elementor-widget-heading\" data-id=\"b5d2eed\" data-element_type=\"widget\" data-widget_type=\"heading.default\">\n\t\t\t\t<div class=\"elementor-widget-container\">\n\t\t\t\t\t<h3 class=\"elementor-heading-title elementor-size-default\">la Galerie d\u2019art d\u2019Ottawa, votre foyer pour les arts<\/h3>\t\t\t\t<\/div>\n\t\t\t\t<\/div>\n\t\t\t\t\t<\/div>\n\t\t<\/div>\n\t\t\t\t\t<\/div>\n\t\t<\/section>\n\t\t\t\t<section class=\"elementor-section elementor-top-section elementor-element elementor-element-b975529 elementor-section-boxed elementor-section-height-default elementor-section-height-default\" data-id=\"b975529\" data-element_type=\"section\">\n\t\t\t\t\t\t<div class=\"elementor-container elementor-column-gap-default\">\n\t\t\t\t\t<div class=\"elementor-column elementor-col-33 elementor-top-column elementor-element elementor-element-386479f\" data-id=\"386479f\" data-element_type=\"column\">\n\t\t\t<div class=\"elementor-widget-wrap elementor-element-populated\">\n\t\t\t\t\t\t<div class=\"elementor-element elementor-element-8853e28 elementor-widget elementor-widget-image\" data-id=\"8853e28\" data-element_type=\"widget\" data-widget_type=\"image.default\">\n\t\t\t\t<div class=\"elementor-widget-container\">\n\t\t\t\t\t\t\t\t\t\t\t\t\t\t\t<img fetchpriority=\"high\" decoding=\"async\" width=\"300\" height=\"300\" src=\"https:\/\/oaggao.ca\/wp-content\/uploads\/2021\/11\/alex5-300x300.jpeg\" class=\"attachment-medium size-medium wp-image-11790\" alt=\"\" srcset=\"https:\/\/oaggao.ca\/wp-content\/uploads\/2021\/11\/alex5-300x300.jpeg 300w, https:\/\/oaggao.ca\/wp-content\/uploads\/2021\/11\/alex5-150x150.jpeg 150w, https:\/\/oaggao.ca\/wp-content\/uploads\/2021\/11\/alex5.jpeg 740w\" sizes=\"(max-width: 300px) 100vw, 300px\" \/>\t\t\t\t\t\t\t\t\t\t\t\t\t\t\t<\/div>\n\t\t\t\t<\/div>\n\t\t\t\t\t<\/div>\n\t\t<\/div>\n\t\t\t\t<div class=\"elementor-column elementor-col-66 elementor-top-column elementor-element elementor-element-f5d9896\" data-id=\"f5d9896\" data-element_type=\"column\">\n\t\t\t<div class=\"elementor-widget-wrap elementor-element-populated\">\n\t\t\t\t\t\t<div class=\"elementor-element elementor-element-ccbcf41 elementor-widget elementor-widget-heading\" data-id=\"ccbcf41\" data-element_type=\"widget\" data-widget_type=\"heading.default\">\n\t\t\t\t<div class=\"elementor-widget-container\">\n\t\t\t\t\t<h4 class=\"elementor-heading-title elementor-size-default\">Vision<\/h4>\t\t\t\t<\/div>\n\t\t\t\t<\/div>\n\t\t\t\t<div class=\"elementor-element elementor-element-7bc5894 elementor-widget elementor-widget-text-editor\" data-id=\"7bc5894\" data-element_type=\"widget\" data-widget_type=\"text-editor.default\">\n\t\t\t\t<div class=\"elementor-widget-container\">\n\t\t\t\t\t\t\t\t\t<p><span style=\"color: var( --e-global-color-text );\"> <span data-controls='anishinabemowin_tooltip_20337' class='anishinabemowin_tooltip__toggle pill'>L&rsquo;art<span data-controlled-by='anishinabemowin_tooltip_20337' class='anishinabemowin_tooltip__content_wrapper bottom'><span class='anishinabemowin_tooltip__content'><span class='anishinabemowin_tooltip__content__audio'><audio src='https:\/\/oaggao.ca\/wp-content\/uploads\/2021\/12\/art.wav'><\/audio><\/span><span class='anishinabemowin_tooltip__content__heading'>Ojichigan<\/span><span class='anishinabemowin_tooltip__content__copy'>L&rsquo;art<\/span><span class='anishinabemowin_tooltip__content__close'>x<\/span><\/span><\/span><\/span> et la culture sont des \u00e9l\u00e9ments essentiels du sentiment d&rsquo;appartenance et constituent les fondements de la soci\u00e9t\u00e9 que nous d\u00e9sirons. L&rsquo;art est rassembleur et permet de c\u00e9l\u00e9brer nos exp\u00e9riences semblables qui ajoutent texture et inspiration au quotidien. <\/span><\/p><p><span style=\"color: var( --e-global-color-text );\">Nous croyons que l&rsquo;art et les artistes de la r\u00e9gion offrent une vision unique de la soci\u00e9t\u00e9. Bien qu&rsquo;ancr\u00e9 dans une g\u00e9ographie sp\u00e9cifique, tout cela joue un r\u00f4le essentiel et aide \u00e0 saisir les d\u00e9fis complexes et mondiaux de notre \u00e9poque. <\/span><\/p><p><span style=\"color: var( --e-global-color-text );\">Nos expositions pr\u00e9sentent l&rsquo;art r\u00e9gional centr\u00e9 sur Ottawa au sein d\u2019un contexte national et international, et nos programmes s&rsquo;adressent \u00e0 tous les publics, tr\u00e8s jeunes et plus \u00e2g\u00e9s. La GAO c\u2019est aussi un espace partag\u00e9 et accessible pour la communaut\u00e9 et les collaborations et partenariats interdisciplinaires rendent ceci possible.<\/span><\/p>\t\t\t\t\t\t\t\t<\/div>\n\t\t\t\t<\/div>\n\t\t\t\t\t<\/div>\n\t\t<\/div>\n\t\t\t\t\t<\/div>\n\t\t<\/section>\n\t\t\t\t<section class=\"elementor-section elementor-top-section elementor-element elementor-element-38b715f elementor-section-boxed elementor-section-height-default elementor-section-height-default\" data-id=\"38b715f\" data-element_type=\"section\">\n\t\t\t\t\t\t<div class=\"elementor-container elementor-column-gap-default\">\n\t\t\t\t\t<div class=\"elementor-column elementor-col-100 elementor-top-column elementor-element elementor-element-eed474e\" data-id=\"eed474e\" data-element_type=\"column\">\n\t\t\t<div class=\"elementor-widget-wrap elementor-element-populated\">\n\t\t\t\t\t\t<div class=\"elementor-element elementor-element-dba5bb0 elementor-widget elementor-widget-heading\" data-id=\"dba5bb0\" data-element_type=\"widget\" data-widget_type=\"heading.default\">\n\t\t\t\t<div class=\"elementor-widget-container\">\n\t\t\t\t\t<h4 class=\"elementor-heading-title elementor-size-default\">R\u00e9sonance<\/h4>\t\t\t\t<\/div>\n\t\t\t\t<\/div>\n\t\t\t\t<div class=\"elementor-element elementor-element-a7b8b6d elementor-widget elementor-widget-text-editor\" data-id=\"a7b8b6d\" data-element_type=\"widget\" data-widget_type=\"text-editor.default\">\n\t\t\t\t<div class=\"elementor-widget-container\">\n\t\t\t\t\t\t\t\t\t<p>La GAO raconte l\u2019histoire de la communaut\u00e9 \u00e0 travers l\u2019art et aide \u00e0 cr\u00e9er une vision positive de l&rsquo;avenir de la r\u00e9gion. Galerie d\u2019art de premier plan et destination culturelle au c\u0153ur du centre-ville, la GAO est un organisme durable et innovant qui contribue \u00e0 l\u2019\u00e9conomie de la r\u00e9gion de la capitale nationale et qui d\u00e9tient une <span data-controls='anishinabemowin_tooltip_20982' class='anishinabemowin_tooltip__toggle pill'>collection<span data-controlled-by='anishinabemowin_tooltip_20982' class='anishinabemowin_tooltip__content_wrapper bottom'><span class='anishinabemowin_tooltip__content'><span class='anishinabemowin_tooltip__content__audio'><audio src='https:\/\/oaggao.ca\/wp-content\/uploads\/2021\/12\/collections.wav'><\/audio><\/span><span class='anishinabemowin_tooltip__content__heading'>m\u0101wandjichigewinan<\/span><span class='anishinabemowin_tooltip__content__copy'>collection<\/span><span class='anishinabemowin_tooltip__content__close'>x<\/span><\/span><\/span><\/span> d\u2019art de classe mondiale.<\/p>\t\t\t\t\t\t\t\t<\/div>\n\t\t\t\t<\/div>\n\t\t\t\t<div class=\"elementor-element elementor-element-784a39a elementor-widget elementor-widget-heading\" data-id=\"784a39a\" data-element_type=\"widget\" data-widget_type=\"heading.default\">\n\t\t\t\t<div class=\"elementor-widget-container\">\n\t\t\t\t\t<h4 class=\"elementor-heading-title elementor-size-default\">Voici ce qui vous attend \u00e0 la GAO :\n<\/h4>\t\t\t\t<\/div>\n\t\t\t\t<\/div>\n\t\t\t\t<div class=\"elementor-element elementor-element-94c26eb elementor-widget elementor-widget-text-editor\" data-id=\"94c26eb\" data-element_type=\"widget\" data-widget_type=\"text-editor.default\">\n\t\t\t\t<div class=\"elementor-widget-container\">\n\t\t\t\t\t\t\t\t\t<ul><li>Une exp\u00e9rience accueillante, abordable et engageante avec l&rsquo;art<\/li><li>Une exp\u00e9rience culturelle inspirante que vous aurez envie de partager avec vos proches<\/li><li>Un sentiment partag\u00e9 de fiert\u00e9 quant aux contributions culturelles des artistes de <span data-controls='anishinabemowin_tooltip_20991' class='anishinabemowin_tooltip__toggle pill'>la r\u00e9gion d\u2019Ottawa-Gatineau<span data-controlled-by='anishinabemowin_tooltip_20991' class='anishinabemowin_tooltip__content_wrapper bottom'><span class='anishinabemowin_tooltip__content'><span class='anishinabemowin_tooltip__content__audio'><audio src='https:\/\/oaggao.ca\/wp-content\/uploads\/2021\/12\/Ottawa-Gatineau-Region.wav'><\/audio><\/span><span class='anishinabemowin_tooltip__content__heading'>Od\u0101w\u0101 ashidj w\u0101k\u0101h\u00ec <\/span><span class='anishinabemowin_tooltip__content__copy'>la r\u00e9gion d\u2019Ottawa-Gatineau<\/span><span class='anishinabemowin_tooltip__content__close'>x<\/span><\/span><\/span><\/span>.\u00a0<\/li><\/ul>\t\t\t\t\t\t\t\t<\/div>\n\t\t\t\t<\/div>\n\t\t\t\t<div class=\"elementor-element elementor-element-677e70a elementor-widget elementor-widget-heading\" data-id=\"677e70a\" data-element_type=\"widget\" data-widget_type=\"heading.default\">\n\t\t\t\t<div class=\"elementor-widget-container\">\n\t\t\t\t\t<h4 class=\"elementor-heading-title elementor-size-default\">Histoire<\/h4>\t\t\t\t<\/div>\n\t\t\t\t<\/div>\n\t\t\t\t<div class=\"elementor-element elementor-element-0d2b9e4 elementor-widget elementor-widget-text-editor\" data-id=\"0d2b9e4\" data-element_type=\"widget\" data-widget_type=\"text-editor.default\">\n\t\t\t\t<div class=\"elementor-widget-container\">\n\t\t\t\t\t\t\t\t\t<p>La Galerie voit le jour \u00e0 la fin des ann\u00e9es 1980, alors qu&rsquo;un groupe d&rsquo;<span data-controls='anishinabemowin_tooltip_20992' class='anishinabemowin_tooltip__toggle pill'>artistes<span data-controlled-by='anishinabemowin_tooltip_20992' class='anishinabemowin_tooltip__content_wrapper bottom'><span class='anishinabemowin_tooltip__content'><span class='anishinabemowin_tooltip__content__audio'><audio src='https:\/\/oaggao.ca\/wp-content\/uploads\/2021\/12\/artist-creators.wav'><\/audio><\/span><span class='anishinabemowin_tooltip__content__heading'>K\u0101-ojitow\u0101dj<\/span><span class='anishinabemowin_tooltip__content__copy'>artistes<\/span><span class='anishinabemowin_tooltip__content__close'>x<\/span><\/span><\/span><\/span> et leaders se bat pour une galerie qui pr\u00e9senterait et collectionnerait l&rsquo;art de la r\u00e9gion dans le but de pr\u00e9senter nos artistes \u00e0 la nation et au monde. Au fil des d\u00e9cennies, nous avons pr\u00e9sent\u00e9 des centaines d&rsquo;artistes, dont beaucoup nous ont repr\u00e9sent\u00e9s dans de grands festivals et galeries du monde entier.<\/p><p>Notre institution a \u00e9galement re\u00e7u un \u00e9tonnant cadeau d&rsquo;art canadien de la part de la famille Firestone, qui nous a incit\u00e9s \u00e0 nous efforcer de trouver des moyens innovants et inspirants de <span data-controls='anishinabemowin_tooltip_20993' class='anishinabemowin_tooltip__toggle pill'>relier<span data-controlled-by='anishinabemowin_tooltip_20993' class='anishinabemowin_tooltip__content_wrapper bottom'><span class='anishinabemowin_tooltip__content'><span class='anishinabemowin_tooltip__content__audio'><audio src='https:\/\/oaggao.ca\/wp-content\/uploads\/2021\/12\/connect.wav'><\/audio><\/span><span class='anishinabemowin_tooltip__content__heading'>n\u0101b\u0101koshid\u0101<\/span><span class='anishinabemowin_tooltip__content__copy'>relier<\/span><span class='anishinabemowin_tooltip__content__close'>x<\/span><\/span><\/span><\/span> l&rsquo;art et les gens, comme ils le faisaient dans leur maison familiale. Cette collection de classe mondiale comprend plus de 1600 \u0153uvres d&rsquo;art, et l&rsquo;un des plus grands groupes de peintures et de dessins d\u2019A. Y. Jackson, artiste du fameux Groupe des Sept, en fait parti.<\/p><p>En 2010, la GAO entame un parcours long de huit ans pour imaginer et construire un nouvel \u00e9difice. L\u2019agrandissement de la GAO, maintenant cinq fois plus grande et de qualit\u00e9 mus\u00e9ale, est inaugur\u00e9 avec un grand succ\u00e8s le 28 avril 2018. Con\u00e7u par les firmes KPMB Architects et R\u00e9gis C\u00f4t\u00e9 et Associ\u00e9s, le nouvel \u00e9difice illustre les nouvelles tendances en mati\u00e8re de destinations culturelles, en mettant l&rsquo;accent sur la lumi\u00e8re naturelle, les grands espaces publics et le c\u0153ur de la ville. Le projet est le premier complexe de partenariat public-priv\u00e9 (PPP) en arts visuels en Am\u00e9rique du Nord et a remport\u00e9 le prix de la nouvelle exp\u00e9rience des visiteurs de Tourisme Ottawa en 2019.<\/p><p>Depuis sa r\u00e9ouverture en 2018, le GAO a accueilli plus d&rsquo;un million de personnes sur les lieux et encore plus gr\u00e2ce \u00e0 ses plateformes num\u00e9riques et ses programmes de rayonnement. Le Plan strat\u00e9gique de la Galerie d\u00e9montre son engagement continu envers l&rsquo;accessibilit\u00e9 et le soutien de la communaut\u00e9 artistique, tout en demeurant une organisation culturelle durable et pertinente, en pla\u00e7ant l&rsquo;antiracisme, l&rsquo;\u00e9quit\u00e9 et l&rsquo;inclusivit\u00e9 au centre de ses principes fondamentaux.<\/p>\t\t\t\t\t\t\t\t<\/div>\n\t\t\t\t<\/div>\n\t\t\t\t<div class=\"elementor-element elementor-element-ba1cdcf elementor-widget elementor-widget-text-editor\" data-id=\"ba1cdcf\" data-element_type=\"widget\" data-widget_type=\"text-editor.default\">\n\t\t\t\t<div class=\"elementor-widget-container\">\n\t\t\t\t\t\t\t\t\t<p>La GAO, foyer unique pour les arts dans la capitale du Canada, occupe une place importante au c\u0153ur de la ville et invite les gens de la r\u00e9gion et du monde entier \u00e0 vivre une exp\u00e9rience <span data-controls='anishinabemowin_tooltip_20994' class='anishinabemowin_tooltip__toggle pill'>accessible<span data-controlled-by='anishinabemowin_tooltip_20994' class='anishinabemowin_tooltip__content_wrapper bottom'><span class='anishinabemowin_tooltip__content'><span class='anishinabemowin_tooltip__content__audio'><audio src='https:\/\/oaggao.ca\/wp-content\/uploads\/2021\/12\/accessible.wav'><\/audio><\/span><span class='anishinabemowin_tooltip__content__heading'>wendad<\/span><span class='anishinabemowin_tooltip__content__copy'>accessible<\/span><span class='anishinabemowin_tooltip__content__close'>x<\/span><\/span><\/span><\/span> et engageante. <strong>Votre art, ICI <\/strong><\/p>\t\t\t\t\t\t\t\t<\/div>\n\t\t\t\t<\/div>\n\t\t\t\t<div class=\"elementor-element elementor-element-ae34ee8 elementor-widget elementor-widget-text-editor\" data-id=\"ae34ee8\" data-element_type=\"widget\" data-widget_type=\"text-editor.default\">\n\t\t\t\t<div class=\"elementor-widget-container\">\n\t\t\t\t\t\t\t\t\t<p><strong>Alexandra Badzak<\/strong><br \/>Direction et Chef de la direction, Galerie d&rsquo;art d&rsquo;Ottawa<\/p>\t\t\t\t\t\t\t\t<\/div>\n\t\t\t\t<\/div>\n\t\t\t\t<div class=\"elementor-element elementor-element-0888184 elementor-widget elementor-widget-image\" data-id=\"0888184\" data-element_type=\"widget\" data-widget_type=\"image.default\">\n\t\t\t\t<div class=\"elementor-widget-container\">\n\t\t\t\t\t\t\t\t\t\t\t\t\t\t\t<img decoding=\"async\" width=\"284\" height=\"77\" src=\"https:\/\/oaggao.ca\/wp-content\/uploads\/2021\/11\/Alex-Signature.png\" class=\"attachment-medium size-medium wp-image-15281\" alt=\"\" \/>\t\t\t\t\t\t\t\t\t\t\t\t\t\t\t<\/div>\n\t\t\t\t<\/div>\n\t\t\t\t<div class=\"elementor-element elementor-element-0ca0aaa elementor-widget elementor-widget-button\" data-id=\"0ca0aaa\" data-element_type=\"widget\" data-widget_type=\"button.default\">\n\t\t\t\t<div class=\"elementor-widget-container\">\n\t\t\t\t\t\t\t\t\t<div class=\"elementor-button-wrapper\">\n\t\t\t\t\t<a class=\"elementor-button elementor-button-link elementor-size-sm\" href=\"\/fr\/a-propos\/le-plan-strategique\/\">\n\t\t\t\t\t\t<span class=\"elementor-button-content-wrapper\">\n\t\t\t\t\t\t\t\t\t<span class=\"elementor-button-text\">Le Plan strat\u00e9gique<\/span>\n\t\t\t\t\t<\/span>\n\t\t\t\t\t<\/a>\n\t\t\t\t<\/div>\n\t\t\t\t\t\t\t\t<\/div>\n\t\t\t\t<\/div>\n\t\t\t\t<div class=\"elementor-element elementor-element-0677f5b elementor-widget elementor-widget-button\" data-id=\"0677f5b\" data-element_type=\"widget\" data-widget_type=\"button.default\">\n\t\t\t\t<div class=\"elementor-widget-container\">\n\t\t\t\t\t\t\t\t\t<div class=\"elementor-button-wrapper\">\n\t\t\t\t\t<a class=\"elementor-button elementor-button-link elementor-size-sm\" href=\"\/wp-content\/uploads\/2021\/10\/Founders_Lobby_Book.pdf\">\n\t\t\t\t\t\t<span class=\"elementor-button-content-wrapper\">\n\t\t\t\t\t\t\t\t\t<span class=\"elementor-button-text\">Cliquez ici pour en savoir plus sur l\u2019histoire de la Galerie d'art d'Ottawa.<\/span>\n\t\t\t\t\t<\/span>\n\t\t\t\t\t<\/a>\n\t\t\t\t<\/div>\n\t\t\t\t\t\t\t\t<\/div>\n\t\t\t\t<\/div>\n\t\t\t\t\t<\/div>\n\t\t<\/div>\n\t\t\t\t\t<\/div>\n\t\t<\/section>\n\t\t\t\t<\/div>\n\t\t","protected":false},"excerpt":{"rendered":"<p>Vision et histoire de la GAO Un mot de la direction et chef de la direction la Galerie d\u2019art d\u2019Ottawa, votre foyer pour les arts Vision et la culture sont [&hellip;]<\/p>\n","protected":false},"author":13,"featured_media":0,"parent":15612,"menu_order":0,"comment_status":"closed","ping_status":"closed","template":"","meta":{"_acf_changed":false,"footnotes":""},"class_list":["post-19935","page","type-page","status-publish","hentry"],"acf":[],"aioseo_notices":[],"_links":{"self":[{"href":"https:\/\/oaggao.ca\/fr\/wp-json\/wp\/v2\/pages\/19935","targetHints":{"allow":["GET"]}}],"collection":[{"href":"https:\/\/oaggao.ca\/fr\/wp-json\/wp\/v2\/pages"}],"about":[{"href":"https:\/\/oaggao.ca\/fr\/wp-json\/wp\/v2\/types\/page"}],"author":[{"embeddable":true,"href":"https:\/\/oaggao.ca\/fr\/wp-json\/wp\/v2\/users\/13"}],"replies":[{"embeddable":true,"href":"https:\/\/oaggao.ca\/fr\/wp-json\/wp\/v2\/comments?post=19935"}],"version-history":[{"count":0,"href":"https:\/\/oaggao.ca\/fr\/wp-json\/wp\/v2\/pages\/19935\/revisions"}],"up":[{"embeddable":true,"href":"https:\/\/oaggao.ca\/fr\/wp-json\/wp\/v2\/pages\/15612"}],"wp:attachment":[{"href":"https:\/\/oaggao.ca\/fr\/wp-json\/wp\/v2\/media?parent=19935"}],"curies":[{"name":"wp","href":"https:\/\/api.w.org\/{rel}","templated":true}]}}