{"id":19951,"date":"2021-12-13T18:46:56","date_gmt":"2021-12-13T23:46:56","guid":{"rendered":"https:\/\/wwwoaggaoca.wpengine.com\/?page_id=19951"},"modified":"2024-06-05T21:59:27","modified_gmt":"2024-06-06T01:59:27","slug":"cinq-a-sept","status":"publish","type":"page","link":"https:\/\/oaggao.ca\/fr\/apprendre\/activites-et-programmes-publics\/adultes\/cinq-a-sept\/","title":{"rendered":"cinq \u00e0 sept"},"content":{"rendered":"\t\t<div data-elementor-type=\"wp-page\" data-elementor-id=\"19951\" class=\"elementor elementor-19951\" data-elementor-post-type=\"page\">\n\t\t\t\t\t\t<section class=\"elementor-section elementor-top-section elementor-element elementor-element-dc5c030 elementor-section-height-min-height elementor-section-boxed elementor-section-height-default elementor-section-items-middle\" data-id=\"dc5c030\" data-element_type=\"section\" data-settings=\"{&quot;background_background&quot;:&quot;classic&quot;}\">\n\t\t\t\t\t\t\t<div class=\"elementor-background-overlay\"><\/div>\n\t\t\t\t\t\t\t<div class=\"elementor-container elementor-column-gap-default\">\n\t\t\t\t\t<div class=\"elementor-column elementor-col-100 elementor-top-column elementor-element elementor-element-36c29b0\" data-id=\"36c29b0\" data-element_type=\"column\">\n\t\t\t<div class=\"elementor-widget-wrap elementor-element-populated\">\n\t\t\t\t\t\t<div class=\"elementor-element elementor-element-d6a80e7 elementor-widget elementor-widget-heading\" data-id=\"d6a80e7\" data-element_type=\"widget\" data-widget_type=\"heading.default\">\n\t\t\t\t<div class=\"elementor-widget-container\">\n\t\t\t\t\t<h1 class=\"elementor-heading-title elementor-size-default\">cinq \u00e0 sept<\/h1>\t\t\t\t<\/div>\n\t\t\t\t<\/div>\n\t\t\t\t\t<\/div>\n\t\t<\/div>\n\t\t\t\t\t<\/div>\n\t\t<\/section>\n\t\t\t\t<section class=\"elementor-section elementor-top-section elementor-element elementor-element-e1e7bf7 elementor-section-boxed elementor-section-height-default elementor-section-height-default\" data-id=\"e1e7bf7\" data-element_type=\"section\" data-settings=\"{&quot;background_background&quot;:&quot;classic&quot;}\">\n\t\t\t\t\t\t<div class=\"elementor-container elementor-column-gap-default\">\n\t\t\t\t\t<div class=\"elementor-column elementor-col-100 elementor-top-column elementor-element elementor-element-752273e\" data-id=\"752273e\" data-element_type=\"column\">\n\t\t\t<div class=\"elementor-widget-wrap elementor-element-populated\">\n\t\t\t\t\t\t<div class=\"elementor-element elementor-element-ce59acb elementor-nav-menu__align-center elementor-nav-menu--dropdown-tablet elementor-nav-menu__text-align-aside elementor-nav-menu--toggle elementor-nav-menu--burger elementor-widget elementor-widget-nav-menu\" data-id=\"ce59acb\" data-element_type=\"widget\" data-settings=\"{&quot;layout&quot;:&quot;horizontal&quot;,&quot;submenu_icon&quot;:{&quot;value&quot;:&quot;&lt;i class=\\&quot;fas fa-caret-down\\&quot; aria-hidden=\\&quot;true\\&quot;&gt;&lt;\\\/i&gt;&quot;,&quot;library&quot;:&quot;fa-solid&quot;},&quot;toggle&quot;:&quot;burger&quot;}\" data-widget_type=\"nav-menu.default\">\n\t\t\t\t<div class=\"elementor-widget-container\">\n\t\t\t\t\t\t\t\t<nav aria-label=\"Menu\" class=\"elementor-nav-menu--main elementor-nav-menu__container elementor-nav-menu--layout-horizontal e--pointer-none\">\n\t\t\t\t<ul id=\"menu-1-ce59acb\" class=\"elementor-nav-menu\"><li class=\"menu-item menu-item-type-post_type menu-item-object-page menu-item-19655\"><a href=\"https:\/\/oaggao.ca\/fr\/apprendre\/collections\/\" class=\"elementor-item\">Collections<\/a><\/li>\n<li class=\"menu-item menu-item-type-post_type menu-item-object-page menu-item-19657\"><a href=\"https:\/\/oaggao.ca\/fr\/apprendre\/recherche\/\" class=\"elementor-item\">Recherche<\/a><\/li>\n<li class=\"menu-item menu-item-type-post_type menu-item-object-page menu-item-19653\"><a href=\"https:\/\/oaggao.ca\/fr\/apprendre\/activites-et-programmes-publics\/\" class=\"elementor-item\">Activit\u00e9s et programmes publics<\/a><\/li>\n<li class=\"menu-item menu-item-type-post_type menu-item-object-page menu-item-20338\"><a href=\"https:\/\/oaggao.ca\/fr\/apprendre\/programmes-et-ressources-deducation\/\" class=\"elementor-item\">Programmes et ressources d\u2019\u00e9ducation<\/a><\/li>\n<li class=\"menu-item menu-item-type-post_type menu-item-object-page menu-item-19654\"><a href=\"https:\/\/oaggao.ca\/fr\/apprendre\/bien-etre-et-communaute\/\" class=\"elementor-item\">Bien-\u00eatre et communaut\u00e9<\/a><\/li>\n<li class=\"menu-item menu-item-type-post_type menu-item-object-page menu-item-47347\"><a href=\"https:\/\/oaggao.ca\/fr\/apprendre\/investiture-dartistes-par-la-gao\/\" class=\"elementor-item\">Investiture d\u2019artistes par la GAO<\/a><\/li>\n<\/ul>\t\t\t<\/nav>\n\t\t\t\t\t<div class=\"elementor-menu-toggle\" role=\"button\" tabindex=\"0\" aria-label=\"Permuter le menu\" aria-expanded=\"false\">\n\t\t\t<i aria-hidden=\"true\" role=\"presentation\" class=\"elementor-menu-toggle__icon--open eicon-menu-bar\"><\/i><i aria-hidden=\"true\" role=\"presentation\" class=\"elementor-menu-toggle__icon--close eicon-close\"><\/i>\t\t<\/div>\n\t\t\t\t\t<nav class=\"elementor-nav-menu--dropdown elementor-nav-menu__container\" aria-hidden=\"true\">\n\t\t\t\t<ul id=\"menu-2-ce59acb\" class=\"elementor-nav-menu\"><li class=\"menu-item menu-item-type-post_type menu-item-object-page menu-item-19655\"><a href=\"https:\/\/oaggao.ca\/fr\/apprendre\/collections\/\" class=\"elementor-item\" tabindex=\"-1\">Collections<\/a><\/li>\n<li class=\"menu-item menu-item-type-post_type menu-item-object-page menu-item-19657\"><a href=\"https:\/\/oaggao.ca\/fr\/apprendre\/recherche\/\" class=\"elementor-item\" tabindex=\"-1\">Recherche<\/a><\/li>\n<li class=\"menu-item menu-item-type-post_type menu-item-object-page menu-item-19653\"><a href=\"https:\/\/oaggao.ca\/fr\/apprendre\/activites-et-programmes-publics\/\" class=\"elementor-item\" tabindex=\"-1\">Activit\u00e9s et programmes publics<\/a><\/li>\n<li class=\"menu-item menu-item-type-post_type menu-item-object-page menu-item-20338\"><a href=\"https:\/\/oaggao.ca\/fr\/apprendre\/programmes-et-ressources-deducation\/\" class=\"elementor-item\" tabindex=\"-1\">Programmes et ressources d\u2019\u00e9ducation<\/a><\/li>\n<li class=\"menu-item menu-item-type-post_type menu-item-object-page menu-item-19654\"><a href=\"https:\/\/oaggao.ca\/fr\/apprendre\/bien-etre-et-communaute\/\" class=\"elementor-item\" tabindex=\"-1\">Bien-\u00eatre et communaut\u00e9<\/a><\/li>\n<li class=\"menu-item menu-item-type-post_type menu-item-object-page menu-item-47347\"><a href=\"https:\/\/oaggao.ca\/fr\/apprendre\/investiture-dartistes-par-la-gao\/\" class=\"elementor-item\" tabindex=\"-1\">Investiture d\u2019artistes par la GAO<\/a><\/li>\n<\/ul>\t\t\t<\/nav>\n\t\t\t\t\t\t<\/div>\n\t\t\t\t<\/div>\n\t\t\t\t\t<\/div>\n\t\t<\/div>\n\t\t\t\t\t<\/div>\n\t\t<\/section>\n\t\t\t\t<section class=\"elementor-section elementor-top-section elementor-element elementor-element-27e7eb9 elementor-section-boxed elementor-section-height-default elementor-section-height-default\" data-id=\"27e7eb9\" data-element_type=\"section\">\n\t\t\t\t\t\t<div class=\"elementor-container elementor-column-gap-default\">\n\t\t\t\t\t<div class=\"elementor-column elementor-col-100 elementor-top-column elementor-element elementor-element-0db583f\" data-id=\"0db583f\" data-element_type=\"column\">\n\t\t\t<div class=\"elementor-widget-wrap elementor-element-populated\">\n\t\t\t\t\t\t<section class=\"elementor-section elementor-inner-section elementor-element elementor-element-6d9b79a elementor-section-boxed elementor-section-height-default elementor-section-height-default\" data-id=\"6d9b79a\" data-element_type=\"section\">\n\t\t\t\t\t\t<div class=\"elementor-container elementor-column-gap-wide\">\n\t\t\t\t\t<div class=\"elementor-column elementor-col-50 elementor-inner-column elementor-element elementor-element-c4635f9\" data-id=\"c4635f9\" data-element_type=\"column\">\n\t\t\t<div class=\"elementor-widget-wrap elementor-element-populated\">\n\t\t\t\t\t\t<div class=\"elementor-element elementor-element-899488b elementor-widget elementor-widget-image\" data-id=\"899488b\" data-element_type=\"widget\" data-widget_type=\"image.default\">\n\t\t\t\t<div class=\"elementor-widget-container\">\n\t\t\t\t\t\t\t\t\t\t\t\t\t\t\t<img fetchpriority=\"high\" decoding=\"async\" width=\"800\" height=\"534\" src=\"https:\/\/oaggao.ca\/wp-content\/uploads\/2023\/12\/53213042824_79b2ea691b_6k-1024x683.jpg\" class=\"attachment-large size-large wp-image-36837\" alt=\"\" srcset=\"https:\/\/oaggao.ca\/wp-content\/uploads\/2023\/12\/53213042824_79b2ea691b_6k-1024x683.jpg 1024w, https:\/\/oaggao.ca\/wp-content\/uploads\/2023\/12\/53213042824_79b2ea691b_6k-300x200.jpg 300w, https:\/\/oaggao.ca\/wp-content\/uploads\/2023\/12\/53213042824_79b2ea691b_6k-768x512.jpg 768w, https:\/\/oaggao.ca\/wp-content\/uploads\/2023\/12\/53213042824_79b2ea691b_6k-1536x1024.jpg 1536w, https:\/\/oaggao.ca\/wp-content\/uploads\/2023\/12\/53213042824_79b2ea691b_6k-scaled.jpg 2048w, https:\/\/oaggao.ca\/wp-content\/uploads\/2023\/12\/53213042824_79b2ea691b_6k-600x400.jpg 600w\" sizes=\"(max-width: 800px) 100vw, 800px\" \/>\t\t\t\t\t\t\t\t\t\t\t\t\t\t\t<\/div>\n\t\t\t\t<\/div>\n\t\t\t\t\t<\/div>\n\t\t<\/div>\n\t\t\t\t<div class=\"elementor-column elementor-col-50 elementor-inner-column elementor-element elementor-element-c113901\" data-id=\"c113901\" data-element_type=\"column\">\n\t\t\t<div class=\"elementor-widget-wrap elementor-element-populated\">\n\t\t\t\t\t\t<div class=\"elementor-element elementor-element-cf93250 elementor-widget elementor-widget-text-editor\" data-id=\"cf93250\" data-element_type=\"widget\" data-widget_type=\"text-editor.default\">\n\t\t\t\t<div class=\"elementor-widget-container\">\n\t\t\t\t\t\t\t\t\t<p><span class=\"TextRun SCXW54765343 BCX8\" lang=\"FR-CA\" xml:lang=\"FR-CA\" data-contrast=\"auto\"><span class=\"NormalTextRun SCXW54765343 BCX8\">La Galerie d\u2019art <\/span><\/span><span class=\"TextRun SCXW54765343 BCX8\" lang=\"EN-CA\" xml:lang=\"EN-CA\" data-contrast=\"auto\"><span class=\"NormalTextRun SpellingErrorV2Themed SCXW54765343 BCX8\">d\u2019Ottawa<\/span> <span class=\"NormalTextRun SpellingErrorV2Themed SCXW54765343 BCX8\">vous<\/span><span class=\"NormalTextRun SCXW54765343 BCX8\"> invite \u00e0 <\/span><span class=\"NormalTextRun SpellingErrorV2Themed SCXW54765343 BCX8\">ses<\/span> <\/span><span class=\"TextRun SCXW54765343 BCX8\" lang=\"EN-CA\" xml:lang=\"EN-CA\" data-contrast=\"auto\"><span class=\"NormalTextRun SCXW54765343 BCX8\">Cinq \u00e0 sept<\/span><\/span><span class=\"TextRun SCXW54765343 BCX8\" lang=\"EN-CA\" xml:lang=\"EN-CA\" data-contrast=\"auto\"> <span class=\"NormalTextRun SpellingErrorV2Themed SCXW54765343 BCX8\">prolong\u00e9s<\/span> <span class=\"NormalTextRun SpellingErrorV2Themed SCXW54765343 BCX8\">une<\/span> <span class=\"NormalTextRun SpellingErrorV2Themed SCXW54765343 BCX8\">fois<\/span><span class=\"NormalTextRun SCXW54765343 BCX8\"> par <\/span><span class=\"NormalTextRun SpellingErrorV2Themed SCXW54765343 BCX8\">mois<\/span><span class=\"NormalTextRun SCXW54765343 BCX8\"> au Jackson Caf\u00e9. <\/span><\/span><\/p><p><span class=\"TextRun SCXW54765343 BCX8\" lang=\"EN-CA\" xml:lang=\"EN-CA\" data-contrast=\"auto\"><span class=\"NormalTextRun SpellingErrorV2Themed SCXW54765343 BCX8\">Venez<\/span><span class=\"NormalTextRun SCXW54765343 BCX8\"> passer <\/span><span class=\"NormalTextRun SpellingErrorV2Themed SCXW54765343 BCX8\">une<\/span><span class=\"NormalTextRun SCXW54765343 BCX8\"> soir\u00e9e <\/span><span class=\"NormalTextRun SpellingErrorV2Themed SCXW54765343 BCX8\">en<\/span><span class=\"NormalTextRun SCXW54765343 BCX8\"> art <\/span><span class=\"NormalTextRun SpellingErrorV2Themed SCXW54765343 BCX8\">en<\/span> <span class=\"NormalTextRun SpellingErrorV2Themed SCXW54765343 BCX8\">d\u00e9gustant<\/span><span class=\"NormalTextRun SCXW54765343 BCX8\"> des cocktails et des bouch\u00e9es <\/span><span class=\"NormalTextRun SpellingErrorV2Themed SCXW54765343 BCX8\">cr\u00e9\u00e9es<\/span><span class=\"NormalTextRun SCXW54765343 BCX8\"> par <\/span><span class=\"NormalTextRun SpellingErrorV2Themed SCXW54765343 BCX8\">l\u2019\u00e9quipe<\/span><span class=\"NormalTextRun SCXW54765343 BCX8\"> du Jackson Caf\u00e9 <\/span><\/span><span class=\"TextRun SCXW54765343 BCX8\" lang=\"FR-CA\" xml:lang=\"FR-CA\" data-contrast=\"auto\"><span class=\"NormalTextRun SCXW54765343 BCX8\">(<\/span><\/span><a class=\"Hyperlink SCXW54765343 BCX8\" href=\"https:\/\/www.germainhotels.com\/fr\/hotel-le-germain\/ottawa\" target=\"_blank\" rel=\"noreferrer noopener\"><span class=\"TextRun Underlined SCXW54765343 BCX8\" lang=\"EN-CA\" xml:lang=\"EN-CA\" data-contrast=\"none\"><span class=\"NormalTextRun SCXW54765343 BCX8\" data-ccp-charstyle=\"Hyperlink\">H\u00f4tel <\/span><\/span><span class=\"TextRun Underlined SCXW54765343 BCX8\" lang=\"FR-CA\" xml:lang=\"FR-CA\" data-contrast=\"none\"><span class=\"NormalTextRun SCXW54765343 BCX8\" data-ccp-charstyle=\"Hyperlink\">Le Germain Ottawa<\/span><\/span><\/a><span class=\"TextRun SCXW54765343 BCX8\" lang=\"FR-CA\" xml:lang=\"FR-CA\" data-contrast=\"auto\"><span class=\"NormalTextRun SCXW54765343 BCX8\">)<\/span><\/span><span class=\"TextRun SCXW54765343 BCX8\" lang=\"EN-CA\" xml:lang=\"EN-CA\" data-contrast=\"auto\"><span class=\"NormalTextRun SCXW54765343 BCX8\"> dans <\/span><span class=\"NormalTextRun SCXW54765343 BCX8\">un <\/span><span class=\"NormalTextRun SpellingErrorV2Themed SCXW54765343 BCX8\">espace<\/span><span class=\"NormalTextRun SCXW54765343 BCX8\"> magnifique<\/span> <span class=\"NormalTextRun SCXW54765343 BCX8\">et<\/span> <span class=\"NormalTextRun SpellingErrorV2Themed SCXW54765343 BCX8\">e<\/span><span class=\"NormalTextRun SpellingErrorV2Themed SCXW54765343 BCX8\">n<\/span><span class=\"NormalTextRun SCXW54765343 BCX8\"> bonne compagnie.<\/span><\/span><\/p><p><strong>Bar payant. R\u00e9serv\u00e9 aux 19 ans et plus. Aucune inscription requise !\u00a0\u00a0<\/strong><\/p><p><strong>BOISSONS ET CRAYONS (OPTIONNEL)\u00a0\u00a0<br \/><\/strong><span data-contrast=\"auto\">18 h \u00e0 21 h | entr\u00e9e gratuite<\/span><\/p><p><span data-contrast=\"auto\">Soyez des n\u00f4tres lors de Boissons et crayons, une s\u00e9ance de dessin amusante et pleine de cr\u00e9ativit\u00e9 au Jackson Caf\u00e9 dans le cadre de nos Cinq \u00e0 sept.\u00a0<\/span><\/p><p><span data-contrast=\"auto\">Sirotez votre cocktail pr\u00e9f\u00e9r\u00e9 et laissez libre cours \u00e0 votre imagination dans une ambiance d\u00e9contract\u00e9e lors de cet atelier qui allie parfaitement art et convivialit\u00e9.\u00a0\u00a0<\/span><span data-ccp-props=\"{&quot;134233117&quot;:false,&quot;134233118&quot;:false,&quot;201341983&quot;:0,&quot;335559738&quot;:0,&quot;335559739&quot;:0,&quot;335559740&quot;:259}\">\u00a0<\/span><\/p>\t\t\t\t\t\t\t\t<\/div>\n\t\t\t\t<\/div>\n\t\t\t\t<div class=\"elementor-element elementor-element-5e87f8f elementor-widget elementor-widget-button\" data-id=\"5e87f8f\" data-element_type=\"widget\" data-widget_type=\"button.default\">\n\t\t\t\t<div class=\"elementor-widget-container\">\n\t\t\t\t\t\t\t\t\t<div class=\"elementor-button-wrapper\">\n\t\t\t\t\t<a class=\"elementor-button elementor-button-link elementor-size-sm\" href=\"\/fr\/a-laffiche\/evenements-et-causeries\/\">\n\t\t\t\t\t\t<span class=\"elementor-button-content-wrapper\">\n\t\t\t\t\t\t\t\t\t<span class=\"elementor-button-text\">Consultez le calendrier pour les dates<\/span>\n\t\t\t\t\t<\/span>\n\t\t\t\t\t<\/a>\n\t\t\t\t<\/div>\n\t\t\t\t\t\t\t\t<\/div>\n\t\t\t\t<\/div>\n\t\t\t\t\t<\/div>\n\t\t<\/div>\n\t\t\t\t\t<\/div>\n\t\t<\/section>\n\t\t\t\t\t<\/div>\n\t\t<\/div>\n\t\t\t\t\t<\/div>\n\t\t<\/section>\n\t\t\t\t<\/div>\n\t\t","protected":false},"excerpt":{"rendered":"<p>cinq \u00e0 sept La Galerie d\u2019art d\u2019Ottawa vous invite \u00e0 ses Cinq \u00e0 sept prolong\u00e9s une fois par mois au Jackson Caf\u00e9. Venez passer une soir\u00e9e en art en d\u00e9gustant [&hellip;]<\/p>\n","protected":false},"author":13,"featured_media":0,"parent":19665,"menu_order":0,"comment_status":"closed","ping_status":"closed","template":"","meta":{"_acf_changed":false,"footnotes":""},"class_list":["post-19951","page","type-page","status-publish","hentry"],"acf":[],"aioseo_notices":[],"_links":{"self":[{"href":"https:\/\/oaggao.ca\/fr\/wp-json\/wp\/v2\/pages\/19951","targetHints":{"allow":["GET"]}}],"collection":[{"href":"https:\/\/oaggao.ca\/fr\/wp-json\/wp\/v2\/pages"}],"about":[{"href":"https:\/\/oaggao.ca\/fr\/wp-json\/wp\/v2\/types\/page"}],"author":[{"embeddable":true,"href":"https:\/\/oaggao.ca\/fr\/wp-json\/wp\/v2\/users\/13"}],"replies":[{"embeddable":true,"href":"https:\/\/oaggao.ca\/fr\/wp-json\/wp\/v2\/comments?post=19951"}],"version-history":[{"count":0,"href":"https:\/\/oaggao.ca\/fr\/wp-json\/wp\/v2\/pages\/19951\/revisions"}],"up":[{"embeddable":true,"href":"https:\/\/oaggao.ca\/fr\/wp-json\/wp\/v2\/pages\/19665"}],"wp:attachment":[{"href":"https:\/\/oaggao.ca\/fr\/wp-json\/wp\/v2\/media?parent=19951"}],"curies":[{"name":"wp","href":"https:\/\/api.w.org\/{rel}","templated":true}]}}