{"id":19961,"date":"2021-12-14T12:19:53","date_gmt":"2021-12-14T17:19:53","guid":{"rendered":"https:\/\/wwwoaggaoca.wpengine.com\/?page_id=19961"},"modified":"2025-03-14T17:35:39","modified_gmt":"2025-03-14T21:35:39","slug":"dimanches-creatifs","status":"publish","type":"page","link":"https:\/\/oaggao.ca\/fr\/apprendre\/activites-et-programmes-publics\/enfants-et-les-familles\/dimanches-creatifs\/","title":{"rendered":"Dimanches Cr\u00e9atifs"},"content":{"rendered":"\t\t<div data-elementor-type=\"wp-page\" data-elementor-id=\"19961\" class=\"elementor elementor-19961 elementor-12807\" data-elementor-post-type=\"page\">\n\t\t\t\t\t\t<section class=\"elementor-section elementor-top-section elementor-element elementor-element-dc5c030 elementor-section-height-min-height elementor-section-boxed elementor-section-height-default elementor-section-items-middle\" data-id=\"dc5c030\" data-element_type=\"section\" data-settings=\"{&quot;background_background&quot;:&quot;classic&quot;}\">\n\t\t\t\t\t\t\t<div class=\"elementor-background-overlay\"><\/div>\n\t\t\t\t\t\t\t<div class=\"elementor-container elementor-column-gap-default\">\n\t\t\t\t\t<div class=\"elementor-column elementor-col-100 elementor-top-column elementor-element elementor-element-36c29b0\" data-id=\"36c29b0\" data-element_type=\"column\">\n\t\t\t<div class=\"elementor-widget-wrap elementor-element-populated\">\n\t\t\t\t\t\t<div class=\"elementor-element elementor-element-d6a80e7 elementor-widget elementor-widget-heading\" data-id=\"d6a80e7\" data-element_type=\"widget\" data-widget_type=\"heading.default\">\n\t\t\t\t<div class=\"elementor-widget-container\">\n\t\t\t\t\t<h1 class=\"elementor-heading-title elementor-size-default\">DIMANCHES CR\u00c9ATIFS<\/h1>\t\t\t\t<\/div>\n\t\t\t\t<\/div>\n\t\t\t\t\t<\/div>\n\t\t<\/div>\n\t\t\t\t\t<\/div>\n\t\t<\/section>\n\t\t\t\t<section class=\"elementor-section elementor-top-section elementor-element elementor-element-e1e7bf7 elementor-section-boxed elementor-section-height-default elementor-section-height-default\" data-id=\"e1e7bf7\" data-element_type=\"section\" data-settings=\"{&quot;background_background&quot;:&quot;classic&quot;}\">\n\t\t\t\t\t\t<div class=\"elementor-container elementor-column-gap-default\">\n\t\t\t\t\t<div class=\"elementor-column elementor-col-100 elementor-top-column elementor-element elementor-element-752273e\" data-id=\"752273e\" data-element_type=\"column\">\n\t\t\t<div class=\"elementor-widget-wrap elementor-element-populated\">\n\t\t\t\t\t\t<div class=\"elementor-element elementor-element-ce59acb elementor-nav-menu__align-center elementor-nav-menu--dropdown-tablet elementor-nav-menu__text-align-aside elementor-nav-menu--toggle elementor-nav-menu--burger elementor-widget elementor-widget-nav-menu\" data-id=\"ce59acb\" data-element_type=\"widget\" data-settings=\"{&quot;layout&quot;:&quot;horizontal&quot;,&quot;submenu_icon&quot;:{&quot;value&quot;:&quot;&lt;i class=\\&quot;fas fa-caret-down\\&quot; aria-hidden=\\&quot;true\\&quot;&gt;&lt;\\\/i&gt;&quot;,&quot;library&quot;:&quot;fa-solid&quot;},&quot;toggle&quot;:&quot;burger&quot;}\" data-widget_type=\"nav-menu.default\">\n\t\t\t\t<div class=\"elementor-widget-container\">\n\t\t\t\t\t\t\t\t<nav aria-label=\"Menu\" class=\"elementor-nav-menu--main elementor-nav-menu__container elementor-nav-menu--layout-horizontal e--pointer-none\">\n\t\t\t\t<ul id=\"menu-1-ce59acb\" class=\"elementor-nav-menu\"><li class=\"menu-item menu-item-type-post_type menu-item-object-page menu-item-19655\"><a href=\"https:\/\/oaggao.ca\/fr\/apprendre\/collections\/\" class=\"elementor-item\">Collections<\/a><\/li>\n<li class=\"menu-item menu-item-type-post_type menu-item-object-page menu-item-19657\"><a href=\"https:\/\/oaggao.ca\/fr\/apprendre\/recherche\/\" class=\"elementor-item\">Recherche<\/a><\/li>\n<li class=\"menu-item menu-item-type-post_type menu-item-object-page menu-item-19653\"><a href=\"https:\/\/oaggao.ca\/fr\/apprendre\/activites-et-programmes-publics\/\" class=\"elementor-item\">Activit\u00e9s et programmes publics<\/a><\/li>\n<li class=\"menu-item menu-item-type-post_type menu-item-object-page menu-item-20338\"><a href=\"https:\/\/oaggao.ca\/fr\/apprendre\/programmes-et-ressources-deducation\/\" class=\"elementor-item\">Programmes et ressources d\u2019\u00e9ducation<\/a><\/li>\n<li class=\"menu-item menu-item-type-post_type menu-item-object-page menu-item-19654\"><a href=\"https:\/\/oaggao.ca\/fr\/apprendre\/bien-etre-et-communaute\/\" class=\"elementor-item\">Bien-\u00eatre et communaut\u00e9<\/a><\/li>\n<li class=\"menu-item menu-item-type-post_type menu-item-object-page menu-item-47347\"><a href=\"https:\/\/oaggao.ca\/fr\/apprendre\/investiture-dartistes-par-la-gao\/\" class=\"elementor-item\">Investiture d\u2019artistes par la GAO<\/a><\/li>\n<\/ul>\t\t\t<\/nav>\n\t\t\t\t\t<div class=\"elementor-menu-toggle\" role=\"button\" tabindex=\"0\" aria-label=\"Permuter le menu\" aria-expanded=\"false\">\n\t\t\t<i aria-hidden=\"true\" role=\"presentation\" class=\"elementor-menu-toggle__icon--open eicon-menu-bar\"><\/i><i aria-hidden=\"true\" role=\"presentation\" class=\"elementor-menu-toggle__icon--close eicon-close\"><\/i>\t\t<\/div>\n\t\t\t\t\t<nav class=\"elementor-nav-menu--dropdown elementor-nav-menu__container\" aria-hidden=\"true\">\n\t\t\t\t<ul id=\"menu-2-ce59acb\" class=\"elementor-nav-menu\"><li class=\"menu-item menu-item-type-post_type menu-item-object-page menu-item-19655\"><a href=\"https:\/\/oaggao.ca\/fr\/apprendre\/collections\/\" class=\"elementor-item\" tabindex=\"-1\">Collections<\/a><\/li>\n<li class=\"menu-item menu-item-type-post_type menu-item-object-page menu-item-19657\"><a href=\"https:\/\/oaggao.ca\/fr\/apprendre\/recherche\/\" class=\"elementor-item\" tabindex=\"-1\">Recherche<\/a><\/li>\n<li class=\"menu-item menu-item-type-post_type menu-item-object-page menu-item-19653\"><a href=\"https:\/\/oaggao.ca\/fr\/apprendre\/activites-et-programmes-publics\/\" class=\"elementor-item\" tabindex=\"-1\">Activit\u00e9s et programmes publics<\/a><\/li>\n<li class=\"menu-item menu-item-type-post_type menu-item-object-page menu-item-20338\"><a href=\"https:\/\/oaggao.ca\/fr\/apprendre\/programmes-et-ressources-deducation\/\" class=\"elementor-item\" tabindex=\"-1\">Programmes et ressources d\u2019\u00e9ducation<\/a><\/li>\n<li class=\"menu-item menu-item-type-post_type menu-item-object-page menu-item-19654\"><a href=\"https:\/\/oaggao.ca\/fr\/apprendre\/bien-etre-et-communaute\/\" class=\"elementor-item\" tabindex=\"-1\">Bien-\u00eatre et communaut\u00e9<\/a><\/li>\n<li class=\"menu-item menu-item-type-post_type menu-item-object-page menu-item-47347\"><a href=\"https:\/\/oaggao.ca\/fr\/apprendre\/investiture-dartistes-par-la-gao\/\" class=\"elementor-item\" tabindex=\"-1\">Investiture d\u2019artistes par la GAO<\/a><\/li>\n<\/ul>\t\t\t<\/nav>\n\t\t\t\t\t\t<\/div>\n\t\t\t\t<\/div>\n\t\t\t\t\t<\/div>\n\t\t<\/div>\n\t\t\t\t\t<\/div>\n\t\t<\/section>\n\t\t\t\t<section class=\"elementor-section elementor-top-section elementor-element elementor-element-27e7eb9 elementor-section-boxed elementor-section-height-default elementor-section-height-default\" data-id=\"27e7eb9\" data-element_type=\"section\">\n\t\t\t\t\t\t<div class=\"elementor-container elementor-column-gap-default\">\n\t\t\t\t\t<div class=\"elementor-column elementor-col-100 elementor-top-column elementor-element elementor-element-0db583f\" data-id=\"0db583f\" data-element_type=\"column\">\n\t\t\t<div class=\"elementor-widget-wrap elementor-element-populated\">\n\t\t\t\t\t\t<section class=\"elementor-section elementor-inner-section elementor-element elementor-element-5a5b36e elementor-section-boxed elementor-section-height-default elementor-section-height-default\" data-id=\"5a5b36e\" data-element_type=\"section\">\n\t\t\t\t\t\t<div class=\"elementor-container elementor-column-gap-wide\">\n\t\t\t\t\t<div class=\"elementor-column elementor-col-100 elementor-inner-column elementor-element elementor-element-dc74c51\" data-id=\"dc74c51\" data-element_type=\"column\">\n\t\t\t<div class=\"elementor-widget-wrap elementor-element-populated\">\n\t\t\t\t\t\t<div class=\"elementor-element elementor-element-65f04dc elementor-widget elementor-widget-heading\" data-id=\"65f04dc\" data-element_type=\"widget\" data-widget_type=\"heading.default\">\n\t\t\t\t<div class=\"elementor-widget-container\">\n\t\t\t\t\t<h2 class=\"elementor-heading-title elementor-size-default\">Une fois par mois, au Studio : de 10 h \u00e0 14 h | Gratuit<\/h2>\t\t\t\t<\/div>\n\t\t\t\t<\/div>\n\t\t\t\t\t<\/div>\n\t\t<\/div>\n\t\t\t\t\t<\/div>\n\t\t<\/section>\n\t\t\t\t<section class=\"elementor-section elementor-inner-section elementor-element elementor-element-6d9b79a elementor-section-boxed elementor-section-height-default elementor-section-height-default\" data-id=\"6d9b79a\" data-element_type=\"section\">\n\t\t\t\t\t\t<div class=\"elementor-container elementor-column-gap-wide\">\n\t\t\t\t\t<div class=\"elementor-column elementor-col-50 elementor-inner-column elementor-element elementor-element-c4635f9\" data-id=\"c4635f9\" data-element_type=\"column\">\n\t\t\t<div class=\"elementor-widget-wrap elementor-element-populated\">\n\t\t\t\t\t\t<div class=\"elementor-element elementor-element-899488b elementor-widget elementor-widget-image\" data-id=\"899488b\" data-element_type=\"widget\" data-widget_type=\"image.default\">\n\t\t\t\t<div class=\"elementor-widget-container\">\n\t\t\t\t\t\t\t\t\t\t\t\t\t\t\t<img fetchpriority=\"high\" decoding=\"async\" width=\"768\" height=\"512\" src=\"https:\/\/oaggao.ca\/wp-content\/uploads\/2022\/04\/LIN01930-768x512.jpg\" class=\"attachment-medium_large size-medium_large wp-image-24928\" alt=\"\" srcset=\"https:\/\/oaggao.ca\/wp-content\/uploads\/2022\/04\/LIN01930-768x512.jpg 768w, https:\/\/oaggao.ca\/wp-content\/uploads\/2022\/04\/LIN01930-300x200.jpg 300w, https:\/\/oaggao.ca\/wp-content\/uploads\/2022\/04\/LIN01930-1024x683.jpg 1024w, https:\/\/oaggao.ca\/wp-content\/uploads\/2022\/04\/LIN01930-600x400.jpg 600w, https:\/\/oaggao.ca\/wp-content\/uploads\/2022\/04\/LIN01930.jpg 1080w\" sizes=\"(max-width: 768px) 100vw, 768px\" \/>\t\t\t\t\t\t\t\t\t\t\t\t\t\t\t<\/div>\n\t\t\t\t<\/div>\n\t\t\t\t\t<\/div>\n\t\t<\/div>\n\t\t\t\t<div class=\"elementor-column elementor-col-50 elementor-inner-column elementor-element elementor-element-c113901\" data-id=\"c113901\" data-element_type=\"column\">\n\t\t\t<div class=\"elementor-widget-wrap elementor-element-populated\">\n\t\t\t\t\t\t<div class=\"elementor-element elementor-element-a5f8730 elementor-widget elementor-widget-text-editor\" data-id=\"a5f8730\" data-element_type=\"widget\" data-widget_type=\"text-editor.default\">\n\t\t\t\t<div class=\"elementor-widget-container\">\n\t\t\t\t\t\t\t\t\t<div class=\"ewa-rteLine\"><p>Soyez des n\u00f4tres au Studio lors des Dimanches cr\u00e9atifs pour des activit\u00e9s gratuites et adapt\u00e9es \u00e0 tous les \u00e2ges.<\/p><p>Passez quand bon vous semble pour d\u00e9couvrir avec notre \u00e9quipe les expositions en cours et explorer votre cr\u00e9ativit\u00e9 avec vos proches.<\/p><p><strong>AUCUNE INSCRIPTION REQUISE. CETTE ACTIVIT\u00c9 EST GRATUITE ET OUVERTE \u00c0 TOUT LE MONDE.<\/strong><\/p><\/div><div class=\"ewa-rteLine\">Les enfants doivent \u00eatre accompagn\u00e9s d\u2019une personne adulte.<\/div><div class=\"ewa-rteLine\">\u00a0<\/div><div class=\"ewa-rteLine\">Pour plus d\u2019information, veuillez \u00e9crire \u00e0 <a href=\"mailto:studio@oaggao.ca\">studio@oaggao.ca<\/a>, ou composer le 613-233-8699, poste 242.<\/div>\t\t\t\t\t\t\t\t<\/div>\n\t\t\t\t<\/div>\n\t\t\t\t<div class=\"elementor-element elementor-element-9691949 elementor-widget elementor-widget-spacer\" data-id=\"9691949\" data-element_type=\"widget\" data-widget_type=\"spacer.default\">\n\t\t\t\t<div class=\"elementor-widget-container\">\n\t\t\t\t\t\t\t<div class=\"elementor-spacer\">\n\t\t\t<div class=\"elementor-spacer-inner\"><\/div>\n\t\t<\/div>\n\t\t\t\t\t\t<\/div>\n\t\t\t\t<\/div>\n\t\t\t\t<div class=\"elementor-element elementor-element-8030d2a elementor-widget elementor-widget-button\" data-id=\"8030d2a\" data-element_type=\"widget\" data-widget_type=\"button.default\">\n\t\t\t\t<div class=\"elementor-widget-container\">\n\t\t\t\t\t\t\t\t\t<div class=\"elementor-button-wrapper\">\n\t\t\t\t\t<a class=\"elementor-button elementor-button-link elementor-size-sm\" href=\"\/fr\/a-laffiche\/evenements-et-causeries\/\">\n\t\t\t\t\t\t<span class=\"elementor-button-content-wrapper\">\n\t\t\t\t\t\t\t\t\t<span class=\"elementor-button-text\">Consulter le calendrier<\/span>\n\t\t\t\t\t<\/span>\n\t\t\t\t\t<\/a>\n\t\t\t\t<\/div>\n\t\t\t\t\t\t\t\t<\/div>\n\t\t\t\t<\/div>\n\t\t\t\t\t<\/div>\n\t\t<\/div>\n\t\t\t\t\t<\/div>\n\t\t<\/section>\n\t\t\t\t\t<\/div>\n\t\t<\/div>\n\t\t\t\t\t<\/div>\n\t\t<\/section>\n\t\t\t\t<\/div>\n\t\t","protected":false},"excerpt":{"rendered":"<p>DIMANCHES CR\u00c9ATIFS Une fois par mois, au Studio : de 10 h \u00e0 14 h | Gratuit Soyez des n\u00f4tres au Studio lors des Dimanches cr\u00e9atifs pour des activit\u00e9s gratuites [&hellip;]<\/p>\n","protected":false},"author":13,"featured_media":0,"parent":19953,"menu_order":0,"comment_status":"closed","ping_status":"closed","template":"","meta":{"_acf_changed":false,"footnotes":""},"class_list":["post-19961","page","type-page","status-publish","hentry"],"acf":[],"aioseo_notices":[],"_links":{"self":[{"href":"https:\/\/oaggao.ca\/fr\/wp-json\/wp\/v2\/pages\/19961","targetHints":{"allow":["GET"]}}],"collection":[{"href":"https:\/\/oaggao.ca\/fr\/wp-json\/wp\/v2\/pages"}],"about":[{"href":"https:\/\/oaggao.ca\/fr\/wp-json\/wp\/v2\/types\/page"}],"author":[{"embeddable":true,"href":"https:\/\/oaggao.ca\/fr\/wp-json\/wp\/v2\/users\/13"}],"replies":[{"embeddable":true,"href":"https:\/\/oaggao.ca\/fr\/wp-json\/wp\/v2\/comments?post=19961"}],"version-history":[{"count":0,"href":"https:\/\/oaggao.ca\/fr\/wp-json\/wp\/v2\/pages\/19961\/revisions"}],"up":[{"embeddable":true,"href":"https:\/\/oaggao.ca\/fr\/wp-json\/wp\/v2\/pages\/19953"}],"wp:attachment":[{"href":"https:\/\/oaggao.ca\/fr\/wp-json\/wp\/v2\/media?parent=19961"}],"curies":[{"name":"wp","href":"https:\/\/api.w.org\/{rel}","templated":true}]}}