{"id":20029,"date":"2021-12-16T13:08:58","date_gmt":"2021-12-16T18:08:58","guid":{"rendered":"https:\/\/wwwoaggaoca.wpengine.com\/?page_id=20029"},"modified":"2022-02-04T18:51:05","modified_gmt":"2022-02-04T23:51:05","slug":"declaration-de-territoire","status":"publish","type":"page","link":"https:\/\/oaggao.ca\/fr\/visiter\/declaration-de-territoire\/","title":{"rendered":"D\u00e9claration de territoire"},"content":{"rendered":"\t\t<div data-elementor-type=\"wp-page\" data-elementor-id=\"20029\" class=\"elementor elementor-20029 elementor-12337\" data-elementor-post-type=\"page\">\n\t\t\t\t\t\t<section class=\"elementor-section elementor-top-section elementor-element elementor-element-739c3b4 elementor-section-height-min-height elementor-section-boxed elementor-section-height-default elementor-section-items-middle\" data-id=\"739c3b4\" data-element_type=\"section\" data-settings=\"{&quot;background_background&quot;:&quot;classic&quot;}\">\n\t\t\t\t\t\t\t<div class=\"elementor-background-overlay\"><\/div>\n\t\t\t\t\t\t\t<div class=\"elementor-container elementor-column-gap-default\">\n\t\t\t\t\t<div class=\"elementor-column elementor-col-100 elementor-top-column elementor-element elementor-element-ad19ccc\" data-id=\"ad19ccc\" data-element_type=\"column\">\n\t\t\t<div class=\"elementor-widget-wrap elementor-element-populated\">\n\t\t\t\t\t\t<div class=\"elementor-element elementor-element-b64896d elementor-widget elementor-widget-heading\" data-id=\"b64896d\" data-element_type=\"widget\" data-widget_type=\"heading.default\">\n\t\t\t\t<div class=\"elementor-widget-container\">\n\t\t\t\t\t<h1 class=\"elementor-heading-title elementor-size-default\">D\u00e9claration de territoire<\/h1>\t\t\t\t<\/div>\n\t\t\t\t<\/div>\n\t\t\t\t\t<\/div>\n\t\t<\/div>\n\t\t\t\t\t<\/div>\n\t\t<\/section>\n\t\t\t\t<section class=\"elementor-section elementor-top-section elementor-element elementor-element-ce59f8e elementor-section-boxed elementor-section-height-default elementor-section-height-default\" data-id=\"ce59f8e\" data-element_type=\"section\">\n\t\t\t\t\t\t<div class=\"elementor-container elementor-column-gap-default\">\n\t\t\t\t\t<div class=\"elementor-column elementor-col-100 elementor-top-column elementor-element elementor-element-d7d6391\" data-id=\"d7d6391\" data-element_type=\"column\">\n\t\t\t<div class=\"elementor-widget-wrap elementor-element-populated\">\n\t\t\t\t\t\t<section class=\"elementor-section elementor-inner-section elementor-element elementor-element-50a8e85 elementor-section-boxed elementor-section-height-default elementor-section-height-default\" data-id=\"50a8e85\" data-element_type=\"section\">\n\t\t\t\t\t\t<div class=\"elementor-container elementor-column-gap-wide\">\n\t\t\t\t\t<div class=\"elementor-column elementor-col-100 elementor-inner-column elementor-element elementor-element-8942ba2\" data-id=\"8942ba2\" data-element_type=\"column\">\n\t\t\t<div class=\"elementor-widget-wrap elementor-element-populated\">\n\t\t\t\t\t\t<div class=\"elementor-element elementor-element-4b3f5fc elementor-widget elementor-widget-text-editor\" data-id=\"4b3f5fc\" data-element_type=\"widget\" data-widget_type=\"text-editor.default\">\n\t\t\t\t<div class=\"elementor-widget-container\">\n\t\t\t\t\t\t\t\t\t<p><strong>Ekid\u00f2magak Ak\u00ec<\/strong><\/p><p>Ninawind nida-Anishin\u0101bewimin. Nidinwewinin\u00e0ng, Anishin\u0101beg ikid\u00f2magad \u201cpem\u00e0dizidjig.\u201d Weshkad eko 1600s, ap\u00ecch Samuel de Champlain k\u00e0 p\u00ecndigedj nid\u00e0k\u00ecn\u00e0ng, nig\u00ec ijinik\u00e0nig\u00f2min Algonquins. K\u00e0gige n\u00ecg\u00ec t\u00e0nizimin ondaje k\u00e0 ako asig\u00f2y\u00e0ng wagidak\u00e0mig. Nongom ejinik\u00e0deg kichi oden\u00e0w Od\u00e0w\u00e0 k\u00ecy\u00e0badj n\u00e0saw odeyewan w\u00e0k\u00e0y\u00ec ak\u00ecng Ontario kaye Quebec. P\u00ecj\u00e0shig nidak\u00ecn\u00e0ng \u2013 Anishin\u0101be Ak\u00ec.<\/p><p>Iyo Od\u00e0w\u00e0 W\u00e0bandahiwewogamig ate nidak\u00ecn\u00e0ng. W\u00ecyag\u00ec kwen\u00e0djichiganan kaye kikin\u00e0m\u00e0gewinan k\u00e0gige niday\u00e0n\u00e0n\u00e0n nidanishin\u00e0be pim\u00e0djiwowinin\u00e0ng. K\u00e0kina iyo k\u00ecy\u00e0badj pim\u00e0diz\u00ecmagad, kwen\u00e0djiwan. Ogog wejit\u00f2djig onon oshkin\u00ecgiwag ashidj kich\u00e0y\u00e0wiwag. Nim\u00ecgwechiwenind\u00e0n\u00e0n\u00e0n nidak\u00ecn\u00e0ng ondje kakina kegon m\u00e0giwemagak ondje ogog wejit\u00f2djig w\u00ecyag\u00ec kwen\u00e0djiwichigan.<\/p><p>M\u00ecgwech w\u00ecy\u00e0d\u00e0 kije Manid\u00f2 kakina kego k\u00e0-g\u00ecjenindang.<\/p><p>\u00a0<\/p>\t\t\t\t\t\t\t\t<\/div>\n\t\t\t\t<\/div>\n\t\t\t\t<div class=\"elementor-element elementor-element-59ec625 elementor-widget-divider--view-line elementor-widget elementor-widget-divider\" data-id=\"59ec625\" data-element_type=\"widget\" data-widget_type=\"divider.default\">\n\t\t\t\t<div class=\"elementor-widget-container\">\n\t\t\t\t\t\t\t<div class=\"elementor-divider\">\n\t\t\t<span class=\"elementor-divider-separator\">\n\t\t\t\t\t\t<\/span>\n\t\t<\/div>\n\t\t\t\t\t\t<\/div>\n\t\t\t\t<\/div>\n\t\t\t\t<div class=\"elementor-element elementor-element-a07558a elementor-widget elementor-widget-text-editor\" data-id=\"a07558a\" data-element_type=\"widget\" data-widget_type=\"text-editor.default\">\n\t\t\t\t<div class=\"elementor-widget-container\">\n\t\t\t\t\t\t\t\t\t<p><strong>Nous sommes le peuple anishin\u0101be.<\/strong><\/p><p>Dans notre langue, le terme anishin\u0101beg signifie \u00ab les gens d\u2019ici \u00bb. Depuis le d\u00e9but des ann\u00e9es 1600, \u00e0 l\u2019\u00e9poque o\u00f9 Samuel de Champlain met le pied sur notre territoire, on nous appelle les Algonquins. Nous occupons notre terre traditionnelle depuis la nuit des temps. Ce que l\u2019on conna\u00eet aujourd\u2019hui sous l\u2019appellation ville d\u2019Ottawa a \u00e9t\u00e9, et est toujours, au c\u0153ur de notre vaste territoire, qui comprend des r\u00e9gions de l\u2019Ontario et du Qu\u00e9bec. Bienvenue sur nos terres traditionnelles \u2013 anishin\u0101be ak\u00ec.<\/p><p>La Galerie d\u2019art d\u2019Ottawa est situ\u00e9e sur notre territoire traditionnel. Les formes d\u2019art les plus diverses ont toujours fait partie de notre culture anishin\u0101be. Notre identit\u00e9 culturelle et artistique est riche, dynamique et se porte tr\u00e8s bien. Nos artistes sont aussi bien des jeunes que des moins jeunes. Nous sommes reconnaissants envers notre territoire qui fournit de nombreux mat\u00e9riaux et sources d\u2019inspiration \u00e0 nos artistes.<\/p><p>M\u00ecgwech w\u00ecy\u00e0d\u00e0 kije Manid\u00f2 kakina kego k\u00e0-g\u00ecjenindang. Remercions le grand esprit pour la cr\u00e9ation.<\/p>\t\t\t\t\t\t\t\t<\/div>\n\t\t\t\t<\/div>\n\t\t\t\t\t<\/div>\n\t\t<\/div>\n\t\t\t\t\t<\/div>\n\t\t<\/section>\n\t\t\t\t\t<\/div>\n\t\t<\/div>\n\t\t\t\t\t<\/div>\n\t\t<\/section>\n\t\t\t\t<\/div>\n\t\t","protected":false},"excerpt":{"rendered":"<p>D\u00e9claration de territoire Ekid\u00f2magak Ak\u00ec Ninawind nida-Anishin\u0101bewimin. Nidinwewinin\u00e0ng, Anishin\u0101beg ikid\u00f2magad \u201cpem\u00e0dizidjig.\u201d Weshkad eko 1600s, ap\u00ecch Samuel de Champlain k\u00e0 p\u00ecndigedj nid\u00e0k\u00ecn\u00e0ng, nig\u00ec ijinik\u00e0nig\u00f2min Algonquins. K\u00e0gige n\u00ecg\u00ec t\u00e0nizimin ondaje k\u00e0 ako [&hellip;]<\/p>\n","protected":false},"author":13,"featured_media":0,"parent":15620,"menu_order":0,"comment_status":"closed","ping_status":"closed","template":"","meta":{"_acf_changed":false,"footnotes":""},"class_list":["post-20029","page","type-page","status-publish","hentry"],"acf":[],"aioseo_notices":[],"_links":{"self":[{"href":"https:\/\/oaggao.ca\/fr\/wp-json\/wp\/v2\/pages\/20029","targetHints":{"allow":["GET"]}}],"collection":[{"href":"https:\/\/oaggao.ca\/fr\/wp-json\/wp\/v2\/pages"}],"about":[{"href":"https:\/\/oaggao.ca\/fr\/wp-json\/wp\/v2\/types\/page"}],"author":[{"embeddable":true,"href":"https:\/\/oaggao.ca\/fr\/wp-json\/wp\/v2\/users\/13"}],"replies":[{"embeddable":true,"href":"https:\/\/oaggao.ca\/fr\/wp-json\/wp\/v2\/comments?post=20029"}],"version-history":[{"count":0,"href":"https:\/\/oaggao.ca\/fr\/wp-json\/wp\/v2\/pages\/20029\/revisions"}],"up":[{"embeddable":true,"href":"https:\/\/oaggao.ca\/fr\/wp-json\/wp\/v2\/pages\/15620"}],"wp:attachment":[{"href":"https:\/\/oaggao.ca\/fr\/wp-json\/wp\/v2\/media?parent=20029"}],"curies":[{"name":"wp","href":"https:\/\/api.w.org\/{rel}","templated":true}]}}