{"id":20066,"date":"2021-12-16T15:58:19","date_gmt":"2021-12-16T20:58:19","guid":{"rendered":"https:\/\/wwwoaggaoca.wpengine.com\/?page_id=20066"},"modified":"2024-11-01T12:53:57","modified_gmt":"2024-11-01T16:53:57","slug":"evenements-de-nos-partenaires","status":"publish","type":"page","link":"https:\/\/oaggao.ca\/fr\/location-de-salles\/evenements-de-nos-partenaires\/","title":{"rendered":"\u00c9v\u00e8nements de nos partenaires"},"content":{"rendered":"\t\t<div data-elementor-type=\"wp-page\" data-elementor-id=\"20066\" class=\"elementor elementor-20066 elementor-11815\" data-elementor-post-type=\"page\">\n\t\t\t\t\t\t<section class=\"elementor-section elementor-top-section elementor-element elementor-element-dc5c030 elementor-section-height-min-height elementor-section-boxed elementor-section-height-default elementor-section-items-middle\" data-id=\"dc5c030\" data-element_type=\"section\" data-settings=\"{&quot;background_background&quot;:&quot;classic&quot;}\">\n\t\t\t\t\t\t\t<div class=\"elementor-background-overlay\"><\/div>\n\t\t\t\t\t\t\t<div class=\"elementor-container elementor-column-gap-default\">\n\t\t\t\t\t<div class=\"elementor-column elementor-col-100 elementor-top-column elementor-element elementor-element-36c29b0\" data-id=\"36c29b0\" data-element_type=\"column\">\n\t\t\t<div class=\"elementor-widget-wrap elementor-element-populated\">\n\t\t\t\t\t\t<div class=\"elementor-element elementor-element-d6a80e7 elementor-widget elementor-widget-heading\" data-id=\"d6a80e7\" data-element_type=\"widget\" data-widget_type=\"heading.default\">\n\t\t\t\t<div class=\"elementor-widget-container\">\n\t\t\t\t\t<h1 class=\"elementor-heading-title elementor-size-default\">\u00c9v\u00e8nements de nos partenaires<\/h1>\t\t\t\t<\/div>\n\t\t\t\t<\/div>\n\t\t\t\t<div class=\"elementor-element elementor-element-25938ea elementor-align-center elementor-widget elementor-widget-button\" data-id=\"25938ea\" data-element_type=\"widget\" data-widget_type=\"button.default\">\n\t\t\t\t<div class=\"elementor-widget-container\">\n\t\t\t\t\t\t\t\t\t<div class=\"elementor-button-wrapper\">\n\t\t\t\t\t<a class=\"elementor-button elementor-button-link elementor-size-sm\" href=\"https:\/\/oaggao.ca\/fr\/location-de-salles\/requete-pour-un-evenement\/\" target=\"_blank\">\n\t\t\t\t\t\t<span class=\"elementor-button-content-wrapper\">\n\t\t\t\t\t\t\t\t\t<span class=\"elementor-button-text\">Appliquer pour \u00eatre partenaire<\/span>\n\t\t\t\t\t<\/span>\n\t\t\t\t\t<\/a>\n\t\t\t\t<\/div>\n\t\t\t\t\t\t\t\t<\/div>\n\t\t\t\t<\/div>\n\t\t\t\t\t<\/div>\n\t\t<\/div>\n\t\t\t\t\t<\/div>\n\t\t<\/section>\n\t\t\t\t<section class=\"elementor-section elementor-top-section elementor-element elementor-element-650777d elementor-section-boxed elementor-section-height-default elementor-section-height-default\" data-id=\"650777d\" data-element_type=\"section\">\n\t\t\t\t\t\t<div class=\"elementor-container elementor-column-gap-default\">\n\t\t\t\t\t<div class=\"elementor-column elementor-col-100 elementor-top-column elementor-element elementor-element-12d7fc9\" data-id=\"12d7fc9\" data-element_type=\"column\">\n\t\t\t<div class=\"elementor-widget-wrap elementor-element-populated\">\n\t\t\t\t\t\t<section class=\"elementor-section elementor-inner-section elementor-element elementor-element-6d20763 elementor-section-boxed elementor-section-height-default elementor-section-height-default\" data-id=\"6d20763\" data-element_type=\"section\">\n\t\t\t\t\t\t<div class=\"elementor-container elementor-column-gap-wide\">\n\t\t\t\t\t<div class=\"elementor-column elementor-col-100 elementor-inner-column elementor-element elementor-element-db4e634\" data-id=\"db4e634\" data-element_type=\"column\">\n\t\t\t<div class=\"elementor-widget-wrap elementor-element-populated\">\n\t\t\t\t\t\t<div class=\"elementor-element elementor-element-59b0cdd elementor-widget elementor-widget-heading\" data-id=\"59b0cdd\" data-element_type=\"widget\" data-widget_type=\"heading.default\">\n\t\t\t\t<div class=\"elementor-widget-container\">\n\t\t\t\t\t<h2 class=\"elementor-heading-title elementor-size-default\">Collaborer avec la GAO\n<\/h2>\t\t\t\t<\/div>\n\t\t\t\t<\/div>\n\t\t\t\t\t<\/div>\n\t\t<\/div>\n\t\t\t\t\t<\/div>\n\t\t<\/section>\n\t\t\t\t<section class=\"elementor-section elementor-inner-section elementor-element elementor-element-8882dc1 elementor-section-boxed elementor-section-height-default elementor-section-height-default\" data-id=\"8882dc1\" data-element_type=\"section\">\n\t\t\t\t\t\t<div class=\"elementor-container elementor-column-gap-wide\">\n\t\t\t\t\t<div class=\"elementor-column elementor-col-50 elementor-inner-column elementor-element elementor-element-8787cea\" data-id=\"8787cea\" data-element_type=\"column\">\n\t\t\t<div class=\"elementor-widget-wrap elementor-element-populated\">\n\t\t\t\t\t\t<div class=\"elementor-element elementor-element-2caeee4 elementor-widget elementor-widget-image\" data-id=\"2caeee4\" data-element_type=\"widget\" data-widget_type=\"image.default\">\n\t\t\t\t<div class=\"elementor-widget-container\">\n\t\t\t\t\t\t\t\t\t\t\t\t<figure class=\"wp-caption\">\n\t\t\t\t\t\t\t\t\t\t<img fetchpriority=\"high\" decoding=\"async\" width=\"682\" height=\"1024\" src=\"https:\/\/oaggao.ca\/wp-content\/uploads\/2024\/06\/LIN07953-682x1024.jpg\" class=\"attachment-large size-large wp-image-40601\" alt=\"\" srcset=\"https:\/\/oaggao.ca\/wp-content\/uploads\/2024\/06\/LIN07953-682x1024.jpg 682w, https:\/\/oaggao.ca\/wp-content\/uploads\/2024\/06\/LIN07953-200x300.jpg 200w, https:\/\/oaggao.ca\/wp-content\/uploads\/2024\/06\/LIN07953-768x1153.jpg 768w, https:\/\/oaggao.ca\/wp-content\/uploads\/2024\/06\/LIN07953-1023x1536.jpg 1023w, https:\/\/oaggao.ca\/wp-content\/uploads\/2024\/06\/LIN07953.jpg 1066w\" sizes=\"(max-width: 682px) 100vw, 682px\" \/>\t\t\t\t\t\t\t\t\t\t\t<figcaption class=\"widget-image-caption wp-caption-text\">Photo : Lindsay Ralph<\/figcaption>\n\t\t\t\t\t\t\t\t\t\t<\/figure>\n\t\t\t\t\t\t\t\t\t<\/div>\n\t\t\t\t<\/div>\n\t\t\t\t\t<\/div>\n\t\t<\/div>\n\t\t\t\t<div class=\"elementor-column elementor-col-50 elementor-inner-column elementor-element elementor-element-0077395\" data-id=\"0077395\" data-element_type=\"column\">\n\t\t\t<div class=\"elementor-widget-wrap elementor-element-populated\">\n\t\t\t\t\t\t<div class=\"elementor-element elementor-element-1aa58e6 elementor-widget elementor-widget-text-editor\" data-id=\"1aa58e6\" data-element_type=\"widget\" data-widget_type=\"text-editor.default\">\n\t\t\t\t<div class=\"elementor-widget-container\">\n\t\t\t\t\t\t\t\t\t<p>La GAO se veut un espace de rencontres culturel qui promeut activement les rapports et les \u00e9changes entre les artistes et les diverses facettes de notre communaut\u00e9<\/p><p>Nous cherchons \u00e0 collaborer avec des organisations locales qui partagent les m\u00eames attitudes et aspirations.<\/p>\t\t\t\t\t\t\t\t<\/div>\n\t\t\t\t<\/div>\n\t\t\t\t<div class=\"elementor-element elementor-element-95642ee elementor-widget elementor-widget-text-editor\" data-id=\"95642ee\" data-element_type=\"widget\" data-widget_type=\"text-editor.default\">\n\t\t\t\t<div class=\"elementor-widget-container\">\n\t\t\t\t\t\t\t\t\t<p><em>Pour v\u00e9rifier si vous \u00eates admissible \u00e0 une r\u00e9duction sur les frais de location pour votre prochain \u00e9v\u00e8nement ou initiative \u00e0 la GAO, veuillez remplir notre formulaire de requ\u00eate en suivant <a href=\"https:\/\/oaggao.ca\/fr\/location-de-salles\/requete-pour-un-evenement\/\">ce lien<\/a>.<\/em><\/p><p><em>Pour toute question ou demande de partenariat (non li\u00e9e \u00e0 un \u00e9v\u00e8nement), veuillez communiquer avec Zo\u00eb MacNeil en \u00e9crivant \u00e0 <a href=\"mailto:zmacneil@oaggao.ca\">\u00a0zmacneil@oaggao.ca<\/a>.<\/em><\/p><ul><li><strong>Comment proc\u00e9der :<\/strong><br \/>Veuillez remplir notre formulaire de demande de partenariat <a href=\"https:\/\/docs.google.com\/forms\/d\/e\/1FAIpQLScbn2HVLnB67b1_9Jd3uAux4dGLcQ11norOt6aF3lszrfKPpg\/viewform\">ICI<\/a><\/li><li>Partagez le plus de d\u00e9tails possible sur votre initiative afin que nous puissions \u00e9valuer si\/ou comment la GAO peut r\u00e9pondre \u00e0 votre demande.<\/li><li><strong>Veuillez noter :<\/strong> Nous recevons chaque jour de nombreuses demandes et devons nous concentrer sur les organisations correspondant le mieux \u00e0 notre mission et au mandat.<\/li><li>Nous vous demandons de faire preuve de patience.<\/li><li>Les demandes sont \u00e9tudi\u00e9es toutes les deux semaines.<\/li><li>Pour tous renseignements suppl\u00e9mentaires, veuillez \u00e9crire \u00e0 <em>Zo\u00eb MacNeil,<a href=\"mailto:zmacneil@oaggao.ca\"> zmacneil@oaggao.ca<\/a>.<\/em><\/li><\/ul><p><em>\u00a0<br \/>Image : Kamara Morozuk\u00a0<\/em><\/p>\t\t\t\t\t\t\t\t<\/div>\n\t\t\t\t<\/div>\n\t\t\t\t\t<\/div>\n\t\t<\/div>\n\t\t\t\t\t<\/div>\n\t\t<\/section>\n\t\t\t\t\t<\/div>\n\t\t<\/div>\n\t\t\t\t\t<\/div>\n\t\t<\/section>\n\t\t\t\t<section class=\"elementor-section elementor-top-section elementor-element elementor-element-ecfcadc elementor-section-boxed elementor-section-height-default elementor-section-height-default\" data-id=\"ecfcadc\" data-element_type=\"section\">\n\t\t\t\t\t\t<div class=\"elementor-container elementor-column-gap-default\">\n\t\t\t\t\t<div class=\"elementor-column elementor-col-100 elementor-top-column elementor-element elementor-element-5363110\" data-id=\"5363110\" data-element_type=\"column\">\n\t\t\t<div class=\"elementor-widget-wrap elementor-element-populated\">\n\t\t\t\t\t\t<section class=\"elementor-section elementor-inner-section elementor-element elementor-element-4c424fe elementor-section-boxed elementor-section-height-default elementor-section-height-default\" data-id=\"4c424fe\" data-element_type=\"section\">\n\t\t\t\t\t\t<div class=\"elementor-container elementor-column-gap-default\">\n\t\t\t\t\t<div class=\"elementor-column elementor-col-100 elementor-inner-column elementor-element elementor-element-68da1ae\" data-id=\"68da1ae\" data-element_type=\"column\">\n\t\t\t<div class=\"elementor-widget-wrap elementor-element-populated\">\n\t\t\t\t\t\t<div class=\"elementor-element elementor-element-579174e elementor-widget elementor-widget-heading\" data-id=\"579174e\" data-element_type=\"widget\" data-widget_type=\"heading.default\">\n\t\t\t\t<div class=\"elementor-widget-container\">\n\t\t\t\t\t<h2 class=\"elementor-heading-title elementor-size-default\">Quelques-uns de nos partenaires :<\/h2>\t\t\t\t<\/div>\n\t\t\t\t<\/div>\n\t\t\t\t\t<\/div>\n\t\t<\/div>\n\t\t\t\t\t<\/div>\n\t\t<\/section>\n\t\t\t\t<section class=\"elementor-section elementor-inner-section elementor-element elementor-element-18e910e elementor-section-boxed elementor-section-height-default elementor-section-height-default\" data-id=\"18e910e\" data-element_type=\"section\">\n\t\t\t\t\t\t<div class=\"elementor-container elementor-column-gap-wide\">\n\t\t\t\t\t<div class=\"elementor-column elementor-col-50 elementor-inner-column elementor-element elementor-element-db3ac97\" data-id=\"db3ac97\" data-element_type=\"column\">\n\t\t\t<div class=\"elementor-widget-wrap elementor-element-populated\">\n\t\t\t\t\t\t<div class=\"elementor-element elementor-element-78f0897 elementor-widget elementor-widget-image\" data-id=\"78f0897\" data-element_type=\"widget\" data-widget_type=\"image.default\">\n\t\t\t\t<div class=\"elementor-widget-container\">\n\t\t\t\t\t\t\t\t\t\t\t\t<figure class=\"wp-caption\">\n\t\t\t\t\t\t\t\t\t\t<img decoding=\"async\" width=\"2048\" height=\"1365\" src=\"https:\/\/oaggao.ca\/wp-content\/uploads\/2021\/12\/YouthArtShowcase-Winterpride-49-scaled.jpg\" class=\"attachment-full size-full wp-image-19900\" alt=\"\" srcset=\"https:\/\/oaggao.ca\/wp-content\/uploads\/2021\/12\/YouthArtShowcase-Winterpride-49-scaled.jpg 2048w, https:\/\/oaggao.ca\/wp-content\/uploads\/2021\/12\/YouthArtShowcase-Winterpride-49-300x200.jpg 300w, https:\/\/oaggao.ca\/wp-content\/uploads\/2021\/12\/YouthArtShowcase-Winterpride-49-1024x683.jpg 1024w, https:\/\/oaggao.ca\/wp-content\/uploads\/2021\/12\/YouthArtShowcase-Winterpride-49-768x512.jpg 768w, https:\/\/oaggao.ca\/wp-content\/uploads\/2021\/12\/YouthArtShowcase-Winterpride-49-1536x1024.jpg 1536w, https:\/\/oaggao.ca\/wp-content\/uploads\/2021\/12\/YouthArtShowcase-Winterpride-49-600x400.jpg 600w\" sizes=\"(max-width: 2048px) 100vw, 2048px\" \/>\t\t\t\t\t\t\t\t\t\t\t<figcaption class=\"widget-image-caption wp-caption-text\">Photo : Ming Wu<\/figcaption>\n\t\t\t\t\t\t\t\t\t\t<\/figure>\n\t\t\t\t\t\t\t\t\t<\/div>\n\t\t\t\t<\/div>\n\t\t\t\t\t<\/div>\n\t\t<\/div>\n\t\t\t\t<div class=\"elementor-column elementor-col-50 elementor-inner-column elementor-element elementor-element-7e12c9a\" data-id=\"7e12c9a\" data-element_type=\"column\">\n\t\t\t<div class=\"elementor-widget-wrap elementor-element-populated\">\n\t\t\t\t\t\t<div class=\"elementor-element elementor-element-2368cd6 elementor-widget elementor-widget-text-editor\" data-id=\"2368cd6\" data-element_type=\"widget\" data-widget_type=\"text-editor.default\">\n\t\t\t\t<div class=\"elementor-widget-container\">\n\t\t\t\t\t\t\t\t\t<ul><li>Fiert\u00e9 dans la Capitale<\/li><li>Institut Canadien du Film<\/li><li>International Film Festival Ottawa (IFFO)<\/li><li>Ottawa International Animation Festival<\/li><li>Digi60 Film Festival<\/li><li>Digital Arts Resource Centre (DARC)<\/li><li>Festival de jazz d\u2019Ottawa<\/li><li>Cour des Arts<\/li><li>Azrieli School of Architecture and Urbanism<\/li><li>Ottawa Black Art Kollective<\/li><li>Harvard Club of Ottawa<\/li><li>Korean Cultural Centre<\/li><\/ul>\t\t\t\t\t\t\t\t<\/div>\n\t\t\t\t<\/div>\n\t\t\t\t\t<\/div>\n\t\t<\/div>\n\t\t\t\t\t<\/div>\n\t\t<\/section>\n\t\t\t\t\t<\/div>\n\t\t<\/div>\n\t\t\t\t\t<\/div>\n\t\t<\/section>\n\t\t\t\t<\/div>\n\t\t","protected":false},"excerpt":{"rendered":"<p>\u00c9v\u00e8nements de nos partenaires Appliquer pour \u00eatre partenaire Collaborer avec la GAO Photo : Lindsay Ralph La GAO se veut un espace de rencontres culturel qui promeut activement les rapports [&hellip;]<\/p>\n","protected":false},"author":13,"featured_media":0,"parent":15622,"menu_order":0,"comment_status":"closed","ping_status":"closed","template":"","meta":{"_acf_changed":false,"footnotes":""},"class_list":["post-20066","page","type-page","status-publish","hentry"],"acf":[],"aioseo_notices":[],"_links":{"self":[{"href":"https:\/\/oaggao.ca\/fr\/wp-json\/wp\/v2\/pages\/20066","targetHints":{"allow":["GET"]}}],"collection":[{"href":"https:\/\/oaggao.ca\/fr\/wp-json\/wp\/v2\/pages"}],"about":[{"href":"https:\/\/oaggao.ca\/fr\/wp-json\/wp\/v2\/types\/page"}],"author":[{"embeddable":true,"href":"https:\/\/oaggao.ca\/fr\/wp-json\/wp\/v2\/users\/13"}],"replies":[{"embeddable":true,"href":"https:\/\/oaggao.ca\/fr\/wp-json\/wp\/v2\/comments?post=20066"}],"version-history":[{"count":0,"href":"https:\/\/oaggao.ca\/fr\/wp-json\/wp\/v2\/pages\/20066\/revisions"}],"up":[{"embeddable":true,"href":"https:\/\/oaggao.ca\/fr\/wp-json\/wp\/v2\/pages\/15622"}],"wp:attachment":[{"href":"https:\/\/oaggao.ca\/fr\/wp-json\/wp\/v2\/media?parent=20066"}],"curies":[{"name":"wp","href":"https:\/\/api.w.org\/{rel}","templated":true}]}}