{"id":20071,"date":"2021-12-16T16:54:27","date_gmt":"2021-12-16T21:54:27","guid":{"rendered":"https:\/\/wwwoaggaoca.wpengine.com\/?page_id=20071"},"modified":"2025-04-11T21:42:12","modified_gmt":"2025-04-12T01:42:12","slug":"boutique-oag-shop","status":"publish","type":"page","link":"https:\/\/oaggao.ca\/fr\/boutique-et-cafe\/boutique-oag-shop\/","title":{"rendered":"boutique oag shop"},"content":{"rendered":"\t\t<div data-elementor-type=\"wp-page\" data-elementor-id=\"20071\" class=\"elementor elementor-20071 elementor-11805\" data-elementor-post-type=\"page\">\n\t\t\t\t\t\t<section class=\"elementor-section elementor-top-section elementor-element elementor-element-dc5c030 elementor-section-height-min-height elementor-section-boxed elementor-section-height-default elementor-section-items-middle\" data-id=\"dc5c030\" data-element_type=\"section\" data-settings=\"{&quot;background_background&quot;:&quot;classic&quot;}\">\n\t\t\t\t\t\t\t<div class=\"elementor-background-overlay\"><\/div>\n\t\t\t\t\t\t\t<div class=\"elementor-container elementor-column-gap-default\">\n\t\t\t\t\t<div class=\"elementor-column elementor-col-100 elementor-top-column elementor-element elementor-element-36c29b0\" data-id=\"36c29b0\" data-element_type=\"column\">\n\t\t\t<div class=\"elementor-widget-wrap elementor-element-populated\">\n\t\t\t\t\t\t<div class=\"elementor-element elementor-element-d6a80e7 elementor-widget elementor-widget-heading\" data-id=\"d6a80e7\" data-element_type=\"widget\" data-widget_type=\"heading.default\">\n\t\t\t\t<div class=\"elementor-widget-container\">\n\t\t\t\t\t<h1 class=\"elementor-heading-title elementor-size-default\">boutique OAG Shop<\/h1>\t\t\t\t<\/div>\n\t\t\t\t<\/div>\n\t\t\t\t\t<\/div>\n\t\t<\/div>\n\t\t\t\t\t<\/div>\n\t\t<\/section>\n\t\t\t\t<section class=\"elementor-section elementor-top-section elementor-element elementor-element-2b37729 elementor-section-boxed elementor-section-height-default elementor-section-height-default\" data-id=\"2b37729\" data-element_type=\"section\">\n\t\t\t\t\t\t<div class=\"elementor-container elementor-column-gap-default\">\n\t\t\t\t\t<div class=\"elementor-column elementor-col-100 elementor-top-column elementor-element elementor-element-cff7ccf\" data-id=\"cff7ccf\" data-element_type=\"column\">\n\t\t\t<div class=\"elementor-widget-wrap elementor-element-populated\">\n\t\t\t\t\t\t<div class=\"elementor-element elementor-element-ca5fda6 elementor-widget elementor-widget-spacer\" data-id=\"ca5fda6\" data-element_type=\"widget\" data-widget_type=\"spacer.default\">\n\t\t\t\t<div class=\"elementor-widget-container\">\n\t\t\t\t\t\t\t<div class=\"elementor-spacer\">\n\t\t\t<div class=\"elementor-spacer-inner\"><\/div>\n\t\t<\/div>\n\t\t\t\t\t\t<\/div>\n\t\t\t\t<\/div>\n\t\t\t\t<div class=\"elementor-element elementor-element-dbf74a7 elementor-widget elementor-widget-text-editor\" data-id=\"dbf74a7\" data-element_type=\"widget\" data-widget_type=\"text-editor.default\">\n\t\t\t\t<div class=\"elementor-widget-container\">\n\t\t\t\t\t\t\t\t\t<p><strong>La boutique OAG Shop a pour mission d\u2019appuyer les artistes du Canada, tout particuli\u00e8rement le talent de la r\u00e9gion d\u2019Ottawa-Gatineau.<\/strong><\/p><p>Vous y trouvererez une grande vari\u00e9t\u00e9 de produits fabriqu\u00e9s \u00e0 la main, incluant des c\u00e9ramiques, des bijoux, des textiles, des articles pour la maison, et des gravures. De plus, la boutique offre une excellente s\u00e9lection de livres d\u2019art, de papeterie, et d\u2019objets \u00e9ducatifs pour les enfants.<\/p><p>La Galerie Annexe et la boutique OAG Shop, espaces commerciaux de la GAO, offrent plusieurs fa\u00e7ons de mettre en valeur notre collection vari\u00e9e d\u2019\u0153uvres d\u2019art et d\u2019objets \u00e0 vendre, par des expositions et autres moyens cr\u00e9atifs dignes des incroyables artistes de la r\u00e9gion.<\/p>\t\t\t\t\t\t\t\t<\/div>\n\t\t\t\t<\/div>\n\t\t\t\t\t<\/div>\n\t\t<\/div>\n\t\t\t\t\t<\/div>\n\t\t<\/section>\n\t\t\t\t<section class=\"elementor-section elementor-top-section elementor-element elementor-element-8a973d5 elementor-section-boxed elementor-section-height-default elementor-section-height-default\" data-id=\"8a973d5\" data-element_type=\"section\" data-settings=\"{&quot;background_background&quot;:&quot;classic&quot;}\">\n\t\t\t\t\t\t<div class=\"elementor-container elementor-column-gap-default\">\n\t\t\t\t\t<div class=\"elementor-column elementor-col-100 elementor-top-column elementor-element elementor-element-fbd4706\" data-id=\"fbd4706\" data-element_type=\"column\">\n\t\t\t<div class=\"elementor-widget-wrap elementor-element-populated\">\n\t\t\t\t\t\t<div class=\"elementor-element elementor-element-8ade17f elementor-widget elementor-widget-heading\" data-id=\"8ade17f\" data-element_type=\"widget\" data-widget_type=\"heading.default\">\n\t\t\t\t<div class=\"elementor-widget-container\">\n\t\t\t\t\t<h2 class=\"elementor-heading-title elementor-size-default\">Boutique en ligne<\/h2>\t\t\t\t<\/div>\n\t\t\t\t<\/div>\n\t\t\t\t\t<\/div>\n\t\t<\/div>\n\t\t\t\t\t<\/div>\n\t\t<\/section>\n\t\t\t\t<section class=\"elementor-section elementor-top-section elementor-element elementor-element-f3039af elementor-section-boxed elementor-section-height-default elementor-section-height-default\" data-id=\"f3039af\" data-element_type=\"section\" data-settings=\"{&quot;background_background&quot;:&quot;classic&quot;}\">\n\t\t\t\t\t\t<div class=\"elementor-container elementor-column-gap-default\">\n\t\t\t\t\t<div class=\"elementor-column elementor-col-50 elementor-top-column elementor-element elementor-element-d201ba4\" data-id=\"d201ba4\" data-element_type=\"column\">\n\t\t\t<div class=\"elementor-widget-wrap elementor-element-populated\">\n\t\t\t\t\t\t<div class=\"elementor-element elementor-element-b12d172 elementor-widget elementor-widget-image\" data-id=\"b12d172\" data-element_type=\"widget\" data-widget_type=\"image.default\">\n\t\t\t\t<div class=\"elementor-widget-container\">\n\t\t\t\t\t\t\t\t\t\t\t\t\t\t\t<img fetchpriority=\"high\" decoding=\"async\" width=\"500\" height=\"500\" src=\"https:\/\/oaggao.ca\/wp-content\/uploads\/2022\/10\/Online-Shop-2-3.png\" class=\"attachment-large size-large wp-image-28079\" alt=\"\" srcset=\"https:\/\/oaggao.ca\/wp-content\/uploads\/2022\/10\/Online-Shop-2-3.png 500w, https:\/\/oaggao.ca\/wp-content\/uploads\/2022\/10\/Online-Shop-2-3-300x300.png 300w, https:\/\/oaggao.ca\/wp-content\/uploads\/2022\/10\/Online-Shop-2-3-150x150.png 150w\" sizes=\"(max-width: 500px) 100vw, 500px\" \/>\t\t\t\t\t\t\t\t\t\t\t\t\t\t\t<\/div>\n\t\t\t\t<\/div>\n\t\t\t\t\t<\/div>\n\t\t<\/div>\n\t\t\t\t<div class=\"elementor-column elementor-col-50 elementor-top-column elementor-element elementor-element-138dcce\" data-id=\"138dcce\" data-element_type=\"column\">\n\t\t\t<div class=\"elementor-widget-wrap elementor-element-populated\">\n\t\t\t\t\t\t<div class=\"elementor-element elementor-element-1ee7217 elementor-widget elementor-widget-text-editor\" data-id=\"1ee7217\" data-element_type=\"widget\" data-widget_type=\"text-editor.default\">\n\t\t\t\t<div class=\"elementor-widget-container\">\n\t\t\t\t\t\t\t\t\t<p>D\u00e9couvrez nos excellents produits en ligne, depuis le confort de votre maison.<\/p>\t\t\t\t\t\t\t\t<\/div>\n\t\t\t\t<\/div>\n\t\t\t\t<div class=\"elementor-element elementor-element-0425fe1 elementor-widget elementor-widget-button\" data-id=\"0425fe1\" data-element_type=\"widget\" data-widget_type=\"button.default\">\n\t\t\t\t<div class=\"elementor-widget-container\">\n\t\t\t\t\t\t\t\t\t<div class=\"elementor-button-wrapper\">\n\t\t\t\t\t<a class=\"elementor-button elementor-button-link elementor-size-sm\" href=\"https:\/\/boutique.oaggao.ca\/\">\n\t\t\t\t\t\t<span class=\"elementor-button-content-wrapper\">\n\t\t\t\t\t\t\t\t\t<span class=\"elementor-button-text\">Magasinez en ligne<\/span>\n\t\t\t\t\t<\/span>\n\t\t\t\t\t<\/a>\n\t\t\t\t<\/div>\n\t\t\t\t\t\t\t\t<\/div>\n\t\t\t\t<\/div>\n\t\t\t\t\t<\/div>\n\t\t<\/div>\n\t\t\t\t\t<\/div>\n\t\t<\/section>\n\t\t\t\t<section class=\"elementor-section elementor-top-section elementor-element elementor-element-e9d578e elementor-section-boxed elementor-section-height-default elementor-section-height-default\" data-id=\"e9d578e\" data-element_type=\"section\" data-settings=\"{&quot;background_background&quot;:&quot;classic&quot;}\">\n\t\t\t\t\t\t<div class=\"elementor-container elementor-column-gap-default\">\n\t\t\t\t\t<div class=\"elementor-column elementor-col-100 elementor-top-column elementor-element elementor-element-dc89d03\" data-id=\"dc89d03\" data-element_type=\"column\">\n\t\t\t<div class=\"elementor-widget-wrap elementor-element-populated\">\n\t\t\t\t\t\t<div class=\"elementor-element elementor-element-36191a0 elementor-widget elementor-widget-heading\" data-id=\"36191a0\" data-element_type=\"widget\" data-widget_type=\"heading.default\">\n\t\t\t\t<div class=\"elementor-widget-container\">\n\t\t\t\t\t<h2 class=\"elementor-heading-title elementor-size-default\">base de donn\u00e9es d\u2019art \u00e0 vendre ou \u00e0 louer.<\/h2>\t\t\t\t<\/div>\n\t\t\t\t<\/div>\n\t\t\t\t\t<\/div>\n\t\t<\/div>\n\t\t\t\t\t<\/div>\n\t\t<\/section>\n\t\t\t\t<section class=\"elementor-section elementor-top-section elementor-element elementor-element-7b4d544 elementor-section-boxed elementor-section-height-default elementor-section-height-default\" data-id=\"7b4d544\" data-element_type=\"section\" data-settings=\"{&quot;background_background&quot;:&quot;classic&quot;}\">\n\t\t\t\t\t\t<div class=\"elementor-container elementor-column-gap-default\">\n\t\t\t\t\t<div class=\"elementor-column elementor-col-50 elementor-top-column elementor-element elementor-element-2495232\" data-id=\"2495232\" data-element_type=\"column\">\n\t\t\t<div class=\"elementor-widget-wrap elementor-element-populated\">\n\t\t\t\t\t\t<div class=\"elementor-element elementor-element-7ef0c24 elementor-widget elementor-widget-image\" data-id=\"7ef0c24\" data-element_type=\"widget\" data-widget_type=\"image.default\">\n\t\t\t\t<div class=\"elementor-widget-container\">\n\t\t\t\t\t\t\t\t\t\t\t\t\t\t\t<img decoding=\"async\" width=\"800\" height=\"534\" src=\"https:\/\/oaggao.ca\/wp-content\/uploads\/2021\/11\/Gutierrez-Tafui-Photo-Chris-Snow36-1024x683.jpg\" class=\"attachment-large size-large wp-image-13069\" alt=\"\" srcset=\"https:\/\/oaggao.ca\/wp-content\/uploads\/2021\/11\/Gutierrez-Tafui-Photo-Chris-Snow36-1024x683.jpg 1024w, https:\/\/oaggao.ca\/wp-content\/uploads\/2021\/11\/Gutierrez-Tafui-Photo-Chris-Snow36-300x200.jpg 300w, https:\/\/oaggao.ca\/wp-content\/uploads\/2021\/11\/Gutierrez-Tafui-Photo-Chris-Snow36-768x512.jpg 768w, https:\/\/oaggao.ca\/wp-content\/uploads\/2021\/11\/Gutierrez-Tafui-Photo-Chris-Snow36-1536x1024.jpg 1536w, https:\/\/oaggao.ca\/wp-content\/uploads\/2021\/11\/Gutierrez-Tafui-Photo-Chris-Snow36-scaled.jpg 2048w, https:\/\/oaggao.ca\/wp-content\/uploads\/2021\/11\/Gutierrez-Tafui-Photo-Chris-Snow36-600x400.jpg 600w\" sizes=\"(max-width: 800px) 100vw, 800px\" \/>\t\t\t\t\t\t\t\t\t\t\t\t\t\t\t<\/div>\n\t\t\t\t<\/div>\n\t\t\t\t\t<\/div>\n\t\t<\/div>\n\t\t\t\t<div class=\"elementor-column elementor-col-50 elementor-top-column elementor-element elementor-element-5236dc1\" data-id=\"5236dc1\" data-element_type=\"column\">\n\t\t\t<div class=\"elementor-widget-wrap elementor-element-populated\">\n\t\t\t\t\t\t<div class=\"elementor-element elementor-element-181d906 elementor-widget elementor-widget-text-editor\" data-id=\"181d906\" data-element_type=\"widget\" data-widget_type=\"text-editor.default\">\n\t\t\t\t<div class=\"elementor-widget-container\">\n\t\t\t\t\t\t\t\t\t<p>Jetez coup d\u2019\u0153il sur les expositions \u00e0 venir \u00e0 la <a href=\"\/shop-dine\/galerie-annexe\/\">Galerie Annexe<\/a> ou consultez notre base de donn\u00e9es d\u2019art \u00e0 vendre ou \u00e0 louer.<\/p>\t\t\t\t\t\t\t\t<\/div>\n\t\t\t\t<\/div>\n\t\t\t\t<div class=\"elementor-element elementor-element-a31dc9d elementor-widget elementor-widget-button\" data-id=\"a31dc9d\" data-element_type=\"widget\" data-widget_type=\"button.default\">\n\t\t\t\t<div class=\"elementor-widget-container\">\n\t\t\t\t\t\t\t\t\t<div class=\"elementor-button-wrapper\">\n\t\t\t\t\t<a class=\"elementor-button elementor-button-link elementor-size-sm\" href=\"https:\/\/galerieannexe-oaggao.myshopify.com\/collections\/art\">\n\t\t\t\t\t\t<span class=\"elementor-button-content-wrapper\">\n\t\t\t\t\t\t\t\t\t<span class=\"elementor-button-text\">Base de donn\u00e9es d\u2019art \u00e0 vendre ou \u00e0 louer.<\/span>\n\t\t\t\t\t<\/span>\n\t\t\t\t\t<\/a>\n\t\t\t\t<\/div>\n\t\t\t\t\t\t\t\t<\/div>\n\t\t\t\t<\/div>\n\t\t\t\t\t<\/div>\n\t\t<\/div>\n\t\t\t\t\t<\/div>\n\t\t<\/section>\n\t\t\t\t<section class=\"elementor-section elementor-top-section elementor-element elementor-element-b159a07 elementor-section-boxed elementor-section-height-default elementor-section-height-default\" data-id=\"b159a07\" data-element_type=\"section\" data-settings=\"{&quot;background_background&quot;:&quot;classic&quot;}\">\n\t\t\t\t\t\t<div class=\"elementor-container elementor-column-gap-default\">\n\t\t\t\t\t<div class=\"elementor-column elementor-col-100 elementor-top-column elementor-element elementor-element-81aa676\" data-id=\"81aa676\" data-element_type=\"column\">\n\t\t\t<div class=\"elementor-widget-wrap elementor-element-populated\">\n\t\t\t\t\t\t<div class=\"elementor-element elementor-element-3f0b0a9 elementor-widget elementor-widget-heading\" data-id=\"3f0b0a9\" data-element_type=\"widget\" data-widget_type=\"heading.default\">\n\t\t\t\t<div class=\"elementor-widget-container\">\n\t\t\t\t\t<h2 class=\"elementor-heading-title elementor-size-default\">Les artistes de la boutique<\/h2>\t\t\t\t<\/div>\n\t\t\t\t<\/div>\n\t\t\t\t\t<\/div>\n\t\t<\/div>\n\t\t\t\t\t<\/div>\n\t\t<\/section>\n\t\t\t\t<section class=\"elementor-section elementor-top-section elementor-element elementor-element-5d7e9cd elementor-section-boxed elementor-section-height-default elementor-section-height-default\" data-id=\"5d7e9cd\" data-element_type=\"section\" data-settings=\"{&quot;background_background&quot;:&quot;classic&quot;}\">\n\t\t\t\t\t\t<div class=\"elementor-container elementor-column-gap-default\">\n\t\t\t\t\t<div class=\"elementor-column elementor-col-50 elementor-top-column elementor-element elementor-element-f7fc878\" data-id=\"f7fc878\" data-element_type=\"column\">\n\t\t\t<div class=\"elementor-widget-wrap elementor-element-populated\">\n\t\t\t\t\t\t<div class=\"elementor-element elementor-element-40ceddc elementor-widget elementor-widget-image\" data-id=\"40ceddc\" data-element_type=\"widget\" data-widget_type=\"image.default\">\n\t\t\t\t<div class=\"elementor-widget-container\">\n\t\t\t\t\t\t\t\t\t\t\t\t\t\t\t<img decoding=\"async\" width=\"800\" height=\"600\" src=\"https:\/\/oaggao.ca\/wp-content\/uploads\/2021\/11\/Shop-Hero-Thumbnail-1024x768.jpg\" class=\"attachment-large size-large wp-image-12979\" alt=\"\" srcset=\"https:\/\/oaggao.ca\/wp-content\/uploads\/2021\/11\/Shop-Hero-Thumbnail-1024x768.jpg 1024w, https:\/\/oaggao.ca\/wp-content\/uploads\/2021\/11\/Shop-Hero-Thumbnail-300x225.jpg 300w, https:\/\/oaggao.ca\/wp-content\/uploads\/2021\/11\/Shop-Hero-Thumbnail-768x576.jpg 768w, https:\/\/oaggao.ca\/wp-content\/uploads\/2021\/11\/Shop-Hero-Thumbnail-1536x1152.jpg 1536w, https:\/\/oaggao.ca\/wp-content\/uploads\/2021\/11\/Shop-Hero-Thumbnail-scaled.jpg 2048w\" sizes=\"(max-width: 800px) 100vw, 800px\" \/>\t\t\t\t\t\t\t\t\t\t\t\t\t\t\t<\/div>\n\t\t\t\t<\/div>\n\t\t\t\t\t<\/div>\n\t\t<\/div>\n\t\t\t\t<div class=\"elementor-column elementor-col-50 elementor-top-column elementor-element elementor-element-68fbeb8\" data-id=\"68fbeb8\" data-element_type=\"column\">\n\t\t\t<div class=\"elementor-widget-wrap elementor-element-populated\">\n\t\t\t\t\t\t<div class=\"elementor-element elementor-element-98a55d9 elementor-widget elementor-widget-text-editor\" data-id=\"98a55d9\" data-element_type=\"widget\" data-widget_type=\"text-editor.default\">\n\t\t\t\t<div class=\"elementor-widget-container\">\n\t\t\t\t\t\t\t\t\t<p>D\u00e9couvrez les artistes qui ont des \u0153uvres ou de la marchandise dans notre boutique.<\/p>\t\t\t\t\t\t\t\t<\/div>\n\t\t\t\t<\/div>\n\t\t\t\t<div class=\"elementor-element elementor-element-0f2c95b elementor-widget elementor-widget-button\" data-id=\"0f2c95b\" data-element_type=\"widget\" data-widget_type=\"button.default\">\n\t\t\t\t<div class=\"elementor-widget-container\">\n\t\t\t\t\t\t\t\t\t<div class=\"elementor-button-wrapper\">\n\t\t\t\t\t<a class=\"elementor-button elementor-button-link elementor-size-sm\" href=\"https:\/\/oaggao.ca\/wp-content\/uploads\/2024\/07\/Shop-Artist-Stories-July-31-2024-compressed.pdf\">\n\t\t\t\t\t\t<span class=\"elementor-button-content-wrapper\">\n\t\t\t\t\t\t\t\t\t<span class=\"elementor-button-text\">Les artistes de la boutique<\/span>\n\t\t\t\t\t<\/span>\n\t\t\t\t\t<\/a>\n\t\t\t\t<\/div>\n\t\t\t\t\t\t\t\t<\/div>\n\t\t\t\t<\/div>\n\t\t\t\t\t<\/div>\n\t\t<\/div>\n\t\t\t\t\t<\/div>\n\t\t<\/section>\n\t\t\t\t<section class=\"elementor-section elementor-top-section elementor-element elementor-element-d8bb2e7 elementor-section-boxed elementor-section-height-default elementor-section-height-default\" data-id=\"d8bb2e7\" data-element_type=\"section\" data-settings=\"{&quot;background_background&quot;:&quot;classic&quot;}\">\n\t\t\t\t\t\t<div class=\"elementor-container elementor-column-gap-default\">\n\t\t\t\t\t<div class=\"elementor-column elementor-col-100 elementor-top-column elementor-element elementor-element-40b2c02\" data-id=\"40b2c02\" data-element_type=\"column\">\n\t\t\t<div class=\"elementor-widget-wrap elementor-element-populated\">\n\t\t\t\t\t\t<div class=\"elementor-element elementor-element-84327c8 elementor-widget elementor-widget-heading\" data-id=\"84327c8\" data-element_type=\"widget\" data-widget_type=\"heading.default\">\n\t\t\t\t<div class=\"elementor-widget-container\">\n\t\t\t\t\t<h2 class=\"elementor-heading-title elementor-size-default\">boutique oag shop<\/h2>\t\t\t\t<\/div>\n\t\t\t\t<\/div>\n\t\t\t\t\t<\/div>\n\t\t<\/div>\n\t\t\t\t\t<\/div>\n\t\t<\/section>\n\t\t\t\t<section class=\"elementor-section elementor-top-section elementor-element elementor-element-bfdfd73 elementor-section-boxed elementor-section-height-default elementor-section-height-default\" data-id=\"bfdfd73\" data-element_type=\"section\" data-settings=\"{&quot;background_background&quot;:&quot;classic&quot;}\">\n\t\t\t\t\t\t<div class=\"elementor-container elementor-column-gap-default\">\n\t\t\t\t\t<div class=\"elementor-column elementor-col-50 elementor-top-column elementor-element elementor-element-798484f\" data-id=\"798484f\" data-element_type=\"column\">\n\t\t\t<div class=\"elementor-widget-wrap elementor-element-populated\">\n\t\t\t\t\t\t<div class=\"elementor-element elementor-element-b6c0f08 elementor-widget elementor-widget-image\" data-id=\"b6c0f08\" data-element_type=\"widget\" data-widget_type=\"image.default\">\n\t\t\t\t<div class=\"elementor-widget-container\">\n\t\t\t\t\t\t\t\t\t\t\t\t\t\t\t<img loading=\"lazy\" decoding=\"async\" width=\"800\" height=\"534\" src=\"https:\/\/oaggao.ca\/wp-content\/uploads\/2022\/03\/A09I5831-1024x683.jpg\" class=\"attachment-large size-large wp-image-23072\" alt=\"\" srcset=\"https:\/\/oaggao.ca\/wp-content\/uploads\/2022\/03\/A09I5831-1024x683.jpg 1024w, https:\/\/oaggao.ca\/wp-content\/uploads\/2022\/03\/A09I5831-300x200.jpg 300w, https:\/\/oaggao.ca\/wp-content\/uploads\/2022\/03\/A09I5831-768x512.jpg 768w, https:\/\/oaggao.ca\/wp-content\/uploads\/2022\/03\/A09I5831-1536x1024.jpg 1536w, https:\/\/oaggao.ca\/wp-content\/uploads\/2022\/03\/A09I5831-scaled.jpg 2048w, https:\/\/oaggao.ca\/wp-content\/uploads\/2022\/03\/A09I5831-600x400.jpg 600w\" sizes=\"(max-width: 800px) 100vw, 800px\" \/>\t\t\t\t\t\t\t\t\t\t\t\t\t\t\t<\/div>\n\t\t\t\t<\/div>\n\t\t\t\t\t<\/div>\n\t\t<\/div>\n\t\t\t\t<div class=\"elementor-column elementor-col-50 elementor-top-column elementor-element elementor-element-bacaa0f\" data-id=\"bacaa0f\" data-element_type=\"column\">\n\t\t\t<div class=\"elementor-widget-wrap elementor-element-populated\">\n\t\t\t\t\t\t<div class=\"elementor-element elementor-element-1a3d235 elementor-widget elementor-widget-text-editor\" data-id=\"1a3d235\" data-element_type=\"widget\" data-widget_type=\"text-editor.default\">\n\t\t\t\t<div class=\"elementor-widget-container\">\n\t\t\t\t\t\t\t\t\t<p>Appel de soumissions : boutique OAG Shop.<\/p>\t\t\t\t\t\t\t\t<\/div>\n\t\t\t\t<\/div>\n\t\t\t\t<div class=\"elementor-element elementor-element-f1effd3 elementor-widget elementor-widget-button\" data-id=\"f1effd3\" data-element_type=\"widget\" data-widget_type=\"button.default\">\n\t\t\t\t<div class=\"elementor-widget-container\">\n\t\t\t\t\t\t\t\t\t<div class=\"elementor-button-wrapper\">\n\t\t\t\t\t<a class=\"elementor-button elementor-button-link elementor-size-sm\" href=\"https:\/\/oaggao.ca\/fr\/boutique-et-cafe\/boutique-oag-shop\/appel-a-soumission-oag-shop\/\">\n\t\t\t\t\t\t<span class=\"elementor-button-content-wrapper\">\n\t\t\t\t\t\t\t\t\t<span class=\"elementor-button-text\">En savoir plus<\/span>\n\t\t\t\t\t<\/span>\n\t\t\t\t\t<\/a>\n\t\t\t\t<\/div>\n\t\t\t\t\t\t\t\t<\/div>\n\t\t\t\t<\/div>\n\t\t\t\t\t<\/div>\n\t\t<\/div>\n\t\t\t\t\t<\/div>\n\t\t<\/section>\n\t\t\t\t<section class=\"elementor-section elementor-top-section elementor-element elementor-element-de365f6 elementor-section-boxed elementor-section-height-default elementor-section-height-default\" data-id=\"de365f6\" data-element_type=\"section\">\n\t\t\t\t\t\t<div class=\"elementor-container elementor-column-gap-default\">\n\t\t\t\t\t<div class=\"elementor-column elementor-col-100 elementor-top-column elementor-element elementor-element-fcacda7\" data-id=\"fcacda7\" data-element_type=\"column\">\n\t\t\t<div class=\"elementor-widget-wrap elementor-element-populated\">\n\t\t\t\t\t\t<div class=\"elementor-element elementor-element-d63878f elementor-widget elementor-widget-text-editor\" data-id=\"d63878f\" data-element_type=\"widget\" data-widget_type=\"text-editor.default\">\n\t\t\t\t<div class=\"elementor-widget-container\">\n\t\t\t\t\t\t\t\t\t<p>Les recettes de la boutique OAG Shop servent \u00e0 financer la programmation de la Galerie.<\/p><p><strong>Les <a href=\"https:\/\/oaggao.ca\/fr\/simpliquer\/adhesion\/\">membres<\/a> ont droit \u00e0 un rabais de 10 % sur leurs achats<\/strong><\/p><p><strong>FERM\u00c9E<\/strong><strong>\u00a0: le lundi<br \/><\/strong><strong>HEURES D\u2019OUVERTURE : <br \/><\/strong>Mardi : 10 h \u00e0 18 h<br \/>Mercredi : 10 h \u00e0 21 h<br \/>Jeudi : 10 h \u00e0 21 h<br \/>Vendredi : 10 h \u00e0 21 h<br \/>Samedi : 10 h \u00e0 21 h<br \/>Dimanche : 10 h \u00e0 18 h\u00a0<\/p><p><strong>COORDONN\u00c9ES :<\/strong><\/p><p>50, pont Mackenzie King, Ottawa, ON, K1N 0C5 (niveau 1)<br \/>613-233-8699, poste 236<br \/>courriel : <a href=\"mailto:shop@oaggao.ca\">shop@oaggao.ca<\/a><\/p><p>Instagram <a href=\"https:\/\/www.instagram.com\/oagshop_annexe\/\">@oagshop_annexe<\/a><\/p>\t\t\t\t\t\t\t\t<\/div>\n\t\t\t\t<\/div>\n\t\t\t\t\t<\/div>\n\t\t<\/div>\n\t\t\t\t\t<\/div>\n\t\t<\/section>\n\t\t\t\t<\/div>\n\t\t","protected":false},"excerpt":{"rendered":"<p>boutique OAG Shop La boutique OAG Shop a pour mission d\u2019appuyer les artistes du Canada, tout particuli\u00e8rement le talent de la r\u00e9gion d\u2019Ottawa-Gatineau. Vous y trouvererez une grande vari\u00e9t\u00e9 de [&hellip;]<\/p>\n","protected":false},"author":13,"featured_media":0,"parent":15626,"menu_order":0,"comment_status":"closed","ping_status":"closed","template":"","meta":{"_acf_changed":false,"footnotes":""},"class_list":["post-20071","page","type-page","status-publish","hentry"],"acf":[],"aioseo_notices":[],"_links":{"self":[{"href":"https:\/\/oaggao.ca\/fr\/wp-json\/wp\/v2\/pages\/20071","targetHints":{"allow":["GET"]}}],"collection":[{"href":"https:\/\/oaggao.ca\/fr\/wp-json\/wp\/v2\/pages"}],"about":[{"href":"https:\/\/oaggao.ca\/fr\/wp-json\/wp\/v2\/types\/page"}],"author":[{"embeddable":true,"href":"https:\/\/oaggao.ca\/fr\/wp-json\/wp\/v2\/users\/13"}],"replies":[{"embeddable":true,"href":"https:\/\/oaggao.ca\/fr\/wp-json\/wp\/v2\/comments?post=20071"}],"version-history":[{"count":0,"href":"https:\/\/oaggao.ca\/fr\/wp-json\/wp\/v2\/pages\/20071\/revisions"}],"up":[{"embeddable":true,"href":"https:\/\/oaggao.ca\/fr\/wp-json\/wp\/v2\/pages\/15626"}],"wp:attachment":[{"href":"https:\/\/oaggao.ca\/fr\/wp-json\/wp\/v2\/media?parent=20071"}],"curies":[{"name":"wp","href":"https:\/\/api.w.org\/{rel}","templated":true}]}}