{"id":20081,"date":"2021-12-16T21:25:40","date_gmt":"2021-12-17T02:25:40","guid":{"rendered":"https:\/\/wwwoaggaoca.wpengine.com\/?page_id=20081"},"modified":"2025-08-19T17:09:42","modified_gmt":"2025-08-19T21:09:42","slug":"appel-a-soumission-galerie-annexe","status":"publish","type":"page","link":"https:\/\/oaggao.ca\/fr\/boutique-et-cafe\/galerie-annexe\/appel-a-soumission-galerie-annexe\/","title":{"rendered":"appel a soumission galerie annexe"},"content":{"rendered":"\t\t<div data-elementor-type=\"wp-page\" data-elementor-id=\"20081\" class=\"elementor elementor-20081 elementor-13012\" data-elementor-post-type=\"page\">\n\t\t\t\t\t\t<section class=\"elementor-section elementor-top-section elementor-element elementor-element-dc5c030 elementor-section-height-min-height elementor-section-boxed elementor-section-height-default elementor-section-items-middle\" data-id=\"dc5c030\" data-element_type=\"section\" data-settings=\"{&quot;background_background&quot;:&quot;classic&quot;}\">\n\t\t\t\t\t\t\t<div class=\"elementor-background-overlay\"><\/div>\n\t\t\t\t\t\t\t<div class=\"elementor-container elementor-column-gap-default\">\n\t\t\t\t\t<div class=\"elementor-column elementor-col-100 elementor-top-column elementor-element elementor-element-36c29b0\" data-id=\"36c29b0\" data-element_type=\"column\">\n\t\t\t<div class=\"elementor-widget-wrap elementor-element-populated\">\n\t\t\t\t\t\t<div class=\"elementor-element elementor-element-d6a80e7 elementor-widget elementor-widget-heading\" data-id=\"d6a80e7\" data-element_type=\"widget\" data-widget_type=\"heading.default\">\n\t\t\t\t<div class=\"elementor-widget-container\">\n\t\t\t\t\t<h1 class=\"elementor-heading-title elementor-size-default\">APPEL \u00c0 SOUMISSIONS : Galerie Annexe<\/h1>\t\t\t\t<\/div>\n\t\t\t\t<\/div>\n\t\t\t\t\t<\/div>\n\t\t<\/div>\n\t\t\t\t\t<\/div>\n\t\t<\/section>\n\t\t\t\t<section class=\"elementor-section elementor-top-section elementor-element elementor-element-4b6bd7c elementor-section-boxed elementor-section-height-default elementor-section-height-default\" data-id=\"4b6bd7c\" data-element_type=\"section\" data-settings=\"{&quot;background_background&quot;:&quot;classic&quot;}\">\n\t\t\t\t\t\t<div class=\"elementor-container elementor-column-gap-default\">\n\t\t\t\t\t<div class=\"elementor-column elementor-col-100 elementor-top-column elementor-element elementor-element-3f5d09b\" data-id=\"3f5d09b\" data-element_type=\"column\">\n\t\t\t<div class=\"elementor-widget-wrap\">\n\t\t\t\t\t\t\t<\/div>\n\t\t<\/div>\n\t\t\t\t\t<\/div>\n\t\t<\/section>\n\t\t\t\t<section class=\"elementor-section elementor-top-section elementor-element elementor-element-e775826 elementor-section-boxed elementor-section-height-default elementor-section-height-default\" data-id=\"e775826\" data-element_type=\"section\">\n\t\t\t\t\t\t<div class=\"elementor-container elementor-column-gap-default\">\n\t\t\t\t\t<div class=\"elementor-column elementor-col-100 elementor-top-column elementor-element elementor-element-babbfea\" data-id=\"babbfea\" data-element_type=\"column\">\n\t\t\t<div class=\"elementor-widget-wrap elementor-element-populated\">\n\t\t\t\t\t\t<div class=\"elementor-element elementor-element-818f7f5 elementor-widget elementor-widget-spacer\" data-id=\"818f7f5\" data-element_type=\"widget\" data-widget_type=\"spacer.default\">\n\t\t\t\t<div class=\"elementor-widget-container\">\n\t\t\t\t\t\t\t<div class=\"elementor-spacer\">\n\t\t\t<div class=\"elementor-spacer-inner\"><\/div>\n\t\t<\/div>\n\t\t\t\t\t\t<\/div>\n\t\t\t\t<\/div>\n\t\t\t\t<div class=\"elementor-element elementor-element-f6ce42a elementor-widget elementor-widget-heading\" data-id=\"f6ce42a\" data-element_type=\"widget\" data-widget_type=\"heading.default\">\n\t\t\t\t<div class=\"elementor-widget-container\">\n\t\t\t\t\t<h2 class=\"elementor-heading-title elementor-size-default\">APPEL \u00c0 SOUMISSIONS : galerie annexe<\/h2>\t\t\t\t<\/div>\n\t\t\t\t<\/div>\n\t\t\t\t\t<\/div>\n\t\t<\/div>\n\t\t\t\t\t<\/div>\n\t\t<\/section>\n\t\t\t\t<section class=\"elementor-section elementor-top-section elementor-element elementor-element-35f6684 elementor-section-boxed elementor-section-height-default elementor-section-height-default\" data-id=\"35f6684\" data-element_type=\"section\">\n\t\t\t\t\t\t<div class=\"elementor-container elementor-column-gap-default\">\n\t\t\t\t\t<div class=\"elementor-column elementor-col-50 elementor-top-column elementor-element elementor-element-225be43\" data-id=\"225be43\" data-element_type=\"column\">\n\t\t\t<div class=\"elementor-widget-wrap elementor-element-populated\">\n\t\t\t\t\t\t<div class=\"elementor-element elementor-element-6892ecd elementor-widget elementor-widget-image\" data-id=\"6892ecd\" data-element_type=\"widget\" data-widget_type=\"image.default\">\n\t\t\t\t<div class=\"elementor-widget-container\">\n\t\t\t\t\t\t\t\t\t\t\t\t\t\t\t<img fetchpriority=\"high\" decoding=\"async\" width=\"682\" height=\"1024\" src=\"https:\/\/oaggao.ca\/wp-content\/uploads\/2021\/12\/LUT0646-682x1024.jpg\" class=\"attachment-large size-large wp-image-20137\" alt=\"\" srcset=\"https:\/\/oaggao.ca\/wp-content\/uploads\/2021\/12\/LUT0646-682x1024.jpg 682w, https:\/\/oaggao.ca\/wp-content\/uploads\/2021\/12\/LUT0646-200x300.jpg 200w, https:\/\/oaggao.ca\/wp-content\/uploads\/2021\/12\/LUT0646-768x1154.jpg 768w, https:\/\/oaggao.ca\/wp-content\/uploads\/2021\/12\/LUT0646-1022x1536.jpg 1022w, https:\/\/oaggao.ca\/wp-content\/uploads\/2021\/12\/LUT0646-scaled.jpg 1363w\" sizes=\"(max-width: 682px) 100vw, 682px\" \/>\t\t\t\t\t\t\t\t\t\t\t\t\t\t\t<\/div>\n\t\t\t\t<\/div>\n\t\t\t\t\t<\/div>\n\t\t<\/div>\n\t\t\t\t<div class=\"elementor-column elementor-col-50 elementor-top-column elementor-element elementor-element-a7d8611\" data-id=\"a7d8611\" data-element_type=\"column\">\n\t\t\t<div class=\"elementor-widget-wrap elementor-element-populated\">\n\t\t\t\t\t\t<div class=\"elementor-element elementor-element-aed3747 elementor-widget elementor-widget-text-editor\" data-id=\"aed3747\" data-element_type=\"widget\" data-widget_type=\"text-editor.default\">\n\t\t\t\t<div class=\"elementor-widget-container\">\n\t\t\t\t\t\t\t\t\t<h4><strong>LIGNES DIRECTRICES POUR LA PR\u00c9SENTATION D\u2019\u0152UVRES\u00a0:<\/strong><\/h4><ul><li>Les artistes doivent habiter ou travailler dans un rayon de 150\u00a0km de la Galerie d\u2019art d\u2019Ottawa.<\/li><li>Les artistes dont la repr\u00e9sentation est assur\u00e9e par quelqu\u2019un ou une autre galerie doivent le mentionner dans leur Veuillez confirmer aupr\u00e8s de cette personne ou galerie que vous avez la permission de consigner des \u0153uvres avant de remettre votre dossier.<\/li><li>Nous acceptons une vari\u00e9t\u00e9 de m\u00e9dias, y compris la peinture, la sculpture, la photographie, les techniques mixtes et les gravures num\u00e9rot\u00e9es.<\/li><li>Les \u0153uvres doivent pouvoir \u00eatre vendues ou lou\u00e9es (l\u2019artiste d\u00e9termine le prix de vente\u2009; le prix de location pr\u00e9d\u00e9termin\u00e9, revenant \u00e0 5\u00a0% du prix de vente, est factur\u00e9 mensuellement).<\/li><li>La Galerie touche une commission de vente de 40\u00a0% et une commission de location de 50\u00a0%.<\/li><li>Veuillez noter que nous n\u2019acceptons que les \u0153uvres pr\u00e9sent\u00e9es par des artistes, une personne qui les repr\u00e9sente, ou encore une succession.<\/li><li>Nous acceptons les \u0153uvres d\u2019artistes \u00e0 n\u2019importe quel niveau de carri\u00e8re (c\u2019est-\u00e0-dire encore aux \u00e9tudes, en d\u00e9but de carri\u00e8re, d\u2019exp\u00e9rience).<\/li><\/ul>\t\t\t\t\t\t\t\t<\/div>\n\t\t\t\t<\/div>\n\t\t\t\t\t<\/div>\n\t\t<\/div>\n\t\t\t\t\t<\/div>\n\t\t<\/section>\n\t\t\t\t<section class=\"elementor-section elementor-top-section elementor-element elementor-element-12c357f elementor-section-boxed elementor-section-height-default elementor-section-height-default\" data-id=\"12c357f\" data-element_type=\"section\">\n\t\t\t\t\t\t<div class=\"elementor-container elementor-column-gap-default\">\n\t\t\t\t\t<div class=\"elementor-column elementor-col-100 elementor-top-column elementor-element elementor-element-dcd39d6\" data-id=\"dcd39d6\" data-element_type=\"column\">\n\t\t\t<div class=\"elementor-widget-wrap elementor-element-populated\">\n\t\t\t\t\t\t<div class=\"elementor-element elementor-element-2258750 elementor-widget elementor-widget-text-editor\" data-id=\"2258750\" data-element_type=\"widget\" data-widget_type=\"text-editor.default\">\n\t\t\t\t<div class=\"elementor-widget-container\">\n\t\t\t\t\t\t\t\t\t<h4><strong>COMMENT PR\u00c9PARER UNE SOUMISSION :<\/strong><\/h4><p><strong>Remplissez le formulaire de soumission inclus ci-dessous.<\/strong><\/p><ul><li>Vous devrez fournir des informations sur votre pratique artistique.<\/li><li>Un maximum de cinq \u0153uvres peut \u00eatre soumis pour \u00e9valuation.<\/li><\/ul>\t\t\t\t\t\t\t\t<\/div>\n\t\t\t\t<\/div>\n\t\t\t\t<div class=\"elementor-element elementor-element-8013a85 elementor-widget elementor-widget-button\" data-id=\"8013a85\" data-element_type=\"widget\" data-widget_type=\"button.default\">\n\t\t\t\t<div class=\"elementor-widget-container\">\n\t\t\t\t\t\t\t\t\t<div class=\"elementor-button-wrapper\">\n\t\t\t\t\t<a class=\"elementor-button elementor-button-link elementor-size-sm\" href=\"https:\/\/forms.gle\/bbwzpfzixabjyGqW7\">\n\t\t\t\t\t\t<span class=\"elementor-button-content-wrapper\">\n\t\t\t\t\t\t\t\t\t<span class=\"elementor-button-text\">FORMULAIRE DE SOUMISSION<\/span>\n\t\t\t\t\t<\/span>\n\t\t\t\t\t<\/a>\n\t\t\t\t<\/div>\n\t\t\t\t\t\t\t\t<\/div>\n\t\t\t\t<\/div>\n\t\t\t\t<div class=\"elementor-element elementor-element-167a2c7 elementor-widget elementor-widget-text-editor\" data-id=\"167a2c7\" data-element_type=\"widget\" data-widget_type=\"text-editor.default\">\n\t\t\t\t<div class=\"elementor-widget-container\">\n\t\t\t\t\t\t\t\t\t<h4><strong>VEUILLEZ NOTER\u00a0:<\/strong><\/h4><p>Nous remercions les artistes qui prennent le temps de pr\u00e9parer une soumission. La galerie ne contactera directement que les artistes dont le dossier a \u00e9t\u00e9 retenu. Si votre \u0153uvre n\u2019a pas \u00e9t\u00e9 accept\u00e9e, vous pouvez toujours soumettre des images suppl\u00e9mentaires \u00e0 une date ult\u00e9rieure.<\/p><h4><strong>PROPOSITION D\u2019EXPOSITION \u00c0 L\u2019ANNEXE<\/strong><\/h4><p>Les artistes dont les \u0153uvres sont consign\u00e9es \u00e0 la Galerie Annexe qui souhaitent pr\u00e9parer un dossier de proposition peuvent envoyer leur plan d\u2019exposition, leur d\u00e9claration artistique et des images au <a href=\"mailto:shop@oaggao.ca\">shop@oaggao.ca<\/a>.<\/p><p>La Galerie Annexe encourage les artistes qui d\u00e9sirent exposer \u00e0 se conformer aux lignes directrices pour la pr\u00e9sentation de dossier et \u00e0 participer \u00e0 la galerie avant de demander une programmation ou une exposition sp\u00e9ciale. Des exceptions sont parfois faites, sur avis de la haute direction, pour des partenariats qui soutiennent directement les <a href=\"https:\/\/oaggao.ca\/fr\/a-propos\/le-plan-strategique\/\">priorit\u00e9s strat\u00e9giques<\/a> de la Galerie d\u2019art d\u2019Ottawa. Toute demande de partenariat peut \u00eatre soumise sur notre site Web <a href=\"https:\/\/oaggao.ca\/fr\/location-de-salles\/evenements-de-nos-partenaires\/\">ici<\/a>.<\/p><h4><strong>DES QUESTIONS\u2009? COMMUNIQUEZ AVEC NOUS\u2009!<\/strong><\/h4><p>50, pont Mackenzie King, Ottawa, Ontario, K1N 0C5 (1<sup>er<\/sup>\u00a0\u00e9tage de la Galerie d\u2019art d\u2019Ottawa)<\/p><p>613-233-8699, poste 236<\/p><p>Courriel\u00a0: <a href=\"mailto:shop@oaggao.ca\">shop@oaggao.ca<\/a><\/p><p>La Galerie Annexe et la boutique OAG Shop sont sur Instagram <a href=\"https:\/\/www.instagram.com\/oagshop_annexe\/?hl=en\">@oagshop_annexe<\/a><\/p>\t\t\t\t\t\t\t\t<\/div>\n\t\t\t\t<\/div>\n\t\t\t\t\t<\/div>\n\t\t<\/div>\n\t\t\t\t\t<\/div>\n\t\t<\/section>\n\t\t\t\t<\/div>\n\t\t","protected":false},"excerpt":{"rendered":"<p>APPEL \u00c0 SOUMISSIONS : Galerie Annexe APPEL \u00c0 SOUMISSIONS : galerie annexe LIGNES DIRECTRICES POUR LA PR\u00c9SENTATION D\u2019\u0152UVRES\u00a0: Les artistes doivent habiter ou travailler dans un rayon de 150\u00a0km de [&hellip;]<\/p>\n","protected":false},"author":13,"featured_media":0,"parent":20074,"menu_order":0,"comment_status":"closed","ping_status":"closed","template":"","meta":{"_acf_changed":false,"footnotes":""},"class_list":["post-20081","page","type-page","status-publish","hentry"],"acf":[],"aioseo_notices":[],"_links":{"self":[{"href":"https:\/\/oaggao.ca\/fr\/wp-json\/wp\/v2\/pages\/20081","targetHints":{"allow":["GET"]}}],"collection":[{"href":"https:\/\/oaggao.ca\/fr\/wp-json\/wp\/v2\/pages"}],"about":[{"href":"https:\/\/oaggao.ca\/fr\/wp-json\/wp\/v2\/types\/page"}],"author":[{"embeddable":true,"href":"https:\/\/oaggao.ca\/fr\/wp-json\/wp\/v2\/users\/13"}],"replies":[{"embeddable":true,"href":"https:\/\/oaggao.ca\/fr\/wp-json\/wp\/v2\/comments?post=20081"}],"version-history":[{"count":0,"href":"https:\/\/oaggao.ca\/fr\/wp-json\/wp\/v2\/pages\/20081\/revisions"}],"up":[{"embeddable":true,"href":"https:\/\/oaggao.ca\/fr\/wp-json\/wp\/v2\/pages\/20074"}],"wp:attachment":[{"href":"https:\/\/oaggao.ca\/fr\/wp-json\/wp\/v2\/media?parent=20081"}],"curies":[{"name":"wp","href":"https:\/\/api.w.org\/{rel}","templated":true}]}}