{"id":20089,"date":"2021-12-16T23:29:57","date_gmt":"2021-12-17T04:29:57","guid":{"rendered":"https:\/\/wwwoaggaoca.wpengine.com\/?page_id=20089"},"modified":"2023-11-24T21:11:29","modified_gmt":"2023-11-25T02:11:29","slug":"un-cadeau-en-art-de-la-gao","status":"publish","type":"page","link":"https:\/\/oaggao.ca\/fr\/boutique-et-cafe\/galerie-annexe\/un-cadeau-en-art-de-la-gao\/","title":{"rendered":"UN CADEAU EN ART de la GAO"},"content":{"rendered":"\t\t<div data-elementor-type=\"wp-page\" data-elementor-id=\"20089\" class=\"elementor elementor-20089 elementor-13018\" data-elementor-post-type=\"page\">\n\t\t\t\t\t\t<section class=\"elementor-section elementor-top-section elementor-element elementor-element-dc5c030 elementor-section-height-min-height elementor-section-boxed elementor-section-height-default elementor-section-items-middle\" data-id=\"dc5c030\" data-element_type=\"section\" data-settings=\"{&quot;background_background&quot;:&quot;classic&quot;}\">\n\t\t\t\t\t\t\t<div class=\"elementor-background-overlay\"><\/div>\n\t\t\t\t\t\t\t<div class=\"elementor-container elementor-column-gap-default\">\n\t\t\t\t\t<div class=\"elementor-column elementor-col-100 elementor-top-column elementor-element elementor-element-36c29b0\" data-id=\"36c29b0\" data-element_type=\"column\">\n\t\t\t<div class=\"elementor-widget-wrap elementor-element-populated\">\n\t\t\t\t\t\t<div class=\"elementor-element elementor-element-d6a80e7 elementor-widget elementor-widget-heading\" data-id=\"d6a80e7\" data-element_type=\"widget\" data-widget_type=\"heading.default\">\n\t\t\t\t<div class=\"elementor-widget-container\">\n\t\t\t\t\t<h1 class=\"elementor-heading-title elementor-size-default\">UN CADEAU EN ART de la GAO<\/h1>\t\t\t\t<\/div>\n\t\t\t\t<\/div>\n\t\t\t\t\t<\/div>\n\t\t<\/div>\n\t\t\t\t\t<\/div>\n\t\t<\/section>\n\t\t\t\t<section class=\"elementor-section elementor-top-section elementor-element elementor-element-4b6bd7c elementor-section-boxed elementor-section-height-default elementor-section-height-default\" data-id=\"4b6bd7c\" data-element_type=\"section\" data-settings=\"{&quot;background_background&quot;:&quot;classic&quot;}\">\n\t\t\t\t\t\t<div class=\"elementor-container elementor-column-gap-default\">\n\t\t\t\t\t<div class=\"elementor-column elementor-col-100 elementor-top-column elementor-element elementor-element-64ccbba\" data-id=\"64ccbba\" data-element_type=\"column\">\n\t\t\t<div class=\"elementor-widget-wrap\">\n\t\t\t\t\t\t\t<\/div>\n\t\t<\/div>\n\t\t\t\t\t<\/div>\n\t\t<\/section>\n\t\t\t\t<section class=\"elementor-section elementor-top-section elementor-element elementor-element-ecfcadc elementor-section-boxed elementor-section-height-default elementor-section-height-default\" data-id=\"ecfcadc\" data-element_type=\"section\">\n\t\t\t\t\t\t<div class=\"elementor-container elementor-column-gap-default\">\n\t\t\t\t\t<div class=\"elementor-column elementor-col-100 elementor-top-column elementor-element elementor-element-5363110\" data-id=\"5363110\" data-element_type=\"column\">\n\t\t\t<div class=\"elementor-widget-wrap elementor-element-populated\">\n\t\t\t\t\t\t<section class=\"elementor-section elementor-inner-section elementor-element elementor-element-4c424fe elementor-section-boxed elementor-section-height-default elementor-section-height-default\" data-id=\"4c424fe\" data-element_type=\"section\">\n\t\t\t\t\t\t<div class=\"elementor-container elementor-column-gap-default\">\n\t\t\t\t\t<div class=\"elementor-column elementor-col-100 elementor-inner-column elementor-element elementor-element-68da1ae\" data-id=\"68da1ae\" data-element_type=\"column\">\n\t\t\t<div class=\"elementor-widget-wrap elementor-element-populated\">\n\t\t\t\t\t\t<div class=\"elementor-element elementor-element-579174e elementor-widget elementor-widget-heading\" data-id=\"579174e\" data-element_type=\"widget\" data-widget_type=\"heading.default\">\n\t\t\t\t<div class=\"elementor-widget-container\">\n\t\t\t\t\t<h2 class=\"elementor-heading-title elementor-size-default\">UN CADEAU EN ART de la GAO <\/h2>\t\t\t\t<\/div>\n\t\t\t\t<\/div>\n\t\t\t\t\t<\/div>\n\t\t<\/div>\n\t\t\t\t\t<\/div>\n\t\t<\/section>\n\t\t\t\t<section class=\"elementor-section elementor-inner-section elementor-element elementor-element-18e910e elementor-section-boxed elementor-section-height-default elementor-section-height-default\" data-id=\"18e910e\" data-element_type=\"section\">\n\t\t\t\t\t\t<div class=\"elementor-container elementor-column-gap-wide\">\n\t\t\t\t\t<div class=\"elementor-column elementor-col-100 elementor-inner-column elementor-element elementor-element-7e12c9a\" data-id=\"7e12c9a\" data-element_type=\"column\">\n\t\t\t<div class=\"elementor-widget-wrap elementor-element-populated\">\n\t\t\t\t\t\t<div class=\"elementor-element elementor-element-2368cd6 elementor-widget elementor-widget-text-editor\" data-id=\"2368cd6\" data-element_type=\"widget\" data-widget_type=\"text-editor.default\">\n\t\t\t\t<div class=\"elementor-widget-container\">\n\t\t\t\t\t\t\t\t\t<p>Voici une fa\u00e7on unique de faire conna\u00eetre quelles \u0153uvres d&rsquo;art dans la collection de la Galerie Annexe, ou \u00e0 la boutique OAG Shop, vous aimeriez recevoir en guise de cadeau de :<\/p><ul><li>mariage<\/li><li>graduation<\/li><li>anniversaire<\/li><li>toutes autres occasions c\u00e9l\u00e9br\u00e9es<\/li><\/ul><p>Choisissez parmi plus de 340 \u0153uvres d&rsquo;art cr\u00e9\u00e9es par des artistes de la r\u00e9gion. Que vous en soyez au d\u00e9but de votre collection, que vous cherchiez \u00e0 ajouter une pi\u00e8ce unique \u00e0 votre maison ou que vous souhaitiez simplement aider \u00e0 atteindre un objectif envers l\u2019achat d\u2019une \u0153uvre, votre art se trouve ICI. Laissez-nous vous aider \u00e0 faire de votre occasion un moment inoubliable.<\/p><p><strong>Pour cr\u00e9er et partager votre liste de souhaits UN CADEAU EN ART de la GAO, veuillez envoyer un courriel \u00e0<\/strong> <a href=\"mailto:shop@oaggao.ca\">shop@oaggao.ca<\/a><\/p>\t\t\t\t\t\t\t\t<\/div>\n\t\t\t\t<\/div>\n\t\t\t\t\t<\/div>\n\t\t<\/div>\n\t\t\t\t\t<\/div>\n\t\t<\/section>\n\t\t\t\t\t<\/div>\n\t\t<\/div>\n\t\t\t\t\t<\/div>\n\t\t<\/section>\n\t\t\t\t<section class=\"elementor-section elementor-top-section elementor-element elementor-element-7bc0a5d elementor-section-boxed elementor-section-height-default elementor-section-height-default\" data-id=\"7bc0a5d\" data-element_type=\"section\">\n\t\t\t\t\t\t<div class=\"elementor-container elementor-column-gap-default\">\n\t\t\t\t\t<div class=\"elementor-column elementor-col-50 elementor-top-column elementor-element elementor-element-5648ddd\" data-id=\"5648ddd\" data-element_type=\"column\">\n\t\t\t<div class=\"elementor-widget-wrap elementor-element-populated\">\n\t\t\t\t\t\t<div class=\"elementor-element elementor-element-ba39222 elementor-widget__width-initial elementor-widget elementor-widget-image\" data-id=\"ba39222\" data-element_type=\"widget\" data-widget_type=\"image.default\">\n\t\t\t\t<div class=\"elementor-widget-container\">\n\t\t\t\t\t\t\t\t\t\t\t\t\t\t\t<img fetchpriority=\"high\" decoding=\"async\" width=\"768\" height=\"768\" src=\"https:\/\/oaggao.ca\/wp-content\/uploads\/2021\/12\/Ottawa-Art-Gallery-GIFT-OF-ART-Registry-FR-768x768.png\" class=\"attachment-medium_large size-medium_large wp-image-20093\" alt=\"\" srcset=\"https:\/\/oaggao.ca\/wp-content\/uploads\/2021\/12\/Ottawa-Art-Gallery-GIFT-OF-ART-Registry-FR-768x768.png 768w, https:\/\/oaggao.ca\/wp-content\/uploads\/2021\/12\/Ottawa-Art-Gallery-GIFT-OF-ART-Registry-FR-300x300.png 300w, https:\/\/oaggao.ca\/wp-content\/uploads\/2021\/12\/Ottawa-Art-Gallery-GIFT-OF-ART-Registry-FR-150x150.png 150w, https:\/\/oaggao.ca\/wp-content\/uploads\/2021\/12\/elementor\/thumbs\/Ottawa-Art-Gallery-GIFT-OF-ART-Registry-FR-pvo8tjds50nfl384nvsge5kfqz5qeaqq37dpz3wsqw.png 500w, https:\/\/oaggao.ca\/wp-content\/uploads\/2021\/12\/Ottawa-Art-Gallery-GIFT-OF-ART-Registry-FR.png 800w\" sizes=\"(max-width: 768px) 100vw, 768px\" \/>\t\t\t\t\t\t\t\t\t\t\t\t\t\t\t<\/div>\n\t\t\t\t<\/div>\n\t\t\t\t\t<\/div>\n\t\t<\/div>\n\t\t\t\t<div class=\"elementor-column elementor-col-50 elementor-top-column elementor-element elementor-element-19210d1\" data-id=\"19210d1\" data-element_type=\"column\">\n\t\t\t<div class=\"elementor-widget-wrap elementor-element-populated\">\n\t\t\t\t\t\t<div class=\"elementor-element elementor-element-9ce7d40 elementor-widget__width-initial elementor-widget elementor-widget-text-editor\" data-id=\"9ce7d40\" data-element_type=\"widget\" data-widget_type=\"text-editor.default\">\n\t\t\t\t<div class=\"elementor-widget-container\">\n\t\t\t\t\t\t\t\t\t<h4><strong>FOIRE AUX QUESTIONS :<\/strong><\/h4><p><strong>Q:<\/strong> Comment \u00e7a fonctionne ?<br \/>R : Une fois votre demande envoy\u00e9e, notre \u00e9quipe communiquera avec vous et vous guidera \u00e0 travers toutes les \u00e9tapes, \u00e0 partir du choix d&rsquo;un article ou d&rsquo;une \u0153uvre d&rsquo;art jusqu\u2019\u00e0 la cr\u00e9ation de votre liste de souhaits.<\/p><p><strong>Q :<\/strong> L\u2019\u00e9v\u00e9nement doit-il se d\u00e9rouler \u00e0 la GAO ? <br \/><strong>R :<\/strong> Non ! Le programme UN CADEAU EN ART de la GAO est ouvert \u00e0 toutes les personnes qui aiment l\u2019art.<\/p><p><strong>Q :<\/strong> Combien de temps ma liste demeura-t-elle en fonction ? <br \/><strong>R :<\/strong> Les listes de souhaits entrent en fonction trois mois avant l\u2019\u00e9v\u00e9nement et jusqu&rsquo;\u00e0 une semaine apr\u00e8s.<\/p><p><strong>Q :<\/strong> Puis-je indiquer \u00ab cartes-cadeaux \u00bb sur ma liste de souhaits ? <br \/><strong>R :<\/strong> Absolument ! Notre \u00e9quipe peut vous recommander des pi\u00e8ces qui correspondent \u00e0 votre style, mais si vous n&rsquo;\u00eates pas s\u00fbr, une carte-cadeau est une excellente solution.<\/p>\t\t\t\t\t\t\t\t<\/div>\n\t\t\t\t<\/div>\n\t\t\t\t\t<\/div>\n\t\t<\/div>\n\t\t\t\t\t<\/div>\n\t\t<\/section>\n\t\t\t\t<\/div>\n\t\t","protected":false},"excerpt":{"rendered":"<p>UN CADEAU EN ART de la GAO UN CADEAU EN ART de la GAO Voici une fa\u00e7on unique de faire conna\u00eetre quelles \u0153uvres d&rsquo;art dans la collection de la Galerie [&hellip;]<\/p>\n","protected":false},"author":13,"featured_media":0,"parent":20074,"menu_order":0,"comment_status":"closed","ping_status":"closed","template":"","meta":{"_acf_changed":false,"footnotes":""},"class_list":["post-20089","page","type-page","status-publish","hentry"],"acf":[],"aioseo_notices":[],"_links":{"self":[{"href":"https:\/\/oaggao.ca\/fr\/wp-json\/wp\/v2\/pages\/20089","targetHints":{"allow":["GET"]}}],"collection":[{"href":"https:\/\/oaggao.ca\/fr\/wp-json\/wp\/v2\/pages"}],"about":[{"href":"https:\/\/oaggao.ca\/fr\/wp-json\/wp\/v2\/types\/page"}],"author":[{"embeddable":true,"href":"https:\/\/oaggao.ca\/fr\/wp-json\/wp\/v2\/users\/13"}],"replies":[{"embeddable":true,"href":"https:\/\/oaggao.ca\/fr\/wp-json\/wp\/v2\/comments?post=20089"}],"version-history":[{"count":0,"href":"https:\/\/oaggao.ca\/fr\/wp-json\/wp\/v2\/pages\/20089\/revisions"}],"up":[{"embeddable":true,"href":"https:\/\/oaggao.ca\/fr\/wp-json\/wp\/v2\/pages\/20074"}],"wp:attachment":[{"href":"https:\/\/oaggao.ca\/fr\/wp-json\/wp\/v2\/media?parent=20089"}],"curies":[{"name":"wp","href":"https:\/\/api.w.org\/{rel}","templated":true}]}}