{"id":20196,"date":"2021-12-20T14:11:40","date_gmt":"2021-12-20T19:11:40","guid":{"rendered":"https:\/\/wwwoaggaoca.wpengine.com\/?page_id=20196"},"modified":"2025-08-21T14:24:21","modified_gmt":"2025-08-21T18:24:21","slug":"le-plan-strategique","status":"publish","type":"page","link":"https:\/\/oaggao.ca\/fr\/a-propos\/le-plan-strategique\/","title":{"rendered":"Le Plan strat\u00e9gique"},"content":{"rendered":"\t\t<div data-elementor-type=\"wp-page\" data-elementor-id=\"20196\" class=\"elementor elementor-20196 elementor-3580\" data-elementor-post-type=\"page\">\n\t\t\t\t\t\t<section class=\"elementor-section elementor-top-section elementor-element elementor-element-739c3b4 elementor-section-height-min-height elementor-section-boxed elementor-section-height-default elementor-section-items-middle\" data-id=\"739c3b4\" data-element_type=\"section\" data-settings=\"{&quot;background_background&quot;:&quot;classic&quot;}\">\n\t\t\t\t\t\t\t<div class=\"elementor-background-overlay\"><\/div>\n\t\t\t\t\t\t\t<div class=\"elementor-container elementor-column-gap-default\">\n\t\t\t\t\t<div class=\"elementor-column elementor-col-100 elementor-top-column elementor-element elementor-element-ad19ccc\" data-id=\"ad19ccc\" data-element_type=\"column\">\n\t\t\t<div class=\"elementor-widget-wrap elementor-element-populated\">\n\t\t\t\t\t\t<div class=\"elementor-element elementor-element-b64896d elementor-widget elementor-widget-heading\" data-id=\"b64896d\" data-element_type=\"widget\" data-widget_type=\"heading.default\">\n\t\t\t\t<div class=\"elementor-widget-container\">\n\t\t\t\t\t<h1 class=\"elementor-heading-title elementor-size-default\">Le Plan strat\u00e9gique <\/h1>\t\t\t\t<\/div>\n\t\t\t\t<\/div>\n\t\t\t\t\t<\/div>\n\t\t<\/div>\n\t\t\t\t\t<\/div>\n\t\t<\/section>\n\t\t\t\t<section class=\"elementor-section elementor-top-section elementor-element elementor-element-36eab81 elementor-section-full_width elementor-section-height-default elementor-section-height-default\" data-id=\"36eab81\" data-element_type=\"section\" data-settings=\"{&quot;background_background&quot;:&quot;classic&quot;}\">\n\t\t\t\t\t\t<div class=\"elementor-container elementor-column-gap-default\">\n\t\t\t\t\t<div class=\"elementor-column elementor-col-100 elementor-top-column elementor-element elementor-element-aec12b6\" data-id=\"aec12b6\" data-element_type=\"column\">\n\t\t\t<div class=\"elementor-widget-wrap elementor-element-populated\">\n\t\t\t\t\t\t<div class=\"elementor-element elementor-element-9ba3720 elementor-nav-menu__align-center elementor-nav-menu--dropdown-tablet elementor-nav-menu__text-align-aside elementor-nav-menu--toggle elementor-nav-menu--burger elementor-widget elementor-widget-nav-menu\" data-id=\"9ba3720\" data-element_type=\"widget\" data-settings=\"{&quot;layout&quot;:&quot;horizontal&quot;,&quot;submenu_icon&quot;:{&quot;value&quot;:&quot;&lt;i class=\\&quot;fas fa-caret-down\\&quot; aria-hidden=\\&quot;true\\&quot;&gt;&lt;\\\/i&gt;&quot;,&quot;library&quot;:&quot;fa-solid&quot;},&quot;toggle&quot;:&quot;burger&quot;}\" data-widget_type=\"nav-menu.default\">\n\t\t\t\t<div class=\"elementor-widget-container\">\n\t\t\t\t\t\t\t\t<nav aria-label=\"Menu\" class=\"elementor-nav-menu--main elementor-nav-menu__container elementor-nav-menu--layout-horizontal e--pointer-none\">\n\t\t\t\t<ul id=\"menu-1-9ba3720\" class=\"elementor-nav-menu\"><li class=\"menu-item menu-item-type-post_type menu-item-object-page menu-item-3576\"><a href=\"https:\/\/oaggao.ca\/about-us\/history-and-vision\/\" class=\"elementor-item\">Vision et histoire de la GAO<\/a><\/li>\n<li class=\"menu-item menu-item-type-post_type menu-item-object-page menu-item-3585\"><a href=\"https:\/\/oaggao.ca\/about-us\/strategic-plan\/\" class=\"elementor-item\">Le Plan strat\u00e9gique<\/a><\/li>\n<li class=\"menu-item menu-item-type-post_type menu-item-object-page menu-item-3644\"><a href=\"https:\/\/oaggao.ca\/about-us\/staff\/\" class=\"elementor-item\">Personnel<\/a><\/li>\n<li class=\"menu-item menu-item-type-post_type menu-item-object-page menu-item-3643\"><a href=\"https:\/\/oaggao.ca\/about-us\/board-of-directors\/\" class=\"elementor-item\">Conseil d\u2019administration<\/a><\/li>\n<li class=\"menu-item menu-item-type-post_type menu-item-object-page menu-item-3588\"><a href=\"https:\/\/oaggao.ca\/about-us\/careers-and-opportunities\/\" class=\"elementor-item\">Carri\u00e8res et opportunit\u00e9s<\/a><\/li>\n<li class=\"menu-item menu-item-type-post_type menu-item-object-page menu-item-3646\"><a href=\"https:\/\/oaggao.ca\/about-us\/volunteer\/\" class=\"elementor-item\">B\u00e9n\u00e9volat<\/a><\/li>\n<li class=\"menu-item menu-item-type-post_type menu-item-object-page menu-item-3645\"><a href=\"https:\/\/oaggao.ca\/about-us\/corporate-documents-and-reports\/\" class=\"elementor-item\">Rapports et documents d&rsquo;entreprise<\/a><\/li>\n<\/ul>\t\t\t<\/nav>\n\t\t\t\t\t<div class=\"elementor-menu-toggle\" role=\"button\" tabindex=\"0\" aria-label=\"Permuter le menu\" aria-expanded=\"false\">\n\t\t\t<i aria-hidden=\"true\" role=\"presentation\" class=\"elementor-menu-toggle__icon--open eicon-menu-bar\"><\/i><i aria-hidden=\"true\" role=\"presentation\" class=\"elementor-menu-toggle__icon--close eicon-close\"><\/i>\t\t<\/div>\n\t\t\t\t\t<nav class=\"elementor-nav-menu--dropdown elementor-nav-menu__container\" aria-hidden=\"true\">\n\t\t\t\t<ul id=\"menu-2-9ba3720\" class=\"elementor-nav-menu\"><li class=\"menu-item menu-item-type-post_type menu-item-object-page menu-item-3576\"><a href=\"https:\/\/oaggao.ca\/about-us\/history-and-vision\/\" class=\"elementor-item\" tabindex=\"-1\">Vision et histoire de la GAO<\/a><\/li>\n<li class=\"menu-item menu-item-type-post_type menu-item-object-page menu-item-3585\"><a href=\"https:\/\/oaggao.ca\/about-us\/strategic-plan\/\" class=\"elementor-item\" tabindex=\"-1\">Le Plan strat\u00e9gique<\/a><\/li>\n<li class=\"menu-item menu-item-type-post_type menu-item-object-page menu-item-3644\"><a href=\"https:\/\/oaggao.ca\/about-us\/staff\/\" class=\"elementor-item\" tabindex=\"-1\">Personnel<\/a><\/li>\n<li class=\"menu-item menu-item-type-post_type menu-item-object-page menu-item-3643\"><a href=\"https:\/\/oaggao.ca\/about-us\/board-of-directors\/\" class=\"elementor-item\" tabindex=\"-1\">Conseil d\u2019administration<\/a><\/li>\n<li class=\"menu-item menu-item-type-post_type menu-item-object-page menu-item-3588\"><a href=\"https:\/\/oaggao.ca\/about-us\/careers-and-opportunities\/\" class=\"elementor-item\" tabindex=\"-1\">Carri\u00e8res et opportunit\u00e9s<\/a><\/li>\n<li class=\"menu-item menu-item-type-post_type menu-item-object-page menu-item-3646\"><a href=\"https:\/\/oaggao.ca\/about-us\/volunteer\/\" class=\"elementor-item\" tabindex=\"-1\">B\u00e9n\u00e9volat<\/a><\/li>\n<li class=\"menu-item menu-item-type-post_type menu-item-object-page menu-item-3645\"><a href=\"https:\/\/oaggao.ca\/about-us\/corporate-documents-and-reports\/\" class=\"elementor-item\" tabindex=\"-1\">Rapports et documents d&rsquo;entreprise<\/a><\/li>\n<\/ul>\t\t\t<\/nav>\n\t\t\t\t\t\t<\/div>\n\t\t\t\t<\/div>\n\t\t\t\t\t<\/div>\n\t\t<\/div>\n\t\t\t\t\t<\/div>\n\t\t<\/section>\n\t\t\t\t<section class=\"elementor-section elementor-top-section elementor-element elementor-element-38b715f elementor-section-boxed elementor-section-height-default elementor-section-height-default\" data-id=\"38b715f\" data-element_type=\"section\">\n\t\t\t\t\t\t<div class=\"elementor-container elementor-column-gap-default\">\n\t\t\t\t\t<div class=\"elementor-column elementor-col-100 elementor-top-column elementor-element elementor-element-eed474e\" data-id=\"eed474e\" data-element_type=\"column\">\n\t\t\t<div class=\"elementor-widget-wrap elementor-element-populated\">\n\t\t\t\t\t\t<div class=\"elementor-element elementor-element-ffcd05e elementor-widget elementor-widget-heading\" data-id=\"ffcd05e\" data-element_type=\"widget\" data-widget_type=\"heading.default\">\n\t\t\t\t<div class=\"elementor-widget-container\">\n\t\t\t\t\t<h2 class=\"elementor-heading-title elementor-size-default\">Le Plan strat\u00e9gique de la Galerie d\u2019art d\u2019Ottawa<\/h2>\t\t\t\t<\/div>\n\t\t\t\t<\/div>\n\t\t\t\t<div class=\"elementor-element elementor-element-6324a19 elementor-widget elementor-widget-heading\" data-id=\"6324a19\" data-element_type=\"widget\" data-widget_type=\"heading.default\">\n\t\t\t\t<div class=\"elementor-widget-container\">\n\t\t\t\t\t<h3 class=\"elementor-heading-title elementor-size-default\">Suite du dialogue sur une vision distincte par et pour la collectivit\u00e9   <\/h3>\t\t\t\t<\/div>\n\t\t\t\t<\/div>\n\t\t\t\t<div class=\"elementor-element elementor-element-3a837c8 elementor-widget elementor-widget-text-editor\" data-id=\"3a837c8\" data-element_type=\"widget\" data-widget_type=\"text-editor.default\">\n\t\t\t\t<div class=\"elementor-widget-container\">\n\t\t\t\t\t\t\t\t\t<p>Le dernier processus de planification strat\u00e9gique de la Galerie d\u2019art d\u2019Ottawa (GAO) lui a permis de concr\u00e9tiser son engagement envers une approche continue et it\u00e9rative favorisant la connexion. Guid\u00e9e par ses valeurs, particuli\u00e8rement sa vocation envers la collectivit\u00e9, et d\u00e9termin\u00e9e \u00e0 s\u2019appuyer sur les fondements d\u00e9taill\u00e9s dans ce document, la GAO adopte aujourd\u2019hui une position privil\u00e9giant l\u2019ouverture et la curiosit\u00e9. Celle-ci, forte de dynamisme et d\u2019opportunisme, lui permettra \u00e9galement d\u2019investir dans la mobilisation et la connexion, piliers de sa raison d\u2019\u00eatre comme galerie publique.<\/p><p>Ce plan strat\u00e9gique est, \u00e0 l\u2019image du pr\u00e9c\u00e9dent, ancr\u00e9 dans un d\u00e9sir de poursuivre le dialogue face \u00e0 un paysage social en constante \u00e9volution qui se manifeste aujourd\u2019hui de fa\u00e7on nouvelle et inattendue. Au c\u0153ur m\u00eame de l\u2019existence de la GAO se trouvent une sinc\u00e9rit\u00e9, un app\u00e9tit, et un engagement envers de r\u00e9elles et valables connexions. C\u2019est d\u2019ailleurs ce qui lui permet de b\u00e2tir une culture et de produire des programmes et services sans pr\u00e9c\u00e9dent, dont le calibre de premi\u00e8re classe d\u00e9passe les attentes au niveau hyperlocal, national, et international.<\/p><p>Comme indiqu\u00e9 dans le dernier plan, quoique le travail requis et le parcours \u00e0 suivre pourraient bel et bien changer, le dialogue entam\u00e9 se poursuivra dans le respect des fondements, des objectifs et des mesures d\u00e9taill\u00e9es ci-dessous. Plus que jamais, la GAO s\u2019engage \u00e0 poursuivre son approche exceptionnelle, voire l\u2019aviver, en misant sur l\u2019ouverture et l\u2019adaptation, en vue de souligner la valeur particuli\u00e8re qu\u2019elle peut contribuer \u00e0 l\u2019art, \u00e0 la collectivit\u00e9 et \u00e0 la connexion. Au fur et \u00e0 mesure que son rayonnement et son r\u00f4le \u00e9voluent, elle s\u2019engage \u00e0 codifier cette extraordinaire capacit\u00e9 relationnelle pour encourager l\u2019atteinte de son plein potentiel.<\/p>\t\t\t\t\t\t\t\t<\/div>\n\t\t\t\t<\/div>\n\t\t\t\t\t<\/div>\n\t\t<\/div>\n\t\t\t\t\t<\/div>\n\t\t<\/section>\n\t\t\t\t<section class=\"elementor-section elementor-top-section elementor-element elementor-element-b3d3320 elementor-section-boxed elementor-section-height-default elementor-section-height-default\" data-id=\"b3d3320\" data-element_type=\"section\">\n\t\t\t\t\t\t<div class=\"elementor-container elementor-column-gap-default\">\n\t\t\t\t\t<div class=\"elementor-column elementor-col-100 elementor-top-column elementor-element elementor-element-005c9a9\" data-id=\"005c9a9\" data-element_type=\"column\">\n\t\t\t<div class=\"elementor-widget-wrap elementor-element-populated\">\n\t\t\t\t\t\t<div class=\"elementor-element elementor-element-0e71af0 elementor-widget elementor-widget-button\" data-id=\"0e71af0\" data-element_type=\"widget\" data-widget_type=\"button.default\">\n\t\t\t\t<div class=\"elementor-widget-container\">\n\t\t\t\t\t\t\t\t\t<div class=\"elementor-button-wrapper\">\n\t\t\t\t\t<a class=\"elementor-button elementor-button-link elementor-size-sm\" href=\"https:\/\/oaggao.ca\/wp-content\/uploads\/2025\/08\/OAG-Strategic-Plan-FR.pdf\">\n\t\t\t\t\t\t<span class=\"elementor-button-content-wrapper\">\n\t\t\t\t\t\t\t\t\t<span class=\"elementor-button-text\">Consulter le Plan strat\u00e9gique de la Galerie<\/span>\n\t\t\t\t\t<\/span>\n\t\t\t\t\t<\/a>\n\t\t\t\t<\/div>\n\t\t\t\t\t\t\t\t<\/div>\n\t\t\t\t<\/div>\n\t\t\t\t\t<\/div>\n\t\t<\/div>\n\t\t\t\t\t<\/div>\n\t\t<\/section>\n\t\t\t\t<\/div>\n\t\t","protected":false},"excerpt":{"rendered":"<p>Le Plan strat\u00e9gique Le Plan strat\u00e9gique de la Galerie d\u2019art d\u2019Ottawa Suite du dialogue sur une vision distincte par et pour la collectivit\u00e9 Le dernier processus de planification strat\u00e9gique de [&hellip;]<\/p>\n","protected":false},"author":13,"featured_media":0,"parent":15612,"menu_order":0,"comment_status":"closed","ping_status":"closed","template":"","meta":{"_acf_changed":false,"footnotes":""},"class_list":["post-20196","page","type-page","status-publish","hentry"],"acf":[],"aioseo_notices":[],"_links":{"self":[{"href":"https:\/\/oaggao.ca\/fr\/wp-json\/wp\/v2\/pages\/20196","targetHints":{"allow":["GET"]}}],"collection":[{"href":"https:\/\/oaggao.ca\/fr\/wp-json\/wp\/v2\/pages"}],"about":[{"href":"https:\/\/oaggao.ca\/fr\/wp-json\/wp\/v2\/types\/page"}],"author":[{"embeddable":true,"href":"https:\/\/oaggao.ca\/fr\/wp-json\/wp\/v2\/users\/13"}],"replies":[{"embeddable":true,"href":"https:\/\/oaggao.ca\/fr\/wp-json\/wp\/v2\/comments?post=20196"}],"version-history":[{"count":0,"href":"https:\/\/oaggao.ca\/fr\/wp-json\/wp\/v2\/pages\/20196\/revisions"}],"up":[{"embeddable":true,"href":"https:\/\/oaggao.ca\/fr\/wp-json\/wp\/v2\/pages\/15612"}],"wp:attachment":[{"href":"https:\/\/oaggao.ca\/fr\/wp-json\/wp\/v2\/media?parent=20196"}],"curies":[{"name":"wp","href":"https:\/\/api.w.org\/{rel}","templated":true}]}}