{"id":20201,"date":"2021-12-20T15:52:40","date_gmt":"2021-12-20T20:52:40","guid":{"rendered":"https:\/\/wwwoaggaoca.wpengine.com\/?page_id=20201"},"modified":"2026-04-16T13:58:17","modified_gmt":"2026-04-16T17:58:17","slug":"carrieres-et-opportunites","status":"publish","type":"page","link":"https:\/\/oaggao.ca\/fr\/a-propos\/carrieres-et-opportunites\/","title":{"rendered":"Carri\u00e8res et opportunit\u00e9s"},"content":{"rendered":"\t\t<div data-elementor-type=\"wp-page\" data-elementor-id=\"20201\" class=\"elementor elementor-20201 elementor-3586\" data-elementor-post-type=\"page\">\n\t\t\t\t\t\t<section class=\"elementor-section elementor-top-section elementor-element elementor-element-739c3b4 elementor-section-height-min-height elementor-section-boxed elementor-section-height-default elementor-section-items-middle\" data-id=\"739c3b4\" data-element_type=\"section\" data-settings=\"{&quot;background_background&quot;:&quot;classic&quot;}\">\n\t\t\t\t\t\t\t<div class=\"elementor-background-overlay\"><\/div>\n\t\t\t\t\t\t\t<div class=\"elementor-container elementor-column-gap-default\">\n\t\t\t\t\t<div class=\"elementor-column elementor-col-100 elementor-top-column elementor-element elementor-element-ad19ccc\" data-id=\"ad19ccc\" data-element_type=\"column\">\n\t\t\t<div class=\"elementor-widget-wrap elementor-element-populated\">\n\t\t\t\t\t\t<div class=\"elementor-element elementor-element-b64896d elementor-widget elementor-widget-heading\" data-id=\"b64896d\" data-element_type=\"widget\" data-widget_type=\"heading.default\">\n\t\t\t\t<div class=\"elementor-widget-container\">\n\t\t\t\t\t<h1 class=\"elementor-heading-title elementor-size-default\">Carri\u00e8res et emplois<\/h1>\t\t\t\t<\/div>\n\t\t\t\t<\/div>\n\t\t\t\t\t<\/div>\n\t\t<\/div>\n\t\t\t\t\t<\/div>\n\t\t<\/section>\n\t\t\t\t<section class=\"elementor-section elementor-top-section elementor-element elementor-element-36eab81 elementor-section-full_width elementor-section-height-default elementor-section-height-default\" data-id=\"36eab81\" data-element_type=\"section\" data-settings=\"{&quot;background_background&quot;:&quot;classic&quot;}\">\n\t\t\t\t\t\t<div class=\"elementor-container elementor-column-gap-default\">\n\t\t\t\t\t<div class=\"elementor-column elementor-col-100 elementor-top-column elementor-element elementor-element-aec12b6\" data-id=\"aec12b6\" data-element_type=\"column\">\n\t\t\t<div class=\"elementor-widget-wrap elementor-element-populated\">\n\t\t\t\t\t\t<div class=\"elementor-element elementor-element-9ba3720 elementor-nav-menu__align-center elementor-nav-menu--dropdown-tablet elementor-nav-menu__text-align-aside elementor-nav-menu--toggle elementor-nav-menu--burger elementor-widget elementor-widget-nav-menu\" data-id=\"9ba3720\" data-element_type=\"widget\" data-settings=\"{&quot;layout&quot;:&quot;horizontal&quot;,&quot;submenu_icon&quot;:{&quot;value&quot;:&quot;&lt;i class=\\&quot;fas fa-caret-down\\&quot; aria-hidden=\\&quot;true\\&quot;&gt;&lt;\\\/i&gt;&quot;,&quot;library&quot;:&quot;fa-solid&quot;},&quot;toggle&quot;:&quot;burger&quot;}\" data-widget_type=\"nav-menu.default\">\n\t\t\t\t<div class=\"elementor-widget-container\">\n\t\t\t\t\t\t\t\t<nav aria-label=\"Menu\" class=\"elementor-nav-menu--main elementor-nav-menu__container elementor-nav-menu--layout-horizontal e--pointer-none\">\n\t\t\t\t<ul id=\"menu-1-9ba3720\" class=\"elementor-nav-menu\"><li class=\"menu-item menu-item-type-post_type menu-item-object-page menu-item-3576\"><a href=\"https:\/\/oaggao.ca\/about-us\/history-and-vision\/\" class=\"elementor-item\">Vision et histoire de la GAO<\/a><\/li>\n<li class=\"menu-item menu-item-type-post_type menu-item-object-page menu-item-3585\"><a href=\"https:\/\/oaggao.ca\/about-us\/strategic-plan\/\" class=\"elementor-item\">Le Plan strat\u00e9gique<\/a><\/li>\n<li class=\"menu-item menu-item-type-post_type menu-item-object-page menu-item-3644\"><a href=\"https:\/\/oaggao.ca\/about-us\/staff\/\" class=\"elementor-item\">Personnel<\/a><\/li>\n<li class=\"menu-item menu-item-type-post_type menu-item-object-page menu-item-3643\"><a href=\"https:\/\/oaggao.ca\/about-us\/board-of-directors\/\" class=\"elementor-item\">Conseil d\u2019administration<\/a><\/li>\n<li class=\"menu-item menu-item-type-post_type menu-item-object-page menu-item-3588\"><a href=\"https:\/\/oaggao.ca\/about-us\/careers-and-opportunities\/\" class=\"elementor-item\">Carri\u00e8res et opportunit\u00e9s<\/a><\/li>\n<li class=\"menu-item menu-item-type-post_type menu-item-object-page menu-item-3646\"><a href=\"https:\/\/oaggao.ca\/about-us\/volunteer\/\" class=\"elementor-item\">B\u00e9n\u00e9volat<\/a><\/li>\n<li class=\"menu-item menu-item-type-post_type menu-item-object-page menu-item-3645\"><a href=\"https:\/\/oaggao.ca\/about-us\/corporate-documents-and-reports\/\" class=\"elementor-item\">Rapports et documents d&rsquo;entreprise<\/a><\/li>\n<\/ul>\t\t\t<\/nav>\n\t\t\t\t\t<div class=\"elementor-menu-toggle\" role=\"button\" tabindex=\"0\" aria-label=\"Permuter le menu\" aria-expanded=\"false\">\n\t\t\t<i aria-hidden=\"true\" role=\"presentation\" class=\"elementor-menu-toggle__icon--open eicon-menu-bar\"><\/i><i aria-hidden=\"true\" role=\"presentation\" class=\"elementor-menu-toggle__icon--close eicon-close\"><\/i>\t\t<\/div>\n\t\t\t\t\t<nav class=\"elementor-nav-menu--dropdown elementor-nav-menu__container\" aria-hidden=\"true\">\n\t\t\t\t<ul id=\"menu-2-9ba3720\" class=\"elementor-nav-menu\"><li class=\"menu-item menu-item-type-post_type menu-item-object-page menu-item-3576\"><a href=\"https:\/\/oaggao.ca\/about-us\/history-and-vision\/\" class=\"elementor-item\" tabindex=\"-1\">Vision et histoire de la GAO<\/a><\/li>\n<li class=\"menu-item menu-item-type-post_type menu-item-object-page menu-item-3585\"><a href=\"https:\/\/oaggao.ca\/about-us\/strategic-plan\/\" class=\"elementor-item\" tabindex=\"-1\">Le Plan strat\u00e9gique<\/a><\/li>\n<li class=\"menu-item menu-item-type-post_type menu-item-object-page menu-item-3644\"><a href=\"https:\/\/oaggao.ca\/about-us\/staff\/\" class=\"elementor-item\" tabindex=\"-1\">Personnel<\/a><\/li>\n<li class=\"menu-item menu-item-type-post_type menu-item-object-page menu-item-3643\"><a href=\"https:\/\/oaggao.ca\/about-us\/board-of-directors\/\" class=\"elementor-item\" tabindex=\"-1\">Conseil d\u2019administration<\/a><\/li>\n<li class=\"menu-item menu-item-type-post_type menu-item-object-page menu-item-3588\"><a href=\"https:\/\/oaggao.ca\/about-us\/careers-and-opportunities\/\" class=\"elementor-item\" tabindex=\"-1\">Carri\u00e8res et opportunit\u00e9s<\/a><\/li>\n<li class=\"menu-item menu-item-type-post_type menu-item-object-page menu-item-3646\"><a href=\"https:\/\/oaggao.ca\/about-us\/volunteer\/\" class=\"elementor-item\" tabindex=\"-1\">B\u00e9n\u00e9volat<\/a><\/li>\n<li class=\"menu-item menu-item-type-post_type menu-item-object-page menu-item-3645\"><a href=\"https:\/\/oaggao.ca\/about-us\/corporate-documents-and-reports\/\" class=\"elementor-item\" tabindex=\"-1\">Rapports et documents d&rsquo;entreprise<\/a><\/li>\n<\/ul>\t\t\t<\/nav>\n\t\t\t\t\t\t<\/div>\n\t\t\t\t<\/div>\n\t\t\t\t\t<\/div>\n\t\t<\/div>\n\t\t\t\t\t<\/div>\n\t\t<\/section>\n\t\t\t\t<section class=\"elementor-section elementor-top-section elementor-element elementor-element-38b715f elementor-section-boxed elementor-section-height-default elementor-section-height-default\" data-id=\"38b715f\" data-element_type=\"section\">\n\t\t\t\t\t\t<div class=\"elementor-container elementor-column-gap-default\">\n\t\t\t\t\t<div class=\"elementor-column elementor-col-100 elementor-top-column elementor-element elementor-element-eed474e\" data-id=\"eed474e\" data-element_type=\"column\">\n\t\t\t<div class=\"elementor-widget-wrap elementor-element-populated\">\n\t\t\t\t\t\t<div class=\"elementor-element elementor-element-fee1621 elementor-widget elementor-widget-spacer\" data-id=\"fee1621\" data-element_type=\"widget\" data-widget_type=\"spacer.default\">\n\t\t\t\t<div class=\"elementor-widget-container\">\n\t\t\t\t\t\t\t<div class=\"elementor-spacer\">\n\t\t\t<div class=\"elementor-spacer-inner\"><\/div>\n\t\t<\/div>\n\t\t\t\t\t\t<\/div>\n\t\t\t\t<\/div>\n\t\t\t\t<div class=\"elementor-element elementor-element-55734cd elementor-widget elementor-widget-heading\" data-id=\"55734cd\" data-element_type=\"widget\" data-widget_type=\"heading.default\">\n\t\t\t\t<div class=\"elementor-widget-container\">\n\t\t\t\t\t<h3 class=\"elementor-heading-title elementor-size-default\">postes ouverts en ce moment<\/h3>\t\t\t\t<\/div>\n\t\t\t\t<\/div>\n\t\t\t\t<div class=\"elementor-element elementor-element-36ce975 elementor-widget elementor-widget-spacer\" data-id=\"36ce975\" data-element_type=\"widget\" data-widget_type=\"spacer.default\">\n\t\t\t\t<div class=\"elementor-widget-container\">\n\t\t\t\t\t\t\t<div class=\"elementor-spacer\">\n\t\t\t<div class=\"elementor-spacer-inner\"><\/div>\n\t\t<\/div>\n\t\t\t\t\t\t<\/div>\n\t\t\t\t<\/div>\n\t\t\t\t<div class=\"elementor-element elementor-element-71c288f elementor-icon-list--layout-traditional elementor-list-item-link-full_width elementor-widget elementor-widget-icon-list\" data-id=\"71c288f\" data-element_type=\"widget\" data-widget_type=\"icon-list.default\">\n\t\t\t\t<div class=\"elementor-widget-container\">\n\t\t\t\t\t\t\t<ul class=\"elementor-icon-list-items\">\n\t\t\t\t\t\t\t<li class=\"elementor-icon-list-item\">\n\t\t\t\t\t\t\t\t\t\t\t<a href=\"https:\/\/oaggao.ca\/fr\/a-propos\/carrieres-et-opportunites\/appel-a-candidatures-programme-de-bourse-pour-commissaire-2026-2027\/\" target=\"_blank\">\n\n\t\t\t\t\t\t\t\t\t\t\t\t<span class=\"elementor-icon-list-icon\">\n\t\t\t\t\t\t\t<i aria-hidden=\"true\" class=\"fas fa-briefcase\"><\/i>\t\t\t\t\t\t<\/span>\n\t\t\t\t\t\t\t\t\t\t<span class=\"elementor-icon-list-text\">Appel \u00e0 candidatures : Programme de bourse pour commissaire 2026 - 2027<\/span>\n\t\t\t\t\t\t\t\t\t\t\t<\/a>\n\t\t\t\t\t\t\t\t\t<\/li>\n\t\t\t\t\t\t<\/ul>\n\t\t\t\t\t\t<\/div>\n\t\t\t\t<\/div>\n\t\t\t\t<div class=\"elementor-element elementor-element-1cde606 elementor-widget elementor-widget-spacer\" data-id=\"1cde606\" data-element_type=\"widget\" data-widget_type=\"spacer.default\">\n\t\t\t\t<div class=\"elementor-widget-container\">\n\t\t\t\t\t\t\t<div class=\"elementor-spacer\">\n\t\t\t<div class=\"elementor-spacer-inner\"><\/div>\n\t\t<\/div>\n\t\t\t\t\t\t<\/div>\n\t\t\t\t<\/div>\n\t\t\t\t<div class=\"elementor-element elementor-element-1f45edc elementor-widget elementor-widget-text-editor\" data-id=\"1f45edc\" data-element_type=\"widget\" data-widget_type=\"text-editor.default\">\n\t\t\t\t<div class=\"elementor-widget-container\">\n\t\t\t\t\t\t\t\t\t<h4><strong><em>Attention : m\u00e9fiez-vous des fausses offres d\u2019emploi<\/em><\/strong><\/h4><p>Nous tenons \u00e0 ce que votre recherche d\u2019emploi se fasse en toute s\u00e9curit\u00e9. Notre \u00e9quipe a appris que <strong>de fausses annonces circulent en utilisant le nom de la Galerie d\u2019art d\u2019Ottawa<\/strong> (GAO), sans r\u00e9ellement provenir de nous.<\/p><p><em>Voici ce que vous devez savoir :<\/em><\/p><ul><li><strong>Nos vraies offres d\u2019emploi sont affich\u00e9es exclusivement sur le site Web de la GAO.<\/strong> Si vous voyez une annonce li\u00e9e \u00e0 la GAO ailleurs, v\u00e9rifiez toujours sur notre site Web si cette m\u00eame annonce y figure.<br \/><br \/><\/li><li>La Galerie <strong>ne vous demandera jamais de fournir des renseignements personnels ou financiers \u00e0 l\u2019avance<\/strong>, ni de payer des frais dans le cadre de notre processus d\u2019embauche.<br \/><br \/><\/li><li>Si quelque chose vous semble hors de l\u2019ordinaire, ou si vous avez un doute concernant une offre ou un message pr\u00e9tendant venir de la GAO, n\u2019h\u00e9sitez pas \u00e0 communiquer avec nous en \u00e9crivant \u00e0 : <a href=\"mailto:zmacneil@oaggao.ca\">zmacneil@oaggao.ca<\/a>.<\/li><\/ul>\t\t\t\t\t\t\t\t<\/div>\n\t\t\t\t<\/div>\n\t\t\t\t\t<\/div>\n\t\t<\/div>\n\t\t\t\t\t<\/div>\n\t\t<\/section>\n\t\t\t\t<\/div>\n\t\t","protected":false},"excerpt":{"rendered":"<p>Carri\u00e8res et emplois postes ouverts en ce moment Appel \u00e0 candidatures : Programme de bourse pour commissaire 2026 &#8211; 2027 Attention : m\u00e9fiez-vous des fausses offres d\u2019emploi Nous tenons \u00e0 [&hellip;]<\/p>\n","protected":false},"author":13,"featured_media":0,"parent":15612,"menu_order":0,"comment_status":"closed","ping_status":"closed","template":"","meta":{"_acf_changed":false,"footnotes":""},"class_list":["post-20201","page","type-page","status-publish","hentry"],"acf":[],"aioseo_notices":[],"_links":{"self":[{"href":"https:\/\/oaggao.ca\/fr\/wp-json\/wp\/v2\/pages\/20201","targetHints":{"allow":["GET"]}}],"collection":[{"href":"https:\/\/oaggao.ca\/fr\/wp-json\/wp\/v2\/pages"}],"about":[{"href":"https:\/\/oaggao.ca\/fr\/wp-json\/wp\/v2\/types\/page"}],"author":[{"embeddable":true,"href":"https:\/\/oaggao.ca\/fr\/wp-json\/wp\/v2\/users\/13"}],"replies":[{"embeddable":true,"href":"https:\/\/oaggao.ca\/fr\/wp-json\/wp\/v2\/comments?post=20201"}],"version-history":[{"count":3,"href":"https:\/\/oaggao.ca\/fr\/wp-json\/wp\/v2\/pages\/20201\/revisions"}],"predecessor-version":[{"id":49214,"href":"https:\/\/oaggao.ca\/fr\/wp-json\/wp\/v2\/pages\/20201\/revisions\/49214"}],"up":[{"embeddable":true,"href":"https:\/\/oaggao.ca\/fr\/wp-json\/wp\/v2\/pages\/15612"}],"wp:attachment":[{"href":"https:\/\/oaggao.ca\/fr\/wp-json\/wp\/v2\/media?parent=20201"}],"curies":[{"name":"wp","href":"https:\/\/api.w.org\/{rel}","templated":true}]}}