{"id":20245,"date":"2021-12-21T13:31:57","date_gmt":"2021-12-21T18:31:57","guid":{"rendered":"https:\/\/wwwoaggaoca.wpengine.com\/?page_id=20245"},"modified":"2025-03-14T18:55:51","modified_gmt":"2025-03-14T22:55:51","slug":"espace-creatif","status":"publish","type":"page","link":"https:\/\/oaggao.ca\/fr\/apprendre\/bien-etre-et-communaute\/espace-creatif\/","title":{"rendered":"Espace Cr\u00e9atif"},"content":{"rendered":"\t\t<div data-elementor-type=\"wp-page\" data-elementor-id=\"20245\" class=\"elementor elementor-20245 elementor-11656\" data-elementor-post-type=\"page\">\n\t\t\t\t\t\t<section class=\"elementor-section elementor-top-section elementor-element elementor-element-dc5c030 elementor-section-height-min-height elementor-section-boxed elementor-section-height-default elementor-section-items-middle\" data-id=\"dc5c030\" data-element_type=\"section\" data-settings=\"{&quot;background_background&quot;:&quot;classic&quot;}\">\n\t\t\t\t\t\t\t<div class=\"elementor-background-overlay\"><\/div>\n\t\t\t\t\t\t\t<div class=\"elementor-container elementor-column-gap-default\">\n\t\t\t\t\t<div class=\"elementor-column elementor-col-100 elementor-top-column elementor-element elementor-element-36c29b0\" data-id=\"36c29b0\" data-element_type=\"column\">\n\t\t\t<div class=\"elementor-widget-wrap elementor-element-populated\">\n\t\t\t\t\t\t<div class=\"elementor-element elementor-element-d6a80e7 elementor-widget elementor-widget-heading\" data-id=\"d6a80e7\" data-element_type=\"widget\" data-widget_type=\"heading.default\">\n\t\t\t\t<div class=\"elementor-widget-container\">\n\t\t\t\t\t<h1 class=\"elementor-heading-title elementor-size-default\">Espace Cr\u00e9atif<\/h1>\t\t\t\t<\/div>\n\t\t\t\t<\/div>\n\t\t\t\t\t<\/div>\n\t\t<\/div>\n\t\t\t\t\t<\/div>\n\t\t<\/section>\n\t\t\t\t<section class=\"elementor-section elementor-top-section elementor-element elementor-element-e1e7bf7 elementor-section-boxed elementor-section-height-default elementor-section-height-default\" data-id=\"e1e7bf7\" data-element_type=\"section\" data-settings=\"{&quot;background_background&quot;:&quot;classic&quot;}\">\n\t\t\t\t\t\t<div class=\"elementor-container elementor-column-gap-default\">\n\t\t\t\t\t<div class=\"elementor-column elementor-col-100 elementor-top-column elementor-element elementor-element-752273e\" data-id=\"752273e\" data-element_type=\"column\">\n\t\t\t<div class=\"elementor-widget-wrap elementor-element-populated\">\n\t\t\t\t\t\t<div class=\"elementor-element elementor-element-ce59acb elementor-nav-menu__align-center elementor-nav-menu--dropdown-tablet elementor-nav-menu__text-align-aside elementor-nav-menu--toggle elementor-nav-menu--burger elementor-widget elementor-widget-nav-menu\" data-id=\"ce59acb\" data-element_type=\"widget\" data-settings=\"{&quot;layout&quot;:&quot;horizontal&quot;,&quot;submenu_icon&quot;:{&quot;value&quot;:&quot;&lt;i class=\\&quot;fas fa-caret-down\\&quot; aria-hidden=\\&quot;true\\&quot;&gt;&lt;\\\/i&gt;&quot;,&quot;library&quot;:&quot;fa-solid&quot;},&quot;toggle&quot;:&quot;burger&quot;}\" data-widget_type=\"nav-menu.default\">\n\t\t\t\t<div class=\"elementor-widget-container\">\n\t\t\t\t\t\t\t\t<nav aria-label=\"Menu\" class=\"elementor-nav-menu--main elementor-nav-menu__container elementor-nav-menu--layout-horizontal e--pointer-none\">\n\t\t\t\t<ul id=\"menu-1-ce59acb\" class=\"elementor-nav-menu\"><li class=\"menu-item menu-item-type-post_type menu-item-object-page menu-item-19655\"><a href=\"https:\/\/oaggao.ca\/fr\/apprendre\/collections\/\" class=\"elementor-item\">Collections<\/a><\/li>\n<li class=\"menu-item menu-item-type-post_type menu-item-object-page menu-item-19657\"><a href=\"https:\/\/oaggao.ca\/fr\/apprendre\/recherche\/\" class=\"elementor-item\">Recherche<\/a><\/li>\n<li class=\"menu-item menu-item-type-post_type menu-item-object-page menu-item-19653\"><a href=\"https:\/\/oaggao.ca\/fr\/apprendre\/activites-et-programmes-publics\/\" class=\"elementor-item\">Activit\u00e9s et programmes publics<\/a><\/li>\n<li class=\"menu-item menu-item-type-post_type menu-item-object-page menu-item-20338\"><a href=\"https:\/\/oaggao.ca\/fr\/apprendre\/programmes-et-ressources-deducation\/\" class=\"elementor-item\">Programmes et ressources d\u2019\u00e9ducation<\/a><\/li>\n<li class=\"menu-item menu-item-type-post_type menu-item-object-page menu-item-19654\"><a href=\"https:\/\/oaggao.ca\/fr\/apprendre\/bien-etre-et-communaute\/\" class=\"elementor-item\">Bien-\u00eatre et communaut\u00e9<\/a><\/li>\n<li class=\"menu-item menu-item-type-post_type menu-item-object-page menu-item-47347\"><a href=\"https:\/\/oaggao.ca\/fr\/apprendre\/investiture-dartistes-par-la-gao\/\" class=\"elementor-item\">Investiture d\u2019artistes par la GAO<\/a><\/li>\n<\/ul>\t\t\t<\/nav>\n\t\t\t\t\t<div class=\"elementor-menu-toggle\" role=\"button\" tabindex=\"0\" aria-label=\"Permuter le menu\" aria-expanded=\"false\">\n\t\t\t<i aria-hidden=\"true\" role=\"presentation\" class=\"elementor-menu-toggle__icon--open eicon-menu-bar\"><\/i><i aria-hidden=\"true\" role=\"presentation\" class=\"elementor-menu-toggle__icon--close eicon-close\"><\/i>\t\t<\/div>\n\t\t\t\t\t<nav class=\"elementor-nav-menu--dropdown elementor-nav-menu__container\" aria-hidden=\"true\">\n\t\t\t\t<ul id=\"menu-2-ce59acb\" class=\"elementor-nav-menu\"><li class=\"menu-item menu-item-type-post_type menu-item-object-page menu-item-19655\"><a href=\"https:\/\/oaggao.ca\/fr\/apprendre\/collections\/\" class=\"elementor-item\" tabindex=\"-1\">Collections<\/a><\/li>\n<li class=\"menu-item menu-item-type-post_type menu-item-object-page menu-item-19657\"><a href=\"https:\/\/oaggao.ca\/fr\/apprendre\/recherche\/\" class=\"elementor-item\" tabindex=\"-1\">Recherche<\/a><\/li>\n<li class=\"menu-item menu-item-type-post_type menu-item-object-page menu-item-19653\"><a href=\"https:\/\/oaggao.ca\/fr\/apprendre\/activites-et-programmes-publics\/\" class=\"elementor-item\" tabindex=\"-1\">Activit\u00e9s et programmes publics<\/a><\/li>\n<li class=\"menu-item menu-item-type-post_type menu-item-object-page menu-item-20338\"><a href=\"https:\/\/oaggao.ca\/fr\/apprendre\/programmes-et-ressources-deducation\/\" class=\"elementor-item\" tabindex=\"-1\">Programmes et ressources d\u2019\u00e9ducation<\/a><\/li>\n<li class=\"menu-item menu-item-type-post_type menu-item-object-page menu-item-19654\"><a href=\"https:\/\/oaggao.ca\/fr\/apprendre\/bien-etre-et-communaute\/\" class=\"elementor-item\" tabindex=\"-1\">Bien-\u00eatre et communaut\u00e9<\/a><\/li>\n<li class=\"menu-item menu-item-type-post_type menu-item-object-page menu-item-47347\"><a href=\"https:\/\/oaggao.ca\/fr\/apprendre\/investiture-dartistes-par-la-gao\/\" class=\"elementor-item\" tabindex=\"-1\">Investiture d\u2019artistes par la GAO<\/a><\/li>\n<\/ul>\t\t\t<\/nav>\n\t\t\t\t\t\t<\/div>\n\t\t\t\t<\/div>\n\t\t\t\t\t<\/div>\n\t\t<\/div>\n\t\t\t\t\t<\/div>\n\t\t<\/section>\n\t\t\t\t<section class=\"elementor-section elementor-top-section elementor-element elementor-element-27e7eb9 elementor-section-boxed elementor-section-height-default elementor-section-height-default\" data-id=\"27e7eb9\" data-element_type=\"section\">\n\t\t\t\t\t\t<div class=\"elementor-container elementor-column-gap-default\">\n\t\t\t\t\t<div class=\"elementor-column elementor-col-100 elementor-top-column elementor-element elementor-element-0db583f\" data-id=\"0db583f\" data-element_type=\"column\">\n\t\t\t<div class=\"elementor-widget-wrap elementor-element-populated\">\n\t\t\t\t\t\t<section class=\"elementor-section elementor-inner-section elementor-element elementor-element-5a5b36e elementor-section-boxed elementor-section-height-default elementor-section-height-default\" data-id=\"5a5b36e\" data-element_type=\"section\">\n\t\t\t\t\t\t<div class=\"elementor-container elementor-column-gap-wide\">\n\t\t\t\t\t<div class=\"elementor-column elementor-col-100 elementor-inner-column elementor-element elementor-element-dc74c51\" data-id=\"dc74c51\" data-element_type=\"column\">\n\t\t\t<div class=\"elementor-widget-wrap elementor-element-populated\">\n\t\t\t\t\t\t<div class=\"elementor-element elementor-element-65f04dc elementor-widget elementor-widget-heading\" data-id=\"65f04dc\" data-element_type=\"widget\" data-widget_type=\"heading.default\">\n\t\t\t\t<div class=\"elementor-widget-container\">\n\t\t\t\t\t<h2 class=\"elementor-heading-title elementor-size-default\">Ateliers cr\u00e9atifs hebdomadaires pour le bien-\u00eatre et la sant\u00e9 mentale.<\/h2>\t\t\t\t<\/div>\n\t\t\t\t<\/div>\n\t\t\t\t\t<\/div>\n\t\t<\/div>\n\t\t\t\t\t<\/div>\n\t\t<\/section>\n\t\t\t\t<section class=\"elementor-section elementor-inner-section elementor-element elementor-element-6d9b79a elementor-section-boxed elementor-section-height-default elementor-section-height-default\" data-id=\"6d9b79a\" data-element_type=\"section\">\n\t\t\t\t\t\t<div class=\"elementor-container elementor-column-gap-wide\">\n\t\t\t\t\t<div class=\"elementor-column elementor-col-50 elementor-inner-column elementor-element elementor-element-c4635f9\" data-id=\"c4635f9\" data-element_type=\"column\">\n\t\t\t<div class=\"elementor-widget-wrap elementor-element-populated\">\n\t\t\t\t\t\t<div class=\"elementor-element elementor-element-899488b elementor-widget elementor-widget-image\" data-id=\"899488b\" data-element_type=\"widget\" data-widget_type=\"image.default\">\n\t\t\t\t<div class=\"elementor-widget-container\">\n\t\t\t\t\t\t\t\t\t\t\t\t\t\t\t<img fetchpriority=\"high\" decoding=\"async\" width=\"768\" height=\"1024\" src=\"https:\/\/oaggao.ca\/wp-content\/uploads\/2024\/05\/CS-kit-photo-2-768x1024.jpg\" class=\"attachment-medium_large size-medium_large wp-image-40380\" alt=\"\" srcset=\"https:\/\/oaggao.ca\/wp-content\/uploads\/2024\/05\/CS-kit-photo-2-768x1024.jpg 768w, https:\/\/oaggao.ca\/wp-content\/uploads\/2024\/05\/CS-kit-photo-2-225x300.jpg 225w, https:\/\/oaggao.ca\/wp-content\/uploads\/2024\/05\/CS-kit-photo-2-1152x1536.jpg 1152w, https:\/\/oaggao.ca\/wp-content\/uploads\/2024\/05\/CS-kit-photo-2.jpg 1440w\" sizes=\"(max-width: 768px) 100vw, 768px\" \/>\t\t\t\t\t\t\t\t\t\t\t\t\t\t\t<\/div>\n\t\t\t\t<\/div>\n\t\t\t\t\t<\/div>\n\t\t<\/div>\n\t\t\t\t<div class=\"elementor-column elementor-col-50 elementor-inner-column elementor-element elementor-element-c113901\" data-id=\"c113901\" data-element_type=\"column\">\n\t\t\t<div class=\"elementor-widget-wrap elementor-element-populated\">\n\t\t\t\t\t\t<div class=\"elementor-element elementor-element-cf93250 elementor-widget elementor-widget-text-editor\" data-id=\"cf93250\" data-element_type=\"widget\" data-widget_type=\"text-editor.default\">\n\t\t\t\t<div class=\"elementor-widget-container\">\n\t\t\t\t\t\t\t\t\t<p>Ce programme de studio est con\u00e7u pour les jeunes et les adultes qui portent en eux l\u2019exp\u00e9rience de maladies mentales.<\/p><p><strong>Depuis 2015, la GAO et le Centre de sant\u00e9 mentale Royal Ottawa pr\u00e9sentent Espace cr\u00e9atif, un programme pour la sant\u00e9 mentale et l\u2019inclusion sociale qui offre des ateliers artistiques une fois par semaine. Ce programme est maintenant offert en personne et en mode virtuel.<\/strong><\/p><p>La Galerie d\u2019art d\u2019Ottawa a collabor\u00e9 avec le Centre de sant\u00e9 mentale Royal Ottawa pour mettre sur pied ce programme qui cherche \u00e0 encourager le bien-\u00eatre holistique en fournissant des occasions d\u2019exploration cr\u00e9ative multidisciplinaire dans un environnement ouvert et encourageant.<\/p>\t\t\t\t\t\t\t\t<\/div>\n\t\t\t\t<\/div>\n\t\t\t\t<div class=\"elementor-element elementor-element-5b55962 elementor-widget elementor-widget-image\" data-id=\"5b55962\" data-element_type=\"widget\" data-widget_type=\"image.default\">\n\t\t\t\t<div class=\"elementor-widget-container\">\n\t\t\t\t\t\t\t\t\t\t\t\t\t\t\t\t<a href=\"https:\/\/www.theroyal.ca\/\">\n\t\t\t\t\t\t\t<img decoding=\"async\" width=\"173\" height=\"100\" src=\"https:\/\/oaggao.ca\/wp-content\/uploads\/2021\/10\/RoyalOttawaLogo2.png\" class=\"attachment-large size-large wp-image-3710\" alt=\"\" \/>\t\t\t\t\t\t\t\t<\/a>\n\t\t\t\t\t\t\t\t\t\t\t\t\t\t\t<\/div>\n\t\t\t\t<\/div>\n\t\t\t\t<div class=\"elementor-element elementor-element-e000d74 elementor-widget elementor-widget-spacer\" data-id=\"e000d74\" data-element_type=\"widget\" data-widget_type=\"spacer.default\">\n\t\t\t\t<div class=\"elementor-widget-container\">\n\t\t\t\t\t\t\t<div class=\"elementor-spacer\">\n\t\t\t<div class=\"elementor-spacer-inner\"><\/div>\n\t\t<\/div>\n\t\t\t\t\t\t<\/div>\n\t\t\t\t<\/div>\n\t\t\t\t<div class=\"elementor-element elementor-element-1efed19 elementor-widget elementor-widget-text-editor\" data-id=\"1efed19\" data-element_type=\"widget\" data-widget_type=\"text-editor.default\">\n\t\t\t\t<div class=\"elementor-widget-container\">\n\t\t\t\t\t\t\t\t\t<p>Pour toutes questions sur cet atelier, ou d\u2019autres de nos activit\u00e9s, veuillez envoyer un courriel \u00e0 <strong><a href=\"mailto:studio@oaggao.ca\">studio@oaggao.ca<\/a><\/strong>.<\/p>\t\t\t\t\t\t\t\t<\/div>\n\t\t\t\t<\/div>\n\t\t\t\t<div class=\"elementor-element elementor-element-8da1256 elementor-widget elementor-widget-text-editor\" data-id=\"8da1256\" data-element_type=\"widget\" data-widget_type=\"text-editor.default\">\n\t\t\t\t<div class=\"elementor-widget-container\">\n\t\t\t\t\t\t\t\t\t<p>Gr\u00e2ce au soutien de TD<br \/><a href=\"https:\/\/www.td.com\/ca\/fr\/services-bancaires-personnels\/\"><img decoding=\"async\" class=\"alignnone  wp-image-21065\" src=\"https:\/\/oaggao.ca\/wp-content\/uploads\/2021\/11\/TD_SHIELD_PRINT_LOGO_COL_RGB_12139-300x268.jpg\" alt=\"\" width=\"69\" height=\"61\" srcset=\"https:\/\/oaggao.ca\/wp-content\/uploads\/2021\/11\/TD_SHIELD_PRINT_LOGO_COL_RGB_12139-300x268.jpg 300w, https:\/\/oaggao.ca\/wp-content\/uploads\/2021\/11\/TD_SHIELD_PRINT_LOGO_COL_RGB_12139-1024x916.jpg 1024w, https:\/\/oaggao.ca\/wp-content\/uploads\/2021\/11\/TD_SHIELD_PRINT_LOGO_COL_RGB_12139-768x687.jpg 768w, https:\/\/oaggao.ca\/wp-content\/uploads\/2021\/11\/TD_SHIELD_PRINT_LOGO_COL_RGB_12139-1536x1374.jpg 1536w, https:\/\/oaggao.ca\/wp-content\/uploads\/2021\/11\/TD_SHIELD_PRINT_LOGO_COL_RGB_12139-scaled.jpg 2048w\" sizes=\"(max-width: 69px) 100vw, 69px\" \/><\/a><\/p>\t\t\t\t\t\t\t\t<\/div>\n\t\t\t\t<\/div>\n\t\t\t\t<div class=\"elementor-element elementor-element-2b22c61 elementor-widget elementor-widget-button\" data-id=\"2b22c61\" data-element_type=\"widget\" data-widget_type=\"button.default\">\n\t\t\t\t<div class=\"elementor-widget-container\">\n\t\t\t\t\t\t\t\t\t<div class=\"elementor-button-wrapper\">\n\t\t\t\t\t<a class=\"elementor-button elementor-button-link elementor-size-sm\" href=\"\/fr\/a-laffiche\/evenements-et-causeries\/\" target=\"_blank\">\n\t\t\t\t\t\t<span class=\"elementor-button-content-wrapper\">\n\t\t\t\t\t\t\t\t\t<span class=\"elementor-button-text\">Consulter le calendrier<\/span>\n\t\t\t\t\t<\/span>\n\t\t\t\t\t<\/a>\n\t\t\t\t<\/div>\n\t\t\t\t\t\t\t\t<\/div>\n\t\t\t\t<\/div>\n\t\t\t\t\t<\/div>\n\t\t<\/div>\n\t\t\t\t\t<\/div>\n\t\t<\/section>\n\t\t\t\t\t<\/div>\n\t\t<\/div>\n\t\t\t\t\t<\/div>\n\t\t<\/section>\n\t\t\t\t<\/div>\n\t\t","protected":false},"excerpt":{"rendered":"<p>Espace Cr\u00e9atif Ateliers cr\u00e9atifs hebdomadaires pour le bien-\u00eatre et la sant\u00e9 mentale. Ce programme de studio est con\u00e7u pour les jeunes et les adultes qui portent en eux l\u2019exp\u00e9rience de [&hellip;]<\/p>\n","protected":false},"author":13,"featured_media":0,"parent":19648,"menu_order":0,"comment_status":"closed","ping_status":"closed","template":"","meta":{"_acf_changed":false,"footnotes":""},"class_list":["post-20245","page","type-page","status-publish","hentry"],"acf":[],"aioseo_notices":[],"_links":{"self":[{"href":"https:\/\/oaggao.ca\/fr\/wp-json\/wp\/v2\/pages\/20245","targetHints":{"allow":["GET"]}}],"collection":[{"href":"https:\/\/oaggao.ca\/fr\/wp-json\/wp\/v2\/pages"}],"about":[{"href":"https:\/\/oaggao.ca\/fr\/wp-json\/wp\/v2\/types\/page"}],"author":[{"embeddable":true,"href":"https:\/\/oaggao.ca\/fr\/wp-json\/wp\/v2\/users\/13"}],"replies":[{"embeddable":true,"href":"https:\/\/oaggao.ca\/fr\/wp-json\/wp\/v2\/comments?post=20245"}],"version-history":[{"count":0,"href":"https:\/\/oaggao.ca\/fr\/wp-json\/wp\/v2\/pages\/20245\/revisions"}],"up":[{"embeddable":true,"href":"https:\/\/oaggao.ca\/fr\/wp-json\/wp\/v2\/pages\/19648"}],"wp:attachment":[{"href":"https:\/\/oaggao.ca\/fr\/wp-json\/wp\/v2\/media?parent=20245"}],"curies":[{"name":"wp","href":"https:\/\/api.w.org\/{rel}","templated":true}]}}