{"id":20259,"date":"2021-12-21T14:59:29","date_gmt":"2021-12-21T19:59:29","guid":{"rendered":"https:\/\/wwwoaggaoca.wpengine.com\/?page_id=20259"},"modified":"2021-12-21T16:00:11","modified_gmt":"2021-12-21T21:00:11","slug":"creons-herongate","status":"publish","type":"page","link":"https:\/\/oaggao.ca\/fr\/apprendre\/bien-etre-et-communaute\/projets-speciaux-passes\/creons-herongate\/","title":{"rendered":"Cr\u00e9ons Herongate"},"content":{"rendered":"\t\t<div data-elementor-type=\"wp-page\" data-elementor-id=\"20259\" class=\"elementor elementor-20259 elementor-11688\" data-elementor-post-type=\"page\">\n\t\t\t\t\t\t<section class=\"elementor-section elementor-top-section elementor-element elementor-element-dc5c030 elementor-section-height-min-height elementor-section-boxed elementor-section-height-default elementor-section-items-middle\" data-id=\"dc5c030\" data-element_type=\"section\" data-settings=\"{&quot;background_background&quot;:&quot;classic&quot;}\">\n\t\t\t\t\t\t\t<div class=\"elementor-background-overlay\"><\/div>\n\t\t\t\t\t\t\t<div class=\"elementor-container elementor-column-gap-default\">\n\t\t\t\t\t<div class=\"elementor-column elementor-col-100 elementor-top-column elementor-element elementor-element-8fabd0c\" data-id=\"8fabd0c\" data-element_type=\"column\">\n\t\t\t<div class=\"elementor-widget-wrap\">\n\t\t\t\t\t\t\t<\/div>\n\t\t<\/div>\n\t\t\t\t\t<\/div>\n\t\t<\/section>\n\t\t\t\t<section class=\"elementor-section elementor-top-section elementor-element elementor-element-e1e7bf7 elementor-section-boxed elementor-section-height-default elementor-section-height-default\" data-id=\"e1e7bf7\" data-element_type=\"section\" data-settings=\"{&quot;background_background&quot;:&quot;classic&quot;}\">\n\t\t\t\t\t\t<div class=\"elementor-container elementor-column-gap-default\">\n\t\t\t\t\t<div class=\"elementor-column elementor-col-100 elementor-top-column elementor-element elementor-element-752273e\" data-id=\"752273e\" data-element_type=\"column\">\n\t\t\t<div class=\"elementor-widget-wrap elementor-element-populated\">\n\t\t\t\t\t\t<div class=\"elementor-element elementor-element-ce59acb elementor-nav-menu__align-center elementor-nav-menu--dropdown-tablet elementor-nav-menu__text-align-aside elementor-nav-menu--toggle elementor-nav-menu--burger elementor-widget elementor-widget-nav-menu\" data-id=\"ce59acb\" data-element_type=\"widget\" data-settings=\"{&quot;layout&quot;:&quot;horizontal&quot;,&quot;submenu_icon&quot;:{&quot;value&quot;:&quot;&lt;i class=\\&quot;fas fa-caret-down\\&quot; aria-hidden=\\&quot;true\\&quot;&gt;&lt;\\\/i&gt;&quot;,&quot;library&quot;:&quot;fa-solid&quot;},&quot;toggle&quot;:&quot;burger&quot;}\" data-widget_type=\"nav-menu.default\">\n\t\t\t\t<div class=\"elementor-widget-container\">\n\t\t\t\t\t\t\t\t<nav aria-label=\"Menu\" class=\"elementor-nav-menu--main elementor-nav-menu__container elementor-nav-menu--layout-horizontal e--pointer-none\">\n\t\t\t\t<ul id=\"menu-1-ce59acb\" class=\"elementor-nav-menu\"><li class=\"menu-item menu-item-type-post_type menu-item-object-page menu-item-19655\"><a href=\"https:\/\/oaggao.ca\/fr\/apprendre\/collections\/\" class=\"elementor-item\">Collections<\/a><\/li>\n<li class=\"menu-item menu-item-type-post_type menu-item-object-page menu-item-19657\"><a href=\"https:\/\/oaggao.ca\/fr\/apprendre\/recherche\/\" class=\"elementor-item\">Recherche<\/a><\/li>\n<li class=\"menu-item menu-item-type-post_type menu-item-object-page menu-item-19653\"><a href=\"https:\/\/oaggao.ca\/fr\/apprendre\/activites-et-programmes-publics\/\" class=\"elementor-item\">Activit\u00e9s et programmes publics<\/a><\/li>\n<li class=\"menu-item menu-item-type-post_type menu-item-object-page menu-item-20338\"><a href=\"https:\/\/oaggao.ca\/fr\/apprendre\/programmes-et-ressources-deducation\/\" class=\"elementor-item\">Programmes et ressources d\u2019\u00e9ducation<\/a><\/li>\n<li class=\"menu-item menu-item-type-post_type menu-item-object-page menu-item-19654\"><a href=\"https:\/\/oaggao.ca\/fr\/apprendre\/bien-etre-et-communaute\/\" class=\"elementor-item\">Bien-\u00eatre et communaut\u00e9<\/a><\/li>\n<li class=\"menu-item menu-item-type-post_type menu-item-object-page menu-item-47347\"><a href=\"https:\/\/oaggao.ca\/fr\/apprendre\/investiture-dartistes-par-la-gao\/\" class=\"elementor-item\">Investiture d\u2019artistes par la GAO<\/a><\/li>\n<\/ul>\t\t\t<\/nav>\n\t\t\t\t\t<div class=\"elementor-menu-toggle\" role=\"button\" tabindex=\"0\" aria-label=\"Permuter le menu\" aria-expanded=\"false\">\n\t\t\t<i aria-hidden=\"true\" role=\"presentation\" class=\"elementor-menu-toggle__icon--open eicon-menu-bar\"><\/i><i aria-hidden=\"true\" role=\"presentation\" class=\"elementor-menu-toggle__icon--close eicon-close\"><\/i>\t\t<\/div>\n\t\t\t\t\t<nav class=\"elementor-nav-menu--dropdown elementor-nav-menu__container\" aria-hidden=\"true\">\n\t\t\t\t<ul id=\"menu-2-ce59acb\" class=\"elementor-nav-menu\"><li class=\"menu-item menu-item-type-post_type menu-item-object-page menu-item-19655\"><a href=\"https:\/\/oaggao.ca\/fr\/apprendre\/collections\/\" class=\"elementor-item\" tabindex=\"-1\">Collections<\/a><\/li>\n<li class=\"menu-item menu-item-type-post_type menu-item-object-page menu-item-19657\"><a href=\"https:\/\/oaggao.ca\/fr\/apprendre\/recherche\/\" class=\"elementor-item\" tabindex=\"-1\">Recherche<\/a><\/li>\n<li class=\"menu-item menu-item-type-post_type menu-item-object-page menu-item-19653\"><a href=\"https:\/\/oaggao.ca\/fr\/apprendre\/activites-et-programmes-publics\/\" class=\"elementor-item\" tabindex=\"-1\">Activit\u00e9s et programmes publics<\/a><\/li>\n<li class=\"menu-item menu-item-type-post_type menu-item-object-page menu-item-20338\"><a href=\"https:\/\/oaggao.ca\/fr\/apprendre\/programmes-et-ressources-deducation\/\" class=\"elementor-item\" tabindex=\"-1\">Programmes et ressources d\u2019\u00e9ducation<\/a><\/li>\n<li class=\"menu-item menu-item-type-post_type menu-item-object-page menu-item-19654\"><a href=\"https:\/\/oaggao.ca\/fr\/apprendre\/bien-etre-et-communaute\/\" class=\"elementor-item\" tabindex=\"-1\">Bien-\u00eatre et communaut\u00e9<\/a><\/li>\n<li class=\"menu-item menu-item-type-post_type menu-item-object-page menu-item-47347\"><a href=\"https:\/\/oaggao.ca\/fr\/apprendre\/investiture-dartistes-par-la-gao\/\" class=\"elementor-item\" tabindex=\"-1\">Investiture d\u2019artistes par la GAO<\/a><\/li>\n<\/ul>\t\t\t<\/nav>\n\t\t\t\t\t\t<\/div>\n\t\t\t\t<\/div>\n\t\t\t\t\t<\/div>\n\t\t<\/div>\n\t\t\t\t\t<\/div>\n\t\t<\/section>\n\t\t\t\t<section class=\"elementor-section elementor-top-section elementor-element elementor-element-27e7eb9 elementor-section-boxed elementor-section-height-default elementor-section-height-default\" data-id=\"27e7eb9\" data-element_type=\"section\">\n\t\t\t\t\t\t<div class=\"elementor-container elementor-column-gap-default\">\n\t\t\t\t\t<div class=\"elementor-column elementor-col-100 elementor-top-column elementor-element elementor-element-0db583f\" data-id=\"0db583f\" data-element_type=\"column\">\n\t\t\t<div class=\"elementor-widget-wrap elementor-element-populated\">\n\t\t\t\t\t\t<section class=\"elementor-section elementor-inner-section elementor-element elementor-element-6d9b79a elementor-section-boxed elementor-section-height-default elementor-section-height-default\" data-id=\"6d9b79a\" data-element_type=\"section\">\n\t\t\t\t\t\t<div class=\"elementor-container elementor-column-gap-wide\">\n\t\t\t\t\t<div class=\"elementor-column elementor-col-100 elementor-inner-column elementor-element elementor-element-c113901\" data-id=\"c113901\" data-element_type=\"column\">\n\t\t\t<div class=\"elementor-widget-wrap elementor-element-populated\">\n\t\t\t\t\t\t<div class=\"elementor-element elementor-element-cf93250 elementor-widget elementor-widget-text-editor\" data-id=\"cf93250\" data-element_type=\"widget\" data-widget_type=\"text-editor.default\">\n\t\t\t\t<div class=\"elementor-widget-container\">\n\t\t\t\t\t\t\t\t\t<p><strong>La GAO, la Herongate Tenant Coalition (HTC) et l\u2019artiste Daniel Effah lance un projet d\u2019art communautaire ayant pour titre Cr\u00e9ons Herongate.<\/strong>\u00a0<\/p><p>Des rencontres avec les membres de la Herongate Tenant Coalition (HTC), l&rsquo;artiste Daniel Effah et la population de ce quartier auront lieu au cours de l\u2019\u00e9t\u00e9 dans le cadre de cette initiative.<\/p><p>La Herongate Tenant Coalition est cr\u00e9\u00e9e pour lutter contre l\u2019historique expulsion massive de plus de 500 personnes dans le quartier de Herongate.<\/p><p><strong>Pour plus d&rsquo;informations, veuillez communiquer par courriel : <a href=\"mailto:communaute@oaggao.ca\">communaute@oaggao.ca<\/a> ou <a href=\"mailto:herongatetc@gmail.com\">herongatetc@gmail.com<\/a><\/strong><\/p>\t\t\t\t\t\t\t\t<\/div>\n\t\t\t\t<\/div>\n\t\t\t\t<div class=\"elementor-element elementor-element-55245b3 elementor-widget elementor-widget-button\" data-id=\"55245b3\" data-element_type=\"widget\" data-widget_type=\"button.default\">\n\t\t\t\t<div class=\"elementor-widget-container\">\n\t\t\t\t\t\t\t\t\t<div class=\"elementor-button-wrapper\">\n\t\t\t\t\t<a class=\"elementor-button elementor-button-link elementor-size-sm\" href=\"https:\/\/herongatetenants.ca\/\" target=\"_blank\">\n\t\t\t\t\t\t<span class=\"elementor-button-content-wrapper\">\n\t\t\t\t\t\t\t\t\t<span class=\"elementor-button-text\">En savoir plus sur la Herongate Tenant Coalition (HTC)<\/span>\n\t\t\t\t\t<\/span>\n\t\t\t\t\t<\/a>\n\t\t\t\t<\/div>\n\t\t\t\t\t\t\t\t<\/div>\n\t\t\t\t<\/div>\n\t\t\t\t\t<\/div>\n\t\t<\/div>\n\t\t\t\t\t<\/div>\n\t\t<\/section>\n\t\t\t\t\t<\/div>\n\t\t<\/div>\n\t\t\t\t\t<\/div>\n\t\t<\/section>\n\t\t\t\t<section class=\"elementor-section elementor-top-section elementor-element elementor-element-aa8e676 elementor-section-boxed elementor-section-height-default elementor-section-height-default\" data-id=\"aa8e676\" data-element_type=\"section\" data-settings=\"{&quot;background_background&quot;:&quot;classic&quot;}\">\n\t\t\t\t\t\t<div class=\"elementor-container elementor-column-gap-default\">\n\t\t\t\t\t<div class=\"elementor-column elementor-col-100 elementor-top-column elementor-element elementor-element-3fd9614\" data-id=\"3fd9614\" data-element_type=\"column\">\n\t\t\t<div class=\"elementor-widget-wrap elementor-element-populated\">\n\t\t\t\t\t\t<section class=\"elementor-section elementor-inner-section elementor-element elementor-element-a330a46 elementor-section-boxed elementor-section-height-default elementor-section-height-default\" data-id=\"a330a46\" data-element_type=\"section\">\n\t\t\t\t\t\t<div class=\"elementor-container elementor-column-gap-wide\">\n\t\t\t\t\t<div class=\"elementor-column elementor-col-100 elementor-inner-column elementor-element elementor-element-b3feca5\" data-id=\"b3feca5\" data-element_type=\"column\">\n\t\t\t<div class=\"elementor-widget-wrap elementor-element-populated\">\n\t\t\t\t\t\t<div class=\"elementor-element elementor-element-49bb88b elementor-widget elementor-widget-heading\" data-id=\"49bb88b\" data-element_type=\"widget\" data-widget_type=\"heading.default\">\n\t\t\t\t<div class=\"elementor-widget-container\">\n\t\t\t\t\t<h2 class=\"elementor-heading-title elementor-size-default\">la s\u00e9rie dispossession <\/h2>\t\t\t\t<\/div>\n\t\t\t\t<\/div>\n\t\t\t\t\t<\/div>\n\t\t<\/div>\n\t\t\t\t\t<\/div>\n\t\t<\/section>\n\t\t\t\t<section class=\"elementor-section elementor-inner-section elementor-element elementor-element-e916962 elementor-section-boxed elementor-section-height-default elementor-section-height-default\" data-id=\"e916962\" data-element_type=\"section\">\n\t\t\t\t\t\t<div class=\"elementor-container elementor-column-gap-wide\">\n\t\t\t\t\t<div class=\"elementor-column elementor-col-100 elementor-inner-column elementor-element elementor-element-165c74e\" data-id=\"165c74e\" data-element_type=\"column\">\n\t\t\t<div class=\"elementor-widget-wrap elementor-element-populated\">\n\t\t\t\t\t\t<div class=\"elementor-element elementor-element-348986e elementor-widget elementor-widget-text-editor\" data-id=\"348986e\" data-element_type=\"widget\" data-widget_type=\"text-editor.default\">\n\t\t\t\t<div class=\"elementor-widget-container\">\n\t\t\t\t\t\t\t\t\t<p>L&rsquo;ampleur de la situation est communiqu\u00e9e par diff\u00e9rentes formes d\u2019arts visuels, et ce sur une multitude de plateformes. La HTC \u00e9t\u00e9 mis en contact avec le photographe accompli Daniel Effah, qui r\u00e9alise une s\u00e9rie de portraits de locataires du quartier Herongate menac\u00e9s d\u2019expulsion.<\/p><p>Intitul\u00e9e <strong>Dispossession<\/strong>, la s\u00e9rie est initi\u00e9e par la HTC qui cherchait \u00e0 sensibiliser les gens \u00e0 la situation et \u00e0 renforcer le pouvoir et la solidarit\u00e9 de la classe ouvri\u00e8re du quartier. Le pr\u00e9sent projet vise \u00e0 \u00e9duquer et outiller les jeunes ayant des comp\u00e9tences artistiques vari\u00e9es, afin de cr\u00e9er une vision du quartier de Herongate orient\u00e9e vers la communaut\u00e9.<\/p><p>Le but principal de cette d\u00e9marche ascendante est de cr\u00e9er une vision centr\u00e9e sur population actuelle de Herongate en combinant les int\u00e9r\u00eats de la HTC et les comp\u00e9tences de l\u2019artiste.<\/p><p>Le projet promeut une m\u00e9thodologie de conception ax\u00e9e sur la communaut\u00e9 pour int\u00e9grer le souhait des locataires et maintenir une communaut\u00e9 vivante, bien interreli\u00e9e et diverse.<\/p>\t\t\t\t\t\t\t\t<\/div>\n\t\t\t\t<\/div>\n\t\t\t\t<div class=\"elementor-element elementor-element-5e87f8f elementor-widget elementor-widget-button\" data-id=\"5e87f8f\" data-element_type=\"widget\" data-widget_type=\"button.default\">\n\t\t\t\t<div class=\"elementor-widget-container\">\n\t\t\t\t\t\t\t\t\t<div class=\"elementor-button-wrapper\">\n\t\t\t\t\t<a class=\"elementor-button elementor-button-link elementor-size-sm\" href=\"http:\/\/www.artofeffah.com\/new-project\" target=\"_blank\">\n\t\t\t\t\t\t<span class=\"elementor-button-content-wrapper\">\n\t\t\t\t\t\t\t\t\t<span class=\"elementor-button-text\">D\u00e9couvrire la serie Dispossession<\/span>\n\t\t\t\t\t<\/span>\n\t\t\t\t\t<\/a>\n\t\t\t\t<\/div>\n\t\t\t\t\t\t\t\t<\/div>\n\t\t\t\t<\/div>\n\t\t\t\t\t<\/div>\n\t\t<\/div>\n\t\t\t\t\t<\/div>\n\t\t<\/section>\n\t\t\t\t\t<\/div>\n\t\t<\/div>\n\t\t\t\t\t<\/div>\n\t\t<\/section>\n\t\t\t\t<section class=\"elementor-section elementor-top-section elementor-element elementor-element-c1f3d05 elementor-section-boxed elementor-section-height-default elementor-section-height-default\" data-id=\"c1f3d05\" data-element_type=\"section\">\n\t\t\t\t\t\t<div class=\"elementor-container elementor-column-gap-default\">\n\t\t\t\t\t<div class=\"elementor-column elementor-col-100 elementor-top-column elementor-element elementor-element-96cee68\" data-id=\"96cee68\" data-element_type=\"column\">\n\t\t\t<div class=\"elementor-widget-wrap elementor-element-populated\">\n\t\t\t\t\t\t<section class=\"elementor-section elementor-inner-section elementor-element elementor-element-5201f40 elementor-section-boxed elementor-section-height-default elementor-section-height-default\" data-id=\"5201f40\" data-element_type=\"section\">\n\t\t\t\t\t\t<div class=\"elementor-container elementor-column-gap-wide\">\n\t\t\t\t\t<div class=\"elementor-column elementor-col-100 elementor-inner-column elementor-element elementor-element-f7009e6\" data-id=\"f7009e6\" data-element_type=\"column\">\n\t\t\t<div class=\"elementor-widget-wrap elementor-element-populated\">\n\t\t\t\t\t\t<div class=\"elementor-element elementor-element-c43158c elementor-widget elementor-widget-heading\" data-id=\"c43158c\" data-element_type=\"widget\" data-widget_type=\"heading.default\">\n\t\t\t\t<div class=\"elementor-widget-container\">\n\t\t\t\t\t<h2 class=\"elementor-heading-title elementor-size-default\">\u00c0 propos de daniel effah<\/h2>\t\t\t\t<\/div>\n\t\t\t\t<\/div>\n\t\t\t\t\t<\/div>\n\t\t<\/div>\n\t\t\t\t\t<\/div>\n\t\t<\/section>\n\t\t\t\t<section class=\"elementor-section elementor-inner-section elementor-element elementor-element-f9e7b99 elementor-section-boxed elementor-section-height-default elementor-section-height-default\" data-id=\"f9e7b99\" data-element_type=\"section\">\n\t\t\t\t\t\t<div class=\"elementor-container elementor-column-gap-wide\">\n\t\t\t\t\t<div class=\"elementor-column elementor-col-50 elementor-inner-column elementor-element elementor-element-79182e8\" data-id=\"79182e8\" data-element_type=\"column\">\n\t\t\t<div class=\"elementor-widget-wrap elementor-element-populated\">\n\t\t\t\t\t\t<div class=\"elementor-element elementor-element-ac40fa5 elementor-widget elementor-widget-image\" data-id=\"ac40fa5\" data-element_type=\"widget\" data-widget_type=\"image.default\">\n\t\t\t\t<div class=\"elementor-widget-container\">\n\t\t\t\t\t\t\t\t\t\t\t\t\t\t\t<img fetchpriority=\"high\" decoding=\"async\" width=\"800\" height=\"534\" src=\"https:\/\/oaggao.ca\/wp-content\/uploads\/2021\/11\/Effah-Self-Portait-1024x683.jpg\" class=\"attachment-large size-large wp-image-12764\" alt=\"\" srcset=\"https:\/\/oaggao.ca\/wp-content\/uploads\/2021\/11\/Effah-Self-Portait-1024x683.jpg 1024w, https:\/\/oaggao.ca\/wp-content\/uploads\/2021\/11\/Effah-Self-Portait-300x200.jpg 300w, https:\/\/oaggao.ca\/wp-content\/uploads\/2021\/11\/Effah-Self-Portait-768x512.jpg 768w, https:\/\/oaggao.ca\/wp-content\/uploads\/2021\/11\/Effah-Self-Portait-600x400.jpg 600w, https:\/\/oaggao.ca\/wp-content\/uploads\/2021\/11\/Effah-Self-Portait.jpg 1500w\" sizes=\"(max-width: 800px) 100vw, 800px\" \/>\t\t\t\t\t\t\t\t\t\t\t\t\t\t\t<\/div>\n\t\t\t\t<\/div>\n\t\t\t\t\t<\/div>\n\t\t<\/div>\n\t\t\t\t<div class=\"elementor-column elementor-col-50 elementor-inner-column elementor-element elementor-element-b95e08d\" data-id=\"b95e08d\" data-element_type=\"column\">\n\t\t\t<div class=\"elementor-widget-wrap elementor-element-populated\">\n\t\t\t\t\t\t<div class=\"elementor-element elementor-element-56076a8 elementor-widget elementor-widget-text-editor\" data-id=\"56076a8\" data-element_type=\"widget\" data-widget_type=\"text-editor.default\">\n\t\t\t\t<div class=\"elementor-widget-container\">\n\t\t\t\t\t\t\t\t\t<p><strong>Daniel Effah<\/strong> est un artiste visuel et photographe ghan\u00e9en habitant \u00e0 Ottawa qui s\u2019inspire d\u2019\u0153uvres des ma\u00eetres tant du pass\u00e9 que d\u2019aujourd\u2019hui.<\/p><p>Sa pratique m\u00eale \u00e0 la fois sa culture ghan\u00e9enne et le contemporain pour rendre des images stylis\u00e9es qui \u00e9voquent la dualit\u00e9 du pass\u00e9 et du pr\u00e9sent.<\/p><p>Il cr\u00e9e des conversations sur la diaspora africaine en utilisant divers mat\u00e9riaux et une vari\u00e9t\u00e9 de techniques.<\/p><p>Mouvement dirig\u00e9 par des locataires, <strong>la Herongate Tenant Coalition<\/strong> existe pour lutter contre les expulsions de masse et la destruction de notre quartier \u00e0 Ottawa et fut cr\u00e9\u00e9 dans le but de renforcer le pouvoir et la solidarit\u00e9 de la classe ouvri\u00e8re de Herongate. La raison d\u2019\u00eatre de la HTC est de d\u00e9fendre notre quartier et de se battre contre les forces de d\u00e9veloppement de projets immobiliers, sp\u00e9culatives et politiques, d\u00e9sireuses de nous faire sortir d\u2019ici.<\/p>\t\t\t\t\t\t\t\t<\/div>\n\t\t\t\t<\/div>\n\t\t\t\t<div class=\"elementor-element elementor-element-46e9a55 elementor-widget elementor-widget-button\" data-id=\"46e9a55\" data-element_type=\"widget\" data-widget_type=\"button.default\">\n\t\t\t\t<div class=\"elementor-widget-container\">\n\t\t\t\t\t\t\t\t\t<div class=\"elementor-button-wrapper\">\n\t\t\t\t\t<a class=\"elementor-button elementor-button-link elementor-size-sm\" href=\"http:\/\/www.artofeffah.com\/%20\">\n\t\t\t\t\t\t<span class=\"elementor-button-content-wrapper\">\n\t\t\t\t\t\t\t\t\t<span class=\"elementor-button-text\">En savoir plus sur artist Daniel Effah <\/span>\n\t\t\t\t\t<\/span>\n\t\t\t\t\t<\/a>\n\t\t\t\t<\/div>\n\t\t\t\t\t\t\t\t<\/div>\n\t\t\t\t<\/div>\n\t\t\t\t\t<\/div>\n\t\t<\/div>\n\t\t\t\t\t<\/div>\n\t\t<\/section>\n\t\t\t\t\t<\/div>\n\t\t<\/div>\n\t\t\t\t\t<\/div>\n\t\t<\/section>\n\t\t\t\t<\/div>\n\t\t","protected":false},"excerpt":{"rendered":"<p>La GAO, la Herongate Tenant Coalition (HTC) et l\u2019artiste Daniel Effah lance un projet d\u2019art communautaire ayant pour titre Cr\u00e9ons Herongate.\u00a0 Des rencontres avec les membres de la Herongate Tenant [&hellip;]<\/p>\n","protected":false},"author":13,"featured_media":0,"parent":20261,"menu_order":0,"comment_status":"closed","ping_status":"closed","template":"","meta":{"_acf_changed":false,"footnotes":""},"class_list":["post-20259","page","type-page","status-publish","hentry"],"acf":[],"aioseo_notices":[],"_links":{"self":[{"href":"https:\/\/oaggao.ca\/fr\/wp-json\/wp\/v2\/pages\/20259","targetHints":{"allow":["GET"]}}],"collection":[{"href":"https:\/\/oaggao.ca\/fr\/wp-json\/wp\/v2\/pages"}],"about":[{"href":"https:\/\/oaggao.ca\/fr\/wp-json\/wp\/v2\/types\/page"}],"author":[{"embeddable":true,"href":"https:\/\/oaggao.ca\/fr\/wp-json\/wp\/v2\/users\/13"}],"replies":[{"embeddable":true,"href":"https:\/\/oaggao.ca\/fr\/wp-json\/wp\/v2\/comments?post=20259"}],"version-history":[{"count":0,"href":"https:\/\/oaggao.ca\/fr\/wp-json\/wp\/v2\/pages\/20259\/revisions"}],"up":[{"embeddable":true,"href":"https:\/\/oaggao.ca\/fr\/wp-json\/wp\/v2\/pages\/20261"}],"wp:attachment":[{"href":"https:\/\/oaggao.ca\/fr\/wp-json\/wp\/v2\/media?parent=20259"}],"curies":[{"name":"wp","href":"https:\/\/api.w.org\/{rel}","templated":true}]}}