{"id":20267,"date":"2021-12-21T19:24:13","date_gmt":"2021-12-22T00:24:13","guid":{"rendered":"https:\/\/wwwoaggaoca.wpengine.com\/?page_id=20267"},"modified":"2022-01-20T13:23:32","modified_gmt":"2022-01-20T18:23:32","slug":"la-vie-dalec-avant-ottawa","status":"publish","type":"page","link":"https:\/\/oaggao.ca\/fr\/apprendre\/recherche\/decouvrir\/a-y-jackson-sa-vie-et-son-oeuvre-dans-loutaouais\/la-vie-dalec-avant-ottawa\/","title":{"rendered":"La vie d&rsquo;Alec avant Ottawa"},"content":{"rendered":"\t\t<div data-elementor-type=\"wp-page\" data-elementor-id=\"20267\" class=\"elementor elementor-20267 elementor-11828\" data-elementor-post-type=\"page\">\n\t\t\t\t\t\t<section class=\"elementor-section elementor-top-section elementor-element elementor-element-387e762 elementor-section-boxed elementor-section-height-default elementor-section-height-default\" data-id=\"387e762\" data-element_type=\"section\" data-settings=\"{&quot;background_background&quot;:&quot;classic&quot;}\">\n\t\t\t\t\t\t<div class=\"elementor-container elementor-column-gap-default\">\n\t\t\t\t\t<div class=\"elementor-column elementor-col-100 elementor-top-column elementor-element elementor-element-e049b3c\" data-id=\"e049b3c\" data-element_type=\"column\">\n\t\t\t<div class=\"elementor-widget-wrap elementor-element-populated\">\n\t\t\t\t\t\t<div class=\"elementor-element elementor-element-541355b elementor-nav-menu__align-center elementor-nav-menu--dropdown-tablet elementor-nav-menu__text-align-aside elementor-nav-menu--toggle elementor-nav-menu--burger elementor-widget elementor-widget-nav-menu\" data-id=\"541355b\" data-element_type=\"widget\" data-settings=\"{&quot;layout&quot;:&quot;horizontal&quot;,&quot;submenu_icon&quot;:{&quot;value&quot;:&quot;&lt;i class=\\&quot;fas fa-caret-down\\&quot; aria-hidden=\\&quot;true\\&quot;&gt;&lt;\\\/i&gt;&quot;,&quot;library&quot;:&quot;fa-solid&quot;},&quot;toggle&quot;:&quot;burger&quot;}\" data-widget_type=\"nav-menu.default\">\n\t\t\t\t<div class=\"elementor-widget-container\">\n\t\t\t\t\t\t\t\t<nav aria-label=\"Menu\" class=\"elementor-nav-menu--main elementor-nav-menu__container elementor-nav-menu--layout-horizontal e--pointer-none\">\n\t\t\t\t<ul id=\"menu-1-541355b\" class=\"elementor-nav-menu\"><li class=\"menu-item menu-item-type-post_type menu-item-object-page menu-item-15451\"><a href=\"https:\/\/oaggao.ca\/learn\/research\/interact\/jackson-discovery-centre\/\" class=\"elementor-item\">A.Y. Jackson sa vie et son \u0153uvre dans l&rsquo;outaouais<\/a><\/li>\n<li class=\"menu-item menu-item-type-post_type menu-item-object-page menu-item-15364\"><a href=\"https:\/\/oaggao.ca\/learn\/research\/interact\/jackson-discovery-centre\/jackson-d-centre-child-sample-1\/\" class=\"elementor-item\">La vie d&rsquo;Alec avant Ottawa<\/a><\/li>\n<li class=\"menu-item menu-item-type-post_type menu-item-object-page menu-item-15361\"><a href=\"https:\/\/oaggao.ca\/learn\/research\/interact\/jackson-discovery-centre\/alecs-manotick\/\" class=\"elementor-item\">Alec \u00e0 Manotick<\/a><\/li>\n<li class=\"menu-item menu-item-type-post_type menu-item-object-page menu-item-15365\"><a href=\"https:\/\/oaggao.ca\/learn\/research\/interact\/jackson-discovery-centre\/alec-and-the-firestone-family\/\" class=\"elementor-item\">Alec et la famille Firestone<\/a><\/li>\n<li class=\"menu-item menu-item-type-post_type menu-item-object-page menu-item-15363\"><a href=\"https:\/\/oaggao.ca\/learn\/research\/interact\/jackson-discovery-centre\/alecs-ottawa\/\" class=\"elementor-item\">Alec \u00e0 Ottawa<\/a><\/li>\n<li class=\"menu-item menu-item-type-post_type menu-item-object-page menu-item-15368\"><a href=\"https:\/\/oaggao.ca\/learn\/research\/interact\/jackson-discovery-centre\/alec-and-the-canadian-flag\/\" class=\"elementor-item\">Alec et ses coll\u00e8gues de la r\u00e9gion<\/a><\/li>\n<li class=\"menu-item menu-item-type-post_type menu-item-object-page menu-item-15449\"><a href=\"https:\/\/oaggao.ca\/learn\/research\/interact\/jackson-discovery-centre\/alec-flag-debate\/\" class=\"elementor-item\">Alec et le d\u00e9bat autour du drapeau canadien<\/a><\/li>\n<li class=\"menu-item menu-item-type-post_type menu-item-object-page menu-item-15362\"><a href=\"https:\/\/oaggao.ca\/learn\/research\/interact\/jackson-discovery-centre\/alecs-life-after-ottawa\/\" class=\"elementor-item\">Alec apr\u00e8s son temps \u00e0 Ottawa<\/a><\/li>\n<\/ul>\t\t\t<\/nav>\n\t\t\t\t\t<div class=\"elementor-menu-toggle\" role=\"button\" tabindex=\"0\" aria-label=\"Permuter le menu\" aria-expanded=\"false\">\n\t\t\t<i aria-hidden=\"true\" role=\"presentation\" class=\"elementor-menu-toggle__icon--open eicon-menu-bar\"><\/i><i aria-hidden=\"true\" role=\"presentation\" class=\"elementor-menu-toggle__icon--close eicon-close\"><\/i>\t\t<\/div>\n\t\t\t\t\t<nav class=\"elementor-nav-menu--dropdown elementor-nav-menu__container\" aria-hidden=\"true\">\n\t\t\t\t<ul id=\"menu-2-541355b\" class=\"elementor-nav-menu\"><li class=\"menu-item menu-item-type-post_type menu-item-object-page menu-item-15451\"><a href=\"https:\/\/oaggao.ca\/learn\/research\/interact\/jackson-discovery-centre\/\" class=\"elementor-item\" tabindex=\"-1\">A.Y. Jackson sa vie et son \u0153uvre dans l&rsquo;outaouais<\/a><\/li>\n<li class=\"menu-item menu-item-type-post_type menu-item-object-page menu-item-15364\"><a href=\"https:\/\/oaggao.ca\/learn\/research\/interact\/jackson-discovery-centre\/jackson-d-centre-child-sample-1\/\" class=\"elementor-item\" tabindex=\"-1\">La vie d&rsquo;Alec avant Ottawa<\/a><\/li>\n<li class=\"menu-item menu-item-type-post_type menu-item-object-page menu-item-15361\"><a href=\"https:\/\/oaggao.ca\/learn\/research\/interact\/jackson-discovery-centre\/alecs-manotick\/\" class=\"elementor-item\" tabindex=\"-1\">Alec \u00e0 Manotick<\/a><\/li>\n<li class=\"menu-item menu-item-type-post_type menu-item-object-page menu-item-15365\"><a href=\"https:\/\/oaggao.ca\/learn\/research\/interact\/jackson-discovery-centre\/alec-and-the-firestone-family\/\" class=\"elementor-item\" tabindex=\"-1\">Alec et la famille Firestone<\/a><\/li>\n<li class=\"menu-item menu-item-type-post_type menu-item-object-page menu-item-15363\"><a href=\"https:\/\/oaggao.ca\/learn\/research\/interact\/jackson-discovery-centre\/alecs-ottawa\/\" class=\"elementor-item\" tabindex=\"-1\">Alec \u00e0 Ottawa<\/a><\/li>\n<li class=\"menu-item menu-item-type-post_type menu-item-object-page menu-item-15368\"><a href=\"https:\/\/oaggao.ca\/learn\/research\/interact\/jackson-discovery-centre\/alec-and-the-canadian-flag\/\" class=\"elementor-item\" tabindex=\"-1\">Alec et ses coll\u00e8gues de la r\u00e9gion<\/a><\/li>\n<li class=\"menu-item menu-item-type-post_type menu-item-object-page menu-item-15449\"><a href=\"https:\/\/oaggao.ca\/learn\/research\/interact\/jackson-discovery-centre\/alec-flag-debate\/\" class=\"elementor-item\" tabindex=\"-1\">Alec et le d\u00e9bat autour du drapeau canadien<\/a><\/li>\n<li class=\"menu-item menu-item-type-post_type menu-item-object-page menu-item-15362\"><a href=\"https:\/\/oaggao.ca\/learn\/research\/interact\/jackson-discovery-centre\/alecs-life-after-ottawa\/\" class=\"elementor-item\" tabindex=\"-1\">Alec apr\u00e8s son temps \u00e0 Ottawa<\/a><\/li>\n<\/ul>\t\t\t<\/nav>\n\t\t\t\t\t\t<\/div>\n\t\t\t\t<\/div>\n\t\t\t\t\t<\/div>\n\t\t<\/div>\n\t\t\t\t\t<\/div>\n\t\t<\/section>\n\t\t\t\t<section class=\"elementor-section elementor-top-section elementor-element elementor-element-43cb366 elementor-section-boxed elementor-section-height-default elementor-section-height-default\" data-id=\"43cb366\" data-element_type=\"section\">\n\t\t\t\t\t\t<div class=\"elementor-container elementor-column-gap-default\">\n\t\t\t\t\t<div class=\"elementor-column elementor-col-100 elementor-top-column elementor-element elementor-element-6bbc207\" data-id=\"6bbc207\" data-element_type=\"column\">\n\t\t\t<div class=\"elementor-widget-wrap elementor-element-populated\">\n\t\t\t\t\t\t<section class=\"elementor-section elementor-inner-section elementor-element elementor-element-a442391 elementor-section-boxed elementor-section-height-default elementor-section-height-default\" data-id=\"a442391\" data-element_type=\"section\">\n\t\t\t\t\t\t<div class=\"elementor-container elementor-column-gap-wide\">\n\t\t\t\t\t<div class=\"elementor-column elementor-col-100 elementor-inner-column elementor-element elementor-element-e33fe45\" data-id=\"e33fe45\" data-element_type=\"column\">\n\t\t\t<div class=\"elementor-widget-wrap elementor-element-populated\">\n\t\t\t\t\t\t<div class=\"elementor-element elementor-element-79e6527 elementor-widget elementor-widget-heading\" data-id=\"79e6527\" data-element_type=\"widget\" data-widget_type=\"heading.default\">\n\t\t\t\t<div class=\"elementor-widget-container\">\n\t\t\t\t\t<h2 class=\"elementor-heading-title elementor-size-default\">La vie d'Alec avant Ottawa<\/h2>\t\t\t\t<\/div>\n\t\t\t\t<\/div>\n\t\t\t\t\t<\/div>\n\t\t<\/div>\n\t\t\t\t\t<\/div>\n\t\t<\/section>\n\t\t\t\t<section class=\"elementor-section elementor-inner-section elementor-element elementor-element-fc76d2c elementor-section-boxed elementor-section-height-default elementor-section-height-default\" data-id=\"fc76d2c\" data-element_type=\"section\">\n\t\t\t\t\t\t<div class=\"elementor-container elementor-column-gap-wide\">\n\t\t\t\t\t<div class=\"elementor-column elementor-col-100 elementor-inner-column elementor-element elementor-element-8fb85b2\" data-id=\"8fb85b2\" data-element_type=\"column\">\n\t\t\t<div class=\"elementor-widget-wrap elementor-element-populated\">\n\t\t\t\t\t\t<div class=\"elementor-element elementor-element-90f7d7f elementor-widget elementor-widget-text-editor\" data-id=\"90f7d7f\" data-element_type=\"widget\" data-widget_type=\"text-editor.default\">\n\t\t\t\t<div class=\"elementor-widget-container\">\n\t\t\t\t\t\t\t\t\t<p>Natif de Montr\u00e9al, Alexander Young (A. Y.) Jackson fait ses d\u00e9buts dans le domaine du dessin publicitaire \u00e0 l\u2019\u00e2ge de 12 ans. Apr\u00e8s des \u00e9tudes \u00e0 Montr\u00e9al et \u00e0 Chicago, il suit l\u2019exemple de nombreux jeunes artistes Canadiens de sa g\u00e9n\u00e9ration et met le cap sur l\u2019Europe en 1907 afin de poursuivre ses \u00e9tudes \u00e0 Paris et de voyager et peindre l\u00e0-bas durant plusieurs ann\u00e9es. Sa premi\u00e8re toile importante, La lisi\u00e8re de l&rsquo;\u00e9rabli\u00e8re (1910) est achet\u00e9e par l\u2019artiste Lawren Harris, ce qui am\u00e8ne Jackson \u00e0 Toronto, o\u00f9 il fait la rencontre des futurs membres du Groupe des Sept, dont Arthur Lismer, J. E. H. MacDonald, Franklin Carmichael, F. H. Varley et Franz Johnston. En 1913, Harris invite Jackson \u00e0 s\u2019installer dans le Atelier Building pour y vivre et y travailler. Dans cet immeuble, Jackson partage un atelier avec Tom Thompson, et de l\u00e0, les artistes commencent \u00e0 faire des excursions dans le nord de l\u2019Ontario afin d\u2019y r\u00e9aliser des esquisses. Lorsque la Premi\u00e8re Guerre mondiale \u00e9clate en 1914, Jackson sert dans l\u2019infanterie jusqu\u2019\u00e0 ce qu\u2019il soit bless\u00e9 en Flandre. On lui confie ensuite le poste de peintre de guerre de 1917 \u00e0 1919.<\/p><p>\u00c0 Toronto, Jackson contribue \u00e0 la fondation du Groupe des Sept en 1920. Les membres poursuivent activement le mandat qu\u2019ils se sont donn\u00e9 de cr\u00e9er une nouvelle forme d\u2019art moderne et nationale qui soit bas\u00e9e sur la repr\u00e9sentation de l\u2019immense nature Canadienne. Seul, ou en compagnie d\u2019autres membres du Groupe, Jackson sillonne l\u2019arri\u00e8re-pays ontarien arm\u00e9 de sa bo\u00eete \u00e0 croquis; plus particuli\u00e8rement le parc Algonquin et le nord du lac Sup\u00e9rieur.<\/p><p>En 1933, le Groupe des Sept devient le Groupe des peintres Canadiens, auquel Jackson demeure affili\u00e9 durant des d\u00e9cennies. Il continue \u00e0 vivre principalement \u00e0 Toronto, \u00e0 voyager, \u00e0 peindre, \u00e0 lancer de nouveaux projets pour promouvoir les peintres paysagistes Canadiens, jusqu\u2019\u00e0 ce qu\u2019il s\u2019installe \u00e0 Manotick en 1955.<\/p>\t\t\t\t\t\t\t\t<\/div>\n\t\t\t\t<\/div>\n\t\t\t\t\t<\/div>\n\t\t<\/div>\n\t\t\t\t\t<\/div>\n\t\t<\/section>\n\t\t\t\t\t<\/div>\n\t\t<\/div>\n\t\t\t\t\t<\/div>\n\t\t<\/section>\n\t\t\t\t<section class=\"elementor-section elementor-top-section elementor-element elementor-element-61e5a00 elementor-section-boxed elementor-section-height-default elementor-section-height-default\" data-id=\"61e5a00\" data-element_type=\"section\">\n\t\t\t\t\t\t<div class=\"elementor-container elementor-column-gap-default\">\n\t\t\t\t\t<div class=\"elementor-column elementor-col-100 elementor-top-column elementor-element elementor-element-bb0b0a7\" data-id=\"bb0b0a7\" data-element_type=\"column\">\n\t\t\t<div class=\"elementor-widget-wrap elementor-element-populated\">\n\t\t\t\t\t\t<div class=\"elementor-element elementor-element-cc11990 elementor-widget elementor-widget-image-gallery\" data-id=\"cc11990\" data-element_type=\"widget\" data-widget_type=\"image-gallery.default\">\n\t\t\t\t<div class=\"elementor-widget-container\">\n\t\t\t\t\t\t\t<div class=\"elementor-image-gallery\">\n\t\t\t<div id='gallery-1' class='gallery galleryid-20267 gallery-columns-3 gallery-size-medium'><figure class='gallery-item'>\n\t\t\t<div class='gallery-icon landscape'>\n\t\t\t\t<a data-elementor-open-lightbox=\"yes\" data-elementor-lightbox-slideshow=\"cc11990\" data-elementor-lightbox-title=\"FAC1612\" data-elementor-lightbox-description=\"A. Y. Jackson\r\n(1882, Montr\u00e9al, QC \u2013 1974, Kleinburg, ON)\r\nRaquettes\r\nCollection Firestone d\u2019art Canadien, FAC 1612\r\n\u00a9 Carleton University Art Gallery, Ottawa, ON\r\n\" data-e-action-hash=\"#elementor-action%3Aaction%3Dlightbox%26settings%3DeyJpZCI6MTUzNTYsInVybCI6Imh0dHBzOlwvXC9vYWdnYW8uY2FcL3dwLWNvbnRlbnRcL3VwbG9hZHNcLzIwMjFcLzExXC9GQUMxNjEyLXNjYWxlZC5qcGciLCJzbGlkZXNob3ciOiJjYzExOTkwIn0%3D\" href='https:\/\/oaggao.ca\/wp-content\/uploads\/2021\/11\/FAC1612-scaled.jpg'><img fetchpriority=\"high\" decoding=\"async\" width=\"300\" height=\"175\" src=\"https:\/\/oaggao.ca\/wp-content\/uploads\/2021\/11\/FAC1612-300x175.jpg\" class=\"attachment-medium size-medium\" alt=\"\" aria-describedby=\"gallery-1-15356\" srcset=\"https:\/\/oaggao.ca\/wp-content\/uploads\/2021\/11\/FAC1612-300x175.jpg 300w, https:\/\/oaggao.ca\/wp-content\/uploads\/2021\/11\/FAC1612-1024x596.jpg 1024w, https:\/\/oaggao.ca\/wp-content\/uploads\/2021\/11\/FAC1612-768x447.jpg 768w, https:\/\/oaggao.ca\/wp-content\/uploads\/2021\/11\/FAC1612-1536x895.jpg 1536w, https:\/\/oaggao.ca\/wp-content\/uploads\/2021\/11\/FAC1612-scaled.jpg 2048w\" sizes=\"(max-width: 300px) 100vw, 300px\" \/><\/a>\n\t\t\t<\/div>\n\t\t\t\t<figcaption class='wp-caption-text gallery-caption' id='gallery-1-15356'>\n\t\t\t\tLes fr\u00e9quentes randonn\u00e9es en raquette d\u2019A. Y. Jackson dans l\u2019arri\u00e8re-pays lui valent le surnom de P\u00e8re Raquette. Dans sa maison de Manotick, les raquettes sont accroch\u00e9es crois\u00e9es au mur. Plus tard, Jackson les donne \u00e0 O. J. Firestone pour sa \u00ab salle Jackson \u00bb avec le commentaire \u00ab en souvenir de moi  \u00bb. (1)\r\n\r\n1. O. J. Firestone, The Other A. Y. Jackson, Toronto, The Canadian Publishers, 1979, p. 119.\n\t\t\t\t<\/figcaption><\/figure><figure class='gallery-item'>\n\t\t\t<div class='gallery-icon portrait'>\n\t\t\t\t<a data-elementor-open-lightbox=\"yes\" data-elementor-lightbox-slideshow=\"cc11990\" data-elementor-lightbox-title=\"FAC0497\" data-elementor-lightbox-description=\"A. Y. Jackson\r\n(1882, Montr\u00e9al, QC \u2013 1974, Kleinburg, ON)\r\nL\u2019\u00c9glise de \u00c9taples, Pas de Calais, 1908\r\nHuile sur panneau\r\n46 x 36 cm\r\nCollection Firestone d\u2019art Canadien, FAC 0497\r\n\u00a9 Carleton University Art Gallery, Ottawa, ON\" data-e-action-hash=\"#elementor-action%3Aaction%3Dlightbox%26settings%3DeyJpZCI6MTUzNTgsInVybCI6Imh0dHBzOlwvXC9vYWdnYW8uY2FcL3dwLWNvbnRlbnRcL3VwbG9hZHNcLzIwMjFcLzExXC9GQUMwNDk3LXNjYWxlZC5qcGciLCJzbGlkZXNob3ciOiJjYzExOTkwIn0%3D\" href='https:\/\/oaggao.ca\/wp-content\/uploads\/2021\/11\/FAC0497-scaled.jpg'><img decoding=\"async\" width=\"234\" height=\"300\" src=\"https:\/\/oaggao.ca\/wp-content\/uploads\/2021\/11\/FAC0497-234x300.jpg\" class=\"attachment-medium size-medium\" alt=\"\" aria-describedby=\"gallery-1-15358\" srcset=\"https:\/\/oaggao.ca\/wp-content\/uploads\/2021\/11\/FAC0497-234x300.jpg 234w, https:\/\/oaggao.ca\/wp-content\/uploads\/2021\/11\/FAC0497-798x1024.jpg 798w, https:\/\/oaggao.ca\/wp-content\/uploads\/2021\/11\/FAC0497-768x986.jpg 768w, https:\/\/oaggao.ca\/wp-content\/uploads\/2021\/11\/FAC0497-1197x1536.jpg 1197w, https:\/\/oaggao.ca\/wp-content\/uploads\/2021\/11\/FAC0497-1596x2048.jpg 1596w, https:\/\/oaggao.ca\/wp-content\/uploads\/2021\/11\/FAC0497-scaled.jpg 1995w\" sizes=\"(max-width: 234px) 100vw, 234px\" \/><\/a>\n\t\t\t<\/div>\n\t\t\t\t<figcaption class='wp-caption-text gallery-caption' id='gallery-1-15358'>\n\t\t\t\t Cette \u0153uvre de la Collection Firestone d\u2019art Canadien est un exemple des toiles que peint le jeune A. Y. Jackson en parcourant d\u2019Europe apr\u00e8s avoir \u00e9tudi\u00e9 l\u2019impressionnisme \u00e0 l\u2019Acad\u00e9mie Julien \u00e0 Paris. \n\t\t\t\t<\/figcaption><\/figure><figure class='gallery-item'>\n\t\t\t<div class='gallery-icon landscape'>\n\t\t\t\t<a data-elementor-open-lightbox=\"yes\" data-elementor-lightbox-slideshow=\"cc11990\" data-elementor-lightbox-title=\"ARC-Photo-Group_of_Seven-5_(2)[1]\" data-elementor-lightbox-description=\"Les membres du Groupe des Sept font connaissance au Arts and Letters Club de Toronto, v. 1920.  De gauche \u00e0 droite : F.H. Varley, A.Y. Jackson, Lawren S. Harris, Barker Fairley (qui n\u2019\u00e9tait pas un membre du Groupe), Frank Johnston, Arthur Lismer et J.E.H. MacDonald.\r\nPhotographe : Arthur Goss\r\nArchives de la McMichael Canadian Art Collection\" data-e-action-hash=\"#elementor-action%3Aaction%3Dlightbox%26settings%3DeyJpZCI6MTUzNjAsInVybCI6Imh0dHBzOlwvXC9vYWdnYW8uY2FcL3dwLWNvbnRlbnRcL3VwbG9hZHNcLzIwMjFcLzExXC9BUkMtUGhvdG8tR3JvdXBfb2ZfU2V2ZW4tNV8yMS5qcGciLCJzbGlkZXNob3ciOiJjYzExOTkwIn0%3D\" href='https:\/\/oaggao.ca\/wp-content\/uploads\/2021\/11\/ARC-Photo-Group_of_Seven-5_21.jpg'><img decoding=\"async\" width=\"300\" height=\"218\" src=\"https:\/\/oaggao.ca\/wp-content\/uploads\/2021\/11\/ARC-Photo-Group_of_Seven-5_21-300x218.jpg\" class=\"attachment-medium size-medium\" alt=\"\" aria-describedby=\"gallery-1-15360\" srcset=\"https:\/\/oaggao.ca\/wp-content\/uploads\/2021\/11\/ARC-Photo-Group_of_Seven-5_21-300x218.jpg 300w, https:\/\/oaggao.ca\/wp-content\/uploads\/2021\/11\/ARC-Photo-Group_of_Seven-5_21.jpg 600w\" sizes=\"(max-width: 300px) 100vw, 300px\" \/><\/a>\n\t\t\t<\/div>\n\t\t\t\t<figcaption class='wp-caption-text gallery-caption' id='gallery-1-15360'>\n\t\t\t\tLes membres du Groupe des Sept font connaissance au Arts and Letters Club de Toronto, v. 1920.  De gauche \u00e0 droite : F.H. Varley, A.Y. Jackson, Lawren S. Harris, Barker Fairley (qui n\u2019\u00e9tait pas un membre du Groupe), Frank Johnston, Arthur Lismer et J.E.H. MacDonald.\r\nPhotographe : Arthur Goss\r\nArchives de la McMichael Canadian Art Collection\n\t\t\t\t<\/figcaption><\/figure>\n\t\t<\/div>\n\t\t<\/div>\n\t\t\t\t\t\t<\/div>\n\t\t\t\t<\/div>\n\t\t\t\t\t<\/div>\n\t\t<\/div>\n\t\t\t\t\t<\/div>\n\t\t<\/section>\n\t\t\t\t<section class=\"elementor-section elementor-top-section elementor-element elementor-element-2b941e9 elementor-section-boxed elementor-section-height-default elementor-section-height-default\" data-id=\"2b941e9\" data-element_type=\"section\">\n\t\t\t\t\t\t<div class=\"elementor-container elementor-column-gap-default\">\n\t\t\t\t\t<div class=\"elementor-column elementor-col-100 elementor-top-column elementor-element elementor-element-8fc1895\" data-id=\"8fc1895\" data-element_type=\"column\">\n\t\t\t<div class=\"elementor-widget-wrap elementor-element-populated\">\n\t\t\t\t\t\t<div class=\"elementor-element elementor-element-845e7c5 elementor-widget elementor-widget-text-editor\" data-id=\"845e7c5\" data-element_type=\"widget\" data-widget_type=\"text-editor.default\">\n\t\t\t\t<div class=\"elementor-widget-container\">\n\t\t\t\t\t\t\t\t\t<p><iframe src=\"https:\/\/www.onf.ca\/film\/paysages_canadiens\/\/embed\/player\/\" width=\"560\" height=\"315\" frameborder=\"0\" allowfullscreen=\"allowfullscreen\"><\/iframe><\/p><p style=\"width: 560px;\"><a href=\"https:\/\/www.onf.ca\/film\/paysages_canadiens\/\" target=\"_blank\" rel=\"noopener\"><em>L&rsquo;Office National du Film du Canada<br \/>Paysage canadien<br \/>avec A. Y. Jackson, 1941<br \/>Dirig\u00e9 par Radford Crawley<br \/>17 min 28 sec<\/em><\/a><\/p>\t\t\t\t\t\t\t\t<\/div>\n\t\t\t\t<\/div>\n\t\t\t\t\t<\/div>\n\t\t<\/div>\n\t\t\t\t\t<\/div>\n\t\t<\/section>\n\t\t\t\t<\/div>\n\t\t","protected":false},"excerpt":{"rendered":"<p>La vie d&rsquo;Alec avant Ottawa Natif de Montr\u00e9al, Alexander Young (A. Y.) Jackson fait ses d\u00e9buts dans le domaine du dessin publicitaire \u00e0 l\u2019\u00e2ge de 12 ans. Apr\u00e8s des \u00e9tudes [&hellip;]<\/p>\n","protected":false},"author":13,"featured_media":0,"parent":20265,"menu_order":0,"comment_status":"closed","ping_status":"closed","template":"","meta":{"_acf_changed":false,"footnotes":""},"class_list":["post-20267","page","type-page","status-publish","hentry"],"acf":[],"aioseo_notices":[],"_links":{"self":[{"href":"https:\/\/oaggao.ca\/fr\/wp-json\/wp\/v2\/pages\/20267","targetHints":{"allow":["GET"]}}],"collection":[{"href":"https:\/\/oaggao.ca\/fr\/wp-json\/wp\/v2\/pages"}],"about":[{"href":"https:\/\/oaggao.ca\/fr\/wp-json\/wp\/v2\/types\/page"}],"author":[{"embeddable":true,"href":"https:\/\/oaggao.ca\/fr\/wp-json\/wp\/v2\/users\/13"}],"replies":[{"embeddable":true,"href":"https:\/\/oaggao.ca\/fr\/wp-json\/wp\/v2\/comments?post=20267"}],"version-history":[{"count":0,"href":"https:\/\/oaggao.ca\/fr\/wp-json\/wp\/v2\/pages\/20267\/revisions"}],"up":[{"embeddable":true,"href":"https:\/\/oaggao.ca\/fr\/wp-json\/wp\/v2\/pages\/20265"}],"wp:attachment":[{"href":"https:\/\/oaggao.ca\/fr\/wp-json\/wp\/v2\/media?parent=20267"}],"curies":[{"name":"wp","href":"https:\/\/api.w.org\/{rel}","templated":true}]}}