{"id":20269,"date":"2021-12-21T19:46:08","date_gmt":"2021-12-22T00:46:08","guid":{"rendered":"https:\/\/wwwoaggaoca.wpengine.com\/?page_id=20269"},"modified":"2022-01-21T13:40:38","modified_gmt":"2022-01-21T18:40:38","slug":"alec-a-manotick","status":"publish","type":"page","link":"https:\/\/oaggao.ca\/fr\/apprendre\/recherche\/decouvrir\/a-y-jackson-sa-vie-et-son-oeuvre-dans-loutaouais\/alec-a-manotick\/","title":{"rendered":"Alec \u00e0 Manotick"},"content":{"rendered":"\t\t<div data-elementor-type=\"wp-page\" data-elementor-id=\"20269\" class=\"elementor elementor-20269 elementor-11830\" data-elementor-post-type=\"page\">\n\t\t\t\t\t\t<section class=\"elementor-section elementor-top-section elementor-element elementor-element-6ade4ed elementor-section-boxed elementor-section-height-default elementor-section-height-default\" data-id=\"6ade4ed\" data-element_type=\"section\" data-settings=\"{&quot;background_background&quot;:&quot;classic&quot;}\">\n\t\t\t\t\t\t<div class=\"elementor-container elementor-column-gap-default\">\n\t\t\t\t\t<div class=\"elementor-column elementor-col-100 elementor-top-column elementor-element elementor-element-95812d8\" data-id=\"95812d8\" data-element_type=\"column\">\n\t\t\t<div class=\"elementor-widget-wrap elementor-element-populated\">\n\t\t\t\t\t\t<div class=\"elementor-element elementor-element-b38b1e1 elementor-nav-menu__align-center elementor-nav-menu--dropdown-tablet elementor-nav-menu__text-align-aside elementor-nav-menu--toggle elementor-nav-menu--burger elementor-widget elementor-widget-nav-menu\" data-id=\"b38b1e1\" data-element_type=\"widget\" data-settings=\"{&quot;layout&quot;:&quot;horizontal&quot;,&quot;submenu_icon&quot;:{&quot;value&quot;:&quot;&lt;i class=\\&quot;fas fa-caret-down\\&quot; aria-hidden=\\&quot;true\\&quot;&gt;&lt;\\\/i&gt;&quot;,&quot;library&quot;:&quot;fa-solid&quot;},&quot;toggle&quot;:&quot;burger&quot;}\" data-widget_type=\"nav-menu.default\">\n\t\t\t\t<div class=\"elementor-widget-container\">\n\t\t\t\t\t\t\t\t<nav aria-label=\"Menu\" class=\"elementor-nav-menu--main elementor-nav-menu__container elementor-nav-menu--layout-horizontal e--pointer-none\">\n\t\t\t\t<ul id=\"menu-1-b38b1e1\" class=\"elementor-nav-menu\"><li class=\"menu-item menu-item-type-post_type menu-item-object-page menu-item-15451\"><a href=\"https:\/\/oaggao.ca\/learn\/research\/interact\/jackson-discovery-centre\/\" class=\"elementor-item\">A.Y. Jackson sa vie et son \u0153uvre dans l&rsquo;outaouais<\/a><\/li>\n<li class=\"menu-item menu-item-type-post_type menu-item-object-page menu-item-15364\"><a href=\"https:\/\/oaggao.ca\/learn\/research\/interact\/jackson-discovery-centre\/jackson-d-centre-child-sample-1\/\" class=\"elementor-item\">La vie d&rsquo;Alec avant Ottawa<\/a><\/li>\n<li class=\"menu-item menu-item-type-post_type menu-item-object-page menu-item-15361\"><a href=\"https:\/\/oaggao.ca\/learn\/research\/interact\/jackson-discovery-centre\/alecs-manotick\/\" class=\"elementor-item\">Alec \u00e0 Manotick<\/a><\/li>\n<li class=\"menu-item menu-item-type-post_type menu-item-object-page menu-item-15365\"><a href=\"https:\/\/oaggao.ca\/learn\/research\/interact\/jackson-discovery-centre\/alec-and-the-firestone-family\/\" class=\"elementor-item\">Alec et la famille Firestone<\/a><\/li>\n<li class=\"menu-item menu-item-type-post_type menu-item-object-page menu-item-15363\"><a href=\"https:\/\/oaggao.ca\/learn\/research\/interact\/jackson-discovery-centre\/alecs-ottawa\/\" class=\"elementor-item\">Alec \u00e0 Ottawa<\/a><\/li>\n<li class=\"menu-item menu-item-type-post_type menu-item-object-page menu-item-15368\"><a href=\"https:\/\/oaggao.ca\/learn\/research\/interact\/jackson-discovery-centre\/alec-and-the-canadian-flag\/\" class=\"elementor-item\">Alec et ses coll\u00e8gues de la r\u00e9gion<\/a><\/li>\n<li class=\"menu-item menu-item-type-post_type menu-item-object-page menu-item-15449\"><a href=\"https:\/\/oaggao.ca\/learn\/research\/interact\/jackson-discovery-centre\/alec-flag-debate\/\" class=\"elementor-item\">Alec et le d\u00e9bat autour du drapeau canadien<\/a><\/li>\n<li class=\"menu-item menu-item-type-post_type menu-item-object-page menu-item-15362\"><a href=\"https:\/\/oaggao.ca\/learn\/research\/interact\/jackson-discovery-centre\/alecs-life-after-ottawa\/\" class=\"elementor-item\">Alec apr\u00e8s son temps \u00e0 Ottawa<\/a><\/li>\n<\/ul>\t\t\t<\/nav>\n\t\t\t\t\t<div class=\"elementor-menu-toggle\" role=\"button\" tabindex=\"0\" aria-label=\"Permuter le menu\" aria-expanded=\"false\">\n\t\t\t<i aria-hidden=\"true\" role=\"presentation\" class=\"elementor-menu-toggle__icon--open eicon-menu-bar\"><\/i><i aria-hidden=\"true\" role=\"presentation\" class=\"elementor-menu-toggle__icon--close eicon-close\"><\/i>\t\t<\/div>\n\t\t\t\t\t<nav class=\"elementor-nav-menu--dropdown elementor-nav-menu__container\" aria-hidden=\"true\">\n\t\t\t\t<ul id=\"menu-2-b38b1e1\" class=\"elementor-nav-menu\"><li class=\"menu-item menu-item-type-post_type menu-item-object-page menu-item-15451\"><a href=\"https:\/\/oaggao.ca\/learn\/research\/interact\/jackson-discovery-centre\/\" class=\"elementor-item\" tabindex=\"-1\">A.Y. Jackson sa vie et son \u0153uvre dans l&rsquo;outaouais<\/a><\/li>\n<li class=\"menu-item menu-item-type-post_type menu-item-object-page menu-item-15364\"><a href=\"https:\/\/oaggao.ca\/learn\/research\/interact\/jackson-discovery-centre\/jackson-d-centre-child-sample-1\/\" class=\"elementor-item\" tabindex=\"-1\">La vie d&rsquo;Alec avant Ottawa<\/a><\/li>\n<li class=\"menu-item menu-item-type-post_type menu-item-object-page menu-item-15361\"><a href=\"https:\/\/oaggao.ca\/learn\/research\/interact\/jackson-discovery-centre\/alecs-manotick\/\" class=\"elementor-item\" tabindex=\"-1\">Alec \u00e0 Manotick<\/a><\/li>\n<li class=\"menu-item menu-item-type-post_type menu-item-object-page menu-item-15365\"><a href=\"https:\/\/oaggao.ca\/learn\/research\/interact\/jackson-discovery-centre\/alec-and-the-firestone-family\/\" class=\"elementor-item\" tabindex=\"-1\">Alec et la famille Firestone<\/a><\/li>\n<li class=\"menu-item menu-item-type-post_type menu-item-object-page menu-item-15363\"><a href=\"https:\/\/oaggao.ca\/learn\/research\/interact\/jackson-discovery-centre\/alecs-ottawa\/\" class=\"elementor-item\" tabindex=\"-1\">Alec \u00e0 Ottawa<\/a><\/li>\n<li class=\"menu-item menu-item-type-post_type menu-item-object-page menu-item-15368\"><a href=\"https:\/\/oaggao.ca\/learn\/research\/interact\/jackson-discovery-centre\/alec-and-the-canadian-flag\/\" class=\"elementor-item\" tabindex=\"-1\">Alec et ses coll\u00e8gues de la r\u00e9gion<\/a><\/li>\n<li class=\"menu-item menu-item-type-post_type menu-item-object-page menu-item-15449\"><a href=\"https:\/\/oaggao.ca\/learn\/research\/interact\/jackson-discovery-centre\/alec-flag-debate\/\" class=\"elementor-item\" tabindex=\"-1\">Alec et le d\u00e9bat autour du drapeau canadien<\/a><\/li>\n<li class=\"menu-item menu-item-type-post_type menu-item-object-page menu-item-15362\"><a href=\"https:\/\/oaggao.ca\/learn\/research\/interact\/jackson-discovery-centre\/alecs-life-after-ottawa\/\" class=\"elementor-item\" tabindex=\"-1\">Alec apr\u00e8s son temps \u00e0 Ottawa<\/a><\/li>\n<\/ul>\t\t\t<\/nav>\n\t\t\t\t\t\t<\/div>\n\t\t\t\t<\/div>\n\t\t\t\t\t<\/div>\n\t\t<\/div>\n\t\t\t\t\t<\/div>\n\t\t<\/section>\n\t\t\t\t<section class=\"elementor-section elementor-top-section elementor-element elementor-element-2dc969c elementor-section-boxed elementor-section-height-default elementor-section-height-default\" data-id=\"2dc969c\" data-element_type=\"section\">\n\t\t\t\t\t\t<div class=\"elementor-container elementor-column-gap-default\">\n\t\t\t\t\t<div class=\"elementor-column elementor-col-100 elementor-top-column elementor-element elementor-element-da38f2e\" data-id=\"da38f2e\" data-element_type=\"column\">\n\t\t\t<div class=\"elementor-widget-wrap elementor-element-populated\">\n\t\t\t\t\t\t<section class=\"elementor-section elementor-inner-section elementor-element elementor-element-443ea56 elementor-section-boxed elementor-section-height-default elementor-section-height-default\" data-id=\"443ea56\" data-element_type=\"section\">\n\t\t\t\t\t\t<div class=\"elementor-container elementor-column-gap-default\">\n\t\t\t\t\t<div class=\"elementor-column elementor-col-100 elementor-inner-column elementor-element elementor-element-8d51162\" data-id=\"8d51162\" data-element_type=\"column\">\n\t\t\t<div class=\"elementor-widget-wrap elementor-element-populated\">\n\t\t\t\t\t\t<div class=\"elementor-element elementor-element-68030b4 elementor-widget elementor-widget-heading\" data-id=\"68030b4\" data-element_type=\"widget\" data-widget_type=\"heading.default\">\n\t\t\t\t<div class=\"elementor-widget-container\">\n\t\t\t\t\t<h2 class=\"elementor-heading-title elementor-size-default\">Alec \u00e0 Manotick<\/h2>\t\t\t\t<\/div>\n\t\t\t\t<\/div>\n\t\t\t\t<div class=\"elementor-element elementor-element-22af25f elementor-widget elementor-widget-text-editor\" data-id=\"22af25f\" data-element_type=\"widget\" data-widget_type=\"text-editor.default\">\n\t\t\t\t<div class=\"elementor-widget-container\">\n\t\t\t\t\t\t\t\t\t<p>Lorsque Lawren Harris, un coll\u00e8gue du Groupe des Sept, finit par vendre le c\u00e9l\u00e8bre Atelier Building en 1948, la vie commence \u00e0 changer pour A. Y. Jackson, qui en est un locataire de longue date. Une nouvelle voie de m\u00e9tro \u00e0 ciel ouvert le s\u00e9pare maintenant du reste du voisinage, ses amis ont d\u00e9m\u00e9nag\u00e9, et on lui dit qu\u2019il doit d\u00e9sormais porter des chaussures en feutre dans l&rsquo;atelier et tendre ses toiles au sous-sol. Cette ann\u00e9e-l\u00e0, Jackson fait appel \u00e0 son ami de longue date, l\u2019artiste Maurice Haycock, pour l\u2019aider \u00e0 trouver un terrain \u00e0 vendre \u00e0 proximit\u00e9 d\u2019Ottawa, dans la ville de Manotick, o\u00f9 habite sa ni\u00e8ce, Constance Hamilton (5). C\u2019est l\u00e0 que Jackson se fait construire une maison et un atelier con\u00e7us par M.G. Nixon : deux structures incrust\u00e9es dans une colline et munies de fen\u00eatres panoramiques donnant sur la rivi\u00e8re Rideau. L\u2019artiste y emm\u00e9nage en 1955, \u00e0 l\u2019\u00e2ge de 72 ans. D\u2019apr\u00e8s un journaliste, l\u2019atelier de Manotick est \u00ab id\u00e9al pour un peintre \u00bb en raison de sa vue sur la rivi\u00e8re (6). Jackson partage cet avis : la fa\u00e7ade nord est enti\u00e8rement faite de fen\u00eatres, que m\u00eame sa femme de m\u00e9nage n\u2019a pas le droit de toucher (7). Arthur Lismer, un autre membre du Groupe des Sept, va m\u00eame jusqu\u2019\u00e0 griffonner un portrait de Jackson dans la crasse ainsi que les mots : \u00ab Je vois \u00e0 ce que personne ne nettoie les vitres (8). \u00bb<\/p><p>D\u2019aucuns croient que ce changement de d\u00e9cor signale le d\u00e9but de la retraite pour Jackson, mais le principal int\u00e9ress\u00e9 les fait mentir. Durant ses ann\u00e9es \u00e0 Manotick, il ratisse la r\u00e9gion, heureux de pouvoir dessiner diff\u00e9rents endroits le long de la vall\u00e9e de l\u2019Outaouais. La Collection Firestone contient vingt-cinq esquisses r\u00e9alis\u00e9es par Jackson dans la vall\u00e9e de l\u2019Outaouais, de l\u2019est du parc Algonquin jusqu\u2019\u00e0 Perth, Combermere, Eganville et les collines de la Gatineau, des lieux qui sont cartographi\u00e9s le long du sentier <strong>A. Y. Jackson Trail<\/strong>, am\u00e9nag\u00e9 par l\u2019Ottawa River Institute en 2012. Durant cette p\u00e9riode, Jackson continue \u00e0 parcourir le pays (plus particuli\u00e8rement l\u2019Ouest et le Nord Canadiens) de quatre \u00e0 cinq mois par ann\u00e9e, avant de rentrer chez lui \u00e0 Manotick pour peindre des toiles \u00e0 partir de ses esquisses.<\/p><p>5 . Wayne Larsen, A. Y. Jackson: The Life of a Landscape Painter, Toronto, Dundurn Press, 2009, p. 197.<\/p><p>6. W.Q. Ketchum, \u00ab A. Y. Jackson at 80: \u2018The World\u2019s a Bloody Awful Mess But With Still a Glimmer of Hope\u2019 \u00bb, The Ottawa Journal (29 septembre 1962).<\/p><p>7. I. Norman Smith, \u00ab In His Studio: A Sketch of A. Y. Jackson \u00bb, The Ottawa Journal (23 novembre 1964).<\/p><p>8. O. J. Firestone, The Other A. Y. Jackson, Toronto, The Canadian Publishers, 1979, p. 36-37.<\/p>\t\t\t\t\t\t\t\t<\/div>\n\t\t\t\t<\/div>\n\t\t\t\t\t<\/div>\n\t\t<\/div>\n\t\t\t\t\t<\/div>\n\t\t<\/section>\n\t\t\t\t\t<\/div>\n\t\t<\/div>\n\t\t\t\t\t<\/div>\n\t\t<\/section>\n\t\t\t\t<section class=\"elementor-section elementor-top-section elementor-element elementor-element-28007c3 elementor-section-boxed elementor-section-height-default elementor-section-height-default\" data-id=\"28007c3\" data-element_type=\"section\">\n\t\t\t\t\t\t<div class=\"elementor-container elementor-column-gap-default\">\n\t\t\t\t\t<div class=\"elementor-column elementor-col-100 elementor-top-column elementor-element elementor-element-7dc12a7\" data-id=\"7dc12a7\" data-element_type=\"column\">\n\t\t\t<div class=\"elementor-widget-wrap elementor-element-populated\">\n\t\t\t\t\t\t<div class=\"elementor-element elementor-element-097c83f elementor-position-top elementor-widget elementor-widget-image-box\" data-id=\"097c83f\" data-element_type=\"widget\" data-widget_type=\"image-box.default\">\n\t\t\t\t<div class=\"elementor-widget-container\">\n\t\t\t\t\t<div class=\"elementor-image-box-wrapper\"><figure class=\"elementor-image-box-img\"><a href=\"http:\/\/www.cbc.ca\/archives\/categories\/arts-entertainment\/visual-arts\/the-group-of-seven-painters-in-the-wilderness\/ay-jackson-still-painting-at-73.html\" target=\"_blank\" tabindex=\"-1\"><img fetchpriority=\"high\" decoding=\"async\" width=\"545\" height=\"409\" src=\"https:\/\/oaggao.ca\/wp-content\/uploads\/2021\/11\/CBC-still.png\" class=\"attachment-full size-full wp-image-15373\" alt=\"\" srcset=\"https:\/\/oaggao.ca\/wp-content\/uploads\/2021\/11\/CBC-still.png 545w, https:\/\/oaggao.ca\/wp-content\/uploads\/2021\/11\/CBC-still-300x225.png 300w\" sizes=\"(max-width: 545px) 100vw, 545px\" \/><\/a><\/figure><div class=\"elementor-image-box-content\"><p class=\"elementor-image-box-description\">Une \u00e9quipe de la CBC documente l\u2019arriv\u00e9e du c\u00e9l\u00e8bre A. Y. Jackson \u00e0 Manotick en 1955. Elle y tourne Jackson pendant qu\u2019il travaille en compagnie de son ami, le Dr Maurice Haycock, un peintre d\u2019Ottawa. Le film souligne que l\u2019artiste n\u2019est pas \u00e0 la retraite et qu\u2019il demeure aussi actif qu\u2019il l\u2019\u00e9tait vingt ans plus t\u00f4t. \n\nArchives num\u00e9riques de Radio-Canada\n\u00c0 l'\u00e2ge de 73, A.Y. Jackson peint toujours, 1955, 12 min 25 sec\n<\/p><\/div><\/div>\t\t\t\t<\/div>\n\t\t\t\t<\/div>\n\t\t\t\t\t<\/div>\n\t\t<\/div>\n\t\t\t\t\t<\/div>\n\t\t<\/section>\n\t\t\t\t<section class=\"elementor-section elementor-top-section elementor-element elementor-element-7207191 elementor-section-boxed elementor-section-height-default elementor-section-height-default\" data-id=\"7207191\" data-element_type=\"section\">\n\t\t\t\t\t\t<div class=\"elementor-container elementor-column-gap-default\">\n\t\t\t\t\t<div class=\"elementor-column elementor-col-100 elementor-top-column elementor-element elementor-element-f4a71f2\" data-id=\"f4a71f2\" data-element_type=\"column\">\n\t\t\t<div class=\"elementor-widget-wrap elementor-element-populated\">\n\t\t\t\t\t\t<div class=\"elementor-element elementor-element-4c9c805 elementor-widget elementor-widget-image-gallery\" data-id=\"4c9c805\" data-element_type=\"widget\" data-widget_type=\"image-gallery.default\">\n\t\t\t\t<div class=\"elementor-widget-container\">\n\t\t\t\t\t\t\t<div class=\"elementor-image-gallery\">\n\t\t\t<div id='gallery-1' class='gallery galleryid-20269 gallery-columns-2 gallery-size-medium'><figure class='gallery-item'>\n\t\t\t<div class='gallery-icon landscape'>\n\t\t\t\t<a data-elementor-open-lightbox=\"yes\" data-elementor-lightbox-slideshow=\"4c9c805\" data-elementor-lightbox-title=\"FAC0650\" data-elementor-lightbox-description=\"A. Y. Jackson\r\n(1882, Montr\u00e9al, QC \u2013 1974, Kleinburg, ON)\r\nSoir\u00e9e \u00e0 Manotick, 1956\r\nGraphite sur papier\r\n22 x 29 cm\r\nCollection Firestone d\u2019art Canadien, FAC 0650\r\n\u00a9 Carleton University Art Gallery, Ottawa, ON\r\n\" data-e-action-hash=\"#elementor-action%3Aaction%3Dlightbox%26settings%3DeyJpZCI6MTUzNzAsInVybCI6Imh0dHBzOlwvXC9vYWdnYW8uY2FcL3dwLWNvbnRlbnRcL3VwbG9hZHNcLzIwMjFcLzExXC9GQUMwNjUwLXNjYWxlZC5qcGciLCJzbGlkZXNob3ciOiI0YzljODA1In0%3D\" href='https:\/\/oaggao.ca\/wp-content\/uploads\/2021\/11\/FAC0650-scaled.jpg'><img decoding=\"async\" width=\"300\" height=\"227\" src=\"https:\/\/oaggao.ca\/wp-content\/uploads\/2021\/11\/FAC0650-300x227.jpg\" class=\"attachment-medium size-medium\" alt=\"\" aria-describedby=\"gallery-1-15370\" srcset=\"https:\/\/oaggao.ca\/wp-content\/uploads\/2021\/11\/FAC0650-300x227.jpg 300w, https:\/\/oaggao.ca\/wp-content\/uploads\/2021\/11\/FAC0650-1024x776.jpg 1024w, https:\/\/oaggao.ca\/wp-content\/uploads\/2021\/11\/FAC0650-768x582.jpg 768w, https:\/\/oaggao.ca\/wp-content\/uploads\/2021\/11\/FAC0650-1536x1163.jpg 1536w, https:\/\/oaggao.ca\/wp-content\/uploads\/2021\/11\/FAC0650-scaled.jpg 2048w\" sizes=\"(max-width: 300px) 100vw, 300px\" \/><\/a>\n\t\t\t<\/div>\n\t\t\t\t<figcaption class='wp-caption-text gallery-caption' id='gallery-1-15370'>\n\t\t\t\t Jackson utilise souvent un syst\u00e8me de num\u00e9rotation dans ses dessins et esquisses. Ce dessin, par exemple, contient des notes \u00e0 l\u2019effet que 2 signifie \u00ab lumi\u00e8res \u00bb et 3 \u00ab neige \u00bb. De plus, Jackson prend souvent une certaine libert\u00e9 artistique au moment d\u2019ordonner les \u00e9l\u00e9ments d\u2019un paysage, qu\u2019il d\u00e9place ou supprime carr\u00e9ment; dans cette \u0153uvre, par exemple, il note son intention de d\u00e9placer l\u2019\u00e9glise.\n\t\t\t\t<\/figcaption><\/figure><figure class='gallery-item'>\n\t\t\t<div class='gallery-icon landscape'>\n\t\t\t\t<a data-elementor-open-lightbox=\"yes\" data-elementor-lightbox-slideshow=\"4c9c805\" data-elementor-lightbox-title=\"FAC0667\" data-elementor-lightbox-description=\"A. Y. Jackson\r\n(1882, Montr\u00e9al, QC \u2013 1974, Kleinburg, ON)\r\nPr\u00e8s de Perth, 1961\r\nHuile sur panneau\r\n27 x 34 cm\r\nCollection Firestone d\u2019art Canadien, FAC 0667\r\n\u00a9 Carleton University Art Gallery, Ottawa, ON\r\n\" data-e-action-hash=\"#elementor-action%3Aaction%3Dlightbox%26settings%3DeyJpZCI6MTUzNzIsInVybCI6Imh0dHBzOlwvXC9vYWdnYW8uY2FcL3dwLWNvbnRlbnRcL3VwbG9hZHNcLzIwMjFcLzExXC9GQUMwNjY3LXNjYWxlZC5qcGciLCJzbGlkZXNob3ciOiI0YzljODA1In0%3D\" href='https:\/\/oaggao.ca\/wp-content\/uploads\/2021\/11\/FAC0667-scaled.jpg'><img decoding=\"async\" width=\"300\" height=\"239\" src=\"https:\/\/oaggao.ca\/wp-content\/uploads\/2021\/11\/FAC0667-300x239.jpg\" class=\"attachment-medium size-medium\" alt=\"\" aria-describedby=\"gallery-1-15372\" srcset=\"https:\/\/oaggao.ca\/wp-content\/uploads\/2021\/11\/FAC0667-300x239.jpg 300w, https:\/\/oaggao.ca\/wp-content\/uploads\/2021\/11\/FAC0667-1024x816.jpg 1024w, https:\/\/oaggao.ca\/wp-content\/uploads\/2021\/11\/FAC0667-768x612.jpg 768w, https:\/\/oaggao.ca\/wp-content\/uploads\/2021\/11\/FAC0667-1536x1224.jpg 1536w, https:\/\/oaggao.ca\/wp-content\/uploads\/2021\/11\/FAC0667-scaled.jpg 2048w\" sizes=\"(max-width: 300px) 100vw, 300px\" \/><\/a>\n\t\t\t<\/div>\n\t\t\t\t<figcaption class='wp-caption-text gallery-caption' id='gallery-1-15372'>\n\t\t\t\t Lorsqu\u2019il vit \u00e0 Manotick, Jackson parcourt la r\u00e9gion afin de r\u00e9aliser des esquisses \u00e0 des endroits comme Perth, au sud-ouest d\u2019Ottawa.\n\t\t\t\t<\/figcaption><\/figure><figure class='gallery-item'>\n\t\t\t<div class='gallery-icon portrait'>\n\t\t\t\t<a data-elementor-open-lightbox=\"yes\" data-elementor-lightbox-slideshow=\"4c9c805\" data-elementor-lightbox-title=\"e010950585-resized\" data-elementor-lightbox-description=\"A. Y. (Alexander Young) Jackson pendant une sortie au d\u00e9but du printemps, au sud d\u2019Ottawa\nPar Rosemary Gilliat Eaton, 1960\nReproduction d\u2019une diapositive en couleur\nBiblioth\u00e8que et Archives Canada \/ e010950585\n\u00a9 Biblioth\u00e8que et Archives Canada, reproduit avec la permission de Biblioth\u00e8que et Archives Canada\" data-e-action-hash=\"#elementor-action%3Aaction%3Dlightbox%26settings%3DeyJpZCI6MTUzNzYsInVybCI6Imh0dHBzOlwvXC9vYWdnYW8uY2FcL3dwLWNvbnRlbnRcL3VwbG9hZHNcLzIwMjFcLzExXC9lMDEwOTUwNTg1LXJlc2l6ZWQuanBnIiwic2xpZGVzaG93IjoiNGM5YzgwNSJ9\" href='https:\/\/oaggao.ca\/wp-content\/uploads\/2021\/11\/e010950585-resized.jpg'><img loading=\"lazy\" decoding=\"async\" width=\"298\" height=\"300\" src=\"https:\/\/oaggao.ca\/wp-content\/uploads\/2021\/11\/e010950585-resized-298x300.jpg\" class=\"attachment-medium size-medium\" alt=\"\" aria-describedby=\"gallery-1-15376\" srcset=\"https:\/\/oaggao.ca\/wp-content\/uploads\/2021\/11\/e010950585-resized-298x300.jpg 298w, https:\/\/oaggao.ca\/wp-content\/uploads\/2021\/11\/e010950585-resized-150x150.jpg 150w, https:\/\/oaggao.ca\/wp-content\/uploads\/2021\/11\/e010950585-resized.jpg 658w\" sizes=\"(max-width: 298px) 100vw, 298px\" \/><\/a>\n\t\t\t<\/div>\n\t\t\t\t<figcaption class='wp-caption-text gallery-caption' id='gallery-1-15376'>\n\t\t\t\tA. Y. Jackson donne sa bo\u00eete \u00e0 croquis, cinq pinceaux et un couteau \u00e0 palette (2) \u00e0 O. J. Firestone pour sa \u00ab salle Jackson \u00bb. Il a con\u00e7u la bo\u00eete \u00e0 croquis sur mesure pour qu\u2019elle r\u00e9ponde \u00e0 ses besoins lorsqu\u2019il dessine en plein air : le fond sert \u00e9galement de palette, ce qui en facilite le transport en randonn\u00e9e ou en canot (3) . \u00c0 l\u2019int\u00e9rieur, l\u2019artiste a inscrit \u00ab bo\u00eete \u00e0 croquis utilis\u00e9e par A. Y. Jackson durant 15 ans, 1936-1950 (4) \u00bb. \n\n2. O. J. Firestone, The Other A. Y. Jackson, Toronto, The Canadian Publishers, 1979, p. 119.\n3. O. J. Firestone, The Other A. Y. Jackson, Toronto, The Canadian Publishers, 1979, p. 120. \n4. O. J. Firestone, The Other A. Y. Jackson, Toronto, The Canadian Publishers, 1979, p. 119.\n\t\t\t\t<\/figcaption><\/figure><figure class='gallery-item'>\n\t\t\t<div class='gallery-icon landscape'>\n\t\t\t\t<a data-elementor-open-lightbox=\"yes\" data-elementor-lightbox-slideshow=\"4c9c805\" data-elementor-lightbox-title=\"Jackson Manotick House - TO USE - Copy (640x491)\" data-elementor-lightbox-description=\"Le studio de Jackson en construction,janvier 1955.\r\nCollection Andrews-Newton\r\nArchives de la ville d\u2019Ottawa\" data-e-action-hash=\"#elementor-action%3Aaction%3Dlightbox%26settings%3DeyJpZCI6MTUzNzksInVybCI6Imh0dHBzOlwvXC9vYWdnYW8uY2FcL3dwLWNvbnRlbnRcL3VwbG9hZHNcLzIwMjFcLzExXC9KYWNrc29uLU1hbm90aWNrLUhvdXNlLVRPLVVTRS1Db3B5LTY0MHg0OTEtMS5qcGciLCJzbGlkZXNob3ciOiI0YzljODA1In0%3D\" href='https:\/\/oaggao.ca\/wp-content\/uploads\/2021\/11\/Jackson-Manotick-House-TO-USE-Copy-640x491-1.jpg'><img loading=\"lazy\" decoding=\"async\" width=\"300\" height=\"230\" src=\"https:\/\/oaggao.ca\/wp-content\/uploads\/2021\/11\/Jackson-Manotick-House-TO-USE-Copy-640x491-1-300x230.jpg\" class=\"attachment-medium size-medium\" alt=\"\" aria-describedby=\"gallery-1-15379\" srcset=\"https:\/\/oaggao.ca\/wp-content\/uploads\/2021\/11\/Jackson-Manotick-House-TO-USE-Copy-640x491-1-300x230.jpg 300w, https:\/\/oaggao.ca\/wp-content\/uploads\/2021\/11\/Jackson-Manotick-House-TO-USE-Copy-640x491-1.jpg 640w\" sizes=\"(max-width: 300px) 100vw, 300px\" \/><\/a>\n\t\t\t<\/div>\n\t\t\t\t<figcaption class='wp-caption-text gallery-caption' id='gallery-1-15379'>\n\t\t\t\tLe studio de Jackson en construction,janvier 1955.\r\nCollection Andrews-Newton\r\nArchives de la ville d\u2019Ottawa\r\n\n\t\t\t\t<\/figcaption><\/figure>\n\t\t<\/div>\n\t\t<\/div>\n\t\t\t\t\t\t<\/div>\n\t\t\t\t<\/div>\n\t\t\t\t\t<\/div>\n\t\t<\/div>\n\t\t\t\t\t<\/div>\n\t\t<\/section>\n\t\t\t\t<\/div>\n\t\t","protected":false},"excerpt":{"rendered":"<p>Alec \u00e0 Manotick Lorsque Lawren Harris, un coll\u00e8gue du Groupe des Sept, finit par vendre le c\u00e9l\u00e8bre Atelier Building en 1948, la vie commence \u00e0 changer pour A. Y. Jackson, [&hellip;]<\/p>\n","protected":false},"author":13,"featured_media":0,"parent":20265,"menu_order":0,"comment_status":"closed","ping_status":"closed","template":"","meta":{"_acf_changed":false,"footnotes":""},"class_list":["post-20269","page","type-page","status-publish","hentry"],"acf":[],"aioseo_notices":[],"_links":{"self":[{"href":"https:\/\/oaggao.ca\/fr\/wp-json\/wp\/v2\/pages\/20269","targetHints":{"allow":["GET"]}}],"collection":[{"href":"https:\/\/oaggao.ca\/fr\/wp-json\/wp\/v2\/pages"}],"about":[{"href":"https:\/\/oaggao.ca\/fr\/wp-json\/wp\/v2\/types\/page"}],"author":[{"embeddable":true,"href":"https:\/\/oaggao.ca\/fr\/wp-json\/wp\/v2\/users\/13"}],"replies":[{"embeddable":true,"href":"https:\/\/oaggao.ca\/fr\/wp-json\/wp\/v2\/comments?post=20269"}],"version-history":[{"count":0,"href":"https:\/\/oaggao.ca\/fr\/wp-json\/wp\/v2\/pages\/20269\/revisions"}],"up":[{"embeddable":true,"href":"https:\/\/oaggao.ca\/fr\/wp-json\/wp\/v2\/pages\/20265"}],"wp:attachment":[{"href":"https:\/\/oaggao.ca\/fr\/wp-json\/wp\/v2\/media?parent=20269"}],"curies":[{"name":"wp","href":"https:\/\/api.w.org\/{rel}","templated":true}]}}