{"id":20270,"date":"2021-12-21T19:59:27","date_gmt":"2021-12-22T00:59:27","guid":{"rendered":"https:\/\/wwwoaggaoca.wpengine.com\/?page_id=20270"},"modified":"2022-01-21T13:48:11","modified_gmt":"2022-01-21T18:48:11","slug":"alec-et-la-famille-firestone","status":"publish","type":"page","link":"https:\/\/oaggao.ca\/fr\/apprendre\/recherche\/decouvrir\/a-y-jackson-sa-vie-et-son-oeuvre-dans-loutaouais\/alec-et-la-famille-firestone\/","title":{"rendered":"Alec et la famille Firestone"},"content":{"rendered":"\t\t<div data-elementor-type=\"wp-page\" data-elementor-id=\"20270\" class=\"elementor elementor-20270 elementor-11831\" data-elementor-post-type=\"page\">\n\t\t\t\t\t\t<section class=\"elementor-section elementor-top-section elementor-element elementor-element-e306877 elementor-section-boxed elementor-section-height-default elementor-section-height-default\" data-id=\"e306877\" data-element_type=\"section\" data-settings=\"{&quot;background_background&quot;:&quot;classic&quot;}\">\n\t\t\t\t\t\t<div class=\"elementor-container elementor-column-gap-default\">\n\t\t\t\t\t<div class=\"elementor-column elementor-col-100 elementor-top-column elementor-element elementor-element-3028636\" data-id=\"3028636\" data-element_type=\"column\">\n\t\t\t<div class=\"elementor-widget-wrap elementor-element-populated\">\n\t\t\t\t\t\t<div class=\"elementor-element elementor-element-f11e067 elementor-nav-menu__align-center elementor-nav-menu--dropdown-tablet elementor-nav-menu__text-align-aside elementor-nav-menu--toggle elementor-nav-menu--burger elementor-widget elementor-widget-nav-menu\" data-id=\"f11e067\" data-element_type=\"widget\" data-settings=\"{&quot;layout&quot;:&quot;horizontal&quot;,&quot;submenu_icon&quot;:{&quot;value&quot;:&quot;&lt;i class=\\&quot;fas fa-caret-down\\&quot; aria-hidden=\\&quot;true\\&quot;&gt;&lt;\\\/i&gt;&quot;,&quot;library&quot;:&quot;fa-solid&quot;},&quot;toggle&quot;:&quot;burger&quot;}\" data-widget_type=\"nav-menu.default\">\n\t\t\t\t<div class=\"elementor-widget-container\">\n\t\t\t\t\t\t\t\t<nav aria-label=\"Menu\" class=\"elementor-nav-menu--main elementor-nav-menu__container elementor-nav-menu--layout-horizontal e--pointer-none\">\n\t\t\t\t<ul id=\"menu-1-f11e067\" class=\"elementor-nav-menu\"><li class=\"menu-item menu-item-type-post_type menu-item-object-page menu-item-15451\"><a href=\"https:\/\/oaggao.ca\/learn\/research\/interact\/jackson-discovery-centre\/\" class=\"elementor-item\">A.Y. Jackson sa vie et son \u0153uvre dans l&rsquo;outaouais<\/a><\/li>\n<li class=\"menu-item menu-item-type-post_type menu-item-object-page menu-item-15364\"><a href=\"https:\/\/oaggao.ca\/learn\/research\/interact\/jackson-discovery-centre\/jackson-d-centre-child-sample-1\/\" class=\"elementor-item\">La vie d&rsquo;Alec avant Ottawa<\/a><\/li>\n<li class=\"menu-item menu-item-type-post_type menu-item-object-page menu-item-15361\"><a href=\"https:\/\/oaggao.ca\/learn\/research\/interact\/jackson-discovery-centre\/alecs-manotick\/\" class=\"elementor-item\">Alec \u00e0 Manotick<\/a><\/li>\n<li class=\"menu-item menu-item-type-post_type menu-item-object-page menu-item-15365\"><a href=\"https:\/\/oaggao.ca\/learn\/research\/interact\/jackson-discovery-centre\/alec-and-the-firestone-family\/\" class=\"elementor-item\">Alec et la famille Firestone<\/a><\/li>\n<li class=\"menu-item menu-item-type-post_type menu-item-object-page menu-item-15363\"><a href=\"https:\/\/oaggao.ca\/learn\/research\/interact\/jackson-discovery-centre\/alecs-ottawa\/\" class=\"elementor-item\">Alec \u00e0 Ottawa<\/a><\/li>\n<li class=\"menu-item menu-item-type-post_type menu-item-object-page menu-item-15368\"><a href=\"https:\/\/oaggao.ca\/learn\/research\/interact\/jackson-discovery-centre\/alec-and-the-canadian-flag\/\" class=\"elementor-item\">Alec et ses coll\u00e8gues de la r\u00e9gion<\/a><\/li>\n<li class=\"menu-item menu-item-type-post_type menu-item-object-page menu-item-15449\"><a href=\"https:\/\/oaggao.ca\/learn\/research\/interact\/jackson-discovery-centre\/alec-flag-debate\/\" class=\"elementor-item\">Alec et le d\u00e9bat autour du drapeau canadien<\/a><\/li>\n<li class=\"menu-item menu-item-type-post_type menu-item-object-page menu-item-15362\"><a href=\"https:\/\/oaggao.ca\/learn\/research\/interact\/jackson-discovery-centre\/alecs-life-after-ottawa\/\" class=\"elementor-item\">Alec apr\u00e8s son temps \u00e0 Ottawa<\/a><\/li>\n<\/ul>\t\t\t<\/nav>\n\t\t\t\t\t<div class=\"elementor-menu-toggle\" role=\"button\" tabindex=\"0\" aria-label=\"Permuter le menu\" aria-expanded=\"false\">\n\t\t\t<i aria-hidden=\"true\" role=\"presentation\" class=\"elementor-menu-toggle__icon--open eicon-menu-bar\"><\/i><i aria-hidden=\"true\" role=\"presentation\" class=\"elementor-menu-toggle__icon--close eicon-close\"><\/i>\t\t<\/div>\n\t\t\t\t\t<nav class=\"elementor-nav-menu--dropdown elementor-nav-menu__container\" aria-hidden=\"true\">\n\t\t\t\t<ul id=\"menu-2-f11e067\" class=\"elementor-nav-menu\"><li class=\"menu-item menu-item-type-post_type menu-item-object-page menu-item-15451\"><a href=\"https:\/\/oaggao.ca\/learn\/research\/interact\/jackson-discovery-centre\/\" class=\"elementor-item\" tabindex=\"-1\">A.Y. Jackson sa vie et son \u0153uvre dans l&rsquo;outaouais<\/a><\/li>\n<li class=\"menu-item menu-item-type-post_type menu-item-object-page menu-item-15364\"><a href=\"https:\/\/oaggao.ca\/learn\/research\/interact\/jackson-discovery-centre\/jackson-d-centre-child-sample-1\/\" class=\"elementor-item\" tabindex=\"-1\">La vie d&rsquo;Alec avant Ottawa<\/a><\/li>\n<li class=\"menu-item menu-item-type-post_type menu-item-object-page menu-item-15361\"><a href=\"https:\/\/oaggao.ca\/learn\/research\/interact\/jackson-discovery-centre\/alecs-manotick\/\" class=\"elementor-item\" tabindex=\"-1\">Alec \u00e0 Manotick<\/a><\/li>\n<li class=\"menu-item menu-item-type-post_type menu-item-object-page menu-item-15365\"><a href=\"https:\/\/oaggao.ca\/learn\/research\/interact\/jackson-discovery-centre\/alec-and-the-firestone-family\/\" class=\"elementor-item\" tabindex=\"-1\">Alec et la famille Firestone<\/a><\/li>\n<li class=\"menu-item menu-item-type-post_type menu-item-object-page menu-item-15363\"><a href=\"https:\/\/oaggao.ca\/learn\/research\/interact\/jackson-discovery-centre\/alecs-ottawa\/\" class=\"elementor-item\" tabindex=\"-1\">Alec \u00e0 Ottawa<\/a><\/li>\n<li class=\"menu-item menu-item-type-post_type menu-item-object-page menu-item-15368\"><a href=\"https:\/\/oaggao.ca\/learn\/research\/interact\/jackson-discovery-centre\/alec-and-the-canadian-flag\/\" class=\"elementor-item\" tabindex=\"-1\">Alec et ses coll\u00e8gues de la r\u00e9gion<\/a><\/li>\n<li class=\"menu-item menu-item-type-post_type menu-item-object-page menu-item-15449\"><a href=\"https:\/\/oaggao.ca\/learn\/research\/interact\/jackson-discovery-centre\/alec-flag-debate\/\" class=\"elementor-item\" tabindex=\"-1\">Alec et le d\u00e9bat autour du drapeau canadien<\/a><\/li>\n<li class=\"menu-item menu-item-type-post_type menu-item-object-page menu-item-15362\"><a href=\"https:\/\/oaggao.ca\/learn\/research\/interact\/jackson-discovery-centre\/alecs-life-after-ottawa\/\" class=\"elementor-item\" tabindex=\"-1\">Alec apr\u00e8s son temps \u00e0 Ottawa<\/a><\/li>\n<\/ul>\t\t\t<\/nav>\n\t\t\t\t\t\t<\/div>\n\t\t\t\t<\/div>\n\t\t\t\t\t<\/div>\n\t\t<\/div>\n\t\t\t\t\t<\/div>\n\t\t<\/section>\n\t\t\t\t<section class=\"elementor-section elementor-top-section elementor-element elementor-element-2dc969c elementor-section-boxed elementor-section-height-default elementor-section-height-default\" data-id=\"2dc969c\" data-element_type=\"section\">\n\t\t\t\t\t\t<div class=\"elementor-container elementor-column-gap-default\">\n\t\t\t\t\t<div class=\"elementor-column elementor-col-100 elementor-top-column elementor-element elementor-element-da38f2e\" data-id=\"da38f2e\" data-element_type=\"column\">\n\t\t\t<div class=\"elementor-widget-wrap elementor-element-populated\">\n\t\t\t\t\t\t<section class=\"elementor-section elementor-inner-section elementor-element elementor-element-443ea56 elementor-section-boxed elementor-section-height-default elementor-section-height-default\" data-id=\"443ea56\" data-element_type=\"section\">\n\t\t\t\t\t\t<div class=\"elementor-container elementor-column-gap-default\">\n\t\t\t\t\t<div class=\"elementor-column elementor-col-100 elementor-inner-column elementor-element elementor-element-8d51162\" data-id=\"8d51162\" data-element_type=\"column\">\n\t\t\t<div class=\"elementor-widget-wrap elementor-element-populated\">\n\t\t\t\t\t\t<div class=\"elementor-element elementor-element-68030b4 elementor-widget elementor-widget-heading\" data-id=\"68030b4\" data-element_type=\"widget\" data-widget_type=\"heading.default\">\n\t\t\t\t<div class=\"elementor-widget-container\">\n\t\t\t\t\t<h2 class=\"elementor-heading-title elementor-size-default\">Alec et la famille Firestone<\/h2>\t\t\t\t<\/div>\n\t\t\t\t<\/div>\n\t\t\t\t<div class=\"elementor-element elementor-element-22af25f elementor-widget elementor-widget-text-editor\" data-id=\"22af25f\" data-element_type=\"widget\" data-widget_type=\"text-editor.default\">\n\t\t\t\t<div class=\"elementor-widget-container\">\n\t\t\t\t\t\t\t\t\t<p>Au d\u00e9but des ann\u00e9es 1950, O. J. Firestone, un \u00e9conomiste f\u00e9d\u00e9ral qui se passionne pour l\u2019art, commence \u00e0 \u00e9tablir des liens avec des artistes \u00e0 la grandeur du pays, notamment avec A. Y. Jackson \u00e0 Toronto, en 1954. Lorsque Firestone apprend que Jackson s\u2019est install\u00e9 \u00e0 Manotick, il vient lui rendre visite dans son atelier. Ils discutent amplement de l\u2019art Canadien et du Groupe des Sept, et il s\u2019ensuit une relation qui dure plus d\u2019une d\u00e9cennie.<\/p><p>Pendant ce temps, O. J. et Isobel Firestone acqui\u00e8rent des centaines d\u2019\u0153uvres d\u2019artistes Canadiens et cr\u00e9ent ce qui deviendra par la suite la Collection Firestone d\u2019art Canadien telle que nous la connaissons aujourd\u2019hui. La maison des Firestone, nomm\u00e9e \u00ab Belmanor \u00bb en l\u2019honneur d\u2019Isobel, est con\u00e7ue de mani\u00e8re \u00e0 servir \u00e0 la fois de r\u00e9sidence familiale et de mus\u00e9e. Certaines pi\u00e8ces sont consacr\u00e9es exclusivement aux \u0153uvres d\u2019un artiste, c\u2019est ainsi que la \u00ab salle Jackson \u00bb rassemble une partie des 250 \u0153uvres de l\u2019artiste acquises par la famille. Firestone pr\u00e9sente Jackson \u00e0 des gens de son cercle social \u00e0 Ottawa et agit m\u00eame \u00e0 titre de chauffeur pour ce dernier \u00e0 l\u2019occasion. Ils organisent \u00e9galement des c\u00e9l\u00e9brations d\u2019anniversaire \u00e9labor\u00e9es s\u2019\u00e9tendant sur plusieurs jours pour Jackson, au cours desquelles toute la communaut\u00e9 artistique se retrouve chez eux pour c\u00e9l\u00e9brer.<\/p><p>Jackson se joint souvent \u00e0 la famille pour d\u00e9jeuner. Alors que sa femme Isobel utilise \u00ab Alec \u00bb pour s\u2019adresser \u00e0 Jackson et que leurs quatre enfants (Brenda, Catherine, Bruce et Peter) l\u2019admirent \u00e9norm\u00e9ment, O. J. Firestone continue de l\u2019appeler \u00ab M. Jackson \u00bb durant des ann\u00e9es, r\u00e9v\u00e9lant ainsi toute l\u2019estime qu\u2019il a pour son ami artiste, qu\u2019il consid\u00e8re parmi les plus grands peintres Canadiens. En 1979, soit cinq ans apr\u00e8s la mort de Jackson, O. J. Firestone publie ses m\u00e9moires intitul\u00e9s The Other A. Y. Jackson, qui documentent leur amiti\u00e9 ainsi que la \u00ab salle Jackson \u00bb rassemble une partie des 250 \u0153uvres de l\u2019artiste acquises par la famille. Firestone pr\u00e9sente Jackson \u00e0 des gens de son cercle social \u00e0 Ottawa et agit m\u00eame \u00e0 titre de chauffeur pour ce dernier \u00e0 l\u2019occasion. Ils organisent \u00e9galement des c\u00e9l\u00e9brations d\u2019anniversaire \u00e9labor\u00e9es s\u2019\u00e9tendant sur plusieurs jours pour Jackson, au cours desquelles toute la communaut\u00e9 artistique se retrouve chez eux pour c\u00e9l\u00e9brer. Jackson se joint souvent \u00e0 la famille pour d\u00e9jeuner. Alors que sa femme Isobel utilise \u00ab Alec \u00bb pour s\u2019adresser \u00e0 Jackson et que leurs quatre enfants (Brenda, Catherine, Bruce et Peter) l\u2019admirent \u00e9norm\u00e9ment, O. J. Firestone continue de l\u2019appeler \u00ab M. Jackson \u00bb durant des ann\u00e9es, r\u00e9v\u00e9lant ainsi toute l\u2019estime qu\u2019il a pour son ami artiste, qu\u2019il consid\u00e8re parmi les plus grands peintres Canadiens. En 1979, soit cinq ans apr\u00e8s la mort de Jackson, O. J. Firestone publie ses m\u00e9moires intitul\u00e9s The Other A. Y. Jackson, qui documentent leur amiti\u00e9 ainsi que d\u2019autres \u00e9v\u00e9nements marquants survenus dans la vie de Jackson au cours des treize ann\u00e9es qu\u2019il a v\u00e9cues dans la r\u00e9gion d\u2019Ottawa (11).<\/p><p>11. O. J. Firestone, The Other A. Y. Jackson, Toronto, The Canadian Publishers, 1979, p. 63-77.<\/p>\t\t\t\t\t\t\t\t<\/div>\n\t\t\t\t<\/div>\n\t\t\t\t\t<\/div>\n\t\t<\/div>\n\t\t\t\t\t<\/div>\n\t\t<\/section>\n\t\t\t\t\t<\/div>\n\t\t<\/div>\n\t\t\t\t\t<\/div>\n\t\t<\/section>\n\t\t\t\t<section class=\"elementor-section elementor-top-section elementor-element elementor-element-96c2ad8 elementor-section-boxed elementor-section-height-default elementor-section-height-default\" data-id=\"96c2ad8\" data-element_type=\"section\">\n\t\t\t\t\t\t<div class=\"elementor-container elementor-column-gap-default\">\n\t\t\t\t\t<div class=\"elementor-column elementor-col-100 elementor-top-column elementor-element elementor-element-e45e68e\" data-id=\"e45e68e\" data-element_type=\"column\">\n\t\t\t<div class=\"elementor-widget-wrap elementor-element-populated\">\n\t\t\t\t\t\t<div class=\"elementor-element elementor-element-42f32f7 elementor-widget elementor-widget-image-gallery\" data-id=\"42f32f7\" data-element_type=\"widget\" data-widget_type=\"image-gallery.default\">\n\t\t\t\t<div class=\"elementor-widget-container\">\n\t\t\t\t\t\t\t<div class=\"elementor-image-gallery\">\n\t\t\t<div id='gallery-1' class='gallery galleryid-20270 gallery-columns-3 gallery-size-medium'><figure class='gallery-item'>\n\t\t\t<div class='gallery-icon portrait'>\n\t\t\t\t<a data-elementor-open-lightbox=\"yes\" data-elementor-lightbox-slideshow=\"42f32f7\" data-elementor-lightbox-title=\"FAC0703\" data-elementor-lightbox-description=\"A. Y. Jackson\r\n(1882, Montr\u00e9al, QC \u2013 1974, Kleinburg, ON)\r\nAutoportrait, 1963\r\nGraphite sur papier\r\n32 x 24 cm\r\nCollection Firestone d\u2019art Canadien, FAC 0703\r\n\u00a9 Carleton University Art Gallery, Ottawa, ON\r\n\" data-e-action-hash=\"#elementor-action%3Aaction%3Dlightbox%26settings%3DeyJpZCI6MTUzNTAsInVybCI6Imh0dHBzOlwvXC9vYWdnYW8uY2FcL3dwLWNvbnRlbnRcL3VwbG9hZHNcLzIwMjFcLzExXC9GQUMwNzAzLTEtc2NhbGVkLmpwZyIsInNsaWRlc2hvdyI6IjQyZjMyZjcifQ%3D%3D\" href='https:\/\/oaggao.ca\/wp-content\/uploads\/2021\/11\/FAC0703-1-scaled.jpg'><img fetchpriority=\"high\" decoding=\"async\" width=\"222\" height=\"300\" src=\"https:\/\/oaggao.ca\/wp-content\/uploads\/2021\/11\/FAC0703-1-222x300.jpg\" class=\"attachment-medium size-medium\" alt=\"\" aria-describedby=\"gallery-1-15350\" srcset=\"https:\/\/oaggao.ca\/wp-content\/uploads\/2021\/11\/FAC0703-1-222x300.jpg 222w, https:\/\/oaggao.ca\/wp-content\/uploads\/2021\/11\/FAC0703-1-759x1024.jpg 759w, https:\/\/oaggao.ca\/wp-content\/uploads\/2021\/11\/FAC0703-1-768x1036.jpg 768w, https:\/\/oaggao.ca\/wp-content\/uploads\/2021\/11\/FAC0703-1-1139x1536.jpg 1139w, https:\/\/oaggao.ca\/wp-content\/uploads\/2021\/11\/FAC0703-1-1519x2048.jpg 1519w, https:\/\/oaggao.ca\/wp-content\/uploads\/2021\/11\/FAC0703-1-scaled.jpg 1898w\" sizes=\"(max-width: 222px) 100vw, 222px\" \/><\/a>\n\t\t\t<\/div>\n\t\t\t\t<figcaption class='wp-caption-text gallery-caption' id='gallery-1-15350'>\n\t\t\t\tApr\u00e8s avoir dessin\u00e9 O. J. Firestone, A. Y. Jackson h\u00e9site \u00e0 devenir lui-m\u00eame le sujet. Il s\u2019ex\u00e9cute n\u00e9anmoins, comme le d\u00e9crit son ami collectionneur : \u00ab Beau joueur, Alec fait rapidement un autoportrait en hochant la t\u00eate et en marmonnant juste assez clairement pour que je l\u2019entende : \u201cQuel visage ! Je pr\u00e9f\u00e8re le chapeau\u201d(10). \u00bb \r\n\r\n10. O. J. Firestone, The Other A. Y. Jackson, Toronto, The Canadian Publishers, 1979, p. 72.\r\n\n\t\t\t\t<\/figcaption><\/figure><figure class='gallery-item'>\n\t\t\t<div class='gallery-icon landscape'>\n\t\t\t\t<a data-elementor-open-lightbox=\"yes\" data-elementor-lightbox-slideshow=\"42f32f7\" data-elementor-lightbox-title=\"FAC0702\" data-elementor-lightbox-description=\"A. Y. Jackson\r\n(1882, Montr\u00e9al, QC \u2013 1974, Kleinburg, ON)\r\nPortrait de  O. J. F., 1963\r\nGraphite sur papier\r\n24 x 31 cm\r\nCollection Firestone d\u2019art Canadien, FAC 0702\r\n\u00a9 Carleton University Art Gallery, Ottawa, ON\" data-e-action-hash=\"#elementor-action%3Aaction%3Dlightbox%26settings%3DeyJpZCI6MTUzNTIsInVybCI6Imh0dHBzOlwvXC9vYWdnYW8uY2FcL3dwLWNvbnRlbnRcL3VwbG9hZHNcLzIwMjFcLzExXC9GQUMwNzAyLTEtc2NhbGVkLmpwZyIsInNsaWRlc2hvdyI6IjQyZjMyZjcifQ%3D%3D\" href='https:\/\/oaggao.ca\/wp-content\/uploads\/2021\/11\/FAC0702-1-scaled.jpg'><img decoding=\"async\" width=\"300\" height=\"222\" src=\"https:\/\/oaggao.ca\/wp-content\/uploads\/2021\/11\/FAC0702-1-300x222.jpg\" class=\"attachment-medium size-medium\" alt=\"\" aria-describedby=\"gallery-1-15352\" srcset=\"https:\/\/oaggao.ca\/wp-content\/uploads\/2021\/11\/FAC0702-1-300x222.jpg 300w, https:\/\/oaggao.ca\/wp-content\/uploads\/2021\/11\/FAC0702-1-1024x756.jpg 1024w, https:\/\/oaggao.ca\/wp-content\/uploads\/2021\/11\/FAC0702-1-768x567.jpg 768w, https:\/\/oaggao.ca\/wp-content\/uploads\/2021\/11\/FAC0702-1-1536x1134.jpg 1536w, https:\/\/oaggao.ca\/wp-content\/uploads\/2021\/11\/FAC0702-1-scaled.jpg 2048w\" sizes=\"(max-width: 300px) 100vw, 300px\" \/><\/a>\n\t\t\t<\/div>\n\t\t\t\t<figcaption class='wp-caption-text gallery-caption' id='gallery-1-15352'>\n\t\t\t\tR\u00e9alis\u00e9 au lac Kingsmere, par un apr\u00e8s-midi de 1963. O. J. Firestone explique : \u00ab Je demande \u00e0 Alec si, malgr\u00e9 sa r\u00e9ticence \u00e0 dessiner des corps et des visages, il accepterait de dessiner le visage d\u2019un professeur. Il r\u00e9pond qu\u2019il est pr\u00eat \u00e0 essayer, mais qu\u2019il ne sera pas tr\u00e8s bon. Cinq minutes plus tard, le portrait est termin\u00e9. Lorsque je proteste un peu en disant que j\u2019ai plus de cheveux que \u00e7a, Alec r\u00e9pond en rigolant : \u201cC\u2019est comme \u00e7a que je te vois (9)\u201d. \u00bb \r\n\r\n9. O. J. Firestone, The Other A. Y. Jackson, Toronto, The Canadian Publishers, 1979, p. 72.\r\n\n\t\t\t\t<\/figcaption><\/figure><figure class='gallery-item'>\n\t\t\t<div class='gallery-icon landscape'>\n\t\t\t\t<a data-elementor-open-lightbox=\"yes\" data-elementor-lightbox-slideshow=\"42f32f7\" data-elementor-lightbox-title=\"Jackson Room 3 - Photo by John Reeves 1983\" data-elementor-lightbox-description=\"La salle Jackson dans l\u2019ancienne r\u00e9sidence de la famille Firestone, 1983\r\nPhotographe :  John Reeves\r\nDon du photographe, 1998\r\n\" data-e-action-hash=\"#elementor-action%3Aaction%3Dlightbox%26settings%3DeyJpZCI6MTUzNTQsInVybCI6Imh0dHBzOlwvXC9vYWdnYW8uY2FcL3dwLWNvbnRlbnRcL3VwbG9hZHNcLzIwMjFcLzExXC9KYWNrc29uLVJvb20tMy1QaG90by1ieS1Kb2huLVJlZXZlcy0xOTgzLTEuanBnIiwic2xpZGVzaG93IjoiNDJmMzJmNyJ9\" href='https:\/\/oaggao.ca\/wp-content\/uploads\/2021\/11\/Jackson-Room-3-Photo-by-John-Reeves-1983-1.jpg'><img decoding=\"async\" width=\"300\" height=\"200\" src=\"https:\/\/oaggao.ca\/wp-content\/uploads\/2021\/11\/Jackson-Room-3-Photo-by-John-Reeves-1983-1-300x200.jpg\" class=\"attachment-medium size-medium\" alt=\"\" aria-describedby=\"gallery-1-15354\" srcset=\"https:\/\/oaggao.ca\/wp-content\/uploads\/2021\/11\/Jackson-Room-3-Photo-by-John-Reeves-1983-1-300x200.jpg 300w, https:\/\/oaggao.ca\/wp-content\/uploads\/2021\/11\/Jackson-Room-3-Photo-by-John-Reeves-1983-1-768x513.jpg 768w, https:\/\/oaggao.ca\/wp-content\/uploads\/2021\/11\/Jackson-Room-3-Photo-by-John-Reeves-1983-1-600x400.jpg 600w, https:\/\/oaggao.ca\/wp-content\/uploads\/2021\/11\/Jackson-Room-3-Photo-by-John-Reeves-1983-1.jpg 800w\" sizes=\"(max-width: 300px) 100vw, 300px\" \/><\/a>\n\t\t\t<\/div>\n\t\t\t\t<figcaption class='wp-caption-text gallery-caption' id='gallery-1-15354'>\n\t\t\t\tChez les Firestone, la famille consacre certaines pi\u00e8ces aux \u0153uvres d\u2019artistes sp\u00e9cifiques; c\u2019est ainsi qu\u2019on y retrouve la \u00ab salle Jackson \u00bb. Au cours d\u2019un \u00e9v\u00e9nement de trois jours visant \u00e0 marquer le 80e anniversaire de Jackson, celui-ci s\u00e9journe dans cette pi\u00e8ce. \n\t\t\t\t<\/figcaption><\/figure>\n\t\t<\/div>\n\t\t<\/div>\n\t\t\t\t\t\t<\/div>\n\t\t\t\t<\/div>\n\t\t\t\t\t<\/div>\n\t\t<\/div>\n\t\t\t\t\t<\/div>\n\t\t<\/section>\n\t\t\t\t<section class=\"elementor-section elementor-top-section elementor-element elementor-element-4105fa7 elementor-section-boxed elementor-section-height-default elementor-section-height-default\" data-id=\"4105fa7\" data-element_type=\"section\">\n\t\t\t\t\t\t<div class=\"elementor-container elementor-column-gap-default\">\n\t\t\t\t\t<div class=\"elementor-column elementor-col-100 elementor-top-column elementor-element elementor-element-c42f5f3\" data-id=\"c42f5f3\" data-element_type=\"column\">\n\t\t\t<div class=\"elementor-widget-wrap elementor-element-populated\">\n\t\t\t\t\t\t<div class=\"elementor-element elementor-element-282f1d7 elementor-widget elementor-widget-video\" data-id=\"282f1d7\" data-element_type=\"widget\" data-settings=\"{&quot;youtube_url&quot;:&quot;https:\\\/\\\/www.youtube.com\\\/watch?v=cfCGsH4l_6Q&amp;ab_channel=OttawaArtGallery&quot;,&quot;video_type&quot;:&quot;youtube&quot;,&quot;controls&quot;:&quot;yes&quot;}\" data-widget_type=\"video.default\">\n\t\t\t\t<div class=\"elementor-widget-container\">\n\t\t\t\t\t\t\t<div class=\"elementor-wrapper elementor-open-inline\">\n\t\t\t<div class=\"elementor-video\"><\/div>\t\t<\/div>\n\t\t\t\t\t\t<\/div>\n\t\t\t\t<\/div>\n\t\t\t\t<div class=\"elementor-element elementor-element-4eadc1c elementor-widget elementor-widget-text-editor\" data-id=\"4eadc1c\" data-element_type=\"widget\" data-widget_type=\"text-editor.default\">\n\t\t\t\t<div class=\"elementor-widget-container\">\n\t\t\t\t\t\t\t\t\t<p>Bruce, le fils d\u2019O. J. Firestone, parle des souvenirs qu\u2019il garde de son p\u00e8re et d\u2019A. Y. Jackson.<\/p>\t\t\t\t\t\t\t\t<\/div>\n\t\t\t\t<\/div>\n\t\t\t\t\t<\/div>\n\t\t<\/div>\n\t\t\t\t\t<\/div>\n\t\t<\/section>\n\t\t\t\t<\/div>\n\t\t","protected":false},"excerpt":{"rendered":"<p>Alec et la famille Firestone Au d\u00e9but des ann\u00e9es 1950, O. J. Firestone, un \u00e9conomiste f\u00e9d\u00e9ral qui se passionne pour l\u2019art, commence \u00e0 \u00e9tablir des liens avec des artistes \u00e0 [&hellip;]<\/p>\n","protected":false},"author":13,"featured_media":0,"parent":20265,"menu_order":0,"comment_status":"closed","ping_status":"closed","template":"","meta":{"_acf_changed":false,"footnotes":""},"class_list":["post-20270","page","type-page","status-publish","hentry"],"acf":[],"aioseo_notices":[],"_links":{"self":[{"href":"https:\/\/oaggao.ca\/fr\/wp-json\/wp\/v2\/pages\/20270","targetHints":{"allow":["GET"]}}],"collection":[{"href":"https:\/\/oaggao.ca\/fr\/wp-json\/wp\/v2\/pages"}],"about":[{"href":"https:\/\/oaggao.ca\/fr\/wp-json\/wp\/v2\/types\/page"}],"author":[{"embeddable":true,"href":"https:\/\/oaggao.ca\/fr\/wp-json\/wp\/v2\/users\/13"}],"replies":[{"embeddable":true,"href":"https:\/\/oaggao.ca\/fr\/wp-json\/wp\/v2\/comments?post=20270"}],"version-history":[{"count":0,"href":"https:\/\/oaggao.ca\/fr\/wp-json\/wp\/v2\/pages\/20270\/revisions"}],"up":[{"embeddable":true,"href":"https:\/\/oaggao.ca\/fr\/wp-json\/wp\/v2\/pages\/20265"}],"wp:attachment":[{"href":"https:\/\/oaggao.ca\/fr\/wp-json\/wp\/v2\/media?parent=20270"}],"curies":[{"name":"wp","href":"https:\/\/api.w.org\/{rel}","templated":true}]}}