{"id":20272,"date":"2021-12-21T20:13:11","date_gmt":"2021-12-22T01:13:11","guid":{"rendered":"https:\/\/wwwoaggaoca.wpengine.com\/?page_id=20272"},"modified":"2024-01-31T14:33:45","modified_gmt":"2024-01-31T19:33:45","slug":"alec-et-le-debat-autour-du-drapeau-canadien","status":"publish","type":"page","link":"https:\/\/oaggao.ca\/fr\/apprendre\/recherche\/decouvrir\/a-y-jackson-sa-vie-et-son-oeuvre-dans-loutaouais\/alec-et-le-debat-autour-du-drapeau-canadien\/","title":{"rendered":"Alec et le d\u00e9bat autour du drapeau canadien"},"content":{"rendered":"\t\t<div data-elementor-type=\"wp-page\" data-elementor-id=\"20272\" class=\"elementor elementor-20272 elementor-11836\" data-elementor-post-type=\"page\">\n\t\t\t\t\t\t<section class=\"elementor-section elementor-top-section elementor-element elementor-element-ad259e8 elementor-section-boxed elementor-section-height-default elementor-section-height-default\" data-id=\"ad259e8\" data-element_type=\"section\" data-settings=\"{&quot;background_background&quot;:&quot;classic&quot;}\">\n\t\t\t\t\t\t<div class=\"elementor-container elementor-column-gap-default\">\n\t\t\t\t\t<div class=\"elementor-column elementor-col-100 elementor-top-column elementor-element elementor-element-632c2e9\" data-id=\"632c2e9\" data-element_type=\"column\">\n\t\t\t<div class=\"elementor-widget-wrap elementor-element-populated\">\n\t\t\t\t\t\t<div class=\"elementor-element elementor-element-714112a elementor-nav-menu__align-center elementor-nav-menu--dropdown-tablet elementor-nav-menu__text-align-aside elementor-nav-menu--toggle elementor-nav-menu--burger elementor-widget elementor-widget-nav-menu\" data-id=\"714112a\" data-element_type=\"widget\" data-settings=\"{&quot;layout&quot;:&quot;horizontal&quot;,&quot;submenu_icon&quot;:{&quot;value&quot;:&quot;&lt;i class=\\&quot;fas fa-caret-down\\&quot; aria-hidden=\\&quot;true\\&quot;&gt;&lt;\\\/i&gt;&quot;,&quot;library&quot;:&quot;fa-solid&quot;},&quot;toggle&quot;:&quot;burger&quot;}\" data-widget_type=\"nav-menu.default\">\n\t\t\t\t<div class=\"elementor-widget-container\">\n\t\t\t\t\t\t\t\t<nav aria-label=\"Menu\" class=\"elementor-nav-menu--main elementor-nav-menu__container elementor-nav-menu--layout-horizontal e--pointer-none\">\n\t\t\t\t<ul id=\"menu-1-714112a\" class=\"elementor-nav-menu\"><li class=\"menu-item menu-item-type-post_type menu-item-object-page menu-item-15451\"><a href=\"https:\/\/oaggao.ca\/learn\/research\/interact\/jackson-discovery-centre\/\" class=\"elementor-item\">A.Y. Jackson sa vie et son \u0153uvre dans l&rsquo;outaouais<\/a><\/li>\n<li class=\"menu-item menu-item-type-post_type menu-item-object-page menu-item-15364\"><a href=\"https:\/\/oaggao.ca\/learn\/research\/interact\/jackson-discovery-centre\/jackson-d-centre-child-sample-1\/\" class=\"elementor-item\">La vie d&rsquo;Alec avant Ottawa<\/a><\/li>\n<li class=\"menu-item menu-item-type-post_type menu-item-object-page menu-item-15361\"><a href=\"https:\/\/oaggao.ca\/learn\/research\/interact\/jackson-discovery-centre\/alecs-manotick\/\" class=\"elementor-item\">Alec \u00e0 Manotick<\/a><\/li>\n<li class=\"menu-item menu-item-type-post_type menu-item-object-page menu-item-15365\"><a href=\"https:\/\/oaggao.ca\/learn\/research\/interact\/jackson-discovery-centre\/alec-and-the-firestone-family\/\" class=\"elementor-item\">Alec et la famille Firestone<\/a><\/li>\n<li class=\"menu-item menu-item-type-post_type menu-item-object-page menu-item-15363\"><a href=\"https:\/\/oaggao.ca\/learn\/research\/interact\/jackson-discovery-centre\/alecs-ottawa\/\" class=\"elementor-item\">Alec \u00e0 Ottawa<\/a><\/li>\n<li class=\"menu-item menu-item-type-post_type menu-item-object-page menu-item-15368\"><a href=\"https:\/\/oaggao.ca\/learn\/research\/interact\/jackson-discovery-centre\/alec-and-the-canadian-flag\/\" class=\"elementor-item\">Alec et ses coll\u00e8gues de la r\u00e9gion<\/a><\/li>\n<li class=\"menu-item menu-item-type-post_type menu-item-object-page menu-item-15449\"><a href=\"https:\/\/oaggao.ca\/learn\/research\/interact\/jackson-discovery-centre\/alec-flag-debate\/\" class=\"elementor-item\">Alec et le d\u00e9bat autour du drapeau canadien<\/a><\/li>\n<li class=\"menu-item menu-item-type-post_type menu-item-object-page menu-item-15362\"><a href=\"https:\/\/oaggao.ca\/learn\/research\/interact\/jackson-discovery-centre\/alecs-life-after-ottawa\/\" class=\"elementor-item\">Alec apr\u00e8s son temps \u00e0 Ottawa<\/a><\/li>\n<\/ul>\t\t\t<\/nav>\n\t\t\t\t\t<div class=\"elementor-menu-toggle\" role=\"button\" tabindex=\"0\" aria-label=\"Permuter le menu\" aria-expanded=\"false\">\n\t\t\t<i aria-hidden=\"true\" role=\"presentation\" class=\"elementor-menu-toggle__icon--open eicon-menu-bar\"><\/i><i aria-hidden=\"true\" role=\"presentation\" class=\"elementor-menu-toggle__icon--close eicon-close\"><\/i>\t\t<\/div>\n\t\t\t\t\t<nav class=\"elementor-nav-menu--dropdown elementor-nav-menu__container\" aria-hidden=\"true\">\n\t\t\t\t<ul id=\"menu-2-714112a\" class=\"elementor-nav-menu\"><li class=\"menu-item menu-item-type-post_type menu-item-object-page menu-item-15451\"><a href=\"https:\/\/oaggao.ca\/learn\/research\/interact\/jackson-discovery-centre\/\" class=\"elementor-item\" tabindex=\"-1\">A.Y. Jackson sa vie et son \u0153uvre dans l&rsquo;outaouais<\/a><\/li>\n<li class=\"menu-item menu-item-type-post_type menu-item-object-page menu-item-15364\"><a href=\"https:\/\/oaggao.ca\/learn\/research\/interact\/jackson-discovery-centre\/jackson-d-centre-child-sample-1\/\" class=\"elementor-item\" tabindex=\"-1\">La vie d&rsquo;Alec avant Ottawa<\/a><\/li>\n<li class=\"menu-item menu-item-type-post_type menu-item-object-page menu-item-15361\"><a href=\"https:\/\/oaggao.ca\/learn\/research\/interact\/jackson-discovery-centre\/alecs-manotick\/\" class=\"elementor-item\" tabindex=\"-1\">Alec \u00e0 Manotick<\/a><\/li>\n<li class=\"menu-item menu-item-type-post_type menu-item-object-page menu-item-15365\"><a href=\"https:\/\/oaggao.ca\/learn\/research\/interact\/jackson-discovery-centre\/alec-and-the-firestone-family\/\" class=\"elementor-item\" tabindex=\"-1\">Alec et la famille Firestone<\/a><\/li>\n<li class=\"menu-item menu-item-type-post_type menu-item-object-page menu-item-15363\"><a href=\"https:\/\/oaggao.ca\/learn\/research\/interact\/jackson-discovery-centre\/alecs-ottawa\/\" class=\"elementor-item\" tabindex=\"-1\">Alec \u00e0 Ottawa<\/a><\/li>\n<li class=\"menu-item menu-item-type-post_type menu-item-object-page menu-item-15368\"><a href=\"https:\/\/oaggao.ca\/learn\/research\/interact\/jackson-discovery-centre\/alec-and-the-canadian-flag\/\" class=\"elementor-item\" tabindex=\"-1\">Alec et ses coll\u00e8gues de la r\u00e9gion<\/a><\/li>\n<li class=\"menu-item menu-item-type-post_type menu-item-object-page menu-item-15449\"><a href=\"https:\/\/oaggao.ca\/learn\/research\/interact\/jackson-discovery-centre\/alec-flag-debate\/\" class=\"elementor-item\" tabindex=\"-1\">Alec et le d\u00e9bat autour du drapeau canadien<\/a><\/li>\n<li class=\"menu-item menu-item-type-post_type menu-item-object-page menu-item-15362\"><a href=\"https:\/\/oaggao.ca\/learn\/research\/interact\/jackson-discovery-centre\/alecs-life-after-ottawa\/\" class=\"elementor-item\" tabindex=\"-1\">Alec apr\u00e8s son temps \u00e0 Ottawa<\/a><\/li>\n<\/ul>\t\t\t<\/nav>\n\t\t\t\t\t\t<\/div>\n\t\t\t\t<\/div>\n\t\t\t\t\t<\/div>\n\t\t<\/div>\n\t\t\t\t\t<\/div>\n\t\t<\/section>\n\t\t\t\t<section class=\"elementor-section elementor-top-section elementor-element elementor-element-5e0128b elementor-section-boxed elementor-section-height-default elementor-section-height-default\" data-id=\"5e0128b\" data-element_type=\"section\">\n\t\t\t\t\t\t<div class=\"elementor-container elementor-column-gap-default\">\n\t\t\t\t\t<div class=\"elementor-column elementor-col-100 elementor-top-column elementor-element elementor-element-73b5d4c\" data-id=\"73b5d4c\" data-element_type=\"column\">\n\t\t\t<div class=\"elementor-widget-wrap elementor-element-populated\">\n\t\t\t\t\t\t<div class=\"elementor-element elementor-element-98f852b elementor-widget elementor-widget-spacer\" data-id=\"98f852b\" data-element_type=\"widget\" data-widget_type=\"spacer.default\">\n\t\t\t\t<div class=\"elementor-widget-container\">\n\t\t\t\t\t\t\t<div class=\"elementor-spacer\">\n\t\t\t<div class=\"elementor-spacer-inner\"><\/div>\n\t\t<\/div>\n\t\t\t\t\t\t<\/div>\n\t\t\t\t<\/div>\n\t\t\t\t<section class=\"elementor-section elementor-inner-section elementor-element elementor-element-443ea56 elementor-section-boxed elementor-section-height-default elementor-section-height-default\" data-id=\"443ea56\" data-element_type=\"section\">\n\t\t\t\t\t\t<div class=\"elementor-container elementor-column-gap-default\">\n\t\t\t\t\t<div class=\"elementor-column elementor-col-100 elementor-inner-column elementor-element elementor-element-8d51162\" data-id=\"8d51162\" data-element_type=\"column\">\n\t\t\t<div class=\"elementor-widget-wrap elementor-element-populated\">\n\t\t\t\t\t\t<div class=\"elementor-element elementor-element-68030b4 elementor-widget elementor-widget-heading\" data-id=\"68030b4\" data-element_type=\"widget\" data-widget_type=\"heading.default\">\n\t\t\t\t<div class=\"elementor-widget-container\">\n\t\t\t\t\t<h2 class=\"elementor-heading-title elementor-size-default\">Alec et le d\u00e9bat autour du drapeau canadien<\/h2>\t\t\t\t<\/div>\n\t\t\t\t<\/div>\n\t\t\t\t<div class=\"elementor-element elementor-element-22af25f elementor-widget elementor-widget-text-editor\" data-id=\"22af25f\" data-element_type=\"widget\" data-widget_type=\"text-editor.default\">\n\t\t\t\t<div class=\"elementor-widget-container\">\n\t\t\t\t\t\t\t\t\t<p>Avant 1965, le Canada n\u2019a pas encore de drapeau national. En 1964, le premier ministre Lester B. Pearson soumet une r\u00e9solution du gouvernement proposant l\u2019adoption d\u2019un nouveau drapeau canadien avant les c\u00e9l\u00e9brations du centenaire.<\/p><p>Un appel est lanc\u00e9 pour recevoir des propositions.<\/p><p>Cinq ann\u00e9es auparavant, Jackson a r\u00e9alis\u00e9 un concept de drapeau compos\u00e9 de trois feuilles d\u2019\u00e9rable et de deux bandes bleues sinueuses peintes \u00e0 l\u2019aquarelle sur papier. Le fait qu\u2019il s\u2019en sert ensuite pendant cinq ans pour noter des num\u00e9ros de t\u00e9l\u00e9phone au verso montre qu\u2019il n\u2019a pas l\u2019intention de soumettre s\u00e9rieusement ce concept.<\/p><p>Bien qu\u2019il soit patriotique, Jackson \u00e9prouve du d\u00e9dain pour la politique et, surtout, pour les politiciens, comme l\u2019apprend O. J. Firestone chez Jackson \u00e0 Ottawa, en 1964.<\/p><p>Apr\u00e8s une longue discussion, Firestone arrive toutefois \u00e0 convaincre son ami de lui permettre de soumettre le croquis directement au secr\u00e9taire d\u2019\u00c9tat Maurice Lamontagne, qui fait partie de ses connaissances. Jackson accepte avec r\u00e9ticence (19).<\/p><p>Au bout du compte, le concours est annul\u00e9 et le design final est ex\u00e9cut\u00e9 sur commande. D\u2019apr\u00e8s un concept du Dr George Stanley, doyen de la facult\u00e9 des arts du Coll\u00e8ge militaire royal, et de John Matheson, d\u00e9put\u00e9 \u00e0 la Chambre des communes, le familier unifoli\u00e9 rouge encadr\u00e9 par deux barres rouges est r\u00e9alis\u00e9 par Jacques St-Cyr et entre en vigueur le 15 f\u00e9vrier 1965.<\/p><p>Jackson exprime son objection au concept final en disant que la feuille semble avoir \u00e9t\u00e9 \u00ab d\u00e9coup\u00e9e dans le cuir, et une feuille d\u2019\u00e9rable paralys\u00e9e n\u2019est pas du tout une feuille d\u2019\u00e9rable (20) \u00bb.<\/p><p>19. O. J. Firestone, The Other A. Y. Jackson, Toronto, The Canadian Publishers, 1979, p. 109.<\/p><p>20. O. J. Firestone, The Other A. Y. Jackson, Toronto, The Canadian Publishers, 1979, p. 117.<\/p>\t\t\t\t\t\t\t\t<\/div>\n\t\t\t\t<\/div>\n\t\t\t\t\t<\/div>\n\t\t<\/div>\n\t\t\t\t\t<\/div>\n\t\t<\/section>\n\t\t\t\t\t<\/div>\n\t\t<\/div>\n\t\t\t\t\t<\/div>\n\t\t<\/section>\n\t\t\t\t<section class=\"elementor-section elementor-top-section elementor-element elementor-element-2dc969c elementor-section-boxed elementor-section-height-default elementor-section-height-default\" data-id=\"2dc969c\" data-element_type=\"section\">\n\t\t\t\t\t\t<div class=\"elementor-container elementor-column-gap-default\">\n\t\t\t\t\t<div class=\"elementor-column elementor-col-100 elementor-top-column elementor-element elementor-element-bf842e8\" data-id=\"bf842e8\" data-element_type=\"column\">\n\t\t\t<div class=\"elementor-widget-wrap elementor-element-populated\">\n\t\t\t\t\t\t<div class=\"elementor-element elementor-element-f1e5607 elementor-widget elementor-widget-image-gallery\" data-id=\"f1e5607\" data-element_type=\"widget\" data-widget_type=\"image-gallery.default\">\n\t\t\t\t<div class=\"elementor-widget-container\">\n\t\t\t\t\t\t\t<div class=\"elementor-image-gallery\">\n\t\t\t<div id='gallery-1' class='gallery galleryid-20272 gallery-columns-3 gallery-size-medium'><figure class='gallery-item'>\n\t\t\t<div class='gallery-icon portrait'>\n\t\t\t\t<a data-elementor-open-lightbox=\"yes\" data-elementor-lightbox-slideshow=\"f1e5607\" data-elementor-lightbox-title=\"firestone_theotherjackson_pg112\" data-elementor-lightbox-description=\"A.Y. Jackson s\u2019adressant au Tr\u00e8s Honorable Lester B. Pearson, le 10 juin, 1964, imprim\u00e9e dans The Other A.Y. Jackson [L\u2019autre A.Y. Jackson] (Toronto: The Canadian Publishers, 1979), 112.\r\n\u00a9 Carleton University Art Gallery, Ottawa, ON\" data-e-action-hash=\"#elementor-action%3Aaction%3Dlightbox%26settings%3DeyJpZCI6MTUyMTUsInVybCI6Imh0dHBzOlwvXC9vYWdnYW8uY2FcL3dwLWNvbnRlbnRcL3VwbG9hZHNcLzIwMjFcLzExXC9maXJlc3RvbmVfdGhlb3RoZXJqYWNrc29uX3BnMTEyLmpwZyIsInNsaWRlc2hvdyI6ImYxZTU2MDcifQ%3D%3D\" href='https:\/\/oaggao.ca\/wp-content\/uploads\/2021\/11\/firestone_theotherjackson_pg112.jpg'><img fetchpriority=\"high\" decoding=\"async\" width=\"231\" height=\"300\" src=\"https:\/\/oaggao.ca\/wp-content\/uploads\/2021\/11\/firestone_theotherjackson_pg112-231x300.jpg\" class=\"attachment-medium size-medium\" alt=\"\" aria-describedby=\"gallery-1-15215\" srcset=\"https:\/\/oaggao.ca\/wp-content\/uploads\/2021\/11\/firestone_theotherjackson_pg112-231x300.jpg 231w, https:\/\/oaggao.ca\/wp-content\/uploads\/2021\/11\/firestone_theotherjackson_pg112.jpg 702w\" sizes=\"(max-width: 231px) 100vw, 231px\" \/><\/a>\n\t\t\t<\/div>\n\t\t\t\t<figcaption class='wp-caption-text gallery-caption' id='gallery-1-15215'>\n\t\t\t\tCette lettre accompagne la proposition pour le concept de drapeau du Canada soumise par A. Y. Jackson. La version originale mentionne le nom d\u2019O. J. Firestone, mais \u00e0 la demande de ce dernier, Jackson le d\u00e9signe simplement comme \u00ab un visiteur (17) \u00bb.\r\n\r\n17. O. J. Firestone, The Other A. Y. Jackson, Toronto, The Canadian Publishers, 1979, p. 111.\n\t\t\t\t<\/figcaption><\/figure><figure class='gallery-item'>\n\t\t\t<div class='gallery-icon landscape'>\n\t\t\t\t<a data-elementor-open-lightbox=\"yes\" data-elementor-lightbox-slideshow=\"f1e5607\" data-elementor-lightbox-title=\"FAC1561\" data-elementor-lightbox-description=\"Maxwell Bates\r\n(1906, Calgary, AB \u2013 1980, Victoria, BC)\r\nEsquisse d\u2019un conception pour le drapeau canadien, 1964\r\nHuile sur contreplaqu\u00e9\r\n22 x 28 cm\r\nCollection Firestone d\u2019art Canadien, FAC 1561\" data-e-action-hash=\"#elementor-action%3Aaction%3Dlightbox%26settings%3DeyJpZCI6MTUyMTMsInVybCI6Imh0dHBzOlwvXC9vYWdnYW8uY2FcL3dwLWNvbnRlbnRcL3VwbG9hZHNcLzIwMjFcLzExXC9GQUMxNTYxLXNjYWxlZC5qcGciLCJzbGlkZXNob3ciOiJmMWU1NjA3In0%3D\" href='https:\/\/oaggao.ca\/wp-content\/uploads\/2021\/11\/FAC1561-scaled.jpg'><img decoding=\"async\" width=\"300\" height=\"197\" src=\"https:\/\/oaggao.ca\/wp-content\/uploads\/2021\/11\/FAC1561-300x197.jpg\" class=\"attachment-medium size-medium\" alt=\"\" aria-describedby=\"gallery-1-15213\" srcset=\"https:\/\/oaggao.ca\/wp-content\/uploads\/2021\/11\/FAC1561-300x197.jpg 300w, https:\/\/oaggao.ca\/wp-content\/uploads\/2021\/11\/FAC1561-1024x671.jpg 1024w, https:\/\/oaggao.ca\/wp-content\/uploads\/2021\/11\/FAC1561-768x503.jpg 768w, https:\/\/oaggao.ca\/wp-content\/uploads\/2021\/11\/FAC1561-1536x1007.jpg 1536w, https:\/\/oaggao.ca\/wp-content\/uploads\/2021\/11\/FAC1561-scaled.jpg 2048w\" sizes=\"(max-width: 300px) 100vw, 300px\" \/><\/a>\n\t\t\t<\/div>\n\t\t\t\t<figcaption class='wp-caption-text gallery-caption' id='gallery-1-15213'>\n\t\t\t\tO. J. Firestone s\u2019int\u00e9resse \u00e9videmment \u00e0 ces croquis proposant de nouveaux concepts de drapeau; d\u2019ailleurs, il en acquiert un de l\u2019artiste Maxwell Bates, de Calgary.\n\t\t\t\t<\/figcaption><\/figure><figure class='gallery-item'>\n\t\t\t<div class='gallery-icon landscape'>\n\t\t\t\t<a data-elementor-open-lightbox=\"yes\" data-elementor-lightbox-slideshow=\"f1e5607\" data-elementor-lightbox-title=\"FAC0662\" data-elementor-lightbox-description=\"A. Y. Jackson\r\n(1882, Montr\u00e9al, QC \u2013 1974, Kleinburg, ON)\r\nSans titre(Th\u00e8me) conception pour drapeau Canadien, 1959\r\nGouache et graphite sur carton\r\n21 x 29 cm\r\nCollection Firestone d\u2019art Canadien, FAC 0662\r\n\u00a9 Carleton University Art Gallery, Ottawa, ON\" data-e-action-hash=\"#elementor-action%3Aaction%3Dlightbox%26settings%3DeyJpZCI6MTUyMTEsInVybCI6Imh0dHBzOlwvXC9vYWdnYW8uY2FcL3dwLWNvbnRlbnRcL3VwbG9hZHNcLzIwMjFcLzExXC9GQUMwNjYyLXNjYWxlZC5qcGciLCJzbGlkZXNob3ciOiJmMWU1NjA3In0%3D\" href='https:\/\/oaggao.ca\/wp-content\/uploads\/2021\/11\/FAC0662-scaled.jpg'><img decoding=\"async\" width=\"300\" height=\"221\" src=\"https:\/\/oaggao.ca\/wp-content\/uploads\/2021\/11\/FAC0662-300x221.jpg\" class=\"attachment-medium size-medium\" alt=\"\" aria-describedby=\"gallery-1-15211\" srcset=\"https:\/\/oaggao.ca\/wp-content\/uploads\/2021\/11\/FAC0662-300x221.jpg 300w, https:\/\/oaggao.ca\/wp-content\/uploads\/2021\/11\/FAC0662-1024x754.jpg 1024w, https:\/\/oaggao.ca\/wp-content\/uploads\/2021\/11\/FAC0662-768x566.jpg 768w, https:\/\/oaggao.ca\/wp-content\/uploads\/2021\/11\/FAC0662-1536x1131.jpg 1536w, https:\/\/oaggao.ca\/wp-content\/uploads\/2021\/11\/FAC0662-scaled.jpg 2048w\" sizes=\"(max-width: 300px) 100vw, 300px\" \/><\/a>\n\t\t\t<\/div>\n\t\t\t\t<figcaption class='wp-caption-text gallery-caption' id='gallery-1-15211'>\n\t\t\t\tExpliquant \u00e0 un journaliste pourquoi deux lignes bleues sinueuses bordent le haut et le bas de son concept, A. Y. Jackson d\u00e9clare qu\u2019elles repr\u00e9sentent \u00ab \u2026 les cours d\u2019eau qui ont ouvert le Canada. Chaque province a des cours d\u2019eau, et chaque cours d\u2019eau a \u00e9t\u00e9 explor\u00e9. Les lignes sinueuses font r\u00e9f\u00e9rence \u00e0 cette partie de notre histoire (18) \u00bb.\r\n\r\n18. \u00ab A. Y. Jackson Would Make Bars Horizontal, Wavy \u00bb, The Ottawa Journal (26 juin 1964).\n\t\t\t\t<\/figcaption><\/figure>\n\t\t<\/div>\n\t\t<\/div>\n\t\t\t\t\t\t<\/div>\n\t\t\t\t<\/div>\n\t\t\t\t\t<\/div>\n\t\t<\/div>\n\t\t\t\t\t<\/div>\n\t\t<\/section>\n\t\t\t\t<section class=\"elementor-section elementor-top-section elementor-element elementor-element-048a210 elementor-section-boxed elementor-section-height-default elementor-section-height-default\" data-id=\"048a210\" data-element_type=\"section\">\n\t\t\t\t\t\t<div class=\"elementor-container elementor-column-gap-default\">\n\t\t\t\t\t<div class=\"elementor-column elementor-col-100 elementor-top-column elementor-element elementor-element-570c9c8\" data-id=\"570c9c8\" data-element_type=\"column\">\n\t\t\t<div class=\"elementor-widget-wrap\">\n\t\t\t\t\t\t\t<\/div>\n\t\t<\/div>\n\t\t\t\t\t<\/div>\n\t\t<\/section>\n\t\t\t\t<\/div>\n\t\t","protected":false},"excerpt":{"rendered":"<p>Alec et le d\u00e9bat autour du drapeau canadien Avant 1965, le Canada n\u2019a pas encore de drapeau national. En 1964, le premier ministre Lester B. Pearson soumet une r\u00e9solution du [&hellip;]<\/p>\n","protected":false},"author":13,"featured_media":0,"parent":20265,"menu_order":0,"comment_status":"closed","ping_status":"closed","template":"","meta":{"_acf_changed":false,"footnotes":""},"class_list":["post-20272","page","type-page","status-publish","hentry"],"acf":[],"aioseo_notices":[],"_links":{"self":[{"href":"https:\/\/oaggao.ca\/fr\/wp-json\/wp\/v2\/pages\/20272","targetHints":{"allow":["GET"]}}],"collection":[{"href":"https:\/\/oaggao.ca\/fr\/wp-json\/wp\/v2\/pages"}],"about":[{"href":"https:\/\/oaggao.ca\/fr\/wp-json\/wp\/v2\/types\/page"}],"author":[{"embeddable":true,"href":"https:\/\/oaggao.ca\/fr\/wp-json\/wp\/v2\/users\/13"}],"replies":[{"embeddable":true,"href":"https:\/\/oaggao.ca\/fr\/wp-json\/wp\/v2\/comments?post=20272"}],"version-history":[{"count":0,"href":"https:\/\/oaggao.ca\/fr\/wp-json\/wp\/v2\/pages\/20272\/revisions"}],"up":[{"embeddable":true,"href":"https:\/\/oaggao.ca\/fr\/wp-json\/wp\/v2\/pages\/20265"}],"wp:attachment":[{"href":"https:\/\/oaggao.ca\/fr\/wp-json\/wp\/v2\/media?parent=20272"}],"curies":[{"name":"wp","href":"https:\/\/api.w.org\/{rel}","templated":true}]}}