{"id":20273,"date":"2021-12-21T20:18:13","date_gmt":"2021-12-22T01:18:13","guid":{"rendered":"https:\/\/wwwoaggaoca.wpengine.com\/?page_id=20273"},"modified":"2022-01-12T13:31:47","modified_gmt":"2022-01-12T18:31:47","slug":"alec-et-ses-collegues-de-la-region","status":"publish","type":"page","link":"https:\/\/oaggao.ca\/fr\/apprendre\/recherche\/decouvrir\/a-y-jackson-sa-vie-et-son-oeuvre-dans-loutaouais\/alec-et-ses-collegues-de-la-region\/","title":{"rendered":"Alec et ses coll\u00e8gues de la r\u00e9gion"},"content":{"rendered":"\t\t<div data-elementor-type=\"wp-page\" data-elementor-id=\"20273\" class=\"elementor elementor-20273 elementor-11832\" data-elementor-post-type=\"page\">\n\t\t\t\t\t\t<section class=\"elementor-section elementor-top-section elementor-element elementor-element-e796e65 elementor-section-boxed elementor-section-height-default elementor-section-height-default\" data-id=\"e796e65\" data-element_type=\"section\">\n\t\t\t\t\t\t<div class=\"elementor-container elementor-column-gap-default\">\n\t\t\t\t\t<div class=\"elementor-column elementor-col-100 elementor-top-column elementor-element elementor-element-3c39e00\" data-id=\"3c39e00\" data-element_type=\"column\">\n\t\t\t<div class=\"elementor-widget-wrap\">\n\t\t\t\t\t\t\t<\/div>\n\t\t<\/div>\n\t\t\t\t\t<\/div>\n\t\t<\/section>\n\t\t\t\t<section class=\"elementor-section elementor-top-section elementor-element elementor-element-bb2999e elementor-section-boxed elementor-section-height-default elementor-section-height-default\" data-id=\"bb2999e\" data-element_type=\"section\" data-settings=\"{&quot;background_background&quot;:&quot;classic&quot;}\">\n\t\t\t\t\t\t<div class=\"elementor-container elementor-column-gap-default\">\n\t\t\t\t\t<div class=\"elementor-column elementor-col-100 elementor-top-column elementor-element elementor-element-eaa3d91\" data-id=\"eaa3d91\" data-element_type=\"column\">\n\t\t\t<div class=\"elementor-widget-wrap elementor-element-populated\">\n\t\t\t\t\t\t<div class=\"elementor-element elementor-element-58b821d elementor-nav-menu__align-center elementor-nav-menu--dropdown-tablet elementor-nav-menu__text-align-aside elementor-nav-menu--toggle elementor-nav-menu--burger elementor-widget elementor-widget-nav-menu\" data-id=\"58b821d\" data-element_type=\"widget\" data-settings=\"{&quot;layout&quot;:&quot;horizontal&quot;,&quot;submenu_icon&quot;:{&quot;value&quot;:&quot;&lt;i class=\\&quot;fas fa-caret-down\\&quot; aria-hidden=\\&quot;true\\&quot;&gt;&lt;\\\/i&gt;&quot;,&quot;library&quot;:&quot;fa-solid&quot;},&quot;toggle&quot;:&quot;burger&quot;}\" data-widget_type=\"nav-menu.default\">\n\t\t\t\t<div class=\"elementor-widget-container\">\n\t\t\t\t\t\t\t\t<nav aria-label=\"Menu\" class=\"elementor-nav-menu--main elementor-nav-menu__container elementor-nav-menu--layout-horizontal e--pointer-none\">\n\t\t\t\t<ul id=\"menu-1-58b821d\" class=\"elementor-nav-menu\"><li class=\"menu-item menu-item-type-post_type menu-item-object-page menu-item-15451\"><a href=\"https:\/\/oaggao.ca\/learn\/research\/interact\/jackson-discovery-centre\/\" class=\"elementor-item\">A.Y. Jackson sa vie et son \u0153uvre dans l&rsquo;outaouais<\/a><\/li>\n<li class=\"menu-item menu-item-type-post_type menu-item-object-page menu-item-15364\"><a href=\"https:\/\/oaggao.ca\/learn\/research\/interact\/jackson-discovery-centre\/jackson-d-centre-child-sample-1\/\" class=\"elementor-item\">La vie d&rsquo;Alec avant Ottawa<\/a><\/li>\n<li class=\"menu-item menu-item-type-post_type menu-item-object-page menu-item-15361\"><a href=\"https:\/\/oaggao.ca\/learn\/research\/interact\/jackson-discovery-centre\/alecs-manotick\/\" class=\"elementor-item\">Alec \u00e0 Manotick<\/a><\/li>\n<li class=\"menu-item menu-item-type-post_type menu-item-object-page menu-item-15365\"><a href=\"https:\/\/oaggao.ca\/learn\/research\/interact\/jackson-discovery-centre\/alec-and-the-firestone-family\/\" class=\"elementor-item\">Alec et la famille Firestone<\/a><\/li>\n<li class=\"menu-item menu-item-type-post_type menu-item-object-page menu-item-15363\"><a href=\"https:\/\/oaggao.ca\/learn\/research\/interact\/jackson-discovery-centre\/alecs-ottawa\/\" class=\"elementor-item\">Alec \u00e0 Ottawa<\/a><\/li>\n<li class=\"menu-item menu-item-type-post_type menu-item-object-page menu-item-15368\"><a href=\"https:\/\/oaggao.ca\/learn\/research\/interact\/jackson-discovery-centre\/alec-and-the-canadian-flag\/\" class=\"elementor-item\">Alec et ses coll\u00e8gues de la r\u00e9gion<\/a><\/li>\n<li class=\"menu-item menu-item-type-post_type menu-item-object-page menu-item-15449\"><a href=\"https:\/\/oaggao.ca\/learn\/research\/interact\/jackson-discovery-centre\/alec-flag-debate\/\" class=\"elementor-item\">Alec et le d\u00e9bat autour du drapeau canadien<\/a><\/li>\n<li class=\"menu-item menu-item-type-post_type menu-item-object-page menu-item-15362\"><a href=\"https:\/\/oaggao.ca\/learn\/research\/interact\/jackson-discovery-centre\/alecs-life-after-ottawa\/\" class=\"elementor-item\">Alec apr\u00e8s son temps \u00e0 Ottawa<\/a><\/li>\n<\/ul>\t\t\t<\/nav>\n\t\t\t\t\t<div class=\"elementor-menu-toggle\" role=\"button\" tabindex=\"0\" aria-label=\"Permuter le menu\" aria-expanded=\"false\">\n\t\t\t<i aria-hidden=\"true\" role=\"presentation\" class=\"elementor-menu-toggle__icon--open eicon-menu-bar\"><\/i><i aria-hidden=\"true\" role=\"presentation\" class=\"elementor-menu-toggle__icon--close eicon-close\"><\/i>\t\t<\/div>\n\t\t\t\t\t<nav class=\"elementor-nav-menu--dropdown elementor-nav-menu__container\" aria-hidden=\"true\">\n\t\t\t\t<ul id=\"menu-2-58b821d\" class=\"elementor-nav-menu\"><li class=\"menu-item menu-item-type-post_type menu-item-object-page menu-item-15451\"><a href=\"https:\/\/oaggao.ca\/learn\/research\/interact\/jackson-discovery-centre\/\" class=\"elementor-item\" tabindex=\"-1\">A.Y. Jackson sa vie et son \u0153uvre dans l&rsquo;outaouais<\/a><\/li>\n<li class=\"menu-item menu-item-type-post_type menu-item-object-page menu-item-15364\"><a href=\"https:\/\/oaggao.ca\/learn\/research\/interact\/jackson-discovery-centre\/jackson-d-centre-child-sample-1\/\" class=\"elementor-item\" tabindex=\"-1\">La vie d&rsquo;Alec avant Ottawa<\/a><\/li>\n<li class=\"menu-item menu-item-type-post_type menu-item-object-page menu-item-15361\"><a href=\"https:\/\/oaggao.ca\/learn\/research\/interact\/jackson-discovery-centre\/alecs-manotick\/\" class=\"elementor-item\" tabindex=\"-1\">Alec \u00e0 Manotick<\/a><\/li>\n<li class=\"menu-item menu-item-type-post_type menu-item-object-page menu-item-15365\"><a href=\"https:\/\/oaggao.ca\/learn\/research\/interact\/jackson-discovery-centre\/alec-and-the-firestone-family\/\" class=\"elementor-item\" tabindex=\"-1\">Alec et la famille Firestone<\/a><\/li>\n<li class=\"menu-item menu-item-type-post_type menu-item-object-page menu-item-15363\"><a href=\"https:\/\/oaggao.ca\/learn\/research\/interact\/jackson-discovery-centre\/alecs-ottawa\/\" class=\"elementor-item\" tabindex=\"-1\">Alec \u00e0 Ottawa<\/a><\/li>\n<li class=\"menu-item menu-item-type-post_type menu-item-object-page menu-item-15368\"><a href=\"https:\/\/oaggao.ca\/learn\/research\/interact\/jackson-discovery-centre\/alec-and-the-canadian-flag\/\" class=\"elementor-item\" tabindex=\"-1\">Alec et ses coll\u00e8gues de la r\u00e9gion<\/a><\/li>\n<li class=\"menu-item menu-item-type-post_type menu-item-object-page menu-item-15449\"><a href=\"https:\/\/oaggao.ca\/learn\/research\/interact\/jackson-discovery-centre\/alec-flag-debate\/\" class=\"elementor-item\" tabindex=\"-1\">Alec et le d\u00e9bat autour du drapeau canadien<\/a><\/li>\n<li class=\"menu-item menu-item-type-post_type menu-item-object-page menu-item-15362\"><a href=\"https:\/\/oaggao.ca\/learn\/research\/interact\/jackson-discovery-centre\/alecs-life-after-ottawa\/\" class=\"elementor-item\" tabindex=\"-1\">Alec apr\u00e8s son temps \u00e0 Ottawa<\/a><\/li>\n<\/ul>\t\t\t<\/nav>\n\t\t\t\t\t\t<\/div>\n\t\t\t\t<\/div>\n\t\t\t\t\t<\/div>\n\t\t<\/div>\n\t\t\t\t\t<\/div>\n\t\t<\/section>\n\t\t\t\t<section class=\"elementor-section elementor-top-section elementor-element elementor-element-2dc969c elementor-section-boxed elementor-section-height-default elementor-section-height-default\" data-id=\"2dc969c\" data-element_type=\"section\">\n\t\t\t\t\t\t<div class=\"elementor-container elementor-column-gap-default\">\n\t\t\t\t\t<div class=\"elementor-column elementor-col-100 elementor-top-column elementor-element elementor-element-da38f2e\" data-id=\"da38f2e\" data-element_type=\"column\">\n\t\t\t<div class=\"elementor-widget-wrap elementor-element-populated\">\n\t\t\t\t\t\t<section class=\"elementor-section elementor-inner-section elementor-element elementor-element-443ea56 elementor-section-boxed elementor-section-height-default elementor-section-height-default\" data-id=\"443ea56\" data-element_type=\"section\">\n\t\t\t\t\t\t<div class=\"elementor-container elementor-column-gap-default\">\n\t\t\t\t\t<div class=\"elementor-column elementor-col-100 elementor-inner-column elementor-element elementor-element-8d51162\" data-id=\"8d51162\" data-element_type=\"column\">\n\t\t\t<div class=\"elementor-widget-wrap elementor-element-populated\">\n\t\t\t\t\t\t<div class=\"elementor-element elementor-element-68030b4 elementor-widget elementor-widget-heading\" data-id=\"68030b4\" data-element_type=\"widget\" data-widget_type=\"heading.default\">\n\t\t\t\t<div class=\"elementor-widget-container\">\n\t\t\t\t\t<h2 class=\"elementor-heading-title elementor-size-default\">Alec et ses coll\u00e8gues de la r\u00e9gion <\/h2>\t\t\t\t<\/div>\n\t\t\t\t<\/div>\n\t\t\t\t<div class=\"elementor-element elementor-element-22af25f elementor-widget elementor-widget-text-editor\" data-id=\"22af25f\" data-element_type=\"widget\" data-widget_type=\"text-editor.default\">\n\t\t\t\t<div class=\"elementor-widget-container\">\n\t\t\t\t\t\t\t\t\t<p>Lorsqu\u2019il emm\u00e9nage \u00e0 Manotick en 1955, Jackson est l\u2019un des artistes les plus connus et consid\u00e9r\u00e9s du Canada. Il devient rapidement une figure de proue de la communaut\u00e9 artistique d\u2019Ottawa. Plusieurs artistes r\u00e9gionaux gravitent dans les cercles sociaux de Jackson, notamment son ami de longue date Maurice Haycock, son ancien \u00e9l\u00e8ve Ralph Burton, et Henri Masson. Haycock et Burton accompagnent souvent Jackson lorsqu\u2019il fait des excursions pour r\u00e9aliser des esquisses. Haycock et Jackson font connaissance en 1927 \u00e0 bord d\u2019un navire de ravitaillement arctique. Apr\u00e8s l\u2019obtention de son doctorat en g\u00e9ologie et min\u00e9ralogie \u00e9conomiques en 1931, Haycock s\u2019\u00e9tablit \u00e0 Ottawa pour entamer une carri\u00e8re au minist\u00e8re des Mines. Les deux demeurent en contact. Haycock se met \u00e0 l\u2019aquarelle et au dessin au pastel en 1935, mais dix ans plus tard, Jackson le convainc de passer \u00e0 l\u2019huile. Lorsque Jackson d\u00e9cide de s\u2019installer dans la r\u00e9gion d\u2019Ottawa, c\u2019est Haycock qui l\u2019aide \u00e0 faire les arrangements n\u00e9cessaires pour construire sa maison de Manotick. L\u2019artiste ottavien Ralph Burton suit des cours donn\u00e9s par A. Y. Jackson \u00e0 la Banff School of Fine Arts au cours de l\u2019\u00e9t\u00e9 1947. Les deux artistes se lient d\u2019amiti\u00e9 et font plusieurs excursions d\u2019esquisse ensemble en Alberta, en Alaska et au Yukon. Henri Masson est un autre paysagiste qui travaille dans la r\u00e9gion d\u2019Ottawa durant la p\u00e9riode o\u00f9 Jackson y est pr\u00e9sent, et son travail est fortement influenc\u00e9 par l\u2019esth\u00e9tique et le mandat du Groupe des Sept. Au milieu du vingti\u00e8me si\u00e8cle, les mouvements abstraits gagnent en popularit\u00e9 dans toutes les grandes villes du Canada, y compris Ottawa. Dans les ann\u00e9es 1950, parmi les artistes \u0153uvrant dans la capitale Canadienne, Duncan de Kergommeaux, Victor Tolgesy, James Boyd et G\u00e9rald Trottier font entrer des techniques avant-gardistes dans le milieu artistique florissant de la ville. L\u2019archiviste ottavien Jim Burant constate que la pr\u00e9sence de Jackson dans la r\u00e9gion aide \u00e0 promouvoir l\u2019esth\u00e9tique du paysage et \u00e0 en maintenir la pr\u00e9dominance pendant longtemps, malgr\u00e9 les efforts de ces jeunes artistes (22).<\/p><p>22. Jim Burant, \u00ab History of Art and Artists of Ottawa and Surroundings, 1790-1970: Part III, 1946-1970 \u00bb, dans History of Art and Artists of Ottawa and Surroundings, 1790-1970: Part III, 1946-1970, Melanie Scott (dir.), Ottawa, Galerie d\u2019art d\u2019Ottawa Art, 199<\/p>\t\t\t\t\t\t\t\t<\/div>\n\t\t\t\t<\/div>\n\t\t\t\t\t<\/div>\n\t\t<\/div>\n\t\t\t\t\t<\/div>\n\t\t<\/section>\n\t\t\t\t\t<\/div>\n\t\t<\/div>\n\t\t\t\t\t<\/div>\n\t\t<\/section>\n\t\t\t\t<section class=\"elementor-section elementor-top-section elementor-element elementor-element-70e8439 elementor-section-boxed elementor-section-height-default elementor-section-height-default\" data-id=\"70e8439\" data-element_type=\"section\">\n\t\t\t\t\t\t<div class=\"elementor-container elementor-column-gap-default\">\n\t\t\t\t\t<div class=\"elementor-column elementor-col-100 elementor-top-column elementor-element elementor-element-2fce0d0\" data-id=\"2fce0d0\" data-element_type=\"column\">\n\t\t\t<div class=\"elementor-widget-wrap elementor-element-populated\">\n\t\t\t\t\t\t<div class=\"elementor-element elementor-element-59e2c7f elementor-widget elementor-widget-image-gallery\" data-id=\"59e2c7f\" data-element_type=\"widget\" data-widget_type=\"image-gallery.default\">\n\t\t\t\t<div class=\"elementor-widget-container\">\n\t\t\t\t\t\t\t<div class=\"elementor-image-gallery\">\n\t\t\t<div id='gallery-1' class='gallery galleryid-20273 gallery-columns-4 gallery-size-medium'><figure class='gallery-item'>\n\t\t\t<div class='gallery-icon landscape'>\n\t\t\t\t<a data-elementor-open-lightbox=\"yes\" data-elementor-lightbox-slideshow=\"59e2c7f\" data-elementor-lightbox-title=\"e010950584\" data-elementor-lightbox-description=\"A. Y. (Alexander Young) Jackson et le Dr Maurice Hall Haycock pendant une sortie au d\u00e9but du printemps, au sud d\u2019Ottawa\r\nPar Rosemary Gilliat Eaton, 1960\r\nReproduction d\u2019une diapositive en couleur\r\nBiblioth\u00e8que et Archives Canada \/ e010950584\r\n\u00a9 Biblioth\u00e8que et Archives Canada, reproduit avec la permission de Biblioth\u00e8que et Archives Canada\r\n\" data-e-action-hash=\"#elementor-action%3Aaction%3Dlightbox%26settings%3DeyJpZCI6MTUyNjIsInVybCI6Imh0dHBzOlwvXC9vYWdnYW8uY2FcL3dwLWNvbnRlbnRcL3VwbG9hZHNcLzIwMjFcLzExXC9lMDEwOTUwNTg0LXNjYWxlZC5qcGciLCJzbGlkZXNob3ciOiI1OWUyYzdmIn0%3D\" href='https:\/\/oaggao.ca\/wp-content\/uploads\/2021\/11\/e010950584-scaled.jpg'><img fetchpriority=\"high\" decoding=\"async\" width=\"300\" height=\"300\" src=\"https:\/\/oaggao.ca\/wp-content\/uploads\/2021\/11\/e010950584-300x300.jpg\" class=\"attachment-medium size-medium\" alt=\"\" aria-describedby=\"gallery-1-15262\" srcset=\"https:\/\/oaggao.ca\/wp-content\/uploads\/2021\/11\/e010950584-300x300.jpg 300w, https:\/\/oaggao.ca\/wp-content\/uploads\/2021\/11\/e010950584-1024x1022.jpg 1024w, https:\/\/oaggao.ca\/wp-content\/uploads\/2021\/11\/e010950584-150x150.jpg 150w, https:\/\/oaggao.ca\/wp-content\/uploads\/2021\/11\/e010950584-768x766.jpg 768w, https:\/\/oaggao.ca\/wp-content\/uploads\/2021\/11\/e010950584-1536x1533.jpg 1536w, https:\/\/oaggao.ca\/wp-content\/uploads\/2021\/11\/e010950584-scaled.jpg 2048w\" sizes=\"(max-width: 300px) 100vw, 300px\" \/><\/a>\n\t\t\t<\/div>\n\t\t\t\t<figcaption class='wp-caption-text gallery-caption' id='gallery-1-15262'>\n\t\t\t\tA. Y. (Alexander Young) Jackson et le Dr Maurice Hall Haycock pendant une sortie au d\u00e9but du printemps, au sud d\u2019Ottawa\r\nPar Rosemary Gilliat Eaton, 1960\r\nReproduction d\u2019une diapositive en couleur\r\nBiblioth\u00e8que et Archives Canada \/ e010950584\r\n\u00a9 Biblioth\u00e8que et Archives Canada, reproduit avec la permission de Biblioth\u00e8que et Archives Canada\r\n\n\t\t\t\t<\/figcaption><\/figure><figure class='gallery-item'>\n\t\t\t<div class='gallery-icon portrait'>\n\t\t\t\t<a data-elementor-open-lightbox=\"yes\" data-elementor-lightbox-slideshow=\"59e2c7f\" data-elementor-lightbox-title=\"FAC1005\" data-elementor-lightbox-description=\"Henri Masson\r\n(1907, Namur, Belgique \u2013 1996, Ottawa, ON)\r\nA.Y. Jackson, 1964\r\nCont\u00e9 et encre sur papier \r\n44 x 36 cm\r\nCollection Firestone d\u2019art Canadien, FAC 1005\" data-e-action-hash=\"#elementor-action%3Aaction%3Dlightbox%26settings%3DeyJpZCI6MTUyNjQsInVybCI6Imh0dHBzOlwvXC9vYWdnYW8uY2FcL3dwLWNvbnRlbnRcL3VwbG9hZHNcLzIwMjFcLzExXC9GQUMxMDA1LXNjYWxlZC5qcGciLCJzbGlkZXNob3ciOiI1OWUyYzdmIn0%3D\" href='https:\/\/oaggao.ca\/wp-content\/uploads\/2021\/11\/FAC1005-scaled.jpg'><img decoding=\"async\" width=\"246\" height=\"300\" src=\"https:\/\/oaggao.ca\/wp-content\/uploads\/2021\/11\/FAC1005-246x300.jpg\" class=\"attachment-medium size-medium\" alt=\"\" aria-describedby=\"gallery-1-15264\" srcset=\"https:\/\/oaggao.ca\/wp-content\/uploads\/2021\/11\/FAC1005-246x300.jpg 246w, https:\/\/oaggao.ca\/wp-content\/uploads\/2021\/11\/FAC1005-838x1024.jpg 838w, https:\/\/oaggao.ca\/wp-content\/uploads\/2021\/11\/FAC1005-768x938.jpg 768w, https:\/\/oaggao.ca\/wp-content\/uploads\/2021\/11\/FAC1005-1257x1536.jpg 1257w, https:\/\/oaggao.ca\/wp-content\/uploads\/2021\/11\/FAC1005-1677x2048.jpg 1677w, https:\/\/oaggao.ca\/wp-content\/uploads\/2021\/11\/FAC1005-scaled.jpg 2048w\" sizes=\"(max-width: 246px) 100vw, 246px\" \/><\/a>\n\t\t\t<\/div>\n\t\t\t\t<figcaption class='wp-caption-text gallery-caption' id='gallery-1-15264'>\n\t\t\t\tHenri Masson \u00e9tait un peintre de paysage travaillant dans la r\u00e9gion d&rsquo;Ottawa au m\u00eame moment que Jackson. Il a \u00e9t\u00e9 fortement influenc\u00e9 par l&rsquo;esth\u00e9tique et le mandat du Groupe des Sept.\n\t\t\t\t<\/figcaption><\/figure><figure class='gallery-item'>\n\t\t\t<div class='gallery-icon portrait'>\n\t\t\t\t<a data-elementor-open-lightbox=\"yes\" data-elementor-lightbox-slideshow=\"59e2c7f\" data-elementor-lightbox-title=\"FAC1613\" data-elementor-lightbox-description=\"Ralph Burton\r\n(1905, Newington, ON \u2013 1983, Ottawa, ON)\r\n\u00c9tude de A. Y. Jackson, 1960\r\nHuile sur contreplaqu\u00e9\r\n34 x 27 cm\r\nCollection Firestone d\u2019art Canadien, FAC 1613\" data-e-action-hash=\"#elementor-action%3Aaction%3Dlightbox%26settings%3DeyJpZCI6MTUyNjcsInVybCI6Imh0dHBzOlwvXC9vYWdnYW8uY2FcL3dwLWNvbnRlbnRcL3VwbG9hZHNcLzIwMjFcLzExXC9GQUMxNjEzLXNjYWxlZC5qcGciLCJzbGlkZXNob3ciOiI1OWUyYzdmIn0%3D\" href='https:\/\/oaggao.ca\/wp-content\/uploads\/2021\/11\/FAC1613-scaled.jpg'><img decoding=\"async\" width=\"232\" height=\"300\" src=\"https:\/\/oaggao.ca\/wp-content\/uploads\/2021\/11\/FAC1613-232x300.jpg\" class=\"attachment-medium size-medium\" alt=\"\" aria-describedby=\"gallery-1-15267\" srcset=\"https:\/\/oaggao.ca\/wp-content\/uploads\/2021\/11\/FAC1613-232x300.jpg 232w, https:\/\/oaggao.ca\/wp-content\/uploads\/2021\/11\/FAC1613-793x1024.jpg 793w, https:\/\/oaggao.ca\/wp-content\/uploads\/2021\/11\/FAC1613-768x991.jpg 768w, https:\/\/oaggao.ca\/wp-content\/uploads\/2021\/11\/FAC1613-1190x1536.jpg 1190w, https:\/\/oaggao.ca\/wp-content\/uploads\/2021\/11\/FAC1613-1586x2048.jpg 1586w, https:\/\/oaggao.ca\/wp-content\/uploads\/2021\/11\/FAC1613-scaled.jpg 1983w\" sizes=\"(max-width: 232px) 100vw, 232px\" \/><\/a>\n\t\t\t<\/div>\n\t\t\t\t<figcaption class='wp-caption-text gallery-caption' id='gallery-1-15267'>\n\t\t\t\tRalph Burton, un artiste d\u2019Ottawa, peint ce portrait de son ami A. Y. Jackson pendant que celui-ci est \u00e0 Calabogie pour faire des esquisses. O. J. Firestone se rappelle que Jackson a tendance \u00e0 s\u2019endormir lorsqu\u2019il pose pour des artistes, et cette s\u00e9ance n\u2019\u00e9chappe pas \u00e0 la r\u00e8gle (21).\r\n\r\n21. O. J. Firestone, The Other A. Y. Jackson, Toronto, The Canadian Publishers, 1979, p. 51.\r\n\n\t\t\t\t<\/figcaption><\/figure><figure class='gallery-item'>\n\t\t\t<div class='gallery-icon landscape'>\n\t\t\t\t<a data-elementor-open-lightbox=\"yes\" data-elementor-lightbox-slideshow=\"59e2c7f\" data-elementor-lightbox-title=\"Tugs at Hull PQ 1954 c\" data-elementor-lightbox-description=\"Dr. Maurice Haycock\r\n(1900, Wolfville, NS \u2013 1988, Ottawa, ON)\r\nRemorqueurs \u00e0 Hull, PQ, 1954\r\nHuile sur panneau\r\nAvec l\u2019autorisation de Kathy Haycock\" data-e-action-hash=\"#elementor-action%3Aaction%3Dlightbox%26settings%3DeyJpZCI6MTUyNjksInVybCI6Imh0dHBzOlwvXC9vYWdnYW8uY2FcL3dwLWNvbnRlbnRcL3VwbG9hZHNcLzIwMjFcLzExXC9UdWdzLWF0LUh1bGwtUFEtMTk1NC1jLmpwZyIsInNsaWRlc2hvdyI6IjU5ZTJjN2YifQ%3D%3D\" href='https:\/\/oaggao.ca\/wp-content\/uploads\/2021\/11\/Tugs-at-Hull-PQ-1954-c.jpg'><img loading=\"lazy\" decoding=\"async\" width=\"300\" height=\"237\" src=\"https:\/\/oaggao.ca\/wp-content\/uploads\/2021\/11\/Tugs-at-Hull-PQ-1954-c-300x237.jpg\" class=\"attachment-medium size-medium\" alt=\"\" aria-describedby=\"gallery-1-15269\" srcset=\"https:\/\/oaggao.ca\/wp-content\/uploads\/2021\/11\/Tugs-at-Hull-PQ-1954-c-300x237.jpg 300w, https:\/\/oaggao.ca\/wp-content\/uploads\/2021\/11\/Tugs-at-Hull-PQ-1954-c-1024x809.jpg 1024w, https:\/\/oaggao.ca\/wp-content\/uploads\/2021\/11\/Tugs-at-Hull-PQ-1954-c-768x607.jpg 768w, https:\/\/oaggao.ca\/wp-content\/uploads\/2021\/11\/Tugs-at-Hull-PQ-1954-c.jpg 1200w\" sizes=\"(max-width: 300px) 100vw, 300px\" \/><\/a>\n\t\t\t<\/div>\n\t\t\t\t<figcaption class='wp-caption-text gallery-caption' id='gallery-1-15269'>\n\t\t\t\tCette \u0153uvre de Maurice Haycock a probablement \u00e9t\u00e9 cr\u00e9\u00e9 alors qu&rsquo;il \u00e9tait en voyage avec A.Y. Jackson, une ann\u00e9e avant que ce dernier d\u00e9m\u00e9nage \u00e0  Manotick.\n\t\t\t\t<\/figcaption><\/figure>\n\t\t<\/div>\n\t\t<\/div>\n\t\t\t\t\t\t<\/div>\n\t\t\t\t<\/div>\n\t\t\t\t\t<\/div>\n\t\t<\/div>\n\t\t\t\t\t<\/div>\n\t\t<\/section>\n\t\t\t\t<\/div>\n\t\t","protected":false},"excerpt":{"rendered":"<p>Alec et ses coll\u00e8gues de la r\u00e9gion Lorsqu\u2019il emm\u00e9nage \u00e0 Manotick en 1955, Jackson est l\u2019un des artistes les plus connus et consid\u00e9r\u00e9s du Canada. Il devient rapidement une figure [&hellip;]<\/p>\n","protected":false},"author":13,"featured_media":0,"parent":20265,"menu_order":0,"comment_status":"closed","ping_status":"closed","template":"","meta":{"_acf_changed":false,"footnotes":""},"class_list":["post-20273","page","type-page","status-publish","hentry"],"acf":[],"aioseo_notices":[],"_links":{"self":[{"href":"https:\/\/oaggao.ca\/fr\/wp-json\/wp\/v2\/pages\/20273","targetHints":{"allow":["GET"]}}],"collection":[{"href":"https:\/\/oaggao.ca\/fr\/wp-json\/wp\/v2\/pages"}],"about":[{"href":"https:\/\/oaggao.ca\/fr\/wp-json\/wp\/v2\/types\/page"}],"author":[{"embeddable":true,"href":"https:\/\/oaggao.ca\/fr\/wp-json\/wp\/v2\/users\/13"}],"replies":[{"embeddable":true,"href":"https:\/\/oaggao.ca\/fr\/wp-json\/wp\/v2\/comments?post=20273"}],"version-history":[{"count":0,"href":"https:\/\/oaggao.ca\/fr\/wp-json\/wp\/v2\/pages\/20273\/revisions"}],"up":[{"embeddable":true,"href":"https:\/\/oaggao.ca\/fr\/wp-json\/wp\/v2\/pages\/20265"}],"wp:attachment":[{"href":"https:\/\/oaggao.ca\/fr\/wp-json\/wp\/v2\/media?parent=20273"}],"curies":[{"name":"wp","href":"https:\/\/api.w.org\/{rel}","templated":true}]}}