{"id":20274,"date":"2021-12-21T20:23:06","date_gmt":"2021-12-22T01:23:06","guid":{"rendered":"https:\/\/wwwoaggaoca.wpengine.com\/?page_id=20274"},"modified":"2022-01-12T13:33:43","modified_gmt":"2022-01-12T18:33:43","slug":"alec-apres-son-temps-a-ottawa","status":"publish","type":"page","link":"https:\/\/oaggao.ca\/fr\/apprendre\/recherche\/decouvrir\/a-y-jackson-sa-vie-et-son-oeuvre-dans-loutaouais\/alec-apres-son-temps-a-ottawa\/","title":{"rendered":"Alec apr\u00e8s son temps \u00e0 Ottawa"},"content":{"rendered":"\t\t<div data-elementor-type=\"wp-page\" data-elementor-id=\"20274\" class=\"elementor elementor-20274 elementor-11833\" data-elementor-post-type=\"page\">\n\t\t\t\t\t\t<section class=\"elementor-section elementor-top-section elementor-element elementor-element-af41baa elementor-section-boxed elementor-section-height-default elementor-section-height-default\" data-id=\"af41baa\" data-element_type=\"section\" data-settings=\"{&quot;background_background&quot;:&quot;classic&quot;}\">\n\t\t\t\t\t\t<div class=\"elementor-container elementor-column-gap-default\">\n\t\t\t\t\t<div class=\"elementor-column elementor-col-100 elementor-top-column elementor-element elementor-element-afd1db9\" data-id=\"afd1db9\" data-element_type=\"column\">\n\t\t\t<div class=\"elementor-widget-wrap elementor-element-populated\">\n\t\t\t\t\t\t<div class=\"elementor-element elementor-element-cfc9ddc elementor-nav-menu__align-center elementor-nav-menu--dropdown-tablet elementor-nav-menu__text-align-aside elementor-nav-menu--toggle elementor-nav-menu--burger elementor-widget elementor-widget-nav-menu\" data-id=\"cfc9ddc\" data-element_type=\"widget\" data-settings=\"{&quot;layout&quot;:&quot;horizontal&quot;,&quot;submenu_icon&quot;:{&quot;value&quot;:&quot;&lt;i class=\\&quot;fas fa-caret-down\\&quot; aria-hidden=\\&quot;true\\&quot;&gt;&lt;\\\/i&gt;&quot;,&quot;library&quot;:&quot;fa-solid&quot;},&quot;toggle&quot;:&quot;burger&quot;}\" data-widget_type=\"nav-menu.default\">\n\t\t\t\t<div class=\"elementor-widget-container\">\n\t\t\t\t\t\t\t\t<nav aria-label=\"Menu\" class=\"elementor-nav-menu--main elementor-nav-menu__container elementor-nav-menu--layout-horizontal e--pointer-none\">\n\t\t\t\t<ul id=\"menu-1-cfc9ddc\" class=\"elementor-nav-menu\"><li class=\"menu-item menu-item-type-post_type menu-item-object-page menu-item-15451\"><a href=\"https:\/\/oaggao.ca\/learn\/research\/interact\/jackson-discovery-centre\/\" class=\"elementor-item\">A.Y. Jackson sa vie et son \u0153uvre dans l&rsquo;outaouais<\/a><\/li>\n<li class=\"menu-item menu-item-type-post_type menu-item-object-page menu-item-15364\"><a href=\"https:\/\/oaggao.ca\/learn\/research\/interact\/jackson-discovery-centre\/jackson-d-centre-child-sample-1\/\" class=\"elementor-item\">La vie d&rsquo;Alec avant Ottawa<\/a><\/li>\n<li class=\"menu-item menu-item-type-post_type menu-item-object-page menu-item-15361\"><a href=\"https:\/\/oaggao.ca\/learn\/research\/interact\/jackson-discovery-centre\/alecs-manotick\/\" class=\"elementor-item\">Alec \u00e0 Manotick<\/a><\/li>\n<li class=\"menu-item menu-item-type-post_type menu-item-object-page menu-item-15365\"><a href=\"https:\/\/oaggao.ca\/learn\/research\/interact\/jackson-discovery-centre\/alec-and-the-firestone-family\/\" class=\"elementor-item\">Alec et la famille Firestone<\/a><\/li>\n<li class=\"menu-item menu-item-type-post_type menu-item-object-page menu-item-15363\"><a href=\"https:\/\/oaggao.ca\/learn\/research\/interact\/jackson-discovery-centre\/alecs-ottawa\/\" class=\"elementor-item\">Alec \u00e0 Ottawa<\/a><\/li>\n<li class=\"menu-item menu-item-type-post_type menu-item-object-page menu-item-15368\"><a href=\"https:\/\/oaggao.ca\/learn\/research\/interact\/jackson-discovery-centre\/alec-and-the-canadian-flag\/\" class=\"elementor-item\">Alec et ses coll\u00e8gues de la r\u00e9gion<\/a><\/li>\n<li class=\"menu-item menu-item-type-post_type menu-item-object-page menu-item-15449\"><a href=\"https:\/\/oaggao.ca\/learn\/research\/interact\/jackson-discovery-centre\/alec-flag-debate\/\" class=\"elementor-item\">Alec et le d\u00e9bat autour du drapeau canadien<\/a><\/li>\n<li class=\"menu-item menu-item-type-post_type menu-item-object-page menu-item-15362\"><a href=\"https:\/\/oaggao.ca\/learn\/research\/interact\/jackson-discovery-centre\/alecs-life-after-ottawa\/\" class=\"elementor-item\">Alec apr\u00e8s son temps \u00e0 Ottawa<\/a><\/li>\n<\/ul>\t\t\t<\/nav>\n\t\t\t\t\t<div class=\"elementor-menu-toggle\" role=\"button\" tabindex=\"0\" aria-label=\"Permuter le menu\" aria-expanded=\"false\">\n\t\t\t<i aria-hidden=\"true\" role=\"presentation\" class=\"elementor-menu-toggle__icon--open eicon-menu-bar\"><\/i><i aria-hidden=\"true\" role=\"presentation\" class=\"elementor-menu-toggle__icon--close eicon-close\"><\/i>\t\t<\/div>\n\t\t\t\t\t<nav class=\"elementor-nav-menu--dropdown elementor-nav-menu__container\" aria-hidden=\"true\">\n\t\t\t\t<ul id=\"menu-2-cfc9ddc\" class=\"elementor-nav-menu\"><li class=\"menu-item menu-item-type-post_type menu-item-object-page menu-item-15451\"><a href=\"https:\/\/oaggao.ca\/learn\/research\/interact\/jackson-discovery-centre\/\" class=\"elementor-item\" tabindex=\"-1\">A.Y. Jackson sa vie et son \u0153uvre dans l&rsquo;outaouais<\/a><\/li>\n<li class=\"menu-item menu-item-type-post_type menu-item-object-page menu-item-15364\"><a href=\"https:\/\/oaggao.ca\/learn\/research\/interact\/jackson-discovery-centre\/jackson-d-centre-child-sample-1\/\" class=\"elementor-item\" tabindex=\"-1\">La vie d&rsquo;Alec avant Ottawa<\/a><\/li>\n<li class=\"menu-item menu-item-type-post_type menu-item-object-page menu-item-15361\"><a href=\"https:\/\/oaggao.ca\/learn\/research\/interact\/jackson-discovery-centre\/alecs-manotick\/\" class=\"elementor-item\" tabindex=\"-1\">Alec \u00e0 Manotick<\/a><\/li>\n<li class=\"menu-item menu-item-type-post_type menu-item-object-page menu-item-15365\"><a href=\"https:\/\/oaggao.ca\/learn\/research\/interact\/jackson-discovery-centre\/alec-and-the-firestone-family\/\" class=\"elementor-item\" tabindex=\"-1\">Alec et la famille Firestone<\/a><\/li>\n<li class=\"menu-item menu-item-type-post_type menu-item-object-page menu-item-15363\"><a href=\"https:\/\/oaggao.ca\/learn\/research\/interact\/jackson-discovery-centre\/alecs-ottawa\/\" class=\"elementor-item\" tabindex=\"-1\">Alec \u00e0 Ottawa<\/a><\/li>\n<li class=\"menu-item menu-item-type-post_type menu-item-object-page menu-item-15368\"><a href=\"https:\/\/oaggao.ca\/learn\/research\/interact\/jackson-discovery-centre\/alec-and-the-canadian-flag\/\" class=\"elementor-item\" tabindex=\"-1\">Alec et ses coll\u00e8gues de la r\u00e9gion<\/a><\/li>\n<li class=\"menu-item menu-item-type-post_type menu-item-object-page menu-item-15449\"><a href=\"https:\/\/oaggao.ca\/learn\/research\/interact\/jackson-discovery-centre\/alec-flag-debate\/\" class=\"elementor-item\" tabindex=\"-1\">Alec et le d\u00e9bat autour du drapeau canadien<\/a><\/li>\n<li class=\"menu-item menu-item-type-post_type menu-item-object-page menu-item-15362\"><a href=\"https:\/\/oaggao.ca\/learn\/research\/interact\/jackson-discovery-centre\/alecs-life-after-ottawa\/\" class=\"elementor-item\" tabindex=\"-1\">Alec apr\u00e8s son temps \u00e0 Ottawa<\/a><\/li>\n<\/ul>\t\t\t<\/nav>\n\t\t\t\t\t\t<\/div>\n\t\t\t\t<\/div>\n\t\t\t\t\t<\/div>\n\t\t<\/div>\n\t\t\t\t\t<\/div>\n\t\t<\/section>\n\t\t\t\t<section class=\"elementor-section elementor-top-section elementor-element elementor-element-2dc969c elementor-section-boxed elementor-section-height-default elementor-section-height-default\" data-id=\"2dc969c\" data-element_type=\"section\">\n\t\t\t\t\t\t<div class=\"elementor-container elementor-column-gap-default\">\n\t\t\t\t\t<div class=\"elementor-column elementor-col-100 elementor-top-column elementor-element elementor-element-da38f2e\" data-id=\"da38f2e\" data-element_type=\"column\">\n\t\t\t<div class=\"elementor-widget-wrap elementor-element-populated\">\n\t\t\t\t\t\t<section class=\"elementor-section elementor-inner-section elementor-element elementor-element-443ea56 elementor-section-boxed elementor-section-height-default elementor-section-height-default\" data-id=\"443ea56\" data-element_type=\"section\">\n\t\t\t\t\t\t<div class=\"elementor-container elementor-column-gap-default\">\n\t\t\t\t\t<div class=\"elementor-column elementor-col-100 elementor-inner-column elementor-element elementor-element-8d51162\" data-id=\"8d51162\" data-element_type=\"column\">\n\t\t\t<div class=\"elementor-widget-wrap elementor-element-populated\">\n\t\t\t\t\t\t<div class=\"elementor-element elementor-element-68030b4 elementor-widget elementor-widget-heading\" data-id=\"68030b4\" data-element_type=\"widget\" data-widget_type=\"heading.default\">\n\t\t\t\t<div class=\"elementor-widget-container\">\n\t\t\t\t\t<h2 class=\"elementor-heading-title elementor-size-default\">Alec apr\u00e8s son temps \u00e0 Ottawa<\/h2>\t\t\t\t<\/div>\n\t\t\t\t<\/div>\n\t\t\t\t<div class=\"elementor-element elementor-element-22af25f elementor-widget elementor-widget-text-editor\" data-id=\"22af25f\" data-element_type=\"widget\" data-widget_type=\"text-editor.default\">\n\t\t\t\t<div class=\"elementor-widget-container\">\n\t\t\t\t\t\t\t\t\t<p>En 1967, O. J. Firestone constate que l\u2019\u00e9tat de sant\u00e9 de Jackson se d\u00e9t\u00e9riore s\u00e9rieusement; l\u2019artiste se fatigue facilement et souffre d\u2019\u00e9tourdissements. Il subit un accident vasculaire c\u00e9r\u00e9bral au printemps 1968. Apr\u00e8s sa convalescence \u00e0 l\u2019H\u00f4pital d\u2019Ottawa, c\u2019est \u00e9vident qu\u2019il ne pourra plus vivre seul. Cette ann\u00e9e-l\u00e0, on prend des arrangements pour que Jackson, qui a maintenant 86 ans, quitte la r\u00e9gion d\u2019Ottawa et soit pris en charge par ses amis Robert et Signe McMichael, qui vivent \u00e0 Kleinburg, en Ontario. Jackson y demeure jusqu\u2019en 1973, lorsqu\u2019une aggravation de son \u00e9tat de sant\u00e9 le force \u00e0 s\u2019installer dans un foyer \u00e0 proximit\u00e9. Malgr\u00e9 ses probl\u00e8mes de sant\u00e9 persistants, Jackson ne perd jamais sa t\u00eate dure ni son sens de l\u2019humour. O. J. Firestone se rappelle une visite \u00e0 l\u2019h\u00f4pital lors de laquelle Jackson tente d\u2019\u00e9carter une infirmi\u00e8re afin de pouvoir sortir de son lit; il fait un tel tapage qu\u2019on l\u2019entend jusqu\u2019au bout du couloir (24). Duncan de Kergommeaux, l\u2019artiste abstrait d\u2019Ottawa qui enseigne aux c\u00f4t\u00e9s de Jackson \u00e0 l\u2019occasion, se souvient aussi de ses visites \u00e0 l\u2019h\u00f4pital : \u00ab avec son bras partiellement paralys\u00e9 et sa main tremblante, il a souri et m\u2019a dit : \u201cMaintenant, je vais pouvoir peindre comme toi, Duncan (25)!\u201d \u00bb A. Y. Jackson d\u00e9c\u00e8de le vendredi 5 avril 1974 \u00e0 l\u2019\u00e2ge de 92 ans. Sa tombe se situe dans le parc de la Collection McMichael d\u2019art Canadien, aux c\u00f4t\u00e9s de quelques coll\u00e8gues du Groupe de Sept : Lawren Harris, Arthur Lismer et F. H. Varley.<\/p><p>24. O. J. Firestone, The Other A. Y. Jackson, Toronto, The Canadian Publishers, 1979, p. 245-6.<\/p><p>25. Duncan de Kergommeaux, \u00ab Memories of Art in Ottawa in the \u201850s and \u201860s \u00bb, dans History of Art and Artists of Ottawa and Surroundings, 1790-1970: Part III, 1946-1970, Melanie Scott (dir.), Ottawa, Galerie d\u2019art d\u2019Ottawa Art, 1995, p. 27.<\/p>\t\t\t\t\t\t\t\t<\/div>\n\t\t\t\t<\/div>\n\t\t\t\t\t<\/div>\n\t\t<\/div>\n\t\t\t\t\t<\/div>\n\t\t<\/section>\n\t\t\t\t\t<\/div>\n\t\t<\/div>\n\t\t\t\t\t<\/div>\n\t\t<\/section>\n\t\t\t\t<section class=\"elementor-section elementor-top-section elementor-element elementor-element-9c2b763 elementor-section-boxed elementor-section-height-default elementor-section-height-default\" data-id=\"9c2b763\" data-element_type=\"section\">\n\t\t\t\t\t\t<div class=\"elementor-container elementor-column-gap-default\">\n\t\t\t\t\t<div class=\"elementor-column elementor-col-100 elementor-top-column elementor-element elementor-element-a5ea0c6\" data-id=\"a5ea0c6\" data-element_type=\"column\">\n\t\t\t<div class=\"elementor-widget-wrap\">\n\t\t\t\t\t\t\t<\/div>\n\t\t<\/div>\n\t\t\t\t\t<\/div>\n\t\t<\/section>\n\t\t\t\t<section class=\"elementor-section elementor-top-section elementor-element elementor-element-63c5067 elementor-section-boxed elementor-section-height-default elementor-section-height-default\" data-id=\"63c5067\" data-element_type=\"section\">\n\t\t\t\t\t\t<div class=\"elementor-container elementor-column-gap-default\">\n\t\t\t\t\t<div class=\"elementor-column elementor-col-100 elementor-top-column elementor-element elementor-element-b801476\" data-id=\"b801476\" data-element_type=\"column\">\n\t\t\t<div class=\"elementor-widget-wrap elementor-element-populated\">\n\t\t\t\t\t\t<div class=\"elementor-element elementor-element-3815594 elementor-widget elementor-widget-image-gallery\" data-id=\"3815594\" data-element_type=\"widget\" data-widget_type=\"image-gallery.default\">\n\t\t\t\t<div class=\"elementor-widget-container\">\n\t\t\t\t\t\t\t<div class=\"elementor-image-gallery\">\n\t\t\t<div id='gallery-1' class='gallery galleryid-20274 gallery-columns-2 gallery-size-medium'><figure class='gallery-item'>\n\t\t\t<div class='gallery-icon landscape'>\n\t\t\t\t<a data-elementor-open-lightbox=\"yes\" data-elementor-lightbox-slideshow=\"3815594\" data-elementor-lightbox-title=\"FAC0661\" data-elementor-lightbox-description=\"A.Y. Jackson\n(1882, Montr\u00e9al, QC \u2013 1974, Kleinburg, ON)\nFitzroy Harbour, 1969\nHuile sur toile\n64 x 82 cm\nCollection Firestone d\u2019art Canadien, FAC 0661\n\u00a9 Carleton University Art Gallery, Ottawa, ON\" data-e-action-hash=\"#elementor-action%3Aaction%3Dlightbox%26settings%3DeyJpZCI6MTUyNTMsInVybCI6Imh0dHBzOlwvXC9vYWdnYW8uY2FcL3dwLWNvbnRlbnRcL3VwbG9hZHNcLzIwMjFcLzExXC9GQUMwNjYxLXNjYWxlZC5qcGciLCJzbGlkZXNob3ciOiIzODE1NTk0In0%3D\" href='https:\/\/oaggao.ca\/wp-content\/uploads\/2021\/11\/FAC0661-scaled.jpg'><img fetchpriority=\"high\" decoding=\"async\" width=\"300\" height=\"233\" src=\"https:\/\/oaggao.ca\/wp-content\/uploads\/2021\/11\/FAC0661-300x233.jpg\" class=\"attachment-medium size-medium\" alt=\"\" aria-describedby=\"gallery-1-15253\" srcset=\"https:\/\/oaggao.ca\/wp-content\/uploads\/2021\/11\/FAC0661-300x233.jpg 300w, https:\/\/oaggao.ca\/wp-content\/uploads\/2021\/11\/FAC0661-1024x796.jpg 1024w, https:\/\/oaggao.ca\/wp-content\/uploads\/2021\/11\/FAC0661-768x597.jpg 768w, https:\/\/oaggao.ca\/wp-content\/uploads\/2021\/11\/FAC0661-1536x1194.jpg 1536w, https:\/\/oaggao.ca\/wp-content\/uploads\/2021\/11\/FAC0661-scaled.jpg 2048w\" sizes=\"(max-width: 300px) 100vw, 300px\" \/><\/a>\n\t\t\t<\/div>\n\t\t\t\t<figcaption class='wp-caption-text gallery-caption' id='gallery-1-15253'>\n\t\t\t\tBien que le sujet soit d\u2019origine locale, A. Y. Jackson ne compl\u00e8te cette \u0153uvre qu\u2019apr\u00e8s avoir quitt\u00e9 Ottawa. Elle s\u2019inspire probablement d\u2019une esquisse qu\u2019il a faite pendant qu\u2019il habitait encore dans la r\u00e9gion.\n\t\t\t\t<\/figcaption><\/figure><figure class='gallery-item'>\n\t\t\t<div class='gallery-icon landscape'>\n\t\t\t\t<a data-elementor-open-lightbox=\"yes\" data-elementor-lightbox-slideshow=\"3815594\" data-elementor-lightbox-title=\"FAC0754\" data-elementor-lightbox-description=\"A. Y. Jackson\r\n(1882, Montr\u00e9al, QC \u2013 1974, Kleinburg, ON)\r\nBord de l\u2019eau, Duhamel, Qu\u00e9bec, 1968\r\nHuile sur contreplaqu\u00e9\r\n27 x 34 cm\r\nCollection Firestone d\u2019art Canadien, FAC 0754\r\n\u00a9 Carleton University Art Gallery, Ottawa, ON\r\n\" data-e-action-hash=\"#elementor-action%3Aaction%3Dlightbox%26settings%3DeyJpZCI6MTUyNTUsInVybCI6Imh0dHBzOlwvXC9vYWdnYW8uY2FcL3dwLWNvbnRlbnRcL3VwbG9hZHNcLzIwMjFcLzExXC9GQUMwNzU0LXNjYWxlZC5qcGciLCJzbGlkZXNob3ciOiIzODE1NTk0In0%3D\" href='https:\/\/oaggao.ca\/wp-content\/uploads\/2021\/11\/FAC0754-scaled.jpg'><img decoding=\"async\" width=\"300\" height=\"233\" src=\"https:\/\/oaggao.ca\/wp-content\/uploads\/2021\/11\/FAC0754-300x233.jpg\" class=\"attachment-medium size-medium\" alt=\"\" aria-describedby=\"gallery-1-15255\" srcset=\"https:\/\/oaggao.ca\/wp-content\/uploads\/2021\/11\/FAC0754-300x233.jpg 300w, https:\/\/oaggao.ca\/wp-content\/uploads\/2021\/11\/FAC0754-1024x794.jpg 1024w, https:\/\/oaggao.ca\/wp-content\/uploads\/2021\/11\/FAC0754-768x595.jpg 768w, https:\/\/oaggao.ca\/wp-content\/uploads\/2021\/11\/FAC0754-1536x1190.jpg 1536w, https:\/\/oaggao.ca\/wp-content\/uploads\/2021\/11\/FAC0754-scaled.jpg 2048w\" sizes=\"(max-width: 300px) 100vw, 300px\" \/><\/a>\n\t\t\t<\/div>\n\t\t\t\t<figcaption class='wp-caption-text gallery-caption' id='gallery-1-15255'>\n\t\t\t\tCette esquisse inachev\u00e9e est la derni\u00e8re \u0153uvre d\u2019A. Y. Jackson \u00e0 \u00eatre acquise par O. J. Firestone. Jackson la r\u00e9alise en f\u00e9vrier 1968, au cours d\u2019une excursion en compagnie de son ami d\u2019Ottawa, le peintre Ralph Burton. Jackson a l\u2019intention de compl\u00e9ter et de signer le dessin, mais son \u00e9tat de sant\u00e9 l\u2019emp\u00eachera de le terminer (23).\r\n\r\n23. O. J. Firestone, The Other A. Y. Jackson, Toronto, The Canadian Publishers, 1979, p. 240.\n\t\t\t\t<\/figcaption><\/figure><figure class='gallery-item'>\n\t\t\t<div class='gallery-icon landscape'>\n\t\t\t\t<a data-elementor-open-lightbox=\"yes\" data-elementor-lightbox-slideshow=\"3815594\" data-elementor-lightbox-title=\"20060803\" data-elementor-lightbox-description=\"Duncan de Kergommeaux\r\n(1927, Ottawa)\r\nPeinture d\u2019apr\u00e8s une for\u00eat de pins, 1957\r\nGouache sur carton\r\n82 x 110 cm\r\nCollection de la Galerie d\u2019art d\u2019Ottawa, 2006.08.03: Don de Dorothy et David Torontow, 2006\" data-e-action-hash=\"#elementor-action%3Aaction%3Dlightbox%26settings%3DeyJpZCI6MTUyNTcsInVybCI6Imh0dHBzOlwvXC9vYWdnYW8uY2FcL3dwLWNvbnRlbnRcL3VwbG9hZHNcLzIwMjFcLzExXC8yMDA2MDgwMy5qcGciLCJzbGlkZXNob3ciOiIzODE1NTk0In0%3D\" href='https:\/\/oaggao.ca\/wp-content\/uploads\/2021\/11\/20060803.jpg'><img decoding=\"async\" width=\"300\" height=\"223\" src=\"https:\/\/oaggao.ca\/wp-content\/uploads\/2021\/11\/20060803-300x223.jpg\" class=\"attachment-medium size-medium\" alt=\"\" aria-describedby=\"gallery-1-15257\" srcset=\"https:\/\/oaggao.ca\/wp-content\/uploads\/2021\/11\/20060803-300x223.jpg 300w, https:\/\/oaggao.ca\/wp-content\/uploads\/2021\/11\/20060803-1024x761.jpg 1024w, https:\/\/oaggao.ca\/wp-content\/uploads\/2021\/11\/20060803-768x571.jpg 768w, https:\/\/oaggao.ca\/wp-content\/uploads\/2021\/11\/20060803-1536x1142.jpg 1536w, https:\/\/oaggao.ca\/wp-content\/uploads\/2021\/11\/20060803.jpg 2048w\" sizes=\"(max-width: 300px) 100vw, 300px\" \/><\/a>\n\t\t\t<\/div>\n\t\t\t\t<figcaption class='wp-caption-text gallery-caption' id='gallery-1-15257'>\n\t\t\t\tCette toile de l\u2019artiste Duncan de Kergommeaux, d\u2019Ottawa, d\u00e9peint un sujet semblable \u00e0 ceux que l\u2019on retrouve dans les \u0153uvres de Jackson, mais \u00e0 l\u2019aide des techniques d\u2019abstraction avant-gardistes que les jeunes artistes am\u00e8nent \u00e0 la sc\u00e8ne artistique d\u2019Ottawa dans les ann\u00e9es 1950.\n\t\t\t\t<\/figcaption><\/figure><figure class='gallery-item'>\n\t\t\t<div class='gallery-icon landscape'>\n\t\t\t\t<a data-elementor-open-lightbox=\"yes\" data-elementor-lightbox-slideshow=\"3815594\" data-elementor-lightbox-title=\"A.Y. Jackson with students at McMichael gallery\" data-elementor-lightbox-description=\"A.Y. Jackson avec un groupe scolaire \u00e0 la Galerie McMichael, v. 1968-1972\r\nArchives de la McMichael Canadian Art Collection\" data-e-action-hash=\"#elementor-action%3Aaction%3Dlightbox%26settings%3DeyJpZCI6MTUyNjAsInVybCI6Imh0dHBzOlwvXC9vYWdnYW8uY2FcL3dwLWNvbnRlbnRcL3VwbG9hZHNcLzIwMjFcLzExXC9BLlkuLUphY2tzb24td2l0aC1zdHVkZW50cy1hdC1NY01pY2hhZWwtZ2FsbGVyeS5qcGciLCJzbGlkZXNob3ciOiIzODE1NTk0In0%3D\" href='https:\/\/oaggao.ca\/wp-content\/uploads\/2021\/11\/A.Y.-Jackson-with-students-at-McMichael-gallery.jpg'><img loading=\"lazy\" decoding=\"async\" width=\"300\" height=\"300\" src=\"https:\/\/oaggao.ca\/wp-content\/uploads\/2021\/11\/A.Y.-Jackson-with-students-at-McMichael-gallery-300x300.jpg\" class=\"attachment-medium size-medium\" alt=\"\" aria-describedby=\"gallery-1-15260\" srcset=\"https:\/\/oaggao.ca\/wp-content\/uploads\/2021\/11\/A.Y.-Jackson-with-students-at-McMichael-gallery-300x300.jpg 300w, https:\/\/oaggao.ca\/wp-content\/uploads\/2021\/11\/A.Y.-Jackson-with-students-at-McMichael-gallery-150x150.jpg 150w, https:\/\/oaggao.ca\/wp-content\/uploads\/2021\/11\/A.Y.-Jackson-with-students-at-McMichael-gallery.jpg 597w\" sizes=\"(max-width: 300px) 100vw, 300px\" \/><\/a>\n\t\t\t<\/div>\n\t\t\t\t<figcaption class='wp-caption-text gallery-caption' id='gallery-1-15260'>\n\t\t\t\tA.Y. Jackson avec un groupe scolaire \u00e0 la Galerie McMichael, v. 1968-1972\r\nArchives de la McMichael Canadian Art Collection\r\n\n\t\t\t\t<\/figcaption><\/figure>\n\t\t<\/div>\n\t\t<\/div>\n\t\t\t\t\t\t<\/div>\n\t\t\t\t<\/div>\n\t\t\t\t\t<\/div>\n\t\t<\/div>\n\t\t\t\t\t<\/div>\n\t\t<\/section>\n\t\t\t\t<\/div>\n\t\t","protected":false},"excerpt":{"rendered":"<p>Alec apr\u00e8s son temps \u00e0 Ottawa En 1967, O. J. Firestone constate que l\u2019\u00e9tat de sant\u00e9 de Jackson se d\u00e9t\u00e9riore s\u00e9rieusement; l\u2019artiste se fatigue facilement et souffre d\u2019\u00e9tourdissements. Il subit [&hellip;]<\/p>\n","protected":false},"author":13,"featured_media":0,"parent":20265,"menu_order":0,"comment_status":"closed","ping_status":"closed","template":"","meta":{"_acf_changed":false,"footnotes":""},"class_list":["post-20274","page","type-page","status-publish","hentry"],"acf":[],"aioseo_notices":[],"_links":{"self":[{"href":"https:\/\/oaggao.ca\/fr\/wp-json\/wp\/v2\/pages\/20274","targetHints":{"allow":["GET"]}}],"collection":[{"href":"https:\/\/oaggao.ca\/fr\/wp-json\/wp\/v2\/pages"}],"about":[{"href":"https:\/\/oaggao.ca\/fr\/wp-json\/wp\/v2\/types\/page"}],"author":[{"embeddable":true,"href":"https:\/\/oaggao.ca\/fr\/wp-json\/wp\/v2\/users\/13"}],"replies":[{"embeddable":true,"href":"https:\/\/oaggao.ca\/fr\/wp-json\/wp\/v2\/comments?post=20274"}],"version-history":[{"count":0,"href":"https:\/\/oaggao.ca\/fr\/wp-json\/wp\/v2\/pages\/20274\/revisions"}],"up":[{"embeddable":true,"href":"https:\/\/oaggao.ca\/fr\/wp-json\/wp\/v2\/pages\/20265"}],"wp:attachment":[{"href":"https:\/\/oaggao.ca\/fr\/wp-json\/wp\/v2\/media?parent=20274"}],"curies":[{"name":"wp","href":"https:\/\/api.w.org\/{rel}","templated":true}]}}