{"id":20312,"date":"2021-12-22T13:51:57","date_gmt":"2021-12-22T18:51:57","guid":{"rendered":"https:\/\/wwwoaggaoca.wpengine.com\/?page_id=20312"},"modified":"2022-02-04T12:20:50","modified_gmt":"2022-02-04T17:20:50","slug":"sortir-du-cadre-module-pedagogique","status":"publish","type":"page","link":"https:\/\/oaggao.ca\/fr\/apprendre\/programmes-et-ressources-deducation\/sortir-du-cadre-module-pedagogique\/","title":{"rendered":"Sortir du cadre : module p\u00e9dagogique"},"content":{"rendered":"\t\t<div data-elementor-type=\"wp-page\" data-elementor-id=\"20312\" class=\"elementor elementor-20312 elementor-11638\" data-elementor-post-type=\"page\">\n\t\t\t\t\t\t<section class=\"elementor-section elementor-top-section elementor-element elementor-element-dc5c030 elementor-section-height-min-height elementor-section-boxed elementor-section-height-default elementor-section-items-middle\" data-id=\"dc5c030\" data-element_type=\"section\" data-settings=\"{&quot;background_background&quot;:&quot;classic&quot;}\">\n\t\t\t\t\t\t\t<div class=\"elementor-background-overlay\"><\/div>\n\t\t\t\t\t\t\t<div class=\"elementor-container elementor-column-gap-default\">\n\t\t\t\t\t<div class=\"elementor-column elementor-col-100 elementor-top-column elementor-element elementor-element-36c29b0\" data-id=\"36c29b0\" data-element_type=\"column\">\n\t\t\t<div class=\"elementor-widget-wrap elementor-element-populated\">\n\t\t\t\t\t\t<div class=\"elementor-element elementor-element-d6a80e7 elementor-widget elementor-widget-heading\" data-id=\"d6a80e7\" data-element_type=\"widget\" data-widget_type=\"heading.default\">\n\t\t\t\t<div class=\"elementor-widget-container\">\n\t\t\t\t\t<h1 class=\"elementor-heading-title elementor-size-default\">Sortir du cadre : module p\u00e9dagogique<\/h1>\t\t\t\t<\/div>\n\t\t\t\t<\/div>\n\t\t\t\t\t<\/div>\n\t\t<\/div>\n\t\t\t\t\t<\/div>\n\t\t<\/section>\n\t\t\t\t<section class=\"elementor-section elementor-top-section elementor-element elementor-element-e1e7bf7 elementor-section-boxed elementor-section-height-default elementor-section-height-default\" data-id=\"e1e7bf7\" data-element_type=\"section\" data-settings=\"{&quot;background_background&quot;:&quot;classic&quot;}\">\n\t\t\t\t\t\t<div class=\"elementor-container elementor-column-gap-default\">\n\t\t\t\t\t<div class=\"elementor-column elementor-col-100 elementor-top-column elementor-element elementor-element-752273e\" data-id=\"752273e\" data-element_type=\"column\">\n\t\t\t<div class=\"elementor-widget-wrap elementor-element-populated\">\n\t\t\t\t\t\t<div class=\"elementor-element elementor-element-ce59acb elementor-nav-menu__align-center elementor-nav-menu--dropdown-tablet elementor-nav-menu__text-align-aside elementor-nav-menu--toggle elementor-nav-menu--burger elementor-widget elementor-widget-nav-menu\" data-id=\"ce59acb\" data-element_type=\"widget\" data-settings=\"{&quot;layout&quot;:&quot;horizontal&quot;,&quot;submenu_icon&quot;:{&quot;value&quot;:&quot;&lt;i class=\\&quot;fas fa-caret-down\\&quot; aria-hidden=\\&quot;true\\&quot;&gt;&lt;\\\/i&gt;&quot;,&quot;library&quot;:&quot;fa-solid&quot;},&quot;toggle&quot;:&quot;burger&quot;}\" data-widget_type=\"nav-menu.default\">\n\t\t\t\t<div class=\"elementor-widget-container\">\n\t\t\t\t\t\t\t\t<nav aria-label=\"Menu\" class=\"elementor-nav-menu--main elementor-nav-menu__container elementor-nav-menu--layout-horizontal e--pointer-none\">\n\t\t\t\t<ul id=\"menu-1-ce59acb\" class=\"elementor-nav-menu\"><li class=\"menu-item menu-item-type-post_type menu-item-object-page menu-item-19655\"><a href=\"https:\/\/oaggao.ca\/fr\/apprendre\/collections\/\" class=\"elementor-item\">Collections<\/a><\/li>\n<li class=\"menu-item menu-item-type-post_type menu-item-object-page menu-item-19657\"><a href=\"https:\/\/oaggao.ca\/fr\/apprendre\/recherche\/\" class=\"elementor-item\">Recherche<\/a><\/li>\n<li class=\"menu-item menu-item-type-post_type menu-item-object-page menu-item-19653\"><a href=\"https:\/\/oaggao.ca\/fr\/apprendre\/activites-et-programmes-publics\/\" class=\"elementor-item\">Activit\u00e9s et programmes publics<\/a><\/li>\n<li class=\"menu-item menu-item-type-post_type menu-item-object-page menu-item-20338\"><a href=\"https:\/\/oaggao.ca\/fr\/apprendre\/programmes-et-ressources-deducation\/\" class=\"elementor-item\">Programmes et ressources d\u2019\u00e9ducation<\/a><\/li>\n<li class=\"menu-item menu-item-type-post_type menu-item-object-page menu-item-19654\"><a href=\"https:\/\/oaggao.ca\/fr\/apprendre\/bien-etre-et-communaute\/\" class=\"elementor-item\">Bien-\u00eatre et communaut\u00e9<\/a><\/li>\n<li class=\"menu-item menu-item-type-post_type menu-item-object-page menu-item-47347\"><a href=\"https:\/\/oaggao.ca\/fr\/apprendre\/investiture-dartistes-par-la-gao\/\" class=\"elementor-item\">Investiture d\u2019artistes par la GAO<\/a><\/li>\n<\/ul>\t\t\t<\/nav>\n\t\t\t\t\t<div class=\"elementor-menu-toggle\" role=\"button\" tabindex=\"0\" aria-label=\"Permuter le menu\" aria-expanded=\"false\">\n\t\t\t<i aria-hidden=\"true\" role=\"presentation\" class=\"elementor-menu-toggle__icon--open eicon-menu-bar\"><\/i><i aria-hidden=\"true\" role=\"presentation\" class=\"elementor-menu-toggle__icon--close eicon-close\"><\/i>\t\t<\/div>\n\t\t\t\t\t<nav class=\"elementor-nav-menu--dropdown elementor-nav-menu__container\" aria-hidden=\"true\">\n\t\t\t\t<ul id=\"menu-2-ce59acb\" class=\"elementor-nav-menu\"><li class=\"menu-item menu-item-type-post_type menu-item-object-page menu-item-19655\"><a href=\"https:\/\/oaggao.ca\/fr\/apprendre\/collections\/\" class=\"elementor-item\" tabindex=\"-1\">Collections<\/a><\/li>\n<li class=\"menu-item menu-item-type-post_type menu-item-object-page menu-item-19657\"><a href=\"https:\/\/oaggao.ca\/fr\/apprendre\/recherche\/\" class=\"elementor-item\" tabindex=\"-1\">Recherche<\/a><\/li>\n<li class=\"menu-item menu-item-type-post_type menu-item-object-page menu-item-19653\"><a href=\"https:\/\/oaggao.ca\/fr\/apprendre\/activites-et-programmes-publics\/\" class=\"elementor-item\" tabindex=\"-1\">Activit\u00e9s et programmes publics<\/a><\/li>\n<li class=\"menu-item menu-item-type-post_type menu-item-object-page menu-item-20338\"><a href=\"https:\/\/oaggao.ca\/fr\/apprendre\/programmes-et-ressources-deducation\/\" class=\"elementor-item\" tabindex=\"-1\">Programmes et ressources d\u2019\u00e9ducation<\/a><\/li>\n<li class=\"menu-item menu-item-type-post_type menu-item-object-page menu-item-19654\"><a href=\"https:\/\/oaggao.ca\/fr\/apprendre\/bien-etre-et-communaute\/\" class=\"elementor-item\" tabindex=\"-1\">Bien-\u00eatre et communaut\u00e9<\/a><\/li>\n<li class=\"menu-item menu-item-type-post_type menu-item-object-page menu-item-47347\"><a href=\"https:\/\/oaggao.ca\/fr\/apprendre\/investiture-dartistes-par-la-gao\/\" class=\"elementor-item\" tabindex=\"-1\">Investiture d\u2019artistes par la GAO<\/a><\/li>\n<\/ul>\t\t\t<\/nav>\n\t\t\t\t\t\t<\/div>\n\t\t\t\t<\/div>\n\t\t\t\t\t<\/div>\n\t\t<\/div>\n\t\t\t\t\t<\/div>\n\t\t<\/section>\n\t\t\t\t<section class=\"elementor-section elementor-top-section elementor-element elementor-element-27e7eb9 elementor-section-boxed elementor-section-height-default elementor-section-height-default\" data-id=\"27e7eb9\" data-element_type=\"section\">\n\t\t\t\t\t\t<div class=\"elementor-container elementor-column-gap-default\">\n\t\t\t\t\t<div class=\"elementor-column elementor-col-100 elementor-top-column elementor-element elementor-element-0db583f\" data-id=\"0db583f\" data-element_type=\"column\">\n\t\t\t<div class=\"elementor-widget-wrap elementor-element-populated\">\n\t\t\t\t\t\t<section class=\"elementor-section elementor-inner-section elementor-element elementor-element-5a5b36e elementor-section-boxed elementor-section-height-default elementor-section-height-default\" data-id=\"5a5b36e\" data-element_type=\"section\">\n\t\t\t\t\t\t<div class=\"elementor-container elementor-column-gap-wide\">\n\t\t\t\t\t<div class=\"elementor-column elementor-col-100 elementor-inner-column elementor-element elementor-element-dc74c51\" data-id=\"dc74c51\" data-element_type=\"column\">\n\t\t\t<div class=\"elementor-widget-wrap elementor-element-populated\">\n\t\t\t\t\t\t<div class=\"elementor-element elementor-element-65f04dc elementor-widget elementor-widget-heading\" data-id=\"65f04dc\" data-element_type=\"widget\" data-widget_type=\"heading.default\">\n\t\t\t\t<div class=\"elementor-widget-container\">\n\t\t\t\t\t<h2 class=\"elementor-heading-title elementor-size-default\">th\u00e8me : le Groupe des Sept et les changements climatiques<\/h2>\t\t\t\t<\/div>\n\t\t\t\t<\/div>\n\t\t\t\t\t<\/div>\n\t\t<\/div>\n\t\t\t\t\t<\/div>\n\t\t<\/section>\n\t\t\t\t<section class=\"elementor-section elementor-inner-section elementor-element elementor-element-6d9b79a elementor-section-boxed elementor-section-height-default elementor-section-height-default\" data-id=\"6d9b79a\" data-element_type=\"section\">\n\t\t\t\t\t\t<div class=\"elementor-container elementor-column-gap-wide\">\n\t\t\t\t\t<div class=\"elementor-column elementor-col-50 elementor-inner-column elementor-element elementor-element-c4635f9\" data-id=\"c4635f9\" data-element_type=\"column\">\n\t\t\t<div class=\"elementor-widget-wrap elementor-element-populated\">\n\t\t\t\t\t\t<div class=\"elementor-element elementor-element-899488b elementor-widget elementor-widget-image\" data-id=\"899488b\" data-element_type=\"widget\" data-widget_type=\"image.default\">\n\t\t\t\t<div class=\"elementor-widget-container\">\n\t\t\t\t\t\t\t\t\t\t\t\t<figure class=\"wp-caption\">\n\t\t\t\t\t\t\t\t\t\t<img fetchpriority=\"high\" decoding=\"async\" width=\"800\" height=\"712\" src=\"https:\/\/oaggao.ca\/wp-content\/uploads\/2021\/11\/pic-2.jpg\" class=\"attachment-large size-large wp-image-13064\" alt=\"\" srcset=\"https:\/\/oaggao.ca\/wp-content\/uploads\/2021\/11\/pic-2.jpg 901w, https:\/\/oaggao.ca\/wp-content\/uploads\/2021\/11\/pic-2-300x267.jpg 300w, https:\/\/oaggao.ca\/wp-content\/uploads\/2021\/11\/pic-2-768x684.jpg 768w\" sizes=\"(max-width: 800px) 100vw, 800px\" \/>\t\t\t\t\t\t\t\t\t\t\t<figcaption class=\"widget-image-caption wp-caption-text\">L. L. Fitzgerald, Prairie Homestead [Ferme familiale dans les Prairies], 1925, huile sur toile, 27 \u00d7 34,1 cm. Collection Firestone d\u2019art canadien, Galerie d\u2019art d\u2019Ottawa.<\/figcaption>\n\t\t\t\t\t\t\t\t\t\t<\/figure>\n\t\t\t\t\t\t\t\t\t<\/div>\n\t\t\t\t<\/div>\n\t\t\t\t\t<\/div>\n\t\t<\/div>\n\t\t\t\t<div class=\"elementor-column elementor-col-50 elementor-inner-column elementor-element elementor-element-c113901\" data-id=\"c113901\" data-element_type=\"column\">\n\t\t\t<div class=\"elementor-widget-wrap elementor-element-populated\">\n\t\t\t\t\t\t<div class=\"elementor-element elementor-element-cf93250 elementor-widget elementor-widget-text-editor\" data-id=\"cf93250\" data-element_type=\"widget\" data-widget_type=\"text-editor.default\">\n\t\t\t\t<div class=\"elementor-widget-container\">\n\t\t\t\t\t\t\t\t\t<p><strong><em>Sortir du cadre<\/em><\/strong> est un module p\u00e9dagogique pour les \u00e9l\u00e8ves de la 6e \u00e0 la 8e ann\u00e9e qui a pour th\u00e8me le Groupe des Sept et les changements climatiques. Les \u00e9l\u00e8ves y explorent cet important groupe d\u2019artistes canadiens tout en r\u00e9fl\u00e9chissant aux changements climatiques et aux solutions possibles \u00e0 cette crise.<\/p><p>Pour la portion atelier du module, les \u00e9l\u00e8ves examinent des \u0153uvres d\u2019art iconiques du Groupe et imaginent ce qui se trouve au-del\u00e0 du cadre de ces paysages. En pensant aux changements climatiques, et en exp\u00e9rimentant avec la perspective et la couleur, les \u00e9l\u00e8ves cr\u00e9eront un paysage \u00e9largi pour ajouter leur point de vue \u00e0 ces \u0153uvres connues.<br \/><br \/>Vous trouverez dans le document t\u00e9l\u00e9chargeable des informations sur le Groupe des Sept, la liste des mat\u00e9riaux, une vid\u00e9o d\u2019instruction, et des questions pour aller plus loin dans la r\u00e9flexion en mati\u00e8re d\u2019art et de changements climatiques.<\/p>\t\t\t\t\t\t\t\t<\/div>\n\t\t\t\t<\/div>\n\t\t\t\t<div class=\"elementor-element elementor-element-2b22c61 elementor-widget elementor-widget-button\" data-id=\"2b22c61\" data-element_type=\"widget\" data-widget_type=\"button.default\">\n\t\t\t\t<div class=\"elementor-widget-container\">\n\t\t\t\t\t\t\t\t\t<div class=\"elementor-button-wrapper\">\n\t\t\t\t\t<a class=\"elementor-button elementor-button-link elementor-size-sm\" href=\"https:\/\/wwwoaggaoca.wpengine.com\/wp-content\/uploads\/2021\/12\/FR-2021-Update.pdf\" target=\"_blank\">\n\t\t\t\t\t\t<span class=\"elementor-button-content-wrapper\">\n\t\t\t\t\t\t\t\t\t<span class=\"elementor-button-text\">Le module p\u00e9dagogique Sortir du cadre<\/span>\n\t\t\t\t\t<\/span>\n\t\t\t\t\t<\/a>\n\t\t\t\t<\/div>\n\t\t\t\t\t\t\t\t<\/div>\n\t\t\t\t<\/div>\n\t\t\t\t\t<\/div>\n\t\t<\/div>\n\t\t\t\t\t<\/div>\n\t\t<\/section>\n\t\t\t\t<section class=\"elementor-section elementor-inner-section elementor-element elementor-element-a330a46 elementor-section-boxed elementor-section-height-default elementor-section-height-default\" data-id=\"a330a46\" data-element_type=\"section\">\n\t\t\t\t\t\t<div class=\"elementor-container elementor-column-gap-wide\">\n\t\t\t\t\t<div class=\"elementor-column elementor-col-100 elementor-inner-column elementor-element elementor-element-b3feca5\" data-id=\"b3feca5\" data-element_type=\"column\">\n\t\t\t<div class=\"elementor-widget-wrap elementor-element-populated\">\n\t\t\t\t\t\t<div class=\"elementor-element elementor-element-544889f elementor-widget elementor-widget-heading\" data-id=\"544889f\" data-element_type=\"widget\" data-widget_type=\"heading.default\">\n\t\t\t\t<div class=\"elementor-widget-container\">\n\t\t\t\t\t<h2 class=\"elementor-heading-title elementor-size-default\">Vid\u00e9o d\u2019instruction :<\/h2>\t\t\t\t<\/div>\n\t\t\t\t<\/div>\n\t\t\t\t<div class=\"elementor-element elementor-element-30edc15 elementor-widget elementor-widget-spacer\" data-id=\"30edc15\" data-element_type=\"widget\" data-widget_type=\"spacer.default\">\n\t\t\t\t<div class=\"elementor-widget-container\">\n\t\t\t\t\t\t\t<div class=\"elementor-spacer\">\n\t\t\t<div class=\"elementor-spacer-inner\"><\/div>\n\t\t<\/div>\n\t\t\t\t\t\t<\/div>\n\t\t\t\t<\/div>\n\t\t\t\t<div class=\"elementor-element elementor-element-c86fd26 elementor-widget elementor-widget-video\" data-id=\"c86fd26\" data-element_type=\"widget\" data-settings=\"{&quot;youtube_url&quot;:&quot;https:\\\/\\\/youtu.be\\\/1GRibtwmX7Y&quot;,&quot;video_type&quot;:&quot;youtube&quot;,&quot;controls&quot;:&quot;yes&quot;}\" data-widget_type=\"video.default\">\n\t\t\t\t<div class=\"elementor-widget-container\">\n\t\t\t\t\t\t\t<div class=\"elementor-wrapper elementor-open-inline\">\n\t\t\t<div class=\"elementor-video\"><\/div>\t\t<\/div>\n\t\t\t\t\t\t<\/div>\n\t\t\t\t<\/div>\n\t\t\t\t<div class=\"elementor-element elementor-element-36ede08 elementor-widget elementor-widget-text-editor\" data-id=\"36ede08\" data-element_type=\"widget\" data-widget_type=\"text-editor.default\">\n\t\t\t\t<div class=\"elementor-widget-container\">\n\t\t\t\t\t\t\t\t\t<p>\u00a0<\/p><p>Image : Franklin Carmichael, <em>The Nickel Belt<\/em> [La zone de nickel], 1928, huile sur toile, 101,8 \u00d7 122 cm. Collection Firestone d\u2019art canadien, Galerie d\u2019art d\u2019Ottawa.<\/p>\t\t\t\t\t\t\t\t<\/div>\n\t\t\t\t<\/div>\n\t\t\t\t\t<\/div>\n\t\t<\/div>\n\t\t\t\t\t<\/div>\n\t\t<\/section>\n\t\t\t\t\t<\/div>\n\t\t<\/div>\n\t\t\t\t\t<\/div>\n\t\t<\/section>\n\t\t\t\t<section class=\"elementor-section elementor-top-section elementor-element elementor-element-1192bae elementor-section-boxed elementor-section-height-default elementor-section-height-default\" data-id=\"1192bae\" data-element_type=\"section\">\n\t\t\t\t\t\t<div class=\"elementor-container elementor-column-gap-default\">\n\t\t\t\t\t<div class=\"elementor-column elementor-col-100 elementor-top-column elementor-element elementor-element-bb55f54\" data-id=\"bb55f54\" data-element_type=\"column\">\n\t\t\t<div class=\"elementor-widget-wrap\">\n\t\t\t\t\t\t\t<\/div>\n\t\t<\/div>\n\t\t\t\t\t<\/div>\n\t\t<\/section>\n\t\t\t\t<\/div>\n\t\t","protected":false},"excerpt":{"rendered":"<p>Sortir du cadre : module p\u00e9dagogique th\u00e8me : le Groupe des Sept et les changements climatiques L. L. Fitzgerald, Prairie Homestead [Ferme familiale dans les Prairies], 1925, huile sur toile, [&hellip;]<\/p>\n","protected":false},"author":13,"featured_media":0,"parent":20008,"menu_order":0,"comment_status":"closed","ping_status":"closed","template":"","meta":{"_acf_changed":false,"footnotes":""},"class_list":["post-20312","page","type-page","status-publish","hentry"],"acf":[],"aioseo_notices":[],"_links":{"self":[{"href":"https:\/\/oaggao.ca\/fr\/wp-json\/wp\/v2\/pages\/20312","targetHints":{"allow":["GET"]}}],"collection":[{"href":"https:\/\/oaggao.ca\/fr\/wp-json\/wp\/v2\/pages"}],"about":[{"href":"https:\/\/oaggao.ca\/fr\/wp-json\/wp\/v2\/types\/page"}],"author":[{"embeddable":true,"href":"https:\/\/oaggao.ca\/fr\/wp-json\/wp\/v2\/users\/13"}],"replies":[{"embeddable":true,"href":"https:\/\/oaggao.ca\/fr\/wp-json\/wp\/v2\/comments?post=20312"}],"version-history":[{"count":0,"href":"https:\/\/oaggao.ca\/fr\/wp-json\/wp\/v2\/pages\/20312\/revisions"}],"up":[{"embeddable":true,"href":"https:\/\/oaggao.ca\/fr\/wp-json\/wp\/v2\/pages\/20008"}],"wp:attachment":[{"href":"https:\/\/oaggao.ca\/fr\/wp-json\/wp\/v2\/media?parent=20312"}],"curies":[{"name":"wp","href":"https:\/\/api.w.org\/{rel}","templated":true}]}}