{"id":20843,"date":"2022-01-13T17:11:42","date_gmt":"2022-01-13T22:11:42","guid":{"rendered":"https:\/\/wwwoaggaoca.wpengine.com\/?page_id=20843"},"modified":"2024-09-19T10:24:23","modified_gmt":"2024-09-19T14:24:23","slug":"jackson-a-louer","status":"publish","type":"page","link":"https:\/\/oaggao.ca\/fr\/location-de-salles\/jackson-a-louer\/","title":{"rendered":"Jackson Caf\u00e9 \u00e0 louer"},"content":{"rendered":"\t\t<div data-elementor-type=\"wp-page\" data-elementor-id=\"20843\" class=\"elementor elementor-20843 elementor-12733\" data-elementor-post-type=\"page\">\n\t\t\t\t\t\t<section class=\"elementor-section elementor-top-section elementor-element elementor-element-dc5c030 elementor-section-height-min-height elementor-section-boxed elementor-section-height-default elementor-section-items-middle\" data-id=\"dc5c030\" data-element_type=\"section\" data-settings=\"{&quot;background_background&quot;:&quot;classic&quot;}\">\n\t\t\t\t\t\t\t<div class=\"elementor-background-overlay\"><\/div>\n\t\t\t\t\t\t\t<div class=\"elementor-container elementor-column-gap-default\">\n\t\t\t\t\t<div class=\"elementor-column elementor-col-100 elementor-top-column elementor-element elementor-element-36c29b0\" data-id=\"36c29b0\" data-element_type=\"column\">\n\t\t\t<div class=\"elementor-widget-wrap elementor-element-populated\">\n\t\t\t\t\t\t<div class=\"elementor-element elementor-element-d6a80e7 elementor-widget elementor-widget-heading\" data-id=\"d6a80e7\" data-element_type=\"widget\" data-widget_type=\"heading.default\">\n\t\t\t\t<div class=\"elementor-widget-container\">\n\t\t\t\t\t<h1 class=\"elementor-heading-title elementor-size-default\">Votre \u00e9v\u00e8nement \u00e0 la gao<\/h1>\t\t\t\t<\/div>\n\t\t\t\t<\/div>\n\t\t\t\t<div class=\"elementor-element elementor-element-25938ea elementor-align-center elementor-widget elementor-widget-button\" data-id=\"25938ea\" data-element_type=\"widget\" data-widget_type=\"button.default\">\n\t\t\t\t<div class=\"elementor-widget-container\">\n\t\t\t\t\t\t\t\t\t<div class=\"elementor-button-wrapper\">\n\t\t\t\t\t<a class=\"elementor-button elementor-button-link elementor-size-sm\" href=\"https:\/\/oaggao.ca\/fr\/location-de-salles\/requete-pour-un-evenement\/\">\n\t\t\t\t\t\t<span class=\"elementor-button-content-wrapper\">\n\t\t\t\t\t\t\t\t\t<span class=\"elementor-button-text\">Pour nous joindre<\/span>\n\t\t\t\t\t<\/span>\n\t\t\t\t\t<\/a>\n\t\t\t\t<\/div>\n\t\t\t\t\t\t\t\t<\/div>\n\t\t\t\t<\/div>\n\t\t\t\t\t<\/div>\n\t\t<\/div>\n\t\t\t\t\t<\/div>\n\t\t<\/section>\n\t\t\t\t<section class=\"elementor-section elementor-top-section elementor-element elementor-element-577341d elementor-section-boxed elementor-section-height-default elementor-section-height-default\" data-id=\"577341d\" data-element_type=\"section\" data-settings=\"{&quot;background_background&quot;:&quot;classic&quot;}\">\n\t\t\t\t\t\t<div class=\"elementor-container elementor-column-gap-default\">\n\t\t\t\t\t<div class=\"elementor-column elementor-col-100 elementor-top-column elementor-element elementor-element-4a03ad8\" data-id=\"4a03ad8\" data-element_type=\"column\">\n\t\t\t<div class=\"elementor-widget-wrap elementor-element-populated\">\n\t\t\t\t\t\t<div class=\"elementor-element elementor-element-902a25e elementor-nav-menu__align-center elementor-nav-menu--dropdown-tablet elementor-nav-menu__text-align-aside elementor-nav-menu--toggle elementor-nav-menu--burger elementor-widget elementor-widget-nav-menu\" data-id=\"902a25e\" data-element_type=\"widget\" data-settings=\"{&quot;layout&quot;:&quot;horizontal&quot;,&quot;submenu_icon&quot;:{&quot;value&quot;:&quot;&lt;i class=\\&quot;fas fa-caret-down\\&quot; aria-hidden=\\&quot;true\\&quot;&gt;&lt;\\\/i&gt;&quot;,&quot;library&quot;:&quot;fa-solid&quot;},&quot;toggle&quot;:&quot;burger&quot;}\" data-widget_type=\"nav-menu.default\">\n\t\t\t\t<div class=\"elementor-widget-container\">\n\t\t\t\t\t\t\t\t<nav aria-label=\"Menu\" class=\"elementor-nav-menu--main elementor-nav-menu__container elementor-nav-menu--layout-horizontal e--pointer-none\">\n\t\t\t\t<ul id=\"menu-1-902a25e\" class=\"elementor-nav-menu\"><li class=\"menu-item menu-item-type-post_type menu-item-object-page menu-item-41594\"><a href=\"https:\/\/oaggao.ca\/fr\/location-de-salles\/hall-alma-duncan\/\" class=\"elementor-item\">Hall Alma Duncan<\/a><\/li>\n<li class=\"menu-item menu-item-type-post_type menu-item-object-page menu-item-41595\"><a href=\"https:\/\/oaggao.ca\/fr\/location-de-salles\/salle-de-reunion\/\" class=\"elementor-item\">Salle de r\u00e9union<\/a><\/li>\n<li class=\"menu-item menu-item-type-post_type menu-item-object-page menu-item-41596\"><a href=\"https:\/\/oaggao.ca\/fr\/location-de-salles\/jackson-a-louer\/\" class=\"elementor-item\">Jackson Caf\u00e9<\/a><\/li>\n<li class=\"menu-item menu-item-type-post_type menu-item-object-page menu-item-41597\"><a href=\"https:\/\/oaggao.ca\/fr\/location-de-salles\/terrasses-et-salon-azur\/\" class=\"elementor-item\">Terrasses<\/a><\/li>\n<li class=\"menu-item menu-item-type-post_type menu-item-object-page menu-item-41598\"><a href=\"https:\/\/oaggao.ca\/fr\/location-de-salles\/fournisseurs-de-services-et-partenaires\/\" class=\"elementor-item\">fournisseurs de services et partenaires<\/a><\/li>\n<\/ul>\t\t\t<\/nav>\n\t\t\t\t\t<div class=\"elementor-menu-toggle\" role=\"button\" tabindex=\"0\" aria-label=\"Permuter le menu\" aria-expanded=\"false\">\n\t\t\t<i aria-hidden=\"true\" role=\"presentation\" class=\"elementor-menu-toggle__icon--open eicon-menu-bar\"><\/i><i aria-hidden=\"true\" role=\"presentation\" class=\"elementor-menu-toggle__icon--close eicon-close\"><\/i>\t\t<\/div>\n\t\t\t\t\t<nav class=\"elementor-nav-menu--dropdown elementor-nav-menu__container\" aria-hidden=\"true\">\n\t\t\t\t<ul id=\"menu-2-902a25e\" class=\"elementor-nav-menu\"><li class=\"menu-item menu-item-type-post_type menu-item-object-page menu-item-41594\"><a href=\"https:\/\/oaggao.ca\/fr\/location-de-salles\/hall-alma-duncan\/\" class=\"elementor-item\" tabindex=\"-1\">Hall Alma Duncan<\/a><\/li>\n<li class=\"menu-item menu-item-type-post_type menu-item-object-page menu-item-41595\"><a href=\"https:\/\/oaggao.ca\/fr\/location-de-salles\/salle-de-reunion\/\" class=\"elementor-item\" tabindex=\"-1\">Salle de r\u00e9union<\/a><\/li>\n<li class=\"menu-item menu-item-type-post_type menu-item-object-page menu-item-41596\"><a href=\"https:\/\/oaggao.ca\/fr\/location-de-salles\/jackson-a-louer\/\" class=\"elementor-item\" tabindex=\"-1\">Jackson Caf\u00e9<\/a><\/li>\n<li class=\"menu-item menu-item-type-post_type menu-item-object-page menu-item-41597\"><a href=\"https:\/\/oaggao.ca\/fr\/location-de-salles\/terrasses-et-salon-azur\/\" class=\"elementor-item\" tabindex=\"-1\">Terrasses<\/a><\/li>\n<li class=\"menu-item menu-item-type-post_type menu-item-object-page menu-item-41598\"><a href=\"https:\/\/oaggao.ca\/fr\/location-de-salles\/fournisseurs-de-services-et-partenaires\/\" class=\"elementor-item\" tabindex=\"-1\">fournisseurs de services et partenaires<\/a><\/li>\n<\/ul>\t\t\t<\/nav>\n\t\t\t\t\t\t<\/div>\n\t\t\t\t<\/div>\n\t\t\t\t\t<\/div>\n\t\t<\/div>\n\t\t\t\t\t<\/div>\n\t\t<\/section>\n\t\t\t\t<section class=\"elementor-section elementor-top-section elementor-element elementor-element-ecfcadc elementor-section-boxed elementor-section-height-default elementor-section-height-default\" data-id=\"ecfcadc\" data-element_type=\"section\">\n\t\t\t\t\t\t<div class=\"elementor-container elementor-column-gap-default\">\n\t\t\t\t\t<div class=\"elementor-column elementor-col-100 elementor-top-column elementor-element elementor-element-5363110\" data-id=\"5363110\" data-element_type=\"column\">\n\t\t\t<div class=\"elementor-widget-wrap elementor-element-populated\">\n\t\t\t\t\t\t<section class=\"elementor-section elementor-inner-section elementor-element elementor-element-4c424fe elementor-section-boxed elementor-section-height-default elementor-section-height-default\" data-id=\"4c424fe\" data-element_type=\"section\">\n\t\t\t\t\t\t<div class=\"elementor-container elementor-column-gap-default\">\n\t\t\t\t\t<div class=\"elementor-column elementor-col-100 elementor-inner-column elementor-element elementor-element-68da1ae\" data-id=\"68da1ae\" data-element_type=\"column\">\n\t\t\t<div class=\"elementor-widget-wrap elementor-element-populated\">\n\t\t\t\t\t\t<div class=\"elementor-element elementor-element-579174e elementor-widget elementor-widget-heading\" data-id=\"579174e\" data-element_type=\"widget\" data-widget_type=\"heading.default\">\n\t\t\t\t<div class=\"elementor-widget-container\">\n\t\t\t\t\t<h2 class=\"elementor-heading-title elementor-size-default\">Jackson Caf\u00e9<\/h2>\t\t\t\t<\/div>\n\t\t\t\t<\/div>\n\t\t\t\t\t<\/div>\n\t\t<\/div>\n\t\t\t\t\t<\/div>\n\t\t<\/section>\n\t\t\t\t<section class=\"elementor-section elementor-inner-section elementor-element elementor-element-18e910e elementor-section-boxed elementor-section-height-default elementor-section-height-default\" data-id=\"18e910e\" data-element_type=\"section\">\n\t\t\t\t\t\t<div class=\"elementor-container elementor-column-gap-wide\">\n\t\t\t\t\t<div class=\"elementor-column elementor-col-50 elementor-inner-column elementor-element elementor-element-db3ac97\" data-id=\"db3ac97\" data-element_type=\"column\">\n\t\t\t<div class=\"elementor-widget-wrap elementor-element-populated\">\n\t\t\t\t\t\t<div class=\"elementor-element elementor-element-78f0897 elementor-widget elementor-widget-image\" data-id=\"78f0897\" data-element_type=\"widget\" data-widget_type=\"image.default\">\n\t\t\t\t<div class=\"elementor-widget-container\">\n\t\t\t\t\t\t\t\t\t\t\t\t<figure class=\"wp-caption\">\n\t\t\t\t\t\t\t\t\t\t<img fetchpriority=\"high\" decoding=\"async\" width=\"768\" height=\"652\" src=\"https:\/\/oaggao.ca\/wp-content\/uploads\/2023\/11\/53215729539_6f29bd1aaa_o-768x652.jpg\" class=\"attachment-medium_large size-medium_large wp-image-35296\" alt=\"\" srcset=\"https:\/\/oaggao.ca\/wp-content\/uploads\/2023\/11\/53215729539_6f29bd1aaa_o-768x652.jpg 768w, https:\/\/oaggao.ca\/wp-content\/uploads\/2023\/11\/53215729539_6f29bd1aaa_o-300x255.jpg 300w, https:\/\/oaggao.ca\/wp-content\/uploads\/2023\/11\/53215729539_6f29bd1aaa_o-1024x869.jpg 1024w, https:\/\/oaggao.ca\/wp-content\/uploads\/2023\/11\/53215729539_6f29bd1aaa_o-1536x1303.jpg 1536w, https:\/\/oaggao.ca\/wp-content\/uploads\/2023\/11\/53215729539_6f29bd1aaa_o-scaled.jpg 2048w\" sizes=\"(max-width: 768px) 100vw, 768px\" \/>\t\t\t\t\t\t\t\t\t\t\t<figcaption class=\"widget-image-caption wp-caption-text\"><\/figcaption>\n\t\t\t\t\t\t\t\t\t\t<\/figure>\n\t\t\t\t\t\t\t\t\t<\/div>\n\t\t\t\t<\/div>\n\t\t\t\t\t<\/div>\n\t\t<\/div>\n\t\t\t\t<div class=\"elementor-column elementor-col-50 elementor-inner-column elementor-element elementor-element-7e12c9a\" data-id=\"7e12c9a\" data-element_type=\"column\">\n\t\t\t<div class=\"elementor-widget-wrap elementor-element-populated\">\n\t\t\t\t\t\t<div class=\"elementor-element elementor-element-2368cd6 elementor-widget elementor-widget-text-editor\" data-id=\"2368cd6\" data-element_type=\"widget\" data-widget_type=\"text-editor.default\">\n\t\t\t\t<div class=\"elementor-widget-container\">\n\t\t\t\t\t\t\t\t\t<p>CAPACIT\u00c9 : 50 (CHAISES), 80 (DEBOUT)<\/p><p>Suivez Jackson Caf\u00e9 sur <a href=\"https:\/\/www.instagram.com\/jacksoncafe.ott\/\" target=\"_blank\" rel=\"noopener\">Instagram<\/a>!<\/p>\t\t\t\t\t\t\t\t<\/div>\n\t\t\t\t<\/div>\n\t\t\t\t\t<\/div>\n\t\t<\/div>\n\t\t\t\t\t<\/div>\n\t\t<\/section>\n\t\t\t\t\t<\/div>\n\t\t<\/div>\n\t\t\t\t\t<\/div>\n\t\t<\/section>\n\t\t\t\t<\/div>\n\t\t","protected":false},"excerpt":{"rendered":"<p>Votre \u00e9v\u00e8nement \u00e0 la gao Pour nous joindre Jackson Caf\u00e9 CAPACIT\u00c9 : 50 (CHAISES), 80 (DEBOUT) Suivez Jackson Caf\u00e9 sur Instagram!<\/p>\n","protected":false},"author":13,"featured_media":0,"parent":15622,"menu_order":0,"comment_status":"closed","ping_status":"closed","template":"","meta":{"_acf_changed":false,"footnotes":""},"class_list":["post-20843","page","type-page","status-publish","hentry"],"acf":[],"aioseo_notices":[],"_links":{"self":[{"href":"https:\/\/oaggao.ca\/fr\/wp-json\/wp\/v2\/pages\/20843","targetHints":{"allow":["GET"]}}],"collection":[{"href":"https:\/\/oaggao.ca\/fr\/wp-json\/wp\/v2\/pages"}],"about":[{"href":"https:\/\/oaggao.ca\/fr\/wp-json\/wp\/v2\/types\/page"}],"author":[{"embeddable":true,"href":"https:\/\/oaggao.ca\/fr\/wp-json\/wp\/v2\/users\/13"}],"replies":[{"embeddable":true,"href":"https:\/\/oaggao.ca\/fr\/wp-json\/wp\/v2\/comments?post=20843"}],"version-history":[{"count":0,"href":"https:\/\/oaggao.ca\/fr\/wp-json\/wp\/v2\/pages\/20843\/revisions"}],"up":[{"embeddable":true,"href":"https:\/\/oaggao.ca\/fr\/wp-json\/wp\/v2\/pages\/15622"}],"wp:attachment":[{"href":"https:\/\/oaggao.ca\/fr\/wp-json\/wp\/v2\/media?parent=20843"}],"curies":[{"name":"wp","href":"https:\/\/api.w.org\/{rel}","templated":true}]}}