{"id":20845,"date":"2022-01-13T17:23:13","date_gmt":"2022-01-13T22:23:13","guid":{"rendered":"https:\/\/wwwoaggaoca.wpengine.com\/?page_id=20845"},"modified":"2024-09-19T10:37:03","modified_gmt":"2024-09-19T14:37:03","slug":"fournisseurs-de-services-et-partenaires","status":"publish","type":"page","link":"https:\/\/oaggao.ca\/fr\/location-de-salles\/fournisseurs-de-services-et-partenaires\/","title":{"rendered":"fournisseurs de services et partenaires"},"content":{"rendered":"\t\t<div data-elementor-type=\"wp-page\" data-elementor-id=\"20845\" class=\"elementor elementor-20845 elementor-12735\" data-elementor-post-type=\"page\">\n\t\t\t\t\t\t<section class=\"elementor-section elementor-top-section elementor-element elementor-element-dc5c030 elementor-section-height-min-height elementor-section-boxed elementor-section-height-default elementor-section-items-middle\" data-id=\"dc5c030\" data-element_type=\"section\" data-settings=\"{&quot;background_background&quot;:&quot;classic&quot;}\">\n\t\t\t\t\t\t\t<div class=\"elementor-background-overlay\"><\/div>\n\t\t\t\t\t\t\t<div class=\"elementor-container elementor-column-gap-default\">\n\t\t\t\t\t<div class=\"elementor-column elementor-col-100 elementor-top-column elementor-element elementor-element-36c29b0\" data-id=\"36c29b0\" data-element_type=\"column\">\n\t\t\t<div class=\"elementor-widget-wrap elementor-element-populated\">\n\t\t\t\t\t\t<div class=\"elementor-element elementor-element-d6a80e7 elementor-widget elementor-widget-heading\" data-id=\"d6a80e7\" data-element_type=\"widget\" data-widget_type=\"heading.default\">\n\t\t\t\t<div class=\"elementor-widget-container\">\n\t\t\t\t\t<h1 class=\"elementor-heading-title elementor-size-default\">fournisseurs de services et partenaires<\/h1>\t\t\t\t<\/div>\n\t\t\t\t<\/div>\n\t\t\t\t<div class=\"elementor-element elementor-element-25938ea elementor-align-center elementor-widget elementor-widget-button\" data-id=\"25938ea\" data-element_type=\"widget\" data-widget_type=\"button.default\">\n\t\t\t\t<div class=\"elementor-widget-container\">\n\t\t\t\t\t\t\t\t\t<div class=\"elementor-button-wrapper\">\n\t\t\t\t\t<a class=\"elementor-button elementor-button-link elementor-size-sm\" href=\"https:\/\/oaggao.ca\/fr\/location-de-salles\/requete-pour-un-evenement\/\">\n\t\t\t\t\t\t<span class=\"elementor-button-content-wrapper\">\n\t\t\t\t\t\t\t\t\t<span class=\"elementor-button-text\">Pour nous joindre<\/span>\n\t\t\t\t\t<\/span>\n\t\t\t\t\t<\/a>\n\t\t\t\t<\/div>\n\t\t\t\t\t\t\t\t<\/div>\n\t\t\t\t<\/div>\n\t\t\t\t\t<\/div>\n\t\t<\/div>\n\t\t\t\t\t<\/div>\n\t\t<\/section>\n\t\t\t\t<section class=\"elementor-section elementor-top-section elementor-element elementor-element-0d04572 elementor-section-boxed elementor-section-height-default elementor-section-height-default\" data-id=\"0d04572\" data-element_type=\"section\" data-settings=\"{&quot;background_background&quot;:&quot;classic&quot;}\">\n\t\t\t\t\t\t<div class=\"elementor-container elementor-column-gap-default\">\n\t\t\t\t\t<div class=\"elementor-column elementor-col-100 elementor-top-column elementor-element elementor-element-a88c666\" data-id=\"a88c666\" data-element_type=\"column\">\n\t\t\t<div class=\"elementor-widget-wrap elementor-element-populated\">\n\t\t\t\t\t\t<div class=\"elementor-element elementor-element-37a7567 elementor-nav-menu__align-center elementor-nav-menu--dropdown-tablet elementor-nav-menu__text-align-aside elementor-nav-menu--toggle elementor-nav-menu--burger elementor-widget elementor-widget-nav-menu\" data-id=\"37a7567\" data-element_type=\"widget\" data-settings=\"{&quot;layout&quot;:&quot;horizontal&quot;,&quot;submenu_icon&quot;:{&quot;value&quot;:&quot;&lt;i class=\\&quot;fas fa-caret-down\\&quot; aria-hidden=\\&quot;true\\&quot;&gt;&lt;\\\/i&gt;&quot;,&quot;library&quot;:&quot;fa-solid&quot;},&quot;toggle&quot;:&quot;burger&quot;}\" data-widget_type=\"nav-menu.default\">\n\t\t\t\t<div class=\"elementor-widget-container\">\n\t\t\t\t\t\t\t\t<nav aria-label=\"Menu\" class=\"elementor-nav-menu--main elementor-nav-menu__container elementor-nav-menu--layout-horizontal e--pointer-none\">\n\t\t\t\t<ul id=\"menu-1-37a7567\" class=\"elementor-nav-menu\"><li class=\"menu-item menu-item-type-post_type menu-item-object-page menu-item-41594\"><a href=\"https:\/\/oaggao.ca\/fr\/location-de-salles\/hall-alma-duncan\/\" class=\"elementor-item\">Hall Alma Duncan<\/a><\/li>\n<li class=\"menu-item menu-item-type-post_type menu-item-object-page menu-item-41595\"><a href=\"https:\/\/oaggao.ca\/fr\/location-de-salles\/salle-de-reunion\/\" class=\"elementor-item\">Salle de r\u00e9union<\/a><\/li>\n<li class=\"menu-item menu-item-type-post_type menu-item-object-page menu-item-41596\"><a href=\"https:\/\/oaggao.ca\/fr\/location-de-salles\/jackson-a-louer\/\" class=\"elementor-item\">Jackson Caf\u00e9<\/a><\/li>\n<li class=\"menu-item menu-item-type-post_type menu-item-object-page menu-item-41597\"><a href=\"https:\/\/oaggao.ca\/fr\/location-de-salles\/terrasses-et-salon-azur\/\" class=\"elementor-item\">Terrasses<\/a><\/li>\n<li class=\"menu-item menu-item-type-post_type menu-item-object-page menu-item-41598\"><a href=\"https:\/\/oaggao.ca\/fr\/location-de-salles\/fournisseurs-de-services-et-partenaires\/\" class=\"elementor-item\">fournisseurs de services et partenaires<\/a><\/li>\n<\/ul>\t\t\t<\/nav>\n\t\t\t\t\t<div class=\"elementor-menu-toggle\" role=\"button\" tabindex=\"0\" aria-label=\"Permuter le menu\" aria-expanded=\"false\">\n\t\t\t<i aria-hidden=\"true\" role=\"presentation\" class=\"elementor-menu-toggle__icon--open eicon-menu-bar\"><\/i><i aria-hidden=\"true\" role=\"presentation\" class=\"elementor-menu-toggle__icon--close eicon-close\"><\/i>\t\t<\/div>\n\t\t\t\t\t<nav class=\"elementor-nav-menu--dropdown elementor-nav-menu__container\" aria-hidden=\"true\">\n\t\t\t\t<ul id=\"menu-2-37a7567\" class=\"elementor-nav-menu\"><li class=\"menu-item menu-item-type-post_type menu-item-object-page menu-item-41594\"><a href=\"https:\/\/oaggao.ca\/fr\/location-de-salles\/hall-alma-duncan\/\" class=\"elementor-item\" tabindex=\"-1\">Hall Alma Duncan<\/a><\/li>\n<li class=\"menu-item menu-item-type-post_type menu-item-object-page menu-item-41595\"><a href=\"https:\/\/oaggao.ca\/fr\/location-de-salles\/salle-de-reunion\/\" class=\"elementor-item\" tabindex=\"-1\">Salle de r\u00e9union<\/a><\/li>\n<li class=\"menu-item menu-item-type-post_type menu-item-object-page menu-item-41596\"><a href=\"https:\/\/oaggao.ca\/fr\/location-de-salles\/jackson-a-louer\/\" class=\"elementor-item\" tabindex=\"-1\">Jackson Caf\u00e9<\/a><\/li>\n<li class=\"menu-item menu-item-type-post_type menu-item-object-page menu-item-41597\"><a href=\"https:\/\/oaggao.ca\/fr\/location-de-salles\/terrasses-et-salon-azur\/\" class=\"elementor-item\" tabindex=\"-1\">Terrasses<\/a><\/li>\n<li class=\"menu-item menu-item-type-post_type menu-item-object-page menu-item-41598\"><a href=\"https:\/\/oaggao.ca\/fr\/location-de-salles\/fournisseurs-de-services-et-partenaires\/\" class=\"elementor-item\" tabindex=\"-1\">fournisseurs de services et partenaires<\/a><\/li>\n<\/ul>\t\t\t<\/nav>\n\t\t\t\t\t\t<\/div>\n\t\t\t\t<\/div>\n\t\t\t\t\t<\/div>\n\t\t<\/div>\n\t\t\t\t\t<\/div>\n\t\t<\/section>\n\t\t\t\t<section class=\"elementor-section elementor-top-section elementor-element elementor-element-8f8b871 elementor-section-boxed elementor-section-height-default elementor-section-height-default\" data-id=\"8f8b871\" data-element_type=\"section\">\n\t\t\t\t\t\t<div class=\"elementor-container elementor-column-gap-default\">\n\t\t\t\t\t<div class=\"elementor-column elementor-col-100 elementor-top-column elementor-element elementor-element-ee8bf70\" data-id=\"ee8bf70\" data-element_type=\"column\">\n\t\t\t<div class=\"elementor-widget-wrap elementor-element-populated\">\n\t\t\t\t\t\t<div class=\"elementor-element elementor-element-394e5be elementor-widget elementor-widget-spacer\" data-id=\"394e5be\" data-element_type=\"widget\" data-widget_type=\"spacer.default\">\n\t\t\t\t<div class=\"elementor-widget-container\">\n\t\t\t\t\t\t\t<div class=\"elementor-spacer\">\n\t\t\t<div class=\"elementor-spacer-inner\"><\/div>\n\t\t<\/div>\n\t\t\t\t\t\t<\/div>\n\t\t\t\t<\/div>\n\t\t\t\t<div class=\"elementor-element elementor-element-2f6beb3 elementor-widget elementor-widget-heading\" data-id=\"2f6beb3\" data-element_type=\"widget\" data-widget_type=\"heading.default\">\n\t\t\t\t<div class=\"elementor-widget-container\">\n\t\t\t\t\t<h2 class=\"elementor-heading-title elementor-size-default\"> fournisseurs de services<\/h2>\t\t\t\t<\/div>\n\t\t\t\t<\/div>\n\t\t\t\t<div class=\"elementor-element elementor-element-0f3509c elementor-widget elementor-widget-spacer\" data-id=\"0f3509c\" data-element_type=\"widget\" data-widget_type=\"spacer.default\">\n\t\t\t\t<div class=\"elementor-widget-container\">\n\t\t\t\t\t\t\t<div class=\"elementor-spacer\">\n\t\t\t<div class=\"elementor-spacer-inner\"><\/div>\n\t\t<\/div>\n\t\t\t\t\t\t<\/div>\n\t\t\t\t<\/div>\n\t\t\t\t<div class=\"elementor-element elementor-element-4404530 elementor-widget elementor-widget-text-editor\" data-id=\"4404530\" data-element_type=\"widget\" data-widget_type=\"text-editor.default\">\n\t\t\t\t<div class=\"elementor-widget-container\">\n\t\t\t\t\t\t\t\t\t<p>AUDIOVISUEL (AV)<\/p><p><a href=\"https:\/\/www.capitalprojection.com\/\" target=\"_blank\" rel=\"noopener\">Capital Projections<\/a>\u00a0s\u2019occupe de tout l\u2019\u00e9quipement audiovisuel du Hall Alma Duncan. Ceci comprend l\u2019\u00e9cran de plus de dix m\u00e8tres (35 pieds), le projecteur, un microphone et un lutrin, ainsi que l\u2019appui technique, pour un minimum de 4 heures. Tous besoins audiovisuels additionnels incluant l\u2019\u00e9clairage, l\u2019installation, l\u2019\u00e9quipement pour l\u2019interpr\u00e9tation, les \u00e9crans de t\u00e9l\u00e9vision et autres \u00e9quipements sonores pour nos espaces sont assur\u00e9s par les fournisseurs pr\u00e9f\u00e9rentiels de la GAO. Un devis tenant compte de vos besoins particuliers vous sera pr\u00e9sent\u00e9.<\/p><p>H\u00c9BERGEMENT<\/p><p><a href=\"https:\/\/www.germainhotels.com\/en\/le-germain-hotel\/ottawa\" target=\"_blank\" rel=\"noopener\">L&rsquo;H\u00f4tel Le Germain,<\/a> le seul h\u00f4tel boutique de luxe d\u2019Ottawa, est le partenaire h\u00f4telier exclusif de la GAO. L\u2019h\u00f4tel au design audacieux est directement rattach\u00e9 \u00e0 la Galerie. Son service \u00e0 la client\u00e8le exceptionnel, son confort de classe mondiale et son petit-d\u00e9jeuner continental de luxe gratuit impressionneront.<\/p>\t\t\t\t\t\t\t\t<\/div>\n\t\t\t\t<\/div>\n\t\t\t\t\t<\/div>\n\t\t<\/div>\n\t\t\t\t\t<\/div>\n\t\t<\/section>\n\t\t\t\t<section class=\"elementor-section elementor-top-section elementor-element elementor-element-84dc1ba elementor-section-boxed elementor-section-height-default elementor-section-height-default\" data-id=\"84dc1ba\" data-element_type=\"section\">\n\t\t\t\t\t\t<div class=\"elementor-container elementor-column-gap-default\">\n\t\t\t\t\t<div class=\"elementor-column elementor-col-100 elementor-top-column elementor-element elementor-element-5c04209\" data-id=\"5c04209\" data-element_type=\"column\">\n\t\t\t<div class=\"elementor-widget-wrap elementor-element-populated\">\n\t\t\t\t\t\t<div class=\"elementor-element elementor-element-90f6f19 elementor-widget elementor-widget-heading\" data-id=\"90f6f19\" data-element_type=\"widget\" data-widget_type=\"heading.default\">\n\t\t\t\t<div class=\"elementor-widget-container\">\n\t\t\t\t\t<h2 class=\"elementor-heading-title elementor-size-default\">partenaires<\/h2>\t\t\t\t<\/div>\n\t\t\t\t<\/div>\n\t\t\t\t\t<\/div>\n\t\t<\/div>\n\t\t\t\t\t<\/div>\n\t\t<\/section>\n\t\t\t\t<section class=\"elementor-section elementor-top-section elementor-element elementor-element-496965b elementor-section-boxed elementor-section-height-default elementor-section-height-default\" data-id=\"496965b\" data-element_type=\"section\">\n\t\t\t\t\t\t<div class=\"elementor-container elementor-column-gap-default\">\n\t\t\t\t\t<div class=\"elementor-column elementor-col-50 elementor-top-column elementor-element elementor-element-77735f2\" data-id=\"77735f2\" data-element_type=\"column\">\n\t\t\t<div class=\"elementor-widget-wrap elementor-element-populated\">\n\t\t\t\t\t\t<div class=\"elementor-element elementor-element-46e543a elementor-widget elementor-widget-text-editor\" data-id=\"46e543a\" data-element_type=\"widget\" data-widget_type=\"text-editor.default\">\n\t\t\t\t<div class=\"elementor-widget-container\">\n\t\t\t\t\t\t\t\t\t<h4>Planification de mariages et d&rsquo;\u00e9v\u00e9nements : <a class=\"waffle-rich-text-link\" href=\"https:\/\/www.toastevents.ca\/\">Toast Events<\/a><\/h4><h4>Divertissement : <a class=\"waffle-rich-text-link\" href=\"https:\/\/www.mdrnphotoboothcompany.com\/\">Modern Photobooth<\/a><\/h4><h4>D\u00e9cor et fleurs :\u00a0 <a class=\"waffle-rich-text-link\" href=\"https:\/\/www.wearepollennation.com\/\">Pollen Nation\u00a0 | <\/a><a class=\"waffle-rich-text-link\" href=\"https:\/\/sagedesigns.ca\/\">Sage Florals + Design<\/a><\/h4><h4>Location :\u00a0 <a class=\"waffle-rich-text-link\" href=\"https:\/\/loulourentals.com\/\">Lou Lou Lounge <\/a><\/h4><h4>Prestataires audiovisuels :\u00a0 <a class=\"waffle-rich-text-link\" href=\"https:\/\/baldwinav.com\/\">Baldwin<\/a> |\u00a0<a class=\"waffle-rich-text-link\" href=\"https:\/\/www.capitalprojection.com\/\">Capital Projections<\/a> |\u00a0<a class=\"waffle-rich-text-link\" href=\"http:\/\/intelaudiovisual.com\/\">Intelligent AV<\/a> |<a class=\"waffle-rich-text-link\" href=\"https:\/\/www.freeman.com\/\">\u00a0<\/a><br \/><a class=\"waffle-rich-text-link\" style=\"background-color: #ffffff;\" href=\"https:\/\/www.freeman.com\/\">Freeman AV<\/a><\/h4><h4>Autre service : <a class=\"waffle-rich-text-link\" href=\"https:\/\/northernvalet.com\/\">Northern Valet by Indigo<\/a><\/h4>\t\t\t\t\t\t\t\t<\/div>\n\t\t\t\t<\/div>\n\t\t\t\t\t<\/div>\n\t\t<\/div>\n\t\t\t\t<div class=\"elementor-column elementor-col-50 elementor-top-column elementor-element elementor-element-e4448c7\" data-id=\"e4448c7\" data-element_type=\"column\">\n\t\t\t<div class=\"elementor-widget-wrap elementor-element-populated\">\n\t\t\t\t\t\t<div class=\"elementor-element elementor-element-b023069 elementor--h-position-center elementor--v-position-middle elementor-arrows-position-inside elementor-pagination-position-inside elementor-widget elementor-widget-slides\" data-id=\"b023069\" data-element_type=\"widget\" data-settings=\"{&quot;navigation&quot;:&quot;both&quot;,&quot;autoplay&quot;:&quot;yes&quot;,&quot;pause_on_hover&quot;:&quot;yes&quot;,&quot;pause_on_interaction&quot;:&quot;yes&quot;,&quot;autoplay_speed&quot;:5000,&quot;infinite&quot;:&quot;yes&quot;,&quot;transition&quot;:&quot;slide&quot;,&quot;transition_speed&quot;:500}\" data-widget_type=\"slides.default\">\n\t\t\t\t<div class=\"elementor-widget-container\">\n\t\t\t\t\t\t\t\t\t<div class=\"elementor-swiper\">\n\t\t\t\t\t<div class=\"elementor-slides-wrapper elementor-main-swiper swiper\" role=\"region\" aria-roledescription=\"carousel\" aria-label=\"Diapositives\" dir=\"ltr\" data-animation=\"fadeInUp\">\n\t\t\t\t<div class=\"swiper-wrapper elementor-slides\">\n\t\t\t\t\t\t\t\t\t\t<div class=\"elementor-repeater-item-fb36859 swiper-slide\" role=\"group\" aria-roledescription=\"slide\"><div class=\"swiper-slide-bg\" role=\"img\" aria-label=\"Toast_Logo_full_medium\"><\/div><div class=\"swiper-slide-inner\" ><div class=\"swiper-slide-contents\"><\/div><\/div><\/div><div class=\"elementor-repeater-item-4f61d60 swiper-slide\" role=\"group\" aria-roledescription=\"slide\"><div class=\"swiper-slide-bg\" role=\"img\" aria-label=\"BLACK MDRN Photobooth Co. Logo - cropped\"><\/div><div class=\"swiper-slide-inner\" ><div class=\"swiper-slide-contents\"><\/div><\/div><\/div><div class=\"elementor-repeater-item-6fc9682 swiper-slide\" role=\"group\" aria-roledescription=\"slide\"><div class=\"swiper-slide-bg\" role=\"img\" aria-label=\"Pollennation Logo\"><\/div><div class=\"swiper-slide-inner\" ><div class=\"swiper-slide-contents\"><\/div><\/div><\/div><div class=\"elementor-repeater-item-35bd27c swiper-slide\" role=\"group\" aria-roledescription=\"slide\"><div class=\"swiper-slide-bg\" role=\"img\" aria-label=\"Sage_Logo_Horizontal_Colour\"><\/div><div class=\"swiper-slide-inner\" ><div class=\"swiper-slide-contents\"><\/div><\/div><\/div><div class=\"elementor-repeater-item-b7a9463 swiper-slide\" role=\"group\" aria-roledescription=\"slide\"><div class=\"swiper-slide-bg\" role=\"img\" aria-label=\"Lou Lou Lounge Logo\"><\/div><div class=\"swiper-slide-inner\" ><div class=\"swiper-slide-contents\"><\/div><\/div><\/div><div class=\"elementor-repeater-item-f93590f swiper-slide\" role=\"group\" aria-roledescription=\"slide\"><div class=\"swiper-slide-bg\" role=\"img\" aria-label=\"baldwin_logo_ltbg\"><\/div><div class=\"swiper-slide-inner\" ><div class=\"swiper-slide-contents\"><\/div><\/div><\/div><div class=\"elementor-repeater-item-3f3a7d5 swiper-slide\" role=\"group\" aria-roledescription=\"slide\"><div class=\"swiper-slide-bg\" role=\"img\" aria-label=\"Valet by Indigo\"><\/div><div class=\"swiper-slide-inner\" ><div class=\"swiper-slide-contents\"><\/div><\/div><\/div>\t\t\t\t<\/div>\n\t\t\t\t\t\t\t\t\t\t\t\t\t\t\t<div class=\"elementor-swiper-button elementor-swiper-button-prev\" role=\"button\" tabindex=\"0\" aria-label=\"Diapositive pr\u00e9c\u00e9dente\">\n\t\t\t\t\t\t\t<i aria-hidden=\"true\" class=\"eicon-chevron-left\"><\/i>\t\t\t\t\t\t<\/div>\n\t\t\t\t\t\t<div class=\"elementor-swiper-button elementor-swiper-button-next\" role=\"button\" tabindex=\"0\" aria-label=\"Diapositive suivante\">\n\t\t\t\t\t\t\t<i aria-hidden=\"true\" class=\"eicon-chevron-right\"><\/i>\t\t\t\t\t\t<\/div>\n\t\t\t\t\t\t\t\t\t\t\t\t\t\t\t\t<div class=\"swiper-pagination\"><\/div>\n\t\t\t\t\t\t\t\t\t\t\t\t<\/div>\n\t\t\t\t<\/div>\n\t\t\t\t\t\t\t\t<\/div>\n\t\t\t\t<\/div>\n\t\t\t\t\t<\/div>\n\t\t<\/div>\n\t\t\t\t\t<\/div>\n\t\t<\/section>\n\t\t\t\t<\/div>\n\t\t","protected":false},"excerpt":{"rendered":"<p>fournisseurs de services et partenaires Pour nous joindre fournisseurs de services AUDIOVISUEL (AV) Capital Projections\u00a0s\u2019occupe de tout l\u2019\u00e9quipement audiovisuel du Hall Alma Duncan. Ceci comprend l\u2019\u00e9cran de plus de dix [&hellip;]<\/p>\n","protected":false},"author":13,"featured_media":0,"parent":15622,"menu_order":0,"comment_status":"closed","ping_status":"closed","template":"","meta":{"_acf_changed":false,"footnotes":""},"class_list":["post-20845","page","type-page","status-publish","hentry"],"acf":[],"aioseo_notices":[],"_links":{"self":[{"href":"https:\/\/oaggao.ca\/fr\/wp-json\/wp\/v2\/pages\/20845","targetHints":{"allow":["GET"]}}],"collection":[{"href":"https:\/\/oaggao.ca\/fr\/wp-json\/wp\/v2\/pages"}],"about":[{"href":"https:\/\/oaggao.ca\/fr\/wp-json\/wp\/v2\/types\/page"}],"author":[{"embeddable":true,"href":"https:\/\/oaggao.ca\/fr\/wp-json\/wp\/v2\/users\/13"}],"replies":[{"embeddable":true,"href":"https:\/\/oaggao.ca\/fr\/wp-json\/wp\/v2\/comments?post=20845"}],"version-history":[{"count":0,"href":"https:\/\/oaggao.ca\/fr\/wp-json\/wp\/v2\/pages\/20845\/revisions"}],"up":[{"embeddable":true,"href":"https:\/\/oaggao.ca\/fr\/wp-json\/wp\/v2\/pages\/15622"}],"wp:attachment":[{"href":"https:\/\/oaggao.ca\/fr\/wp-json\/wp\/v2\/media?parent=20845"}],"curies":[{"name":"wp","href":"https:\/\/api.w.org\/{rel}","templated":true}]}}