{"id":21153,"date":"2022-02-01T13:58:50","date_gmt":"2022-02-01T18:58:50","guid":{"rendered":"https:\/\/oaggao.ca\/?page_id=21153"},"modified":"2022-02-01T15:30:50","modified_gmt":"2022-02-01T20:30:50","slug":"personne-conseil-art-et-bien-etre","status":"publish","type":"page","link":"https:\/\/oaggao.ca\/fr\/a-propos\/carrieres-et-opportunites\/personne-conseil-art-et-bien-etre\/","title":{"rendered":"Personne conseil, art et bien-\u00eatre"},"content":{"rendered":"\t\t<div data-elementor-type=\"wp-page\" data-elementor-id=\"21153\" class=\"elementor elementor-21153\" data-elementor-post-type=\"page\">\n\t\t\t\t\t\t<section class=\"elementor-section elementor-top-section elementor-element elementor-element-053cc3a elementor-section-boxed elementor-section-height-default elementor-section-height-default\" data-id=\"053cc3a\" data-element_type=\"section\">\n\t\t\t\t\t\t<div class=\"elementor-container elementor-column-gap-default\">\n\t\t\t\t\t<div class=\"elementor-column elementor-col-100 elementor-top-column elementor-element elementor-element-06e0001\" data-id=\"06e0001\" data-element_type=\"column\">\n\t\t\t<div class=\"elementor-widget-wrap elementor-element-populated\">\n\t\t\t\t\t\t<div class=\"elementor-element elementor-element-c50eaa1 elementor-widget elementor-widget-spacer\" data-id=\"c50eaa1\" data-element_type=\"widget\" data-widget_type=\"spacer.default\">\n\t\t\t\t<div class=\"elementor-widget-container\">\n\t\t\t\t\t\t\t<div class=\"elementor-spacer\">\n\t\t\t<div class=\"elementor-spacer-inner\"><\/div>\n\t\t<\/div>\n\t\t\t\t\t\t<\/div>\n\t\t\t\t<\/div>\n\t\t\t\t<div class=\"elementor-element elementor-element-ed2e5f2 elementor-widget elementor-widget-heading\" data-id=\"ed2e5f2\" data-element_type=\"widget\" data-widget_type=\"heading.default\">\n\t\t\t\t<div class=\"elementor-widget-container\">\n\t\t\t\t\t<h2 class=\"elementor-heading-title elementor-size-default\">Personne conseil, art et bien-\u00eatre<\/h2>\t\t\t\t<\/div>\n\t\t\t\t<\/div>\n\t\t\t\t<div class=\"elementor-element elementor-element-1086b44 elementor-widget elementor-widget-spacer\" data-id=\"1086b44\" data-element_type=\"widget\" data-widget_type=\"spacer.default\">\n\t\t\t\t<div class=\"elementor-widget-container\">\n\t\t\t\t\t\t\t<div class=\"elementor-spacer\">\n\t\t\t<div class=\"elementor-spacer-inner\"><\/div>\n\t\t<\/div>\n\t\t\t\t\t\t<\/div>\n\t\t\t\t<\/div>\n\t\t\t\t<div class=\"elementor-element elementor-element-14af2b1 elementor-widget elementor-widget-text-editor\" data-id=\"14af2b1\" data-element_type=\"widget\" data-widget_type=\"text-editor.default\">\n\t\t\t\t<div class=\"elementor-widget-container\">\n\t\t\t\t\t\t\t\t\t<p><strong>Date butoir pour la demande\u00a0: <\/strong>14\u00a0f\u00e9vrier 2022<\/p><p><strong>Dur\u00e9e du contrat\u00a0: <\/strong>Du 7\u00a0mars au 29\u00a0mai 2022 (12 semaines)<\/p><p><strong>Description de l\u2019organisation\u00a0:<\/strong><strong>\u00a0<\/strong><\/p><p><strong>La Galerie d\u2019art d\u2019Ottawa (GAO)<\/strong>\u00a0est un endroit o\u00f9 les personnes curieuses peuvent explorer, appuyer et conna\u00eetre le riche patrimoine artistique d\u2019Ottawa, de ses environs et de Gatineau \u2014 un centre pour des conversations et des connexions cr\u00e9atives. La GAO repr\u00e9sente une \u00e9tape importante dans l\u2019\u00e9volution d\u2019Ottawa et de sa sc\u00e8ne artistique. Le mandat de la GAO est d\u2019\u00eatre l\u2019\u00e9tablissement d\u2019arts visuels le plus dynamique d\u2019Ottawa. En tant que leader dans la communaut\u00e9 artistique, nous pr\u00e9sentons de nouvelles id\u00e9es et sommes un lieu de rassemblement culturel qui promeut avec force les rapports et les \u00e9changes entre les artistes et les nombreuses facettes vari\u00e9es de notre communaut\u00e9. Nous explorons et t\u00e9moignons de la diversit\u00e9 et du changement social par l\u2019entremise d\u2019une gamme de pratiques artistiques visuelles. Nous op\u00e9rons dans un contexte national et international, et nous nous centrons sur la r\u00e9gion sans nous fermer sur le monde.<\/p><p><strong>Description du poste\u00a0:<\/strong><\/p><p>La Galerie d\u2019art d\u2019Ottawa (GAO) recherche une personne tr\u00e8s motiv\u00e9e avec un int\u00e9r\u00eat prononc\u00e9 pour l\u2019\u00e9ducation mus\u00e9ale, les programmes de bien-\u00eatre et l\u2019art-th\u00e9rapie. Cette personne se joindra \u00e0 l\u2019\u00e9quipe de l\u2019\u00e9ducation et de l\u2019engagement du public (\u00c9EP) de la GAO \u00e0 titre de personne conseil, art et bien-\u00eatre.<\/p><p>La personne\u00a0conseil, art et bien-\u00eatre, rel\u00e8vera de la gestion de l\u2019\u00c9EP pour r\u00e9aliser un audit de la programmation en art et bien-\u00eatre de la galerie ainsi qu\u2019une analyse environnementale de l\u2019\u00e9cologie artistique \u00e0 Ottawa afin de d\u00e9terminer la marche \u00e0 suivre pour faire cro\u00eetre un nombre grandissant de nos initiatives. La programmation en art et en bien-\u00eatre de la GAO s\u2019est accrue au cours des derni\u00e8res ann\u00e9es, et l\u2019arriv\u00e9e de la pand\u00e9mie n\u2019a qu\u2019accentu\u00e9 la n\u00e9cessit\u00e9 de telles activit\u00e9s.<\/p><p>La personne\u00a0conseil examinera notre offre, tant actuelle que propos\u00e9e, en art et bien-\u00eatre afin de veiller \u00e0 ce qu\u2019elle corresponde aux pratiques d\u2019excellence dans le domaine. Cela comprend revoir le curriculum de notre programmation en art et bien-\u00eatre et proposer des am\u00e9liorations, ainsi que peaufiner nos m\u00e9thodes de formation et nos processus d\u2019\u00e9valuation, en particulier en ce qui concerne la prestation de programmes en ligne pour la client\u00e8le neuro-diverse. Une analyse environnementale permettra aussi \u00e0 la personne\u00a0conseil d\u2019identifier les lacunes et les chevauchements en programmes d\u2019art et de bien-\u00eatre dans la r\u00e9gion d\u2019Ottawa-Gatineau afin de proposer \u00e0 la GAO des moyens de parfaire et de consolider sa place en sein de ce milieu. La personne\u00a0conseil formulera aussi des recommandations pour des aides en sant\u00e9 et bien-\u00eatre psychologiques et physiques pour le personnel de la GAO qui met en \u0153uvre la programmation en art et bien-\u00eatre. La personne\u00a0conseil sugg\u00e9rera aussi de nouvelles approches de travail avec nos organismes partenaires dans la prestation de ces programmes afin de r\u00e9pondre aux besoins de notre communaut\u00e9. Les conclusions de la personne\u00a0conseil seront pr\u00e9sent\u00e9es dans un rapport produit \u00e0 la fin du contrat.<\/p><p><strong>Qualifications n\u00e9cessaires pour ce poste\u00a0:<\/strong><\/p><ul><li>Une maitrise en pratiques artistiques communautaires, en art-th\u00e9rapie, en \u00e9ducation ou en counseling, ou un domaine connexe avec un accent sur l\u2019art-th\u00e9rapie, ou une combinaison d\u2019\u00e9tudes et d\u2019exp\u00e9rience pertinente\u2009;<\/li><li>Une exp\u00e9rience pratique de travail dans un mus\u00e9e public ou un \u00e9tablissement culturel est pr\u00e9f\u00e9rable\u2009;<\/li><li>De trois \u00e0 quatre ans d\u2019exp\u00e9rience dans une fonction professionnelle ou dans un domaine connexe\u2009;<\/li><li>Une excellente connaissance de la sant\u00e9 mentale (chez les jeunes et les adultes) et de solides comp\u00e9tences en mati\u00e8re de counseling\u2009;<\/li><li>Une connaissance et une compr\u00e9hension solides du r\u00f4le que l\u2019art peut jouer dans les traitements de sant\u00e9\u2009;<\/li><li>Une exp\u00e9rience en planification strat\u00e9gique\u2009;<\/li><li>Des comp\u00e9tences av\u00e9r\u00e9es en mati\u00e8re de recherche et d\u2019analyse, la capacit\u00e9 d\u2019analyser des donn\u00e9es qualitatives et quantitatives, d\u2019identifier des tendances et de soutenir des recommandations\u2009;<\/li><li>Des comp\u00e9tences av\u00e9r\u00e9es en mati\u00e8re de recherche, d\u2019\u00e9valuation et de r\u00e9daction de rapports\u2009;<\/li><li>Des comp\u00e9tences en communication \u00e9crite, verbale et de pr\u00e9sentation ainsi que la capacit\u00e9 \u00e0 communiquer efficacement des d\u00e9fis techniques et des solutions\u2009;<\/li><li>Le bilinguisme en anglais et en fran\u00e7ais est un atout\u2009;<\/li><li>Maitrise des produits MS Office, notamment Word, Excel, etc.<\/li><\/ul><p><strong>\u00a0<\/strong><\/p><p><strong>CONDITIONS SALARIALES\u00a0: <\/strong>35\u00a0heures par semaine pendant 12\u00a0semaines.<\/p><p>35\u00a0$ de l\u2019heure. Les d\u00e9placements entre la GAO et des lieux hors site seront couverts par la GAO, conform\u00e9ment \u00e0 notre politique.<\/p><p><strong>\u00c9quit\u00e9\u00a0:<\/strong><\/p><p>La Galerie d\u2019art d\u2019Ottawa s\u2019engage \u00e0 pratiquer activement l\u2019\u00e9quit\u00e9 dans tous les aspects de son organisation et reconnait que des in\u00e9galit\u00e9s structurelles cr\u00e9ent des barri\u00e8res importantes \u00e0 l\u2019\u00e9galit\u00e9 des chances en mati\u00e8re d\u2019emploi. Nous encourageons vivement les communaut\u00e9s en qu\u00eate d\u2019\u00e9quit\u00e9, les personnes qui s\u2019identifient comme autochtones, noires, de couleur, handicap\u00e9es et 2ELGBTQ+ ou les gens qui connaissent des intersectionnalit\u00e9s \u00e0 poser leur candidature.<\/p><p><strong>Accessibilit\u00e9\u00a0:<\/strong><\/p><p>La GAO soutient pleinement l\u2019int\u00e9gration des personnes handicap\u00e9es dans toutes ses activit\u00e9s. Conform\u00e9ment aux exigences de la Loi de 2005 sur l\u2019accessibilit\u00e9 pour les personnes handicap\u00e9es de l\u2019Ontario (LAPHO) et du Code des droits de la personne de l\u2019Ontario, la GAO s\u2019efforce de mener ses activit\u00e9s d\u2019une mani\u00e8re accessible, inclusive et adapt\u00e9e aux besoins des personnes handicap\u00e9es.<\/p><p>La GAO s\u2019engage \u00e0 faire en sorte que toutes les possibilit\u00e9s soient pleinement accessibles aux personnes qui postulent et aux membres du personnel avec un handicap.<\/p><p>N\u2019h\u00e9sitez pas \u00e0 communiquer avec Emma Campbell (ecampbell<a href=\"mailto:zmacneil@oaggao.ca\">@oaggao.ca<\/a>) pour obtenir des mesures d\u2019adaptation pendant le processus de dotation.<\/p><p><strong>COVID-19\u00a0:<\/strong><\/p><p>En raison de la pand\u00e9mie de COVID-19 en cours, sachez que toutes les mesures de protection personnelle seront prises afin que les entretiens d\u2019embauche soient r\u00e9alis\u00e9s en toute s\u00e9curit\u00e9. La GAO travaillera avec les personnes qui postulent pour d\u00e9terminer la mani\u00e8re la plus s\u00fbre et la plus efficace de mener chaque entretien, y compris les options comme en personne (avec masques et distanciation physique) ou par Zoom. Veuillez consulter les pr\u00e9cautions que la GAO a mises en place pour visiter le b\u00e2timent \u00e0 l\u2019heure actuelle\u00a0: <a href=\"https:\/\/oaggao.ca\/fr\/r%C3%A9ouverture-gao\">https:\/\/oaggao.ca\/fr\/r\u00e9ouverture-gao<\/a>.<\/p><p>Les personnes s\u00e9lectionn\u00e9es seront invit\u00e9es \u00e0 un entretien avec le gestionnaire en \u00e9ducation et en engagement du public. Toutes les personnes interview\u00e9es seront inform\u00e9es de la d\u00e9cision finale.<\/p><p>Veuillez noter qu\u2019une v\u00e9rification de dossier de police valide et \u00e0 jour du Service de police d\u2019Ottawa est requise pour occuper ce poste.<\/p><p><strong>Pour soumettre votre candidature, veuillez envoyer une lettre de pr\u00e9sentation et votre curriculum vit\u00e6 \u00e0\u00a0:<\/strong><\/p><p>Michael Davidge, gestionnaire en \u00e9ducation et en engagement du public, \u00e0\u00a0<a href=\"mailto:emploi@oaggao.ca\">emploi@oaggao.ca<\/a>. Pri\u00e8re de mentionner le poste pour lequel vous postulez dans l\u2019objet du courriel.<\/p><p>Nous remercions \u00e0 l\u2019avance toutes les personnes int\u00e9ress\u00e9es. Veuillez noter que nous communiquerons seulement avec les personnes retenues pour une entrevue.<\/p><p>Pour plus d\u2019information\u00a0: <a href=\"http:\/\/www.oaggao.ca\/\">www.oaggao.ca<\/a><\/p>\t\t\t\t\t\t\t\t<\/div>\n\t\t\t\t<\/div>\n\t\t\t\t<div class=\"elementor-element elementor-element-1619ff7 elementor-widget elementor-widget-spacer\" data-id=\"1619ff7\" data-element_type=\"widget\" data-widget_type=\"spacer.default\">\n\t\t\t\t<div class=\"elementor-widget-container\">\n\t\t\t\t\t\t\t<div class=\"elementor-spacer\">\n\t\t\t<div class=\"elementor-spacer-inner\"><\/div>\n\t\t<\/div>\n\t\t\t\t\t\t<\/div>\n\t\t\t\t<\/div>\n\t\t\t\t\t<\/div>\n\t\t<\/div>\n\t\t\t\t\t<\/div>\n\t\t<\/section>\n\t\t\t\t<\/div>\n\t\t","protected":false},"excerpt":{"rendered":"<p>Personne conseil, art et bien-\u00eatre Date butoir pour la demande\u00a0: 14\u00a0f\u00e9vrier 2022 Dur\u00e9e du contrat\u00a0: Du 7\u00a0mars au 29\u00a0mai 2022 (12 semaines) Description de l\u2019organisation\u00a0:\u00a0 La Galerie d\u2019art d\u2019Ottawa (GAO)\u00a0est [&hellip;]<\/p>\n","protected":false},"author":13,"featured_media":0,"parent":20201,"menu_order":0,"comment_status":"closed","ping_status":"closed","template":"","meta":{"_acf_changed":false,"footnotes":""},"class_list":["post-21153","page","type-page","status-publish","hentry"],"acf":[],"aioseo_notices":[],"_links":{"self":[{"href":"https:\/\/oaggao.ca\/fr\/wp-json\/wp\/v2\/pages\/21153","targetHints":{"allow":["GET"]}}],"collection":[{"href":"https:\/\/oaggao.ca\/fr\/wp-json\/wp\/v2\/pages"}],"about":[{"href":"https:\/\/oaggao.ca\/fr\/wp-json\/wp\/v2\/types\/page"}],"author":[{"embeddable":true,"href":"https:\/\/oaggao.ca\/fr\/wp-json\/wp\/v2\/users\/13"}],"replies":[{"embeddable":true,"href":"https:\/\/oaggao.ca\/fr\/wp-json\/wp\/v2\/comments?post=21153"}],"version-history":[{"count":0,"href":"https:\/\/oaggao.ca\/fr\/wp-json\/wp\/v2\/pages\/21153\/revisions"}],"up":[{"embeddable":true,"href":"https:\/\/oaggao.ca\/fr\/wp-json\/wp\/v2\/pages\/20201"}],"wp:attachment":[{"href":"https:\/\/oaggao.ca\/fr\/wp-json\/wp\/v2\/media?parent=21153"}],"curies":[{"name":"wp","href":"https:\/\/api.w.org\/{rel}","templated":true}]}}