{"id":22735,"date":"2022-03-08T20:14:03","date_gmt":"2022-03-09T01:14:03","guid":{"rendered":"https:\/\/oaggao.ca\/?page_id=22735"},"modified":"2022-03-08T20:19:35","modified_gmt":"2022-03-09T01:19:35","slug":"aide-developpement-et-evenements","status":"publish","type":"page","link":"https:\/\/oaggao.ca\/fr\/a-propos\/carrieres-et-opportunites\/aide-developpement-et-evenements\/","title":{"rendered":"Aide, d\u00e9veloppement et \u00e9v\u00e8nements"},"content":{"rendered":"\t\t<div data-elementor-type=\"wp-page\" data-elementor-id=\"22735\" class=\"elementor elementor-22735\" data-elementor-post-type=\"page\">\n\t\t\t\t\t\t<section class=\"elementor-section elementor-top-section elementor-element elementor-element-3c11a26 elementor-section-boxed elementor-section-height-default elementor-section-height-default\" data-id=\"3c11a26\" data-element_type=\"section\">\n\t\t\t\t\t\t<div class=\"elementor-container elementor-column-gap-default\">\n\t\t\t\t\t<div class=\"elementor-column elementor-col-100 elementor-top-column elementor-element elementor-element-ea2afe6\" data-id=\"ea2afe6\" data-element_type=\"column\">\n\t\t\t<div class=\"elementor-widget-wrap elementor-element-populated\">\n\t\t\t\t\t\t<div class=\"elementor-element elementor-element-ee1cc3d elementor-widget elementor-widget-spacer\" data-id=\"ee1cc3d\" data-element_type=\"widget\" data-widget_type=\"spacer.default\">\n\t\t\t\t<div class=\"elementor-widget-container\">\n\t\t\t\t\t\t\t<div class=\"elementor-spacer\">\n\t\t\t<div class=\"elementor-spacer-inner\"><\/div>\n\t\t<\/div>\n\t\t\t\t\t\t<\/div>\n\t\t\t\t<\/div>\n\t\t\t\t<div class=\"elementor-element elementor-element-be2cd2c elementor-widget elementor-widget-heading\" data-id=\"be2cd2c\" data-element_type=\"widget\" data-widget_type=\"heading.default\">\n\t\t\t\t<div class=\"elementor-widget-container\">\n\t\t\t\t\t<h2 class=\"elementor-heading-title elementor-size-default\">Aide, d\u00e9veloppement et \u00e9v\u00e8nements <\/h2>\t\t\t\t<\/div>\n\t\t\t\t<\/div>\n\t\t\t\t<div class=\"elementor-element elementor-element-ea6dce8 elementor-widget elementor-widget-spacer\" data-id=\"ea6dce8\" data-element_type=\"widget\" data-widget_type=\"spacer.default\">\n\t\t\t\t<div class=\"elementor-widget-container\">\n\t\t\t\t\t\t\t<div class=\"elementor-spacer\">\n\t\t\t<div class=\"elementor-spacer-inner\"><\/div>\n\t\t<\/div>\n\t\t\t\t\t\t<\/div>\n\t\t\t\t<\/div>\n\t\t\t\t<div class=\"elementor-element elementor-element-18cd1c9 elementor-widget elementor-widget-text-editor\" data-id=\"18cd1c9\" data-element_type=\"widget\" data-widget_type=\"text-editor.default\">\n\t\t\t\t<div class=\"elementor-widget-container\">\n\t\t\t\t\t\t\t\t\t<p><strong>Date de cl\u00f4ture\u00a0: 14 mars 2022<\/strong><br \/><strong>Poste \u00e0 temps partiel, contrat de trois mois<\/strong><br \/><strong>Date de d\u00e9but du contrat : 21 mars 2022<\/strong><br \/><strong>21 $\/heure, 21\u00a0heures par semaine<br \/><br \/><\/strong><\/p><p><strong>\u00c0 propos de la Galerie d\u2019art d\u2019Ottawa<\/strong><\/p><p>Joignez notre \u00e9quipe et contribuez \u00e0 soutenir les artistes de la r\u00e9gion tout en fa\u00e7onnant l\u2019avenir des arts visuels et de la culture au Canada. Aidez-nous \u00e0 raconter l\u2019histoire de l\u2019\u00e9volution de notre communaut\u00e9 \u00e0 travers l\u2019art et prenez part \u00e0 la cr\u00e9ation d\u2019une vision positive de l\u2019avenir de notre ville. La Galerie d\u2019art d\u2019Ottawa (GAO) est une galerie d\u2019art de premier plan et une destination culturelle au c\u0153ur du centre-ville. Elle est un organisme durable et innovant qui contribue \u00e0 l\u2019\u00e9conomie de la r\u00e9gion de la capitale nationale et d\u00e9tient une collection d\u2019art de classe mondiale.<br \/><br \/><\/p><p><strong>\u00c0 propos du r\u00f4le<\/strong><\/p><p>Sous la gestion de la personne responsable des initiatives strat\u00e9giques et des \u00e9v\u00e8nements, la personne en poste appuiera la coordination et l&rsquo;ex\u00e9cution des \u00e9v\u00e8nements de partenaires et de la GAO. Ce poste n\u00e9cessitera de travailler certains soirs et fins de semaine. La personne choisie doit \u00eatre disponible le dimanche 27 mars ainsi que du 27 au 29 mai 2022.<br \/><br \/><\/p><p><u>Les responsabilit\u00e9s du poste <\/u><em><u>aide, d\u00e9veloppement et \u00e9v\u00e8nements<br \/><\/u><\/em><\/p><ul><li>Offrir un soutien logistique, administratif et sur place \u00e0 l&rsquo;\u00e9quipe charg\u00e9e des \u00e9v\u00e8nements sp\u00e9ciaux \u00e0 la GAO.<\/li><li>Travailler principalement \u00e0 soutenir les activit\u00e9s internes, notamment l\u2019encan d\u2019art de la GAO (du 27 a 29 mai 2022).<\/li><li>Contribuer \u00e0 la logistique et \u00e0 la planification d\u2019\u00e9v\u00e8nements, \u00e0 la mobilisation de b\u00e9n\u00e9voles et \u00e0 la liaison avec les organisations communautaires et les partenaires.<\/li><li>Faire la mise en place de la configuration d\u2019\u00e9v\u00e8nements et coordonner sur place.<\/li><li>R\u00e9pondre aux demandes de renseignements par t\u00e9l\u00e9phone et par courriel.<\/li><li>Fournir aux organisations et aux personnes int\u00e9ress\u00e9es des informations sur le programme de partenariats d&rsquo;\u00e9v\u00e8nements \u00e0 la GAO.<\/li><li>Remplir les bons de commande, et s\u2019occuper de l\u2019administration de factures et de contrats.<br \/><br \/><\/li><\/ul><p><strong>Exigences pour le poste<\/strong><\/p><p><u>Exp\u00e9rience<\/u><\/p><ul><li>Entre 1 et 3\u00a0ans d\u2019exp\u00e9rience directement li\u00e9e aux responsabilit\u00e9s de ce poste.<\/li><\/ul><p><u>Connaissances<\/u><\/p><ul><li>De l\u2019exp\u00e9rience dans la planification, la coordination et le d\u00e9roulement d\u2019\u00e9v\u00e8nements\u2009;<\/li><li>De l\u2019exp\u00e9rience en administration ;<\/li><li>De l\u2019exp\u00e9rience dans le domaine de l\u2019accueil ;<\/li><li>Une expertise dans le domaine de la restauration, des aliments et des boissons serait un atout.<\/li><\/ul><p><u>Aptitudes et comp\u00e9tences<\/u><\/p><ul><li>De hautes comp\u00e9tences en mati\u00e8re de service \u00e0 la client\u00e8le\u2009;<\/li><li>Une excellente capacit\u00e9 \u00e0 communiquer verbalement et par \u00e9crit\u2009;<\/li><li>La capacit\u00e9 \u00e0 travailler de mani\u00e8re ind\u00e9pendante et en groupe\u2009;<\/li><li>La capacit\u00e9 \u00e0 travailler dans un environnement \u00e9voluant rapidement et \u00e0 accomplir plusieurs t\u00e2ches simultan\u00e9ment\u2009;<\/li><li>La capacit\u00e9 \u00e0 respecter les d\u00e9lais\u2009;<\/li><li>La capacit\u00e9 \u00e0 travailler avec des parties prenantes externes\u2009;<\/li><li>La ma\u00eetrise de logiciels tels que la suite Microsoft Office\u2009;<\/li><li>La capacit\u00e9 \u00e0 travailler selon des horaires flexibles et prolong\u00e9s, selon les besoins ;<\/li><li>Un grand souci du d\u00e9tail ;<\/li><li>La ma\u00eetrise de l\u2019anglais et du fran\u00e7ais (oral et \u00e9crit) est un atout.<br \/><br \/><\/li><\/ul><p><strong>Comment postuler<\/strong><\/p><p>Envoyez votre lettre de motivation et votre CV \u00e0 <a href=\"mailto:emploi@oaggao.ca\">emploi@oaggao.ca<\/a> \u00e0 l\u2019attention de Emma Campbell avant la date de cl\u00f4ture. Veuillez indiquer le titre du poste dans la ligne d\u2019objet de votre courriel.<\/p><p>Pour plus d\u2019informations, veuillez communiquer avec Emma Campbell, adjointe de direction, \u00e0 l\u2019adresse <a href=\"mailto:ecampbell@oaggao.ca\">ecampbell@oaggao.ca<\/a>.<\/p><p>Seules les personnes s\u00e9lectionn\u00e9es pour un entretien seront contact\u00e9es.<br \/><br \/><\/p><p><strong><u>\u00c9quit\u00e9\u00a0:<\/u><\/strong><\/p><p>La Galerie d\u2019art d\u2019Ottawa s\u2019engage \u00e0 pratiquer activement l\u2019\u00e9quit\u00e9 dans tous les aspects de son organisation et reconnait que des in\u00e9galit\u00e9s structurelles cr\u00e9ent des barri\u00e8res importantes \u00e0 l\u2019\u00e9galit\u00e9 des chances en mati\u00e8re d\u2019emploi. Nous encourageons vivement les communaut\u00e9s en qu\u00eate d\u2019\u00e9quit\u00e9, les personnes qui s\u2019identifient comme autochtones, noires, de couleur, handicap\u00e9es et 2ELGBTQ+ ou les gens qui connaissent des intersectionnalit\u00e9s \u00e0 poser leur candidature.<br \/><br \/><\/p><p><strong><u>Accessibilit\u00e9\u00a0:<\/u><\/strong><\/p><p>La GAO soutient pleinement l\u2019int\u00e9gration des personnes handicap\u00e9es dans toutes ses activit\u00e9s. Conform\u00e9ment aux exigences de la Loi de 2005 sur l\u2019accessibilit\u00e9 pour les personnes handicap\u00e9es de l\u2019Ontario (LAPHO) et du Code des droits de la personne de l\u2019Ontario, la GAO s\u2019efforce de mener ses activit\u00e9s d\u2019une mani\u00e8re accessible, inclusive et adapt\u00e9e aux besoins des personnes handicap\u00e9es.<\/p><p>La GAO s\u2019engage \u00e0 faire en sorte que toutes les possibilit\u00e9s soient pleinement accessibles aux personnes qui postulent et aux membres du personnel avec un handicap.<\/p><p>N\u2019h\u00e9sitez pas \u00e0 communiquer avec Emma Campbell (<a href=\"mailto:ecampbell@oaggao.ca\">ecampbell@oaggao.ca<\/a>) pour obtenir des mesures d\u2019adaptation pendant le processus de dotation.<br \/><br \/><\/p><p><strong><u>COVID-19\u00a0:<\/u><\/strong><\/p><p>En raison de la pand\u00e9mie de COVID-19 en cours, sachez que toutes les mesures de protection personnelle seront prises afin que les entretiens d\u2019embauche soient r\u00e9alis\u00e9s en toute s\u00e9curit\u00e9. La GAO d\u00e9terminera, de concert avec les personnes qui postulent, la mani\u00e8re la plus s\u00fbre et la plus efficace de mener chaque entretien, y compris les options comme en personne (avec masques et distanciation physique) ou par Zoom.<\/p>\t\t\t\t\t\t\t\t<\/div>\n\t\t\t\t<\/div>\n\t\t\t\t\t<\/div>\n\t\t<\/div>\n\t\t\t\t\t<\/div>\n\t\t<\/section>\n\t\t\t\t<\/div>\n\t\t","protected":false},"excerpt":{"rendered":"<p>Aide, d\u00e9veloppement et \u00e9v\u00e8nements Date de cl\u00f4ture\u00a0: 14 mars 2022Poste \u00e0 temps partiel, contrat de trois moisDate de d\u00e9but du contrat : 21 mars 202221 $\/heure, 21\u00a0heures par semaine \u00c0 [&hellip;]<\/p>\n","protected":false},"author":13,"featured_media":0,"parent":20201,"menu_order":0,"comment_status":"closed","ping_status":"closed","template":"","meta":{"_acf_changed":false,"footnotes":""},"class_list":["post-22735","page","type-page","status-publish","hentry"],"acf":[],"aioseo_notices":[],"_links":{"self":[{"href":"https:\/\/oaggao.ca\/fr\/wp-json\/wp\/v2\/pages\/22735","targetHints":{"allow":["GET"]}}],"collection":[{"href":"https:\/\/oaggao.ca\/fr\/wp-json\/wp\/v2\/pages"}],"about":[{"href":"https:\/\/oaggao.ca\/fr\/wp-json\/wp\/v2\/types\/page"}],"author":[{"embeddable":true,"href":"https:\/\/oaggao.ca\/fr\/wp-json\/wp\/v2\/users\/13"}],"replies":[{"embeddable":true,"href":"https:\/\/oaggao.ca\/fr\/wp-json\/wp\/v2\/comments?post=22735"}],"version-history":[{"count":0,"href":"https:\/\/oaggao.ca\/fr\/wp-json\/wp\/v2\/pages\/22735\/revisions"}],"up":[{"embeddable":true,"href":"https:\/\/oaggao.ca\/fr\/wp-json\/wp\/v2\/pages\/20201"}],"wp:attachment":[{"href":"https:\/\/oaggao.ca\/fr\/wp-json\/wp\/v2\/media?parent=22735"}],"curies":[{"name":"wp","href":"https:\/\/api.w.org\/{rel}","templated":true}]}}