{"id":23062,"date":"2022-03-23T11:03:08","date_gmt":"2022-03-23T15:03:08","guid":{"rendered":"https:\/\/oaggao.ca\/?page_id=23062"},"modified":"2023-03-02T16:21:04","modified_gmt":"2023-03-02T21:21:04","slug":"appel-a-soumission-oag-shop","status":"publish","type":"page","link":"https:\/\/oaggao.ca\/fr\/boutique-et-cafe\/boutique-oag-shop\/appel-a-soumission-oag-shop\/","title":{"rendered":"appel a soumission oag shop"},"content":{"rendered":"\t\t<div data-elementor-type=\"wp-page\" data-elementor-id=\"23062\" class=\"elementor elementor-23062 elementor-23061\" data-elementor-post-type=\"page\">\n\t\t\t\t\t\t<section class=\"elementor-section elementor-top-section elementor-element elementor-element-dc5c030 elementor-section-height-min-height elementor-section-boxed elementor-section-height-default elementor-section-items-middle\" data-id=\"dc5c030\" data-element_type=\"section\" data-settings=\"{&quot;background_background&quot;:&quot;classic&quot;}\">\n\t\t\t\t\t\t\t<div class=\"elementor-background-overlay\"><\/div>\n\t\t\t\t\t\t\t<div class=\"elementor-container elementor-column-gap-default\">\n\t\t\t\t\t<div class=\"elementor-column elementor-col-100 elementor-top-column elementor-element elementor-element-36c29b0\" data-id=\"36c29b0\" data-element_type=\"column\">\n\t\t\t<div class=\"elementor-widget-wrap elementor-element-populated\">\n\t\t\t\t\t\t<div class=\"elementor-element elementor-element-d6a80e7 elementor-widget elementor-widget-heading\" data-id=\"d6a80e7\" data-element_type=\"widget\" data-widget_type=\"heading.default\">\n\t\t\t\t<div class=\"elementor-widget-container\">\n\t\t\t\t\t<h1 class=\"elementor-heading-title elementor-size-default\">APPEL \u00c0 SOUMISSIONS : boutique<\/h1>\t\t\t\t<\/div>\n\t\t\t\t<\/div>\n\t\t\t\t\t<\/div>\n\t\t<\/div>\n\t\t\t\t\t<\/div>\n\t\t<\/section>\n\t\t\t\t<section class=\"elementor-section elementor-top-section elementor-element elementor-element-4b6bd7c elementor-section-boxed elementor-section-height-default elementor-section-height-default\" data-id=\"4b6bd7c\" data-element_type=\"section\" data-settings=\"{&quot;background_background&quot;:&quot;classic&quot;}\">\n\t\t\t\t\t\t<div class=\"elementor-container elementor-column-gap-default\">\n\t\t\t\t\t<div class=\"elementor-column elementor-col-100 elementor-top-column elementor-element elementor-element-3f5d09b\" data-id=\"3f5d09b\" data-element_type=\"column\">\n\t\t\t<div class=\"elementor-widget-wrap\">\n\t\t\t\t\t\t\t<\/div>\n\t\t<\/div>\n\t\t\t\t\t<\/div>\n\t\t<\/section>\n\t\t\t\t<section class=\"elementor-section elementor-top-section elementor-element elementor-element-48c0381 elementor-section-boxed elementor-section-height-default elementor-section-height-default\" data-id=\"48c0381\" data-element_type=\"section\">\n\t\t\t\t\t\t<div class=\"elementor-container elementor-column-gap-default\">\n\t\t\t\t\t<div class=\"elementor-column elementor-col-100 elementor-top-column elementor-element elementor-element-0110481\" data-id=\"0110481\" data-element_type=\"column\">\n\t\t\t<div class=\"elementor-widget-wrap elementor-element-populated\">\n\t\t\t\t\t\t\t<\/div>\n\t\t<\/div>\n\t\t\t\t\t<\/div>\n\t\t<\/section>\n\t\t\t\t<section class=\"elementor-section elementor-top-section elementor-element elementor-element-ecfcadc elementor-section-boxed elementor-section-height-default elementor-section-height-default\" data-id=\"ecfcadc\" data-element_type=\"section\">\n\t\t\t\t\t\t<div class=\"elementor-container elementor-column-gap-default\">\n\t\t\t\t\t<div class=\"elementor-column elementor-col-100 elementor-top-column elementor-element elementor-element-5363110\" data-id=\"5363110\" data-element_type=\"column\">\n\t\t\t<div class=\"elementor-widget-wrap elementor-element-populated\">\n\t\t\t\t\t\t<div class=\"elementor-element elementor-element-9742c64 elementor-widget elementor-widget-heading\" data-id=\"9742c64\" data-element_type=\"widget\" data-widget_type=\"heading.default\">\n\t\t\t\t<div class=\"elementor-widget-container\">\n\t\t\t\t\t<h2 class=\"elementor-heading-title elementor-size-default\">APPEL \u00c0 SOUMISSIONS : boutique oag shop<\/h2>\t\t\t\t<\/div>\n\t\t\t\t<\/div>\n\t\t\t\t<section class=\"elementor-section elementor-inner-section elementor-element elementor-element-18e910e elementor-section-boxed elementor-section-height-default elementor-section-height-default\" data-id=\"18e910e\" data-element_type=\"section\">\n\t\t\t\t\t\t<div class=\"elementor-container elementor-column-gap-wide\">\n\t\t\t\t\t<div class=\"elementor-column elementor-col-50 elementor-inner-column elementor-element elementor-element-7e12c9a\" data-id=\"7e12c9a\" data-element_type=\"column\">\n\t\t\t<div class=\"elementor-widget-wrap elementor-element-populated\">\n\t\t\t\t\t\t<div class=\"elementor-element elementor-element-63992b3 elementor-widget elementor-widget-image\" data-id=\"63992b3\" data-element_type=\"widget\" data-widget_type=\"image.default\">\n\t\t\t\t<div class=\"elementor-widget-container\">\n\t\t\t\t\t\t\t\t\t\t\t\t\t\t\t<img fetchpriority=\"high\" decoding=\"async\" width=\"800\" height=\"534\" src=\"https:\/\/oaggao.ca\/wp-content\/uploads\/2022\/03\/A09I5831-1024x683.jpg\" class=\"attachment-large size-large wp-image-23072\" alt=\"\" srcset=\"https:\/\/oaggao.ca\/wp-content\/uploads\/2022\/03\/A09I5831-1024x683.jpg 1024w, https:\/\/oaggao.ca\/wp-content\/uploads\/2022\/03\/A09I5831-300x200.jpg 300w, https:\/\/oaggao.ca\/wp-content\/uploads\/2022\/03\/A09I5831-768x512.jpg 768w, https:\/\/oaggao.ca\/wp-content\/uploads\/2022\/03\/A09I5831-1536x1024.jpg 1536w, https:\/\/oaggao.ca\/wp-content\/uploads\/2022\/03\/A09I5831-scaled.jpg 2048w, https:\/\/oaggao.ca\/wp-content\/uploads\/2022\/03\/A09I5831-600x400.jpg 600w\" sizes=\"(max-width: 800px) 100vw, 800px\" \/>\t\t\t\t\t\t\t\t\t\t\t\t\t\t\t<\/div>\n\t\t\t\t<\/div>\n\t\t\t\t\t<\/div>\n\t\t<\/div>\n\t\t\t\t<div class=\"elementor-column elementor-col-50 elementor-inner-column elementor-element elementor-element-d6b0f9c\" data-id=\"d6b0f9c\" data-element_type=\"column\">\n\t\t\t<div class=\"elementor-widget-wrap elementor-element-populated\">\n\t\t\t\t\t\t<div class=\"elementor-element elementor-element-e9ab912 elementor-widget elementor-widget-text-editor\" data-id=\"e9ab912\" data-element_type=\"widget\" data-widget_type=\"text-editor.default\">\n\t\t\t\t<div class=\"elementor-widget-container\">\n\t\t\t\t\t\t\t\t\t<h4><strong>NOUS ATTENDONS VOS PROPOSITIONS !<\/strong><\/h4><p>Nous invitons les artistes et les personnes fabriquant des objets manuellement, et ce du Canada, \u00e0 soumettre des cr\u00e9ations d\u2019une vari\u00e9t\u00e9 de prix, y compris des bijoux, de la c\u00e9ramique, des textiles, des sculptures, des gravures, des jouets, de la papeterie, des calepins, des zines, des accessoires de modes (foulards, chapeaux et autres) et des exemplaires uniques.<\/p><ul><li>Les dossiers soumis \u00e0 la boutique OAG Shop seront \u00e9valu\u00e9s par un jury compos\u00e9 de membres du personnel de la Galerie et de la communaut\u00e9 artistique locale.<\/li><\/ul><h4>\u00a0<\/h4><h4><strong>LIGNES DIRECTRICES POUR LA BOUTIQUE OAG SHOP :<\/strong><\/h4><ul><li>Les artistes et personnes fabriquant des objets manuellement, et r\u00e9sidant au Canada, peuvent soumettre leurs cr\u00e9ations \u00e0 la boutique.<\/li><li>Nous mettons l\u2019accent sur les produits faits main de la r\u00e9gion, mais nous acceptons toute production canadienne.<\/li><li>La Galerie d\u2019art d\u2019Ottawa peut soit acheter les articles en gros ou les vendre en consignation dans sa boutique.<\/li><li>Les articles sont d\u00e9pos\u00e9s en consignation pour une dur\u00e9e de 12 mois. S\u2019ils sont vendus, la boutique OAG Shop remet une commission de 40 %.<\/li><\/ul><p style=\"padding-left: 40px;\">\u00a0<\/p>\t\t\t\t\t\t\t\t<\/div>\n\t\t\t\t<\/div>\n\t\t\t\t\t<\/div>\n\t\t<\/div>\n\t\t\t\t\t<\/div>\n\t\t<\/section>\n\t\t\t\t\t<\/div>\n\t\t<\/div>\n\t\t\t\t\t<\/div>\n\t\t<\/section>\n\t\t\t\t<section class=\"elementor-section elementor-top-section elementor-element elementor-element-dfdd373 elementor-section-boxed elementor-section-height-default elementor-section-height-default\" data-id=\"dfdd373\" data-element_type=\"section\">\n\t\t\t\t\t\t<div class=\"elementor-container elementor-column-gap-default\">\n\t\t\t\t\t<div class=\"elementor-column elementor-col-100 elementor-top-column elementor-element elementor-element-622e740\" data-id=\"622e740\" data-element_type=\"column\">\n\t\t\t<div class=\"elementor-widget-wrap elementor-element-populated\">\n\t\t\t\t\t\t<div class=\"elementor-element elementor-element-bc5d23b elementor-widget elementor-widget-text-editor\" data-id=\"bc5d23b\" data-element_type=\"widget\" data-widget_type=\"text-editor.default\">\n\t\t\t\t<div class=\"elementor-widget-container\">\n\t\t\t\t\t\t\t\t\t<h4><strong>COMMENT PR\u00c9PARER UNE SOUMISSION :<\/strong><\/h4><p>Veuillez fournir les \u00e9l\u00e9ments suivants \u00e0 l\u2019adresse <a href=\"mailto:shop@oaggao.ca\">shop@oaggao.ca<\/a> avec <strong>\u00ab Soumission : boutique OAG Shop \u00bb<\/strong> comme objet<\/p><p><strong>Vous devez inclure :<\/strong><\/p><ul><li>Votre \u00ab lookbook \u00bb le plus r\u00e9cent, ou des images num\u00e9riques de vos produits<\/li><li>Le site Web de votre compagnie<\/li><li>Une courte description qui vous pr\u00e9sente, vous et vos produits, et qui comprend les prix en gros et au d\u00e9tail de vos articles.<\/li><\/ul><p style=\"padding-left: 40px;\">\u00a0<\/p>\t\t\t\t\t\t\t\t<\/div>\n\t\t\t\t<\/div>\n\t\t\t\t\t<\/div>\n\t\t<\/div>\n\t\t\t\t\t<\/div>\n\t\t<\/section>\n\t\t\t\t<\/div>\n\t\t","protected":false},"excerpt":{"rendered":"<p>APPEL \u00c0 SOUMISSIONS : boutique APPEL \u00c0 SOUMISSIONS : boutique oag shop NOUS ATTENDONS VOS PROPOSITIONS ! Nous invitons les artistes et les personnes fabriquant des objets manuellement, et ce [&hellip;]<\/p>\n","protected":false},"author":13,"featured_media":0,"parent":20071,"menu_order":0,"comment_status":"closed","ping_status":"closed","template":"","meta":{"_acf_changed":false,"footnotes":""},"class_list":["post-23062","page","type-page","status-publish","hentry"],"acf":[],"aioseo_notices":[],"_links":{"self":[{"href":"https:\/\/oaggao.ca\/fr\/wp-json\/wp\/v2\/pages\/23062","targetHints":{"allow":["GET"]}}],"collection":[{"href":"https:\/\/oaggao.ca\/fr\/wp-json\/wp\/v2\/pages"}],"about":[{"href":"https:\/\/oaggao.ca\/fr\/wp-json\/wp\/v2\/types\/page"}],"author":[{"embeddable":true,"href":"https:\/\/oaggao.ca\/fr\/wp-json\/wp\/v2\/users\/13"}],"replies":[{"embeddable":true,"href":"https:\/\/oaggao.ca\/fr\/wp-json\/wp\/v2\/comments?post=23062"}],"version-history":[{"count":0,"href":"https:\/\/oaggao.ca\/fr\/wp-json\/wp\/v2\/pages\/23062\/revisions"}],"up":[{"embeddable":true,"href":"https:\/\/oaggao.ca\/fr\/wp-json\/wp\/v2\/pages\/20071"}],"wp:attachment":[{"href":"https:\/\/oaggao.ca\/fr\/wp-json\/wp\/v2\/media?parent=23062"}],"curies":[{"name":"wp","href":"https:\/\/api.w.org\/{rel}","templated":true}]}}