{"id":23772,"date":"2022-04-08T20:02:38","date_gmt":"2022-04-09T00:02:38","guid":{"rendered":"https:\/\/oaggao.ca\/?page_id=23772"},"modified":"2022-04-08T20:06:42","modified_gmt":"2022-04-09T00:06:42","slug":"gestion-service-au-bar","status":"publish","type":"page","link":"https:\/\/oaggao.ca\/fr\/a-propos\/carrieres-et-opportunites\/gestion-service-au-bar\/","title":{"rendered":"Gestion, service au bar"},"content":{"rendered":"\t\t<div data-elementor-type=\"wp-page\" data-elementor-id=\"23772\" class=\"elementor elementor-23772\" data-elementor-post-type=\"page\">\n\t\t\t\t\t\t<section class=\"elementor-section elementor-top-section elementor-element elementor-element-59987f0 elementor-section-boxed elementor-section-height-default elementor-section-height-default\" data-id=\"59987f0\" data-element_type=\"section\">\n\t\t\t\t\t\t<div class=\"elementor-container elementor-column-gap-default\">\n\t\t\t\t\t<div class=\"elementor-column elementor-col-100 elementor-top-column elementor-element elementor-element-a514cbf\" data-id=\"a514cbf\" data-element_type=\"column\">\n\t\t\t<div class=\"elementor-widget-wrap elementor-element-populated\">\n\t\t\t\t\t\t<div class=\"elementor-element elementor-element-3877042 elementor-widget elementor-widget-spacer\" data-id=\"3877042\" data-element_type=\"widget\" data-widget_type=\"spacer.default\">\n\t\t\t\t<div class=\"elementor-widget-container\">\n\t\t\t\t\t\t\t<div class=\"elementor-spacer\">\n\t\t\t<div class=\"elementor-spacer-inner\"><\/div>\n\t\t<\/div>\n\t\t\t\t\t\t<\/div>\n\t\t\t\t<\/div>\n\t\t\t\t<div class=\"elementor-element elementor-element-7c42507 elementor-widget elementor-widget-heading\" data-id=\"7c42507\" data-element_type=\"widget\" data-widget_type=\"heading.default\">\n\t\t\t\t<div class=\"elementor-widget-container\">\n\t\t\t\t\t<h2 class=\"elementor-heading-title elementor-size-default\">Gestion, service au bar<\/h2>\t\t\t\t<\/div>\n\t\t\t\t<\/div>\n\t\t\t\t<div class=\"elementor-element elementor-element-57e11e2 elementor-widget elementor-widget-spacer\" data-id=\"57e11e2\" data-element_type=\"widget\" data-widget_type=\"spacer.default\">\n\t\t\t\t<div class=\"elementor-widget-container\">\n\t\t\t\t\t\t\t<div class=\"elementor-spacer\">\n\t\t\t<div class=\"elementor-spacer-inner\"><\/div>\n\t\t<\/div>\n\t\t\t\t\t\t<\/div>\n\t\t\t\t<\/div>\n\t\t\t\t<div class=\"elementor-element elementor-element-d5ef6ea elementor-widget elementor-widget-text-editor\" data-id=\"d5ef6ea\" data-element_type=\"widget\" data-widget_type=\"text-editor.default\">\n\t\t\t\t<div class=\"elementor-widget-container\">\n\t\t\t\t\t\t\t\t\t<p>Date de cl\u00f4ture\u00a0: 22 avril 2022<br \/>Occasionnellement<br \/>Date de d\u00e9but du contrat : mai 2022<br \/>24 $\/heure, soir et fin de semaine, selon les besoins<\/p><p><strong>\u00a0<br \/><\/strong><strong>\u00c0 propos de la Galerie d\u2019art d\u2019Ottawa<\/strong><\/p><p>Joignez notre \u00e9quipe et contribuez \u00e0 soutenir les artistes de la r\u00e9gion tout en fa\u00e7onnant l\u2019avenir des arts visuels et de la culture au Canada. Aidez-nous \u00e0 raconter l\u2019histoire de l\u2019\u00e9volution de notre communaut\u00e9 \u00e0 travers l\u2019art et prenez part \u00e0 la cr\u00e9ation d\u2019une vision positive de l\u2019avenir de notre ville. La Galerie d\u2019art d\u2019Ottawa (GAO) est une galerie d\u2019art de premier plan et une destination culturelle au c\u0153ur du centre-ville. Elle est un organisme durable et innovant qui contribue \u00e0 l\u2019\u00e9conomie de la r\u00e9gion de la capitale nationale et d\u00e9tient une collection d\u2019art de classe mondiale.<\/p><p><strong>\u00c0 propos du r\u00f4le<\/strong><\/p><p>Sous la supervision de la gestionnaire de l\u2019entreprise et de l\u2019exp\u00e9rience des visites, la personne occupant le poste de gestion, service au bar sera responsable du succ\u00e8s de la mise en \u0153uvre r\u00e9ussie des services de bar offerts pour un certain nombre d&rsquo;\u00e9v\u00e9nements priv\u00e9s \u00e0 la GAO.<\/p><p><u>Les responsabilit\u00e9s du poste <em>Gestion, service au bar<\/em><\/u><\/p><ul><li>\u00catre responsable du montage et du d\u00e9montage du bar pour les \u00e9v\u00e9nements<\/li><li>Maintenir l\u2019organisation et la propret\u00e9 du bar en tout temps<\/li><li>Entretenir l&rsquo;\u00e9quipement du bar<\/li><li>Assurer l&rsquo;inventaire<\/li><li>M\u00e9langer, garnir et servir les boissons<\/li><li>Prendre et livrer les commandes selon les d\u00e9lais requis<\/li><li>Interagir avec la client\u00e8le et offrir un service professionnel et courtois<\/li><li>G\u00e9rer et encadrer le personnel de service<\/li><\/ul><p><strong>Exigences pour le poste<\/strong><\/p><p><u>Exp\u00e9rience<\/u><\/p><ul><li>5 ans d\u2019exp\u00e9rience directement li\u00e9e aux responsabilit\u00e9s de ce poste.<\/li><\/ul><p><u>Capacit\u00e9s requises<\/u><\/p><ul><li>De hautes comp\u00e9tences en mati\u00e8re de service \u00e0 la client\u00e8le\u2009;<\/li><li>La capacit\u00e9 \u00e0 travailler de mani\u00e8re ind\u00e9pendante et en groupe\u2009;<\/li><li>\u00catre en mesure de travailler avec autonomie et motivation ;<\/li><li>La capacit\u00e9 \u00e0 travailler dans un environnement \u00e9voluant rapidement et \u00e0 accomplir plusieurs t\u00e2ches simultan\u00e9ment\u2009;<\/li><li>La capacit\u00e9 \u00e0 travailler selon des horaires flexibles et prolong\u00e9s, selon les besoins ;<\/li><li>Un grand souci du d\u00e9tail ;<\/li><li>Manifester une attitude positive ;<\/li><li>La ma\u00eetrise de l\u2019anglais et du fran\u00e7ais.<\/li><\/ul><p><strong>Comment postuler<\/strong><\/p><p>Envoyez votre lettre de motivation et votre CV \u00e0 emploi@oaggao.ca \u00e0 l\u2019attention de Emma Campbell avant la date de cl\u00f4ture. Veuillez indiquer le titre du poste dans la ligne d\u2019objet de votre courriel.<\/p><p>Pour plus d\u2019informations, veuillez communiquer avec Emma Campbell, adjointe de direction, \u00e0 l\u2019adresse <a href=\"mailto:ecampbell@oaggao.ca\">ecampbell@oaggao.ca<\/a>.<\/p><p>Seules les personnes s\u00e9lectionn\u00e9es pour un entretien seront contact\u00e9es.<\/p><p><strong><u>\u00c9quit\u00e9\u00a0:<\/u><\/strong><\/p><p>La Galerie d\u2019art d\u2019Ottawa s\u2019engage \u00e0 pratiquer activement l\u2019\u00e9quit\u00e9 dans tous les aspects de son organisation et reconnait que des in\u00e9galit\u00e9s structurelles cr\u00e9ent des barri\u00e8res importantes \u00e0 l\u2019\u00e9galit\u00e9 des chances en mati\u00e8re d\u2019emploi. Nous encourageons vivement les communaut\u00e9s en qu\u00eate d\u2019\u00e9quit\u00e9, les personnes qui s\u2019identifient comme autochtones, noires, de couleur, handicap\u00e9es et 2ELGBTQ+ ou les gens qui connaissent des intersectionnalit\u00e9s \u00e0 poser leur candidature.<\/p><p><strong><u>Accessibilit\u00e9\u00a0:<\/u><\/strong><\/p><p>La GAO soutient pleinement l\u2019int\u00e9gration des personnes handicap\u00e9es dans toutes ses activit\u00e9s. Conform\u00e9ment aux exigences de la Loi de 2005 sur l\u2019accessibilit\u00e9 pour les personnes handicap\u00e9es de l\u2019Ontario (LAPHO) et du Code des droits de la personne de l\u2019Ontario, la GAO s\u2019efforce de mener ses activit\u00e9s d\u2019une mani\u00e8re accessible, inclusive et adapt\u00e9e aux besoins des personnes handicap\u00e9es.<\/p><p>La GAO s\u2019engage \u00e0 faire en sorte que toutes les possibilit\u00e9s soient pleinement accessibles aux personnes qui postulent et aux membres du personnel avec un handicap.<\/p><p>N\u2019h\u00e9sitez pas \u00e0 communiquer avec Emma Campbell (<a href=\"mailto:ecampbell@oaggao.ca\">ecampbell@oaggao.ca<\/a>) pour obtenir des mesures d\u2019adaptation pendant le processus de dotation.<\/p><p><strong><u>COVID-19\u00a0:<\/u><\/strong><\/p><p>En raison de la pand\u00e9mie de COVID-19 en cours, sachez que toutes les mesures de protection personnelle seront prises afin que les entretiens d\u2019embauche soient r\u00e9alis\u00e9s en toute s\u00e9curit\u00e9. La GAO d\u00e9terminera, de concert avec les personnes qui postulent, la mani\u00e8re la plus s\u00fbre et la plus efficace de mener chaque entretien, y compris les options comme en personne (avec masques et distanciation physique) ou par Zoom.<\/p>\t\t\t\t\t\t\t\t<\/div>\n\t\t\t\t<\/div>\n\t\t\t\t\t<\/div>\n\t\t<\/div>\n\t\t\t\t\t<\/div>\n\t\t<\/section>\n\t\t\t\t<\/div>\n\t\t","protected":false},"excerpt":{"rendered":"<p>Gestion, service au bar Date de cl\u00f4ture\u00a0: 22 avril 2022OccasionnellementDate de d\u00e9but du contrat : mai 202224 $\/heure, soir et fin de semaine, selon les besoins \u00a0\u00c0 propos de la [&hellip;]<\/p>\n","protected":false},"author":13,"featured_media":0,"parent":20201,"menu_order":0,"comment_status":"closed","ping_status":"closed","template":"","meta":{"_acf_changed":false,"footnotes":""},"class_list":["post-23772","page","type-page","status-publish","hentry"],"acf":[],"aioseo_notices":[],"_links":{"self":[{"href":"https:\/\/oaggao.ca\/fr\/wp-json\/wp\/v2\/pages\/23772","targetHints":{"allow":["GET"]}}],"collection":[{"href":"https:\/\/oaggao.ca\/fr\/wp-json\/wp\/v2\/pages"}],"about":[{"href":"https:\/\/oaggao.ca\/fr\/wp-json\/wp\/v2\/types\/page"}],"author":[{"embeddable":true,"href":"https:\/\/oaggao.ca\/fr\/wp-json\/wp\/v2\/users\/13"}],"replies":[{"embeddable":true,"href":"https:\/\/oaggao.ca\/fr\/wp-json\/wp\/v2\/comments?post=23772"}],"version-history":[{"count":0,"href":"https:\/\/oaggao.ca\/fr\/wp-json\/wp\/v2\/pages\/23772\/revisions"}],"up":[{"embeddable":true,"href":"https:\/\/oaggao.ca\/fr\/wp-json\/wp\/v2\/pages\/20201"}],"wp:attachment":[{"href":"https:\/\/oaggao.ca\/fr\/wp-json\/wp\/v2\/media?parent=23772"}],"curies":[{"name":"wp","href":"https:\/\/api.w.org\/{rel}","templated":true}]}}