{"id":32746,"date":"2023-06-21T14:46:39","date_gmt":"2023-06-21T18:46:39","guid":{"rendered":"https:\/\/oaggao.ca\/?page_id=32746"},"modified":"2023-06-21T15:01:00","modified_gmt":"2023-06-21T19:01:00","slug":"fete-douverture-dete-2023-reception-privee-inscriptions","status":"publish","type":"page","link":"https:\/\/oaggao.ca\/fr\/fete-douverture-dete-2023-reception-privee-inscriptions\/","title":{"rendered":"F\u00eate d\u2019ouverture d\u2019\u00e9t\u00e9 2023 &#8211; R\u00e9ception priv\u00e9e &#8211; inscriptions"},"content":{"rendered":"\t\t<div data-elementor-type=\"wp-page\" data-elementor-id=\"32746\" class=\"elementor elementor-32746 elementor-32733\" data-elementor-post-type=\"page\">\n\t\t\t\t\t\t<section class=\"elementor-section elementor-top-section elementor-element elementor-element-ffb8772 elementor-section-boxed elementor-section-height-default elementor-section-height-default\" data-id=\"ffb8772\" data-element_type=\"section\">\n\t\t\t\t\t\t<div class=\"elementor-container elementor-column-gap-default\">\n\t\t\t\t\t<div class=\"elementor-column elementor-col-100 elementor-top-column elementor-element elementor-element-4b1307c\" data-id=\"4b1307c\" data-element_type=\"column\">\n\t\t\t<div class=\"elementor-widget-wrap elementor-element-populated\">\n\t\t\t\t\t\t<div class=\"elementor-element elementor-element-a998a6f elementor-widget elementor-widget-spacer\" data-id=\"a998a6f\" data-element_type=\"widget\" data-widget_type=\"spacer.default\">\n\t\t\t\t<div class=\"elementor-widget-container\">\n\t\t\t\t\t\t\t<div class=\"elementor-spacer\">\n\t\t\t<div class=\"elementor-spacer-inner\"><\/div>\n\t\t<\/div>\n\t\t\t\t\t\t<\/div>\n\t\t\t\t<\/div>\n\t\t\t\t<div class=\"elementor-element elementor-element-6bda145 elementor-widget__width-initial elementor-widget elementor-widget-image\" data-id=\"6bda145\" data-element_type=\"widget\" data-widget_type=\"image.default\">\n\t\t\t\t<div class=\"elementor-widget-container\">\n\t\t\t\t\t\t\t\t\t\t\t\t\t\t\t<img fetchpriority=\"high\" decoding=\"async\" width=\"800\" height=\"450\" src=\"https:\/\/oaggao.ca\/wp-content\/uploads\/2023\/06\/collaterals-oag-logo_web-banner-copy-1-1024x576.png\" class=\"attachment-large size-large wp-image-32736\" alt=\"\" srcset=\"https:\/\/oaggao.ca\/wp-content\/uploads\/2023\/06\/collaterals-oag-logo_web-banner-copy-1-1024x576.png 1024w, https:\/\/oaggao.ca\/wp-content\/uploads\/2023\/06\/collaterals-oag-logo_web-banner-copy-1-300x169.png 300w, https:\/\/oaggao.ca\/wp-content\/uploads\/2023\/06\/collaterals-oag-logo_web-banner-copy-1-768x432.png 768w, https:\/\/oaggao.ca\/wp-content\/uploads\/2023\/06\/collaterals-oag-logo_web-banner-copy-1-1536x864.png 1536w, https:\/\/oaggao.ca\/wp-content\/uploads\/2023\/06\/collaterals-oag-logo_web-banner-copy-1-2048x1152.png 2048w\" sizes=\"(max-width: 800px) 100vw, 800px\" \/>\t\t\t\t\t\t\t\t\t\t\t\t\t\t\t<\/div>\n\t\t\t\t<\/div>\n\t\t\t\t<div class=\"elementor-element elementor-element-3713468 elementor-widget elementor-widget-text-editor\" data-id=\"3713468\" data-element_type=\"widget\" data-widget_type=\"text-editor.default\">\n\t\t\t\t<div class=\"elementor-widget-container\">\n\t\t\t\t\t\t\t\t\t<div id=\"bbox-root\">\u00a0<\/div><p><script type=\"text\/javascript\">\n       window.bboxInit = function () {\n           bbox.showForm('9461e3d5-7786-4f14-9883-795ca57a5758');\n       };\n       (function () {\n           var e = document.createElement('script'); e.async = true;\n           e.src = 'https:\/\/bbox.blackbaudhosting.com\/webforms\/bbox-min.js';\n           document.getElementsByTagName('head')[0].appendChild(e);\n       } ());\n<\/script><\/p>\t\t\t\t\t\t\t\t<\/div>\n\t\t\t\t<\/div>\n\t\t\t\t\t<\/div>\n\t\t<\/div>\n\t\t\t\t\t<\/div>\n\t\t<\/section>\n\t\t\t\t<\/div>\n\t\t","protected":false},"excerpt":{"rendered":"","protected":false},"author":13,"featured_media":0,"parent":0,"menu_order":0,"comment_status":"closed","ping_status":"closed","template":"","meta":{"_acf_changed":false,"footnotes":""},"class_list":["post-32746","page","type-page","status-publish","hentry"],"acf":[],"aioseo_notices":[],"_links":{"self":[{"href":"https:\/\/oaggao.ca\/fr\/wp-json\/wp\/v2\/pages\/32746","targetHints":{"allow":["GET"]}}],"collection":[{"href":"https:\/\/oaggao.ca\/fr\/wp-json\/wp\/v2\/pages"}],"about":[{"href":"https:\/\/oaggao.ca\/fr\/wp-json\/wp\/v2\/types\/page"}],"author":[{"embeddable":true,"href":"https:\/\/oaggao.ca\/fr\/wp-json\/wp\/v2\/users\/13"}],"replies":[{"embeddable":true,"href":"https:\/\/oaggao.ca\/fr\/wp-json\/wp\/v2\/comments?post=32746"}],"version-history":[{"count":0,"href":"https:\/\/oaggao.ca\/fr\/wp-json\/wp\/v2\/pages\/32746\/revisions"}],"wp:attachment":[{"href":"https:\/\/oaggao.ca\/fr\/wp-json\/wp\/v2\/media?parent=32746"}],"curies":[{"name":"wp","href":"https:\/\/api.w.org\/{rel}","templated":true}]}}