{"id":34251,"date":"2023-09-25T19:59:01","date_gmt":"2023-09-25T23:59:01","guid":{"rendered":"https:\/\/oaggao.ca\/?page_id=34251"},"modified":"2023-09-25T20:12:16","modified_gmt":"2023-09-26T00:12:16","slug":"adhesion-enthousiaste-gratuite","status":"publish","type":"page","link":"https:\/\/oaggao.ca\/fr\/simpliquer\/adhesion\/adhesion-enthousiaste-gratuite\/","title":{"rendered":"Adh\u00e9sion Enthousiaste\u00a0GRATUITE\u00a0"},"content":{"rendered":"\t\t<div data-elementor-type=\"wp-page\" data-elementor-id=\"34251\" class=\"elementor elementor-34251 elementor-34246\" data-elementor-post-type=\"page\">\n\t\t\t\t\t\t<section class=\"elementor-section elementor-top-section elementor-element elementor-element-8861d98 elementor-section-boxed elementor-section-height-default elementor-section-height-default\" data-id=\"8861d98\" data-element_type=\"section\">\n\t\t\t\t\t\t<div class=\"elementor-container elementor-column-gap-default\">\n\t\t\t\t\t<div class=\"elementor-column elementor-col-100 elementor-top-column elementor-element elementor-element-e4820bf\" data-id=\"e4820bf\" data-element_type=\"column\">\n\t\t\t<div class=\"elementor-widget-wrap elementor-element-populated\">\n\t\t\t\t\t\t<div class=\"elementor-element elementor-element-31b4aa6 elementor-widget elementor-widget-spacer\" data-id=\"31b4aa6\" data-element_type=\"widget\" data-widget_type=\"spacer.default\">\n\t\t\t\t<div class=\"elementor-widget-container\">\n\t\t\t\t\t\t\t<div class=\"elementor-spacer\">\n\t\t\t<div class=\"elementor-spacer-inner\"><\/div>\n\t\t<\/div>\n\t\t\t\t\t\t<\/div>\n\t\t\t\t<\/div>\n\t\t\t\t<div class=\"elementor-element elementor-element-2f665ad elementor-widget elementor-widget-heading\" data-id=\"2f665ad\" data-element_type=\"widget\" data-widget_type=\"heading.default\">\n\t\t\t\t<div class=\"elementor-widget-container\">\n\t\t\t\t\t<h2 class=\"elementor-heading-title elementor-size-default\">adh\u00e9sion Enthousiaste GRATUITE<\/h2>\t\t\t\t<\/div>\n\t\t\t\t<\/div>\n\t\t\t\t<div class=\"elementor-element elementor-element-e55ce20 elementor-widget elementor-widget-spacer\" data-id=\"e55ce20\" data-element_type=\"widget\" data-widget_type=\"spacer.default\">\n\t\t\t\t<div class=\"elementor-widget-container\">\n\t\t\t\t\t\t\t<div class=\"elementor-spacer\">\n\t\t\t<div class=\"elementor-spacer-inner\"><\/div>\n\t\t<\/div>\n\t\t\t\t\t\t<\/div>\n\t\t\t\t<\/div>\n\t\t\t\t<div class=\"elementor-element elementor-element-ef32fbe elementor-widget elementor-widget-text-editor\" data-id=\"ef32fbe\" data-element_type=\"widget\" data-widget_type=\"text-editor.default\">\n\t\t\t\t<div class=\"elementor-widget-container\">\n\t\t\t\t\t\t\t\t\t<p>Les personnes autochtones re\u00e7oivent une adh\u00e9sion Enthousiaste\u00a0<strong>GRATUITE\u00a0<\/strong>avec tous ses avantages.<\/p><p>Cette politique fait progresser les efforts en cours de la GAO pour r\u00e9pondre \u00e0 l\u2019<a href=\"https:\/\/nctr.ca\/wp-content\/uploads\/2021\/04\/4-Appels_a_l-Action_French.pdf\">Appel \u00e0 l\u2019action\u00a0de la Commission de v\u00e9rit\u00e9 et r\u00e9conciliation (CVRC)<\/a> et de la D\u00e9claration des Nations Unies sur les droits des peuples autochtones (DNUDPA). Les gens qui appartiennent ou s\u2019identifient \u00e0 une nation autochtone peuvent adh\u00e9rer\u00a0gratuitement\u00a0comme membre Enthousiaste.<\/p>\t\t\t\t\t\t\t\t<\/div>\n\t\t\t\t<\/div>\n\t\t\t\t<div class=\"elementor-element elementor-element-12f53b6 elementor-widget-divider--view-line elementor-widget elementor-widget-divider\" data-id=\"12f53b6\" data-element_type=\"widget\" data-widget_type=\"divider.default\">\n\t\t\t\t<div class=\"elementor-widget-container\">\n\t\t\t\t\t\t\t<div class=\"elementor-divider\">\n\t\t\t<span class=\"elementor-divider-separator\">\n\t\t\t\t\t\t<\/span>\n\t\t<\/div>\n\t\t\t\t\t\t<\/div>\n\t\t\t\t<\/div>\n\t\t\t\t<div class=\"elementor-element elementor-element-c65bce5 elementor-widget elementor-widget-text-editor\" data-id=\"c65bce5\" data-element_type=\"widget\" data-widget_type=\"text-editor.default\">\n\t\t\t\t<div class=\"elementor-widget-container\">\n\t\t\t\t\t\t\t\t\t<p>Anishin\u00e0beg k\u00e0n og\u00ec kijigaz\u00ecnawa kidji p\u00ecndigewadj OAG , ashidj kakina kego w\u00e0bandan\u00e0wa.<\/p><p>T\u00f2dam\u00f2g ondje <a href=\"https:\/\/ehprnh2mwo3.exactdn.com\/wp-content\/uploads\/2021\/01\/Calls_to_Action_English2.pdf\">Natiional Centre for truth and Reconcilaition (NCTR)<\/a> kagwedji m\u00ecnigomin w\u00ecdokawan, ashidj ondje kakina\u00a0 chi g\u00eckend\u00e0gwad Anishin\u00e0beg\u00a0 ke kakina kego ked ejitaniwadj. Kakina Anishin\u00e0beg\u00a0\u00a0 kashgito chi p\u00ecndigewadj kidji w\u00e0band\u00e0mow\u00e0dj kakina kego.<\/p>\t\t\t\t\t\t\t\t<\/div>\n\t\t\t\t<\/div>\n\t\t\t\t<div class=\"elementor-element elementor-element-fe7caac elementor-widget elementor-widget-text-editor\" data-id=\"fe7caac\" data-element_type=\"widget\" data-widget_type=\"text-editor.default\">\n\t\t\t\t<div class=\"elementor-widget-container\">\n\t\t\t\t\t\t\t\t\t<div id=\"bbox-root-91611998-97f2-443e-bc87-4c6f7cd0a5cd\">\u00a0<\/div><p><script type=\"text\/javascript\">\n    var bboxInit2 = bboxInit2 || [];\n    bboxInit2.push(function () {\n        bboxApi.showForm('91611998-97f2-443e-bc87-4c6f7cd0a5cd');\n    });\n    (function () {\n        var e = document.createElement('script'); e.async = true;\n        e.src = 'https:\/\/bbox.blackbaudhosting.com\/webforms\/bbox-2.0-min.js';\n        document.getElementsByTagName('head')[0].appendChild(e);\n    }());\n<\/script><\/p>\t\t\t\t\t\t\t\t<\/div>\n\t\t\t\t<\/div>\n\t\t\t\t\t<\/div>\n\t\t<\/div>\n\t\t\t\t\t<\/div>\n\t\t<\/section>\n\t\t\t\t<\/div>\n\t\t","protected":false},"excerpt":{"rendered":"<p>adh\u00e9sion Enthousiaste GRATUITE Les personnes autochtones re\u00e7oivent une adh\u00e9sion Enthousiaste\u00a0GRATUITE\u00a0avec tous ses avantages. Cette politique fait progresser les efforts en cours de la GAO pour r\u00e9pondre \u00e0 l\u2019Appel \u00e0 l\u2019action\u00a0de [&hellip;]<\/p>\n","protected":false},"author":13,"featured_media":0,"parent":28648,"menu_order":0,"comment_status":"closed","ping_status":"closed","template":"","meta":{"_acf_changed":false,"footnotes":""},"class_list":["post-34251","page","type-page","status-publish","hentry"],"acf":[],"aioseo_notices":[],"_links":{"self":[{"href":"https:\/\/oaggao.ca\/fr\/wp-json\/wp\/v2\/pages\/34251","targetHints":{"allow":["GET"]}}],"collection":[{"href":"https:\/\/oaggao.ca\/fr\/wp-json\/wp\/v2\/pages"}],"about":[{"href":"https:\/\/oaggao.ca\/fr\/wp-json\/wp\/v2\/types\/page"}],"author":[{"embeddable":true,"href":"https:\/\/oaggao.ca\/fr\/wp-json\/wp\/v2\/users\/13"}],"replies":[{"embeddable":true,"href":"https:\/\/oaggao.ca\/fr\/wp-json\/wp\/v2\/comments?post=34251"}],"version-history":[{"count":0,"href":"https:\/\/oaggao.ca\/fr\/wp-json\/wp\/v2\/pages\/34251\/revisions"}],"up":[{"embeddable":true,"href":"https:\/\/oaggao.ca\/fr\/wp-json\/wp\/v2\/pages\/28648"}],"wp:attachment":[{"href":"https:\/\/oaggao.ca\/fr\/wp-json\/wp\/v2\/media?parent=34251"}],"curies":[{"name":"wp","href":"https:\/\/api.w.org\/{rel}","templated":true}]}}