{"id":45850,"date":"2025-06-25T14:23:44","date_gmt":"2025-06-25T18:23:44","guid":{"rendered":"https:\/\/oaggao.ca\/?page_id=45850"},"modified":"2025-07-02T10:50:38","modified_gmt":"2025-07-02T14:50:38","slug":"soutenir-le-fonds-acquisitions-bill-staubi","status":"publish","type":"page","link":"https:\/\/oaggao.ca\/fr\/soutenir-le-fonds-acquisitions-bill-staubi\/","title":{"rendered":"Soutenir le Fonds acquisitions Bill Staubi"},"content":{"rendered":"\t\t<div data-elementor-type=\"wp-page\" data-elementor-id=\"45850\" class=\"elementor elementor-45850 elementor-45849\" data-elementor-post-type=\"page\">\n\t\t\t\t\t\t<section class=\"elementor-section elementor-top-section elementor-element elementor-element-8596fbf elementor-section-height-min-height elementor-section-boxed elementor-section-height-default elementor-section-items-middle\" data-id=\"8596fbf\" data-element_type=\"section\" data-settings=\"{&quot;background_background&quot;:&quot;classic&quot;}\">\n\t\t\t\t\t\t\t<div class=\"elementor-background-overlay\"><\/div>\n\t\t\t\t\t\t\t<div class=\"elementor-container elementor-column-gap-default\">\n\t\t\t\t\t<div class=\"elementor-column elementor-col-100 elementor-top-column elementor-element elementor-element-4fe8e76\" data-id=\"4fe8e76\" data-element_type=\"column\">\n\t\t\t<div class=\"elementor-widget-wrap elementor-element-populated\">\n\t\t\t\t\t\t<div class=\"elementor-element elementor-element-3e170a7 elementor-widget elementor-widget-heading\" data-id=\"3e170a7\" data-element_type=\"widget\" data-widget_type=\"heading.default\">\n\t\t\t\t<div class=\"elementor-widget-container\">\n\t\t\t\t\t<h1 class=\"elementor-heading-title elementor-size-default\">Fonds d\u2019acquisitions Bill Staubi<\/h1>\t\t\t\t<\/div>\n\t\t\t\t<\/div>\n\t\t\t\t\t<\/div>\n\t\t<\/div>\n\t\t\t\t\t<\/div>\n\t\t<\/section>\n\t\t\t\t<section class=\"elementor-section elementor-top-section elementor-element elementor-element-9720d01 elementor-section-boxed elementor-section-height-default elementor-section-height-default\" data-id=\"9720d01\" data-element_type=\"section\" data-settings=\"{&quot;background_background&quot;:&quot;classic&quot;}\">\n\t\t\t\t\t\t<div class=\"elementor-container elementor-column-gap-default\">\n\t\t\t\t\t<div class=\"elementor-column elementor-col-100 elementor-top-column elementor-element elementor-element-ba89c16\" data-id=\"ba89c16\" data-element_type=\"column\">\n\t\t\t<div class=\"elementor-widget-wrap elementor-element-populated\">\n\t\t\t\t\t\t<div class=\"elementor-element elementor-element-419373b elementor-nav-menu__align-center elementor-nav-menu--dropdown-tablet elementor-nav-menu__text-align-aside elementor-nav-menu--toggle elementor-nav-menu--burger elementor-widget elementor-widget-nav-menu\" data-id=\"419373b\" data-element_type=\"widget\" data-settings=\"{&quot;layout&quot;:&quot;horizontal&quot;,&quot;submenu_icon&quot;:{&quot;value&quot;:&quot;&lt;i class=\\&quot;fas fa-caret-down\\&quot; aria-hidden=\\&quot;true\\&quot;&gt;&lt;\\\/i&gt;&quot;,&quot;library&quot;:&quot;fa-solid&quot;},&quot;toggle&quot;:&quot;burger&quot;}\" data-widget_type=\"nav-menu.default\">\n\t\t\t\t<div class=\"elementor-widget-container\">\n\t\t\t\t\t\t\t\t<nav aria-label=\"Menu\" class=\"elementor-nav-menu--main elementor-nav-menu__container elementor-nav-menu--layout-horizontal e--pointer-none\">\n\t\t\t\t<ul id=\"menu-1-419373b\" class=\"elementor-nav-menu\"><li class=\"menu-item menu-item-type-post_type menu-item-object-page menu-item-32579\"><a href=\"https:\/\/oaggao.ca\/fr\/simpliquer\/adhesion\/\" class=\"elementor-item\">Adh\u00e9sion<\/a><\/li>\n<li class=\"menu-item menu-item-type-post_type menu-item-object-page menu-item-19633\"><a href=\"https:\/\/oaggao.ca\/fr\/simpliquer\/commandites-dentreprises\/\" class=\"elementor-item\">Commandites d\u2019entreprises<\/a><\/li>\n<li class=\"menu-item menu-item-type-post_type menu-item-object-page menu-item-19632\"><a href=\"https:\/\/oaggao.ca\/fr\/simpliquer\/dons-planifies\/\" class=\"elementor-item\">Dons planifi\u00e9s<\/a><\/li>\n<li class=\"menu-item menu-item-type-post_type menu-item-object-page menu-item-19635\"><a href=\"https:\/\/oaggao.ca\/fr\/faire-un-don\/\" class=\"elementor-item\">Faire un don<\/a><\/li>\n<\/ul>\t\t\t<\/nav>\n\t\t\t\t\t<div class=\"elementor-menu-toggle\" role=\"button\" tabindex=\"0\" aria-label=\"Permuter le menu\" aria-expanded=\"false\">\n\t\t\t<i aria-hidden=\"true\" role=\"presentation\" class=\"elementor-menu-toggle__icon--open eicon-menu-bar\"><\/i><i aria-hidden=\"true\" role=\"presentation\" class=\"elementor-menu-toggle__icon--close eicon-close\"><\/i>\t\t<\/div>\n\t\t\t\t\t<nav class=\"elementor-nav-menu--dropdown elementor-nav-menu__container\" aria-hidden=\"true\">\n\t\t\t\t<ul id=\"menu-2-419373b\" class=\"elementor-nav-menu\"><li class=\"menu-item menu-item-type-post_type menu-item-object-page menu-item-32579\"><a href=\"https:\/\/oaggao.ca\/fr\/simpliquer\/adhesion\/\" class=\"elementor-item\" tabindex=\"-1\">Adh\u00e9sion<\/a><\/li>\n<li class=\"menu-item menu-item-type-post_type menu-item-object-page menu-item-19633\"><a href=\"https:\/\/oaggao.ca\/fr\/simpliquer\/commandites-dentreprises\/\" class=\"elementor-item\" tabindex=\"-1\">Commandites d\u2019entreprises<\/a><\/li>\n<li class=\"menu-item menu-item-type-post_type menu-item-object-page menu-item-19632\"><a href=\"https:\/\/oaggao.ca\/fr\/simpliquer\/dons-planifies\/\" class=\"elementor-item\" tabindex=\"-1\">Dons planifi\u00e9s<\/a><\/li>\n<li class=\"menu-item menu-item-type-post_type menu-item-object-page menu-item-19635\"><a href=\"https:\/\/oaggao.ca\/fr\/faire-un-don\/\" class=\"elementor-item\" tabindex=\"-1\">Faire un don<\/a><\/li>\n<\/ul>\t\t\t<\/nav>\n\t\t\t\t\t\t<\/div>\n\t\t\t\t<\/div>\n\t\t\t\t\t<\/div>\n\t\t<\/div>\n\t\t\t\t\t<\/div>\n\t\t<\/section>\n\t\t\t\t<section class=\"elementor-section elementor-top-section elementor-element elementor-element-82b059a elementor-section-boxed elementor-section-height-default elementor-section-height-default\" data-id=\"82b059a\" data-element_type=\"section\">\n\t\t\t\t\t\t<div class=\"elementor-container elementor-column-gap-default\">\n\t\t\t\t\t<div class=\"elementor-column elementor-col-100 elementor-top-column elementor-element elementor-element-2a14cea\" data-id=\"2a14cea\" data-element_type=\"column\">\n\t\t\t<div class=\"elementor-widget-wrap elementor-element-populated\">\n\t\t\t\t\t\t<div class=\"elementor-element elementor-element-80e255b elementor-widget elementor-widget-heading\" data-id=\"80e255b\" data-element_type=\"widget\" data-widget_type=\"heading.default\">\n\t\t\t\t<div class=\"elementor-widget-container\">\n\t\t\t\t\t<h2 class=\"elementor-heading-title elementor-size-default\">SOUTENIR LE FONDS D'ACQUISITIONS BILL STAUBI<\/h2>\t\t\t\t<\/div>\n\t\t\t\t<\/div>\n\t\t\t\t\t<\/div>\n\t\t<\/div>\n\t\t\t\t\t<\/div>\n\t\t<\/section>\n\t\t\t\t<section class=\"elementor-section elementor-top-section elementor-element elementor-element-1d083ef elementor-section-boxed elementor-section-height-default elementor-section-height-default\" data-id=\"1d083ef\" data-element_type=\"section\">\n\t\t\t\t\t\t<div class=\"elementor-container elementor-column-gap-default\">\n\t\t\t\t\t<div class=\"elementor-column elementor-col-100 elementor-top-column elementor-element elementor-element-2289ff3\" data-id=\"2289ff3\" data-element_type=\"column\">\n\t\t\t<div class=\"elementor-widget-wrap elementor-element-populated\">\n\t\t\t\t\t\t<div class=\"elementor-element elementor-element-c0edb08 elementor-widget elementor-widget-text-editor\" data-id=\"c0edb08\" data-element_type=\"widget\" data-widget_type=\"text-editor.default\">\n\t\t\t\t<div class=\"elementor-widget-container\">\n\t\t\t\t\t\t\t\t\t<p><span data-teams=\"true\">La Galerie d\u2019art d\u2019Ottawa est fi\u00e8re d\u2019honorer les contributions philanthropiques, culturelles et en mati\u00e8re de mentorat de Bill Staubi gr\u00e2ce au <strong>Fonds d\u2019acquisitions Bill Staubi<\/strong>. Cette initiative est d\u00e9di\u00e9e \u00e0 l\u2019achat d\u2019\u0153uvres d\u2019art r\u00e9alis\u00e9es par des artistes en d\u00e9but de carri\u00e8re, en particulier des artistes de la communaut\u00e9 2ELGBTQQIA+.<\/span><\/p><p><span data-contrast=\"auto\">Bill Staubi, un m\u00e9c\u00e8ne passionn\u00e9, aussi collectionneur et rassembleur de communaut\u00e9, est un pilier du milieu artistique d\u2019Ottawa, qu\u2019il a contribu\u00e9 \u00e0 enrichir par un esprit de cr\u00e9ativit\u00e9 et de g\u00e9n\u00e9rosit\u00e9. Pour d\u2019innombrables artistes, Bill est la premi\u00e8re personne \u00e0 avoir achet\u00e9 leur \u0153uvre \u2014 un geste qui leur a apport\u00e9 non seulement un soutien financier, mais aussi un profond sentiment de reconnaissance, d\u2019appartenance et d\u2019encouragement, et ce souvent \u00e0 un moment d\u00e9terminant dans leur parcours.<\/span><span data-ccp-props=\"{}\">\u00a0<\/span><\/p><p><span data-contrast=\"auto\">Lanc\u00e9 en lien avec l\u2019exposition <\/span><a href=\"https:\/\/oaggao.ca\/fr\/a-laffiche\/exposition\/la-grotte\/\"><i><span data-contrast=\"none\">La Grotte<\/span><\/i><\/a><span data-contrast=\"auto\"> pr\u00e9sent\u00e9e \u00e0 la GAO, ce fonds veille \u00e0 faire rayonner le legs culturel de Bill pour les ann\u00e9es \u00e0 venir, en soutenant la prochaine g\u00e9n\u00e9ration d\u2019artistes et en enrichissant la collection de la GAO de voix \u00e9mergeantes et significatives.<\/span><span data-ccp-props=\"{&quot;134233117&quot;:false,&quot;134233118&quot;:false,&quot;201341983&quot;:0,&quot;335559738&quot;:0,&quot;335559739&quot;:160,&quot;335559740&quot;:257}\">\u00a0<\/span><\/p>\t\t\t\t\t\t\t\t<\/div>\n\t\t\t\t<\/div>\n\t\t\t\t\t<\/div>\n\t\t<\/div>\n\t\t\t\t\t<\/div>\n\t\t<\/section>\n\t\t\t\t<section class=\"elementor-section elementor-top-section elementor-element elementor-element-a336652 elementor-section-boxed elementor-section-height-default elementor-section-height-default\" data-id=\"a336652\" data-element_type=\"section\">\n\t\t\t\t\t\t<div class=\"elementor-container elementor-column-gap-default\">\n\t\t\t\t\t<div class=\"elementor-column elementor-col-50 elementor-top-column elementor-element elementor-element-732febe\" data-id=\"732febe\" data-element_type=\"column\">\n\t\t\t<div class=\"elementor-widget-wrap elementor-element-populated\">\n\t\t\t\t\t\t<div class=\"elementor-element elementor-element-3ec520b elementor-widget elementor-widget-image\" data-id=\"3ec520b\" data-element_type=\"widget\" data-widget_type=\"image.default\">\n\t\t\t\t<div class=\"elementor-widget-container\">\n\t\t\t\t\t\t\t\t\t\t\t\t\t\t\t<img fetchpriority=\"high\" decoding=\"async\" width=\"800\" height=\"534\" src=\"https:\/\/oaggao.ca\/wp-content\/uploads\/2025\/01\/2024.06.29-1024x683.jpg\" class=\"attachment-large size-large wp-image-43668\" alt=\"\" srcset=\"https:\/\/oaggao.ca\/wp-content\/uploads\/2025\/01\/2024.06.29-1024x683.jpg 1024w, https:\/\/oaggao.ca\/wp-content\/uploads\/2025\/01\/2024.06.29-300x200.jpg 300w, https:\/\/oaggao.ca\/wp-content\/uploads\/2025\/01\/2024.06.29-768x512.jpg 768w, https:\/\/oaggao.ca\/wp-content\/uploads\/2025\/01\/2024.06.29-1536x1025.jpg 1536w, https:\/\/oaggao.ca\/wp-content\/uploads\/2025\/01\/2024.06.29-600x400.jpg 600w, https:\/\/oaggao.ca\/wp-content\/uploads\/2025\/01\/2024.06.29.jpg 2000w\" sizes=\"(max-width: 800px) 100vw, 800px\" \/>\t\t\t\t\t\t\t\t\t\t\t\t\t\t\t<\/div>\n\t\t\t\t<\/div>\n\t\t\t\t\t<\/div>\n\t\t<\/div>\n\t\t\t\t<div class=\"elementor-column elementor-col-50 elementor-top-column elementor-element elementor-element-eb056e0\" data-id=\"eb056e0\" data-element_type=\"column\">\n\t\t\t<div class=\"elementor-widget-wrap elementor-element-populated\">\n\t\t\t\t\t\t<div class=\"elementor-element elementor-element-e4d9b64 elementor-widget elementor-widget-image\" data-id=\"e4d9b64\" data-element_type=\"widget\" data-widget_type=\"image.default\">\n\t\t\t\t<div class=\"elementor-widget-container\">\n\t\t\t\t\t\t\t\t\t\t\t\t\t\t\t<img decoding=\"async\" width=\"800\" height=\"534\" src=\"https:\/\/oaggao.ca\/wp-content\/uploads\/2025\/06\/RT5_oag_0074-1024x683.jpg\" class=\"attachment-large size-large wp-image-45853\" alt=\"\" srcset=\"https:\/\/oaggao.ca\/wp-content\/uploads\/2025\/06\/RT5_oag_0074-1024x683.jpg 1024w, https:\/\/oaggao.ca\/wp-content\/uploads\/2025\/06\/RT5_oag_0074-300x200.jpg 300w, https:\/\/oaggao.ca\/wp-content\/uploads\/2025\/06\/RT5_oag_0074-768x512.jpg 768w, https:\/\/oaggao.ca\/wp-content\/uploads\/2025\/06\/RT5_oag_0074-1536x1024.jpg 1536w, https:\/\/oaggao.ca\/wp-content\/uploads\/2025\/06\/RT5_oag_0074-scaled.jpg 2048w, https:\/\/oaggao.ca\/wp-content\/uploads\/2025\/06\/RT5_oag_0074-600x400.jpg 600w\" sizes=\"(max-width: 800px) 100vw, 800px\" \/>\t\t\t\t\t\t\t\t\t\t\t\t\t\t\t<\/div>\n\t\t\t\t<\/div>\n\t\t\t\t\t<\/div>\n\t\t<\/div>\n\t\t\t\t\t<\/div>\n\t\t<\/section>\n\t\t\t\t<section class=\"elementor-section elementor-top-section elementor-element elementor-element-2f9b97a elementor-section-boxed elementor-section-height-default elementor-section-height-default\" data-id=\"2f9b97a\" data-element_type=\"section\">\n\t\t\t\t\t\t<div class=\"elementor-container elementor-column-gap-default\">\n\t\t\t\t\t<div class=\"elementor-column elementor-col-50 elementor-top-column elementor-element elementor-element-6234b92\" data-id=\"6234b92\" data-element_type=\"column\">\n\t\t\t<div class=\"elementor-widget-wrap elementor-element-populated\">\n\t\t\t\t\t\t<div class=\"elementor-element elementor-element-a29a99d elementor-widget elementor-widget-image\" data-id=\"a29a99d\" data-element_type=\"widget\" data-widget_type=\"image.default\">\n\t\t\t\t<div class=\"elementor-widget-container\">\n\t\t\t\t\t\t\t\t\t\t\t\t\t\t\t<img decoding=\"async\" width=\"800\" height=\"534\" src=\"https:\/\/oaggao.ca\/wp-content\/uploads\/2025\/06\/RT5_oag_0008-1024x683.jpg\" class=\"attachment-large size-large wp-image-45855\" alt=\"\" srcset=\"https:\/\/oaggao.ca\/wp-content\/uploads\/2025\/06\/RT5_oag_0008-1024x683.jpg 1024w, https:\/\/oaggao.ca\/wp-content\/uploads\/2025\/06\/RT5_oag_0008-300x200.jpg 300w, https:\/\/oaggao.ca\/wp-content\/uploads\/2025\/06\/RT5_oag_0008-768x512.jpg 768w, https:\/\/oaggao.ca\/wp-content\/uploads\/2025\/06\/RT5_oag_0008-1536x1025.jpg 1536w, https:\/\/oaggao.ca\/wp-content\/uploads\/2025\/06\/RT5_oag_0008-scaled.jpg 2048w, https:\/\/oaggao.ca\/wp-content\/uploads\/2025\/06\/RT5_oag_0008-600x400.jpg 600w\" sizes=\"(max-width: 800px) 100vw, 800px\" \/>\t\t\t\t\t\t\t\t\t\t\t\t\t\t\t<\/div>\n\t\t\t\t<\/div>\n\t\t\t\t\t<\/div>\n\t\t<\/div>\n\t\t\t\t<div class=\"elementor-column elementor-col-50 elementor-top-column elementor-element elementor-element-1b3c77b\" data-id=\"1b3c77b\" data-element_type=\"column\">\n\t\t\t<div class=\"elementor-widget-wrap elementor-element-populated\">\n\t\t\t\t\t\t<div class=\"elementor-element elementor-element-57fab5d elementor-widget elementor-widget-image\" data-id=\"57fab5d\" data-element_type=\"widget\" data-widget_type=\"image.default\">\n\t\t\t\t<div class=\"elementor-widget-container\">\n\t\t\t\t\t\t\t\t\t\t\t\t\t\t\t<img loading=\"lazy\" decoding=\"async\" width=\"800\" height=\"534\" src=\"https:\/\/oaggao.ca\/wp-content\/uploads\/2025\/05\/RT5_oag_0049-1024x683.jpg\" class=\"attachment-large size-large wp-image-45296\" alt=\"\" srcset=\"https:\/\/oaggao.ca\/wp-content\/uploads\/2025\/05\/RT5_oag_0049-1024x683.jpg 1024w, https:\/\/oaggao.ca\/wp-content\/uploads\/2025\/05\/RT5_oag_0049-300x200.jpg 300w, https:\/\/oaggao.ca\/wp-content\/uploads\/2025\/05\/RT5_oag_0049-768x512.jpg 768w, https:\/\/oaggao.ca\/wp-content\/uploads\/2025\/05\/RT5_oag_0049-600x400.jpg 600w, https:\/\/oaggao.ca\/wp-content\/uploads\/2025\/05\/RT5_oag_0049.jpg 1200w\" sizes=\"(max-width: 800px) 100vw, 800px\" \/>\t\t\t\t\t\t\t\t\t\t\t\t\t\t\t<\/div>\n\t\t\t\t<\/div>\n\t\t\t\t\t<\/div>\n\t\t<\/div>\n\t\t\t\t\t<\/div>\n\t\t<\/section>\n\t\t\t\t<section class=\"elementor-section elementor-top-section elementor-element elementor-element-129f69f elementor-section-boxed elementor-section-height-default elementor-section-height-default\" data-id=\"129f69f\" data-element_type=\"section\">\n\t\t\t\t\t\t<div class=\"elementor-container elementor-column-gap-default\">\n\t\t\t\t\t<div class=\"elementor-column elementor-col-100 elementor-top-column elementor-element elementor-element-272776c\" data-id=\"272776c\" data-element_type=\"column\">\n\t\t\t<div class=\"elementor-widget-wrap elementor-element-populated\">\n\t\t\t\t\t\t<div class=\"elementor-element elementor-element-dbec215 elementor-widget elementor-widget-video\" data-id=\"dbec215\" data-element_type=\"widget\" data-settings=\"{&quot;youtube_url&quot;:&quot;https:\\\/\\\/youtu.be\\\/bkEdfUNeB2U&quot;,&quot;video_type&quot;:&quot;youtube&quot;,&quot;controls&quot;:&quot;yes&quot;}\" data-widget_type=\"video.default\">\n\t\t\t\t<div class=\"elementor-widget-container\">\n\t\t\t\t\t\t\t<div class=\"elementor-wrapper elementor-open-inline\">\n\t\t\t<div class=\"elementor-video\"><\/div>\t\t<\/div>\n\t\t\t\t\t\t<\/div>\n\t\t\t\t<\/div>\n\t\t\t\t\t<\/div>\n\t\t<\/div>\n\t\t\t\t\t<\/div>\n\t\t<\/section>\n\t\t\t\t<section class=\"elementor-section elementor-top-section elementor-element elementor-element-f2eb4c6 elementor-section-boxed elementor-section-height-default elementor-section-height-default\" data-id=\"f2eb4c6\" data-element_type=\"section\">\n\t\t\t\t\t\t<div class=\"elementor-container elementor-column-gap-default\">\n\t\t\t\t\t<div class=\"elementor-column elementor-col-100 elementor-top-column elementor-element elementor-element-a36bbca\" data-id=\"a36bbca\" data-element_type=\"column\">\n\t\t\t<div class=\"elementor-widget-wrap elementor-element-populated\">\n\t\t\t\t\t\t<div class=\"elementor-element elementor-element-f7f9ee0 elementor-widget elementor-widget-heading\" data-id=\"f7f9ee0\" data-element_type=\"widget\" data-widget_type=\"heading.default\">\n\t\t\t\t<div class=\"elementor-widget-container\">\n\t\t\t\t\t<h2 class=\"elementor-heading-title elementor-size-default\">Faire un don<\/h2>\t\t\t\t<\/div>\n\t\t\t\t<\/div>\n\t\t\t\t\t<\/div>\n\t\t<\/div>\n\t\t\t\t\t<\/div>\n\t\t<\/section>\n\t\t\t\t<section class=\"elementor-section elementor-top-section elementor-element elementor-element-c7b6280 elementor-section-boxed elementor-section-height-default elementor-section-height-default\" data-id=\"c7b6280\" data-element_type=\"section\">\n\t\t\t\t\t\t<div class=\"elementor-container elementor-column-gap-default\">\n\t\t\t\t\t<div class=\"elementor-column elementor-col-100 elementor-top-column elementor-element elementor-element-f785e2e\" data-id=\"f785e2e\" data-element_type=\"column\">\n\t\t\t<div class=\"elementor-widget-wrap elementor-element-populated\">\n\t\t\t\t\t\t<div class=\"elementor-element elementor-element-24a4d0f elementor-widget elementor-widget-shortcode\" data-id=\"24a4d0f\" data-element_type=\"widget\" data-widget_type=\"shortcode.default\">\n\t\t\t\t<div class=\"elementor-widget-container\">\n\t\t\t\t\t\t\t<div class=\"elementor-shortcode\"><div id=\"blackbaud-goal_meter_3efec92d-0a6c-427f-b1e5-c6eeb39f7ab4\" class=\"BB-goal-meter BB-goal-meter-fill BB-confetti\" style=\"width:100%;max-width:800px;padding:0px\"><\/div><script src=\"https:\/\/sky.blackbaudcdn.net\/static\/website-components-cdn\/1\/main.js\"><\/script><script>BBWebsiteComponent.goalMeter('renxt', 'p-ELeLuTZRmkWDAP5wAscPHg', '3efec92d-0a6c-427f-b1e5-c6eeb39f7ab4', 'can', 75)<\/script><\/div>\n\t\t\t\t\t\t<\/div>\n\t\t\t\t<\/div>\n\t\t\t\t\t<\/div>\n\t\t<\/div>\n\t\t\t\t\t<\/div>\n\t\t<\/section>\n\t\t\t\t<section class=\"elementor-section elementor-top-section elementor-element elementor-element-24fd4df elementor-section-boxed elementor-section-height-default elementor-section-height-default\" data-id=\"24fd4df\" data-element_type=\"section\">\n\t\t\t\t\t\t<div class=\"elementor-container elementor-column-gap-default\">\n\t\t\t\t\t<div class=\"elementor-column elementor-col-100 elementor-top-column elementor-element elementor-element-f0fcbe9\" data-id=\"f0fcbe9\" data-element_type=\"column\">\n\t\t\t<div class=\"elementor-widget-wrap elementor-element-populated\">\n\t\t\t\t\t\t<div class=\"elementor-element elementor-element-fedead9 elementor-widget elementor-widget-shortcode\" data-id=\"fedead9\" data-element_type=\"widget\" data-widget_type=\"shortcode.default\">\n\t\t\t\t<div class=\"elementor-widget-container\">\n\t\t\t\t\t\t\t<div class=\"elementor-shortcode\"><div id=\"blackbaud-donation-form_96ef9cde-f8f7-4fa6-b722-73ced88f505c\"><\/div>\n        <script src=\"https:\/\/sky.blackbaudcdn.net\/static\/donor-form-loader\/2\/main.js\"><\/script>\n        <script>BBDonorFormLoader.newBlackbaudDonationFormZoned('renxt', 'p-ELeLuTZRmkWDAP5wAscPHg', '96ef9cde-f8f7-4fa6-b722-73ced88f505c', 'can')<\/script>\n<\/div>\n\t\t\t\t\t\t<\/div>\n\t\t\t\t<\/div>\n\t\t\t\t\t<\/div>\n\t\t<\/div>\n\t\t\t\t\t<\/div>\n\t\t<\/section>\n\t\t\t\t<section class=\"elementor-section elementor-top-section elementor-element elementor-element-4d4f37d elementor-section-boxed elementor-section-height-default elementor-section-height-default\" data-id=\"4d4f37d\" data-element_type=\"section\">\n\t\t\t\t\t\t<div class=\"elementor-container elementor-column-gap-default\">\n\t\t\t\t\t<div class=\"elementor-column elementor-col-100 elementor-top-column elementor-element elementor-element-8822734\" data-id=\"8822734\" data-element_type=\"column\">\n\t\t\t<div class=\"elementor-widget-wrap elementor-element-populated\">\n\t\t\t\t\t\t<div class=\"elementor-element elementor-element-2220c2c elementor-widget elementor-widget-text-editor\" data-id=\"2220c2c\" data-element_type=\"widget\" data-widget_type=\"text-editor.default\">\n\t\t\t\t<div class=\"elementor-widget-container\">\n\t\t\t\t\t\t\t\t\t<p><em><strong>Note<\/strong><\/em><\/p><p>\u00ab One-time donation \u00bb se traduit par \u00ab don unique \u00bb<\/p><p>\u00ab Recurring donation \u00bb se traduit par \u00ab don mensuel \u00bb<\/p>\t\t\t\t\t\t\t\t<\/div>\n\t\t\t\t<\/div>\n\t\t\t\t\t<\/div>\n\t\t<\/div>\n\t\t\t\t\t<\/div>\n\t\t<\/section>\n\t\t\t\t<section class=\"elementor-section elementor-top-section elementor-element elementor-element-a1e2f66 elementor-section-boxed elementor-section-height-default elementor-section-height-default\" data-id=\"a1e2f66\" data-element_type=\"section\">\n\t\t\t\t\t\t<div class=\"elementor-container elementor-column-gap-default\">\n\t\t\t\t\t<div class=\"elementor-column elementor-col-100 elementor-top-column elementor-element elementor-element-1d03afa\" data-id=\"1d03afa\" data-element_type=\"column\">\n\t\t\t<div class=\"elementor-widget-wrap elementor-element-populated\">\n\t\t\t\t\t\t<div class=\"elementor-element elementor-element-f52d278 elementor-widget elementor-widget-text-editor\" data-id=\"f52d278\" data-element_type=\"widget\" data-widget_type=\"text-editor.default\">\n\t\t\t\t<div class=\"elementor-widget-container\">\n\t\t\t\t\t\t\t\t\t<p><em><strong>Images (de gauche \u00e0 droite) :<\/strong><\/em><\/p><p>Marie-Claude Marquis, <i>It\u2019s Not a Phase Mom\u00a0<\/i>[Non maman, ce n\u2019est pas une phase]<i>,\u00a0<\/i>2019, broderie sur lin, photo : R\u00e9mi Th\u00e9riault<\/p><p>Carl Stewart, <i>c\u00e0rn\u00a0<\/i>[tas de pierres]<i>,\u00a0<\/i>2016\u20132025, \u00ab pierres \u00bb en feutre de laine aiguillet\u00e9, photo : R\u00e9mi Th\u00e9riault<\/p><p>Artiste au nom inconnu, <i>Untitled (Joan of Arc)\u00a0<\/i>[Sans titre (Jeanne d\u2019Arc)], s. d., vitrail, pr\u00eat d\u2019une collection particuli\u00e8re, photo : R\u00e9mi Th\u00e9riault<\/p><p><i>La Grotte. La collection Bill Staubi<\/i>, vue de l\u2019installation, Galerie d\u2019art d\u2019Ottawa, 2025, photo : Lindsay Ralph<\/p>\t\t\t\t\t\t\t\t<\/div>\n\t\t\t\t<\/div>\n\t\t\t\t\t<\/div>\n\t\t<\/div>\n\t\t\t\t\t<\/div>\n\t\t<\/section>\n\t\t\t\t<\/div>\n\t\t","protected":false},"excerpt":{"rendered":"<p>Fonds d\u2019acquisitions Bill Staubi SOUTENIR LE FONDS D&rsquo;ACQUISITIONS BILL STAUBI La Galerie d\u2019art d\u2019Ottawa est fi\u00e8re d\u2019honorer les contributions philanthropiques, culturelles et en mati\u00e8re de mentorat de Bill Staubi gr\u00e2ce [&hellip;]<\/p>\n","protected":false},"author":25,"featured_media":0,"parent":0,"menu_order":0,"comment_status":"closed","ping_status":"closed","template":"","meta":{"_acf_changed":false,"footnotes":""},"class_list":["post-45850","page","type-page","status-publish","hentry"],"acf":[],"aioseo_notices":[],"_links":{"self":[{"href":"https:\/\/oaggao.ca\/fr\/wp-json\/wp\/v2\/pages\/45850","targetHints":{"allow":["GET"]}}],"collection":[{"href":"https:\/\/oaggao.ca\/fr\/wp-json\/wp\/v2\/pages"}],"about":[{"href":"https:\/\/oaggao.ca\/fr\/wp-json\/wp\/v2\/types\/page"}],"author":[{"embeddable":true,"href":"https:\/\/oaggao.ca\/fr\/wp-json\/wp\/v2\/users\/25"}],"replies":[{"embeddable":true,"href":"https:\/\/oaggao.ca\/fr\/wp-json\/wp\/v2\/comments?post=45850"}],"version-history":[{"count":0,"href":"https:\/\/oaggao.ca\/fr\/wp-json\/wp\/v2\/pages\/45850\/revisions"}],"wp:attachment":[{"href":"https:\/\/oaggao.ca\/fr\/wp-json\/wp\/v2\/media?parent=45850"}],"curies":[{"name":"wp","href":"https:\/\/api.w.org\/{rel}","templated":true}]}}