{"id":48665,"date":"2026-03-06T10:01:03","date_gmt":"2026-03-06T15:01:03","guid":{"rendered":"https:\/\/oaggao.ca\/?page_id=48665"},"modified":"2026-03-13T12:34:59","modified_gmt":"2026-03-13T16:34:59","slug":"200-la-culture-au-coeur","status":"publish","type":"page","link":"https:\/\/oaggao.ca\/fr\/a-laffiche\/200-la-culture-au-coeur\/","title":{"rendered":"200+ La culture au c\u0153ur"},"content":{"rendered":"\t\t<div data-elementor-type=\"wp-page\" data-elementor-id=\"48665\" class=\"elementor elementor-48665 elementor-48664\" data-elementor-post-type=\"page\">\n\t\t\t\t\t\t<section class=\"elementor-section elementor-top-section elementor-element elementor-element-dc5c030 elementor-section-height-min-height elementor-section-boxed elementor-section-height-default elementor-section-items-middle\" data-id=\"dc5c030\" data-element_type=\"section\" data-settings=\"{&quot;background_background&quot;:&quot;classic&quot;}\">\n\t\t\t\t\t\t\t<div class=\"elementor-background-overlay\"><\/div>\n\t\t\t\t\t\t\t<div class=\"elementor-container elementor-column-gap-default\">\n\t\t\t\t\t<div class=\"elementor-column elementor-col-100 elementor-top-column elementor-element elementor-element-36c29b0\" data-id=\"36c29b0\" data-element_type=\"column\">\n\t\t\t<div class=\"elementor-widget-wrap elementor-element-populated\">\n\t\t\t\t\t\t<div class=\"elementor-element elementor-element-d6a80e7 elementor-widget elementor-widget-heading\" data-id=\"d6a80e7\" data-element_type=\"widget\" data-widget_type=\"heading.default\">\n\t\t\t\t<div class=\"elementor-widget-container\">\n\t\t\t\t\t<h1 class=\"elementor-heading-title elementor-size-default\">200+ La culture au c\u0153ur <\/h1>\t\t\t\t<\/div>\n\t\t\t\t<\/div>\n\t\t\t\t\t<\/div>\n\t\t<\/div>\n\t\t\t\t\t<\/div>\n\t\t<\/section>\n\t\t\t\t<section class=\"elementor-section elementor-top-section elementor-element elementor-element-e1e7bf7 elementor-section-boxed elementor-section-height-default elementor-section-height-default\" data-id=\"e1e7bf7\" data-element_type=\"section\" data-settings=\"{&quot;background_background&quot;:&quot;classic&quot;}\">\n\t\t\t\t\t\t<div class=\"elementor-container elementor-column-gap-default\">\n\t\t\t\t\t<div class=\"elementor-column elementor-col-100 elementor-top-column elementor-element elementor-element-752273e\" data-id=\"752273e\" data-element_type=\"column\">\n\t\t\t<div class=\"elementor-widget-wrap elementor-element-populated\">\n\t\t\t\t\t\t<div class=\"elementor-element elementor-element-ce59acb elementor-nav-menu__align-center elementor-nav-menu--dropdown-tablet elementor-nav-menu__text-align-aside elementor-nav-menu--toggle elementor-nav-menu--burger elementor-widget elementor-widget-nav-menu\" data-id=\"ce59acb\" data-element_type=\"widget\" data-settings=\"{&quot;layout&quot;:&quot;horizontal&quot;,&quot;submenu_icon&quot;:{&quot;value&quot;:&quot;&lt;i class=\\&quot;fas fa-caret-down\\&quot; aria-hidden=\\&quot;true\\&quot;&gt;&lt;\\\/i&gt;&quot;,&quot;library&quot;:&quot;fa-solid&quot;},&quot;toggle&quot;:&quot;burger&quot;}\" data-widget_type=\"nav-menu.default\">\n\t\t\t\t<div class=\"elementor-widget-container\">\n\t\t\t\t\t\t\t\t<nav aria-label=\"Menu\" class=\"elementor-nav-menu--main elementor-nav-menu__container elementor-nav-menu--layout-horizontal e--pointer-none\">\n\t\t\t\t<ul id=\"menu-1-ce59acb\" class=\"elementor-nav-menu\"><li class=\"menu-item menu-item-type-post_type menu-item-object-page menu-item-15660\"><a href=\"https:\/\/oaggao.ca\/fr\/a-laffiche\/exposition\/\" class=\"elementor-item\">Expositions<\/a><\/li>\n<li class=\"menu-item menu-item-type-post_type menu-item-object-page menu-item-15659\"><a href=\"https:\/\/oaggao.ca\/fr\/a-laffiche\/evenements\/\" class=\"elementor-item\">\u00c9v\u00e8nements et causeries<\/a><\/li>\n<li class=\"menu-item menu-item-type-post_type menu-item-object-page menu-item-15662\"><a href=\"https:\/\/oaggao.ca\/fr\/a-laffiche\/nouvelles\/\" class=\"elementor-item\">Nouvelles<\/a><\/li>\n<li class=\"menu-item menu-item-type-post_type menu-item-object-page menu-item-15661\"><a href=\"https:\/\/oaggao.ca\/fr\/a-laffiche\/lencan-dart\/\" class=\"elementor-item\">L\u2019encan d\u2019art<\/a><\/li>\n<li class=\"menu-item menu-item-type-post_type menu-item-object-page menu-item-43416\"><a href=\"https:\/\/oaggao.ca\/fr\/apprendre\/activites-et-programmes-publics\/enfants-et-les-familles\/camps-artistiques\/\" class=\"elementor-item\">Camps artistiques<\/a><\/li>\n<li class=\"menu-item menu-item-type-post_type menu-item-object-page menu-item-48763\"><a href=\"https:\/\/oaggao.ca\/fr\/a-laffiche\/200-la-culture-au-coeur\/\" class=\"elementor-item\">200+ La culture au c\u0153ur<\/a><\/li>\n<\/ul>\t\t\t<\/nav>\n\t\t\t\t\t<div class=\"elementor-menu-toggle\" role=\"button\" tabindex=\"0\" aria-label=\"Permuter le menu\" aria-expanded=\"false\">\n\t\t\t<i aria-hidden=\"true\" role=\"presentation\" class=\"elementor-menu-toggle__icon--open eicon-menu-bar\"><\/i><i aria-hidden=\"true\" role=\"presentation\" class=\"elementor-menu-toggle__icon--close eicon-close\"><\/i>\t\t<\/div>\n\t\t\t\t\t<nav class=\"elementor-nav-menu--dropdown elementor-nav-menu__container\" aria-hidden=\"true\">\n\t\t\t\t<ul id=\"menu-2-ce59acb\" class=\"elementor-nav-menu\"><li class=\"menu-item menu-item-type-post_type menu-item-object-page menu-item-15660\"><a href=\"https:\/\/oaggao.ca\/fr\/a-laffiche\/exposition\/\" class=\"elementor-item\" tabindex=\"-1\">Expositions<\/a><\/li>\n<li class=\"menu-item menu-item-type-post_type menu-item-object-page menu-item-15659\"><a href=\"https:\/\/oaggao.ca\/fr\/a-laffiche\/evenements\/\" class=\"elementor-item\" tabindex=\"-1\">\u00c9v\u00e8nements et causeries<\/a><\/li>\n<li class=\"menu-item menu-item-type-post_type menu-item-object-page menu-item-15662\"><a href=\"https:\/\/oaggao.ca\/fr\/a-laffiche\/nouvelles\/\" class=\"elementor-item\" tabindex=\"-1\">Nouvelles<\/a><\/li>\n<li class=\"menu-item menu-item-type-post_type menu-item-object-page menu-item-15661\"><a href=\"https:\/\/oaggao.ca\/fr\/a-laffiche\/lencan-dart\/\" class=\"elementor-item\" tabindex=\"-1\">L\u2019encan d\u2019art<\/a><\/li>\n<li class=\"menu-item menu-item-type-post_type menu-item-object-page menu-item-43416\"><a href=\"https:\/\/oaggao.ca\/fr\/apprendre\/activites-et-programmes-publics\/enfants-et-les-familles\/camps-artistiques\/\" class=\"elementor-item\" tabindex=\"-1\">Camps artistiques<\/a><\/li>\n<li class=\"menu-item menu-item-type-post_type menu-item-object-page menu-item-48763\"><a href=\"https:\/\/oaggao.ca\/fr\/a-laffiche\/200-la-culture-au-coeur\/\" class=\"elementor-item\" tabindex=\"-1\">200+ La culture au c\u0153ur<\/a><\/li>\n<\/ul>\t\t\t<\/nav>\n\t\t\t\t\t\t<\/div>\n\t\t\t\t<\/div>\n\t\t\t\t\t<\/div>\n\t\t<\/div>\n\t\t\t\t\t<\/div>\n\t\t<\/section>\n\t\t\t\t<section class=\"elementor-section elementor-top-section elementor-element elementor-element-9169670 elementor-section-boxed elementor-section-height-default elementor-section-height-default\" data-id=\"9169670\" data-element_type=\"section\">\n\t\t\t\t\t\t<div class=\"elementor-container elementor-column-gap-default\">\n\t\t\t\t\t<div class=\"elementor-column elementor-col-100 elementor-top-column elementor-element elementor-element-51615ea\" data-id=\"51615ea\" data-element_type=\"column\">\n\t\t\t<div class=\"elementor-widget-wrap elementor-element-populated\">\n\t\t\t\t\t\t<div class=\"elementor-element elementor-element-124c761 elementor-widget elementor-widget-spacer\" data-id=\"124c761\" data-element_type=\"widget\" data-widget_type=\"spacer.default\">\n\t\t\t\t<div class=\"elementor-widget-container\">\n\t\t\t\t\t\t\t<div class=\"elementor-spacer\">\n\t\t\t<div class=\"elementor-spacer-inner\"><\/div>\n\t\t<\/div>\n\t\t\t\t\t\t<\/div>\n\t\t\t\t<\/div>\n\t\t\t\t\t<\/div>\n\t\t<\/div>\n\t\t\t\t\t<\/div>\n\t\t<\/section>\n\t\t\t\t<section class=\"elementor-section elementor-top-section elementor-element elementor-element-0df527b elementor-section-boxed elementor-section-height-default elementor-section-height-default\" data-id=\"0df527b\" data-element_type=\"section\">\n\t\t\t\t\t\t<div class=\"elementor-container elementor-column-gap-default\">\n\t\t\t\t\t<div class=\"elementor-column elementor-col-100 elementor-top-column elementor-element elementor-element-883431f\" data-id=\"883431f\" data-element_type=\"column\">\n\t\t\t<div class=\"elementor-widget-wrap elementor-element-populated\">\n\t\t\t\t\t\t<div class=\"elementor-element elementor-element-5b7f17f elementor-widget elementor-widget-heading\" data-id=\"5b7f17f\" data-element_type=\"widget\" data-widget_type=\"heading.default\">\n\t\t\t\t<div class=\"elementor-widget-container\">\n\t\t\t\t\t<h2 class=\"elementor-heading-title elementor-size-default\">L\u2019art bat son plein pour Ottawa 200 <\/h2>\t\t\t\t<\/div>\n\t\t\t\t<\/div>\n\t\t\t\t<div class=\"elementor-element elementor-element-580d807 elementor-widget elementor-widget-heading\" data-id=\"580d807\" data-element_type=\"widget\" data-widget_type=\"heading.default\">\n\t\t\t\t<div class=\"elementor-widget-container\">\n\t\t\t\t\t<h3 class=\"elementor-heading-title elementor-size-default\">24 et 27 septembre<\/h3>\t\t\t\t<\/div>\n\t\t\t\t<\/div>\n\t\t\t\t<div class=\"elementor-element elementor-element-f3b8391 elementor-widget elementor-widget-heading\" data-id=\"f3b8391\" data-element_type=\"widget\" data-widget_type=\"heading.default\">\n\t\t\t\t<div class=\"elementor-widget-container\">\n\t\t\t\t\t<h3 class=\"elementor-heading-title elementor-size-default\">centre-ville d\u2019Ottawa<\/h3>\t\t\t\t<\/div>\n\t\t\t\t<\/div>\n\t\t\t\t\t<\/div>\n\t\t<\/div>\n\t\t\t\t\t<\/div>\n\t\t<\/section>\n\t\t\t\t<section class=\"elementor-section elementor-top-section elementor-element elementor-element-0524f94 elementor-section-boxed elementor-section-height-default elementor-section-height-default\" data-id=\"0524f94\" data-element_type=\"section\">\n\t\t\t\t\t\t<div class=\"elementor-container elementor-column-gap-default\">\n\t\t\t\t\t<div class=\"elementor-column elementor-col-100 elementor-top-column elementor-element elementor-element-6afcbc8\" data-id=\"6afcbc8\" data-element_type=\"column\">\n\t\t\t<div class=\"elementor-widget-wrap elementor-element-populated\">\n\t\t\t\t\t\t<div class=\"elementor-element elementor-element-6aca21d elementor-widget elementor-widget-text-editor\" data-id=\"6aca21d\" data-element_type=\"widget\" data-widget_type=\"text-editor.default\">\n\t\t\t\t<div class=\"elementor-widget-container\">\n\t\t\t\t\t\t\t\t\t<p>L\u2019ann\u00e9e 2026 marquera le 200e d\u2019Ottawa et la Galerie d\u2019art d\u2019Ottawa est fi\u00e8re de jouer un r\u00f4le actif dans ces festivit\u00e9s en mettant \u00e0 l\u2019honneur nos communaut\u00e9s, notre cr\u00e9ativit\u00e9 et nos artistes.<\/p><p><em>200+ La culture au c\u0153ur <\/em>c\u2019est une ann\u00e9e d\u2019initiatives culturelles au centre-ville d\u2019Ottawa, qui transformera les espaces publics avec des expositions, des \u00e9v\u00e9nements et des installations interactives. En collaboration avec des artistes de la r\u00e9gion, des partenaires culturels et la Ville d\u2019Ottawa, la Galerie d\u2019art d\u2019Ottawa animera Ottawa 200 \u00e0 travers des exp\u00e9riences audacieuses et inclusives, invitant \u00e0 c\u00e9l\u00e9brer ensemble notre ville et notre avenir commun.<\/p>\t\t\t\t\t\t\t\t<\/div>\n\t\t\t\t<\/div>\n\t\t\t\t\t<\/div>\n\t\t<\/div>\n\t\t\t\t\t<\/div>\n\t\t<\/section>\n\t\t\t\t<section class=\"elementor-section elementor-top-section elementor-element elementor-element-b8e9272 elementor-section-boxed elementor-section-height-default elementor-section-height-default\" data-id=\"b8e9272\" data-element_type=\"section\">\n\t\t\t\t\t\t<div class=\"elementor-container elementor-column-gap-default\">\n\t\t\t\t\t<div class=\"elementor-column elementor-col-33 elementor-top-column elementor-element elementor-element-e049f10\" data-id=\"e049f10\" data-element_type=\"column\">\n\t\t\t<div class=\"elementor-widget-wrap elementor-element-populated\">\n\t\t\t\t\t\t<div class=\"elementor-element elementor-element-a401245 elementor-widget elementor-widget-image\" data-id=\"a401245\" data-element_type=\"widget\" data-widget_type=\"image.default\">\n\t\t\t\t<div class=\"elementor-widget-container\">\n\t\t\t\t\t\t\t\t\t\t\t\t\t\t\t<img fetchpriority=\"high\" decoding=\"async\" width=\"800\" height=\"534\" src=\"https:\/\/oaggao.ca\/wp-content\/uploads\/2026\/03\/LIN03339-1024x683.jpg\" class=\"attachment-large size-large wp-image-48668\" alt=\"\" srcset=\"https:\/\/oaggao.ca\/wp-content\/uploads\/2026\/03\/LIN03339-1024x683.jpg 1024w, https:\/\/oaggao.ca\/wp-content\/uploads\/2026\/03\/LIN03339-300x200.jpg 300w, https:\/\/oaggao.ca\/wp-content\/uploads\/2026\/03\/LIN03339-768x512.jpg 768w, https:\/\/oaggao.ca\/wp-content\/uploads\/2026\/03\/LIN03339-1536x1024.jpg 1536w, https:\/\/oaggao.ca\/wp-content\/uploads\/2026\/03\/LIN03339-600x400.jpg 600w, https:\/\/oaggao.ca\/wp-content\/uploads\/2026\/03\/LIN03339.jpg 2048w\" sizes=\"(max-width: 800px) 100vw, 800px\" \/>\t\t\t\t\t\t\t\t\t\t\t\t\t\t\t<\/div>\n\t\t\t\t<\/div>\n\t\t\t\t\t<\/div>\n\t\t<\/div>\n\t\t\t\t<div class=\"elementor-column elementor-col-33 elementor-top-column elementor-element elementor-element-92f5f22\" data-id=\"92f5f22\" data-element_type=\"column\">\n\t\t\t<div class=\"elementor-widget-wrap elementor-element-populated\">\n\t\t\t\t\t\t<div class=\"elementor-element elementor-element-00e73c7 elementor-widget elementor-widget-image\" data-id=\"00e73c7\" data-element_type=\"widget\" data-widget_type=\"image.default\">\n\t\t\t\t<div class=\"elementor-widget-container\">\n\t\t\t\t\t\t\t\t\t\t\t\t\t\t\t<img decoding=\"async\" width=\"800\" height=\"534\" src=\"https:\/\/oaggao.ca\/wp-content\/uploads\/2026\/03\/DSC01778-1024x683.jpg\" class=\"attachment-large size-large wp-image-48670\" alt=\"\" srcset=\"https:\/\/oaggao.ca\/wp-content\/uploads\/2026\/03\/DSC01778-1024x683.jpg 1024w, https:\/\/oaggao.ca\/wp-content\/uploads\/2026\/03\/DSC01778-300x200.jpg 300w, https:\/\/oaggao.ca\/wp-content\/uploads\/2026\/03\/DSC01778-768x512.jpg 768w, https:\/\/oaggao.ca\/wp-content\/uploads\/2026\/03\/DSC01778-1536x1024.jpg 1536w, https:\/\/oaggao.ca\/wp-content\/uploads\/2026\/03\/DSC01778-scaled.jpg 2048w, https:\/\/oaggao.ca\/wp-content\/uploads\/2026\/03\/DSC01778-600x400.jpg 600w\" sizes=\"(max-width: 800px) 100vw, 800px\" \/>\t\t\t\t\t\t\t\t\t\t\t\t\t\t\t<\/div>\n\t\t\t\t<\/div>\n\t\t\t\t\t<\/div>\n\t\t<\/div>\n\t\t\t\t<div class=\"elementor-column elementor-col-33 elementor-top-column elementor-element elementor-element-600e6d8\" data-id=\"600e6d8\" data-element_type=\"column\">\n\t\t\t<div class=\"elementor-widget-wrap elementor-element-populated\">\n\t\t\t\t\t\t<div class=\"elementor-element elementor-element-f45b327 elementor-widget elementor-widget-image\" data-id=\"f45b327\" data-element_type=\"widget\" data-widget_type=\"image.default\">\n\t\t\t\t<div class=\"elementor-widget-container\">\n\t\t\t\t\t\t\t\t\t\t\t\t\t\t\t<img decoding=\"async\" width=\"800\" height=\"534\" src=\"https:\/\/oaggao.ca\/wp-content\/uploads\/2024\/06\/LIN03648-1024x683.jpg\" class=\"attachment-large size-large wp-image-40546\" alt=\"\" srcset=\"https:\/\/oaggao.ca\/wp-content\/uploads\/2024\/06\/LIN03648-1024x683.jpg 1024w, https:\/\/oaggao.ca\/wp-content\/uploads\/2024\/06\/LIN03648-300x200.jpg 300w, https:\/\/oaggao.ca\/wp-content\/uploads\/2024\/06\/LIN03648-768x512.jpg 768w, https:\/\/oaggao.ca\/wp-content\/uploads\/2024\/06\/LIN03648-1536x1024.jpg 1536w, https:\/\/oaggao.ca\/wp-content\/uploads\/2024\/06\/LIN03648-scaled.jpg 2048w, https:\/\/oaggao.ca\/wp-content\/uploads\/2024\/06\/LIN03648-600x400.jpg 600w\" sizes=\"(max-width: 800px) 100vw, 800px\" \/>\t\t\t\t\t\t\t\t\t\t\t\t\t\t\t<\/div>\n\t\t\t\t<\/div>\n\t\t\t\t\t<\/div>\n\t\t<\/div>\n\t\t\t\t\t<\/div>\n\t\t<\/section>\n\t\t\t\t<section class=\"elementor-section elementor-top-section elementor-element elementor-element-a64d91f elementor-section-boxed elementor-section-height-default elementor-section-height-default\" data-id=\"a64d91f\" data-element_type=\"section\">\n\t\t\t\t\t\t<div class=\"elementor-container elementor-column-gap-default\">\n\t\t\t\t\t<div class=\"elementor-column elementor-col-100 elementor-top-column elementor-element elementor-element-20735c5\" data-id=\"20735c5\" data-element_type=\"column\">\n\t\t\t<div class=\"elementor-widget-wrap elementor-element-populated\">\n\t\t\t\t\t\t<div class=\"elementor-element elementor-element-72edbdd elementor-widget elementor-widget-text-editor\" data-id=\"72edbdd\" data-element_type=\"widget\" data-widget_type=\"text-editor.default\">\n\t\t\t\t<div class=\"elementor-widget-container\">\n\t\t\t\t\t\t\t\t\t<p>Le \u00ab\u00a0+\u00a0\u00bb met en lumi\u00e8re les histoires de ce territoire, bien ant\u00e9rieures \u00e0 la fondation de la ville, et c\u00e9l\u00e8bre la pr\u00e9sence continue et le r\u00f4le culturel des artistes autochtones.<\/p><p><em><strong>Venez c\u00e9l\u00e9brer Ottawa et son histoire, son pr\u00e9sent et son avenir \u00e0 travers le regard et les cr\u00e9ations de ses artistes.<\/strong><\/em><\/p>\t\t\t\t\t\t\t\t<\/div>\n\t\t\t\t<\/div>\n\t\t\t\t\t<\/div>\n\t\t<\/div>\n\t\t\t\t\t<\/div>\n\t\t<\/section>\n\t\t\t\t<section class=\"elementor-section elementor-top-section elementor-element elementor-element-3caaad9 elementor-section-boxed elementor-section-height-default elementor-section-height-default\" data-id=\"3caaad9\" data-element_type=\"section\">\n\t\t\t\t\t\t<div class=\"elementor-container elementor-column-gap-default\">\n\t\t\t\t\t<div class=\"elementor-column elementor-col-100 elementor-top-column elementor-element elementor-element-e989243\" data-id=\"e989243\" data-element_type=\"column\">\n\t\t\t<div class=\"elementor-widget-wrap elementor-element-populated\">\n\t\t\t\t\t\t<div class=\"elementor-element elementor-element-cdbaedb elementor-widget elementor-widget-video\" data-id=\"cdbaedb\" data-element_type=\"widget\" data-settings=\"{&quot;video_type&quot;:&quot;hosted&quot;,&quot;autoplay&quot;:&quot;yes&quot;,&quot;start&quot;:0,&quot;play_on_mobile&quot;:&quot;yes&quot;,&quot;loop&quot;:&quot;yes&quot;}\" data-widget_type=\"video.default\">\n\t\t\t\t<div class=\"elementor-widget-container\">\n\t\t\t\t\t\t\t<div class=\"e-hosted-video elementor-wrapper elementor-open-inline\">\n\t\t\t\t\t<video class=\"elementor-video\" src=\"https:\/\/oaggao.ca\/wp-content\/uploads\/2026\/02\/200-Animation_Bilingual.mp4\" autoplay=\"\" loop=\"\" playsinline=\"\" controlsList=\"nodownload\"><\/video>\n\t\t\t\t<\/div>\n\t\t\t\t\t\t<\/div>\n\t\t\t\t<\/div>\n\t\t\t\t\t<\/div>\n\t\t<\/div>\n\t\t\t\t\t<\/div>\n\t\t<\/section>\n\t\t\t\t<section class=\"elementor-section elementor-top-section elementor-element elementor-element-52d684b elementor-section-boxed elementor-section-height-default elementor-section-height-default\" data-id=\"52d684b\" data-element_type=\"section\">\n\t\t\t\t\t\t<div class=\"elementor-container elementor-column-gap-default\">\n\t\t\t\t\t<div class=\"elementor-column elementor-col-100 elementor-top-column elementor-element elementor-element-eeb326a\" data-id=\"eeb326a\" data-element_type=\"column\">\n\t\t\t<div class=\"elementor-widget-wrap elementor-element-populated\">\n\t\t\t\t\t\t<div class=\"elementor-element elementor-element-9b000df elementor-widget elementor-widget-text-editor\" data-id=\"9b000df\" data-element_type=\"widget\" data-widget_type=\"text-editor.default\">\n\t\t\t\t<div class=\"elementor-widget-container\">\n\t\t\t\t\t\t\t\t\t<p><em><strong>Nous annoncerons bient\u00f4t d\u2019autres partenariats et initiatives dans le cadre de 200+ La culture au c\u0153ur. Demeurez \u00e0 l\u2019\u00e9coute !<\/strong><\/em><\/p>\t\t\t\t\t\t\t\t<\/div>\n\t\t\t\t<\/div>\n\t\t\t\t\t<\/div>\n\t\t<\/div>\n\t\t\t\t\t<\/div>\n\t\t<\/section>\n\t\t\t\t<section class=\"elementor-section elementor-top-section elementor-element elementor-element-0743bd1 elementor-section-boxed elementor-section-height-default elementor-section-height-default\" data-id=\"0743bd1\" data-element_type=\"section\">\n\t\t\t\t\t\t<div class=\"elementor-container elementor-column-gap-default\">\n\t\t\t\t\t<div class=\"elementor-column elementor-col-50 elementor-top-column elementor-element elementor-element-8e938f7\" data-id=\"8e938f7\" data-element_type=\"column\">\n\t\t\t<div class=\"elementor-widget-wrap elementor-element-populated\">\n\t\t\t\t\t\t<div class=\"elementor-element elementor-element-8387370 elementor-widget elementor-widget-image\" data-id=\"8387370\" data-element_type=\"widget\" data-widget_type=\"image.default\">\n\t\t\t\t<div class=\"elementor-widget-container\">\n\t\t\t\t\t\t\t\t\t\t\t\t\t\t\t<img loading=\"lazy\" decoding=\"async\" width=\"800\" height=\"487\" src=\"https:\/\/oaggao.ca\/wp-content\/uploads\/2026\/01\/Ottawa200-Logo_Colour-RGB-1024x623.jpg\" class=\"attachment-large size-large wp-image-48108\" alt=\"\" srcset=\"https:\/\/oaggao.ca\/wp-content\/uploads\/2026\/01\/Ottawa200-Logo_Colour-RGB-1024x623.jpg 1024w, https:\/\/oaggao.ca\/wp-content\/uploads\/2026\/01\/Ottawa200-Logo_Colour-RGB-300x182.jpg 300w, https:\/\/oaggao.ca\/wp-content\/uploads\/2026\/01\/Ottawa200-Logo_Colour-RGB-768x467.jpg 768w, https:\/\/oaggao.ca\/wp-content\/uploads\/2026\/01\/Ottawa200-Logo_Colour-RGB-1536x934.jpg 1536w, https:\/\/oaggao.ca\/wp-content\/uploads\/2026\/01\/Ottawa200-Logo_Colour-RGB-scaled.jpg 2048w\" sizes=\"(max-width: 800px) 100vw, 800px\" \/>\t\t\t\t\t\t\t\t\t\t\t\t\t\t\t<\/div>\n\t\t\t\t<\/div>\n\t\t\t\t\t<\/div>\n\t\t<\/div>\n\t\t\t\t<div class=\"elementor-column elementor-col-50 elementor-top-column elementor-element elementor-element-dc77047\" data-id=\"dc77047\" data-element_type=\"column\">\n\t\t\t<div class=\"elementor-widget-wrap elementor-element-populated\">\n\t\t\t\t\t\t<div class=\"elementor-element elementor-element-7a9f1e8 elementor-widget__width-initial elementor-widget elementor-widget-image\" data-id=\"7a9f1e8\" data-element_type=\"widget\" data-widget_type=\"image.default\">\n\t\t\t\t<div class=\"elementor-widget-container\">\n\t\t\t\t\t\t\t\t\t\t\t\t\t\t\t<img loading=\"lazy\" decoding=\"async\" width=\"800\" height=\"339\" src=\"https:\/\/oaggao.ca\/wp-content\/uploads\/2026\/02\/2-1024x434.png\" class=\"attachment-large size-large wp-image-48264\" alt=\"\" srcset=\"https:\/\/oaggao.ca\/wp-content\/uploads\/2026\/02\/2-1024x434.png 1024w, https:\/\/oaggao.ca\/wp-content\/uploads\/2026\/02\/2-300x127.png 300w, https:\/\/oaggao.ca\/wp-content\/uploads\/2026\/02\/2-768x326.png 768w, https:\/\/oaggao.ca\/wp-content\/uploads\/2026\/02\/2.png 1304w\" sizes=\"(max-width: 800px) 100vw, 800px\" \/>\t\t\t\t\t\t\t\t\t\t\t\t\t\t\t<\/div>\n\t\t\t\t<\/div>\n\t\t\t\t\t<\/div>\n\t\t<\/div>\n\t\t\t\t\t<\/div>\n\t\t<\/section>\n\t\t\t\t<\/div>\n\t\t","protected":false},"excerpt":{"rendered":"<p>200+ La culture au c\u0153ur L\u2019art bat son plein pour Ottawa 200 24 et 27 septembre centre-ville d\u2019Ottawa L\u2019ann\u00e9e 2026 marquera le 200e d\u2019Ottawa et la Galerie d\u2019art d\u2019Ottawa est [&hellip;]<\/p>\n","protected":false},"author":25,"featured_media":0,"parent":15610,"menu_order":0,"comment_status":"closed","ping_status":"closed","template":"","meta":{"_acf_changed":false,"footnotes":""},"class_list":["post-48665","page","type-page","status-publish","hentry"],"acf":[],"aioseo_notices":[],"_links":{"self":[{"href":"https:\/\/oaggao.ca\/fr\/wp-json\/wp\/v2\/pages\/48665","targetHints":{"allow":["GET"]}}],"collection":[{"href":"https:\/\/oaggao.ca\/fr\/wp-json\/wp\/v2\/pages"}],"about":[{"href":"https:\/\/oaggao.ca\/fr\/wp-json\/wp\/v2\/types\/page"}],"author":[{"embeddable":true,"href":"https:\/\/oaggao.ca\/fr\/wp-json\/wp\/v2\/users\/25"}],"replies":[{"embeddable":true,"href":"https:\/\/oaggao.ca\/fr\/wp-json\/wp\/v2\/comments?post=48665"}],"version-history":[{"count":3,"href":"https:\/\/oaggao.ca\/fr\/wp-json\/wp\/v2\/pages\/48665\/revisions"}],"predecessor-version":[{"id":48798,"href":"https:\/\/oaggao.ca\/fr\/wp-json\/wp\/v2\/pages\/48665\/revisions\/48798"}],"up":[{"embeddable":true,"href":"https:\/\/oaggao.ca\/fr\/wp-json\/wp\/v2\/pages\/15610"}],"wp:attachment":[{"href":"https:\/\/oaggao.ca\/fr\/wp-json\/wp\/v2\/media?parent=48665"}],"curies":[{"name":"wp","href":"https:\/\/api.w.org\/{rel}","templated":true}]}}