{"id":49025,"date":"2026-03-31T13:03:56","date_gmt":"2026-03-31T17:03:56","guid":{"rendered":"https:\/\/oaggao.ca\/?page_id=49025"},"modified":"2026-04-07T22:14:02","modified_gmt":"2026-04-08T02:14:02","slug":"appel-a-candidatures-programme-de-bourse-pour-commissaire-2026-2027","status":"publish","type":"page","link":"https:\/\/oaggao.ca\/fr\/a-propos\/carrieres-et-opportunites\/appel-a-candidatures-programme-de-bourse-pour-commissaire-2026-2027\/","title":{"rendered":"Appel \u00e0 candidatures : Programme de bourse pour commissaire 2026 &#8211; 2027"},"content":{"rendered":"\t\t<div data-elementor-type=\"wp-page\" data-elementor-id=\"49025\" class=\"elementor elementor-49025 elementor-48999\" data-elementor-post-type=\"page\">\n\t\t\t\t\t\t<section class=\"elementor-section elementor-top-section elementor-element elementor-element-cb6271e elementor-section-boxed elementor-section-height-default elementor-section-height-default\" data-id=\"cb6271e\" data-element_type=\"section\">\n\t\t\t\t\t\t<div class=\"elementor-container elementor-column-gap-default\">\n\t\t\t\t\t<div class=\"elementor-column elementor-col-100 elementor-top-column elementor-element elementor-element-e12c746\" data-id=\"e12c746\" data-element_type=\"column\">\n\t\t\t<div class=\"elementor-widget-wrap elementor-element-populated\">\n\t\t\t\t\t\t<div class=\"elementor-element elementor-element-c3354ee elementor-widget elementor-widget-spacer\" data-id=\"c3354ee\" data-element_type=\"widget\" data-widget_type=\"spacer.default\">\n\t\t\t\t<div class=\"elementor-widget-container\">\n\t\t\t\t\t\t\t<div class=\"elementor-spacer\">\n\t\t\t<div class=\"elementor-spacer-inner\"><\/div>\n\t\t<\/div>\n\t\t\t\t\t\t<\/div>\n\t\t\t\t<\/div>\n\t\t\t\t<div class=\"elementor-element elementor-element-0841cca elementor-widget elementor-widget-heading\" data-id=\"0841cca\" data-element_type=\"widget\" data-widget_type=\"heading.default\">\n\t\t\t\t<div class=\"elementor-widget-container\">\n\t\t\t\t\t<h2 class=\"elementor-heading-title elementor-size-default\">Appel \u00e0 candidatures : Programme de bourse pour commissaire 2026 - 2027<\/h2>\t\t\t\t<\/div>\n\t\t\t\t<\/div>\n\t\t\t\t<div class=\"elementor-element elementor-element-9f56b2a elementor-widget elementor-widget-spacer\" data-id=\"9f56b2a\" data-element_type=\"widget\" data-widget_type=\"spacer.default\">\n\t\t\t\t<div class=\"elementor-widget-container\">\n\t\t\t\t\t\t\t<div class=\"elementor-spacer\">\n\t\t\t<div class=\"elementor-spacer-inner\"><\/div>\n\t\t<\/div>\n\t\t\t\t\t\t<\/div>\n\t\t\t\t<\/div>\n\t\t\t\t<div class=\"elementor-element elementor-element-9096825 elementor-widget elementor-widget-text-editor\" data-id=\"9096825\" data-element_type=\"widget\" data-widget_type=\"text-editor.default\">\n\t\t\t\t<div class=\"elementor-widget-container\">\n\t\t\t\t\t\t\t\t\t<p>Date limite de pr\u00e9sentation des demandes : le 28 avril 2026<br \/>Date de d\u00e9but du programme : le 11 mai 2026<br \/>Contrat \u00e0 temps partiel d\u2019une dur\u00e9e d\u2019un an<\/p><p><strong>C\u2019est avec fiert\u00e9 que la Galerie d\u2019art d\u2019Ottawa (GAO), le Mus\u00e9e des beaux-arts du Canada (MBAC) et le groupe Ottawa Black Art Kollective (OBAK) lancent la deuxi\u00e8me ann\u00e9e d\u2019un partenariat novateur con\u00e7u pour enrichir l\u2019\u00e9cologie artistique nationale et appuyer l\u2019avancement professionnel de commissaires Noir.e.s en d\u00e9but de carri\u00e8re.<\/strong><\/p><p>Le Programme de bourse pour commissaire est au c\u0153ur de cette collaboration, et propose des occasions de mentorat et de perfectionnement professionnel ainsi qu\u2019une exp\u00e9rience pratique de commissariat d\u2019exposition aupr\u00e8s des deux institutions. Cette initiative, qui a d\u00e9but\u00e9 en 2021 en tant que collaboration entre la GAO et l\u2019OBAK, s\u2019\u00e9tend maintenant pour comprendre les mandats nationaux et internationaux du MBAC. La bourse vise \u00e0 permettre \u00e0 la prochaine g\u00e9n\u00e9ration de commissaires Noir.e.s travaillant dans la r\u00e9gion de la capitale nationale de contribuer directement aux d\u00e9bats en arts contemporain et historique afin de favoriser un engagement communautaire concret.<\/p><p>Cette bourse repr\u00e9sente un pas important vers une plus grande diversit\u00e9 dans la repr\u00e9sentation d\u2019artistes et de pratiques artistiques. En offrant un soutien particulier et des possibilit\u00e9s de perfectionnement significatives, elle permet non seulement d\u2019encourager les talents \u00e9mergents en commissariat d\u2019exposition, mais aussi de fa\u00e7onner des \u00e9cosyst\u00e8mes artistiques plus \u00e9quitables et diversifi\u00e9s pour le Canada de demain.<\/p><p>Cette occasion est id\u00e9ale pour une personne aux d\u00e9buts d\u2019une carri\u00e8re en commissariat d\u2019exposition et qui est engag\u00e9e dans la promotion de sp\u00e9cialistes en arts visuels\u00a0Noir.e.s\/d\u2019ascendance Africaine\u00a0et dans l\u2019\u00e9largissement des publics.<\/p><p><strong><br \/>\u00c0 propos du Programme<\/strong><\/p><p>Le Programme de bourse pour commissaire est un poste contractuel d\u2019un an, r\u00e9mun\u00e9r\u00e9 et \u00e0 temps partiel, con\u00e7u pour soutenir une personne aux d\u00e9buts d\u2019une carri\u00e8re en commissariat d\u2019exposition qui s\u2019identifie comme Noire\/d\u2019ascendance Africaine. La bourse est divis\u00e9e en deux phases :<\/p><ul><li>Phase 1, exposition (du 11 mai au 31 ao\u00fbt 2026) : Galerie d\u2019art d\u2019Ottawa<\/li><li>Phase 2, \u00e9laboration d\u2019un texte de commissaire et d\u2019un programme public (du 1<sup>er\u00a0<\/sup>septembre\u00a02026 au 28\u00a0f\u00e9vrier\u00a02027)\u00a0: Mus\u00e9e des beaux-arts du Canada<\/li><\/ul><p>La personne choisie travaillera en collaboration avec l\u2019OBAK et sous la direction des commissaires responsables au sein des \u00e9tablissements respectifs selon la phase du projet. Dans le cadre de la phase 1 \u00e0 la GAO, elle mettra sur pied et lancera une exposition dans la Galerie Annexe de la GAO. Cette exposition sera ax\u00e9e sur les artistes de son choix. Au cours de la phase 2 au MBAC, la personne retenue entreprendra ensuite de la recherche sur les collections et r\u00e9digera un texte de commissaire au sujet de son exposition \u00e0 la GAO, en plus d\u2019\u00e9laborer conjointement une activit\u00e9 pour le public. Ce programme permettra \u00e0 la personne d\u2019acqu\u00e9rir une exp\u00e9rience approfondie de la pratique du commissariat d\u2019exposition \u00e0 l\u2019\u00e9chelle tant locale que nationale.<\/p><p><strong><br \/><\/strong><strong>Avantages de la\u00a0bourse<\/strong><\/p><ul><li>Une allocation de 16\u2009000\u00a0$ (8\u2009000\u00a0$ par phase, distribu\u00e9e en deux versements) pour un total de 48\u00a0semaines. Veuillez noter que la personne choisie collaborera avec les responsables du commissariat d\u2019exposition pour r\u00e9partir ces heures en fonction des besoins du projet et de ses capacit\u00e9s personnelles\u2009;<\/li><li>Des s\u00e9ances de mentorat avec un ou deux sp\u00e9cialistes \u00e0 l\u2019ext\u00e9rieur des \u00e9tablissements partenaires (une occasion par phase)\u2009;<\/li><li>\u00c0 la GAO, des occasions de cr\u00e9ation d\u2019exposition et de mobilisation du public\u2009;<\/li><li>Au MBAC, la recherche sur les collections, la r\u00e9daction de textes de commissaire et des occasions d\u2019engagement du public\u2009;<\/li><li>Du r\u00e9seautage professionnel et du mentorat avec des commissaires de premier plan et des sp\u00e9cialistes de divers services des mus\u00e9es\u2009;<\/li><li>Des visites d\u2019autres institutions de la r\u00e9gion ;<\/li><li>Adh\u00e9sion gratuite d\u2019un an au MBAC, comprenant l\u2019acc\u00e8s illimit\u00e9 aux collections et aux expositions sp\u00e9ciales du MBAC, ainsi que l\u2019acc\u00e8s \u00e0 d\u2019autres mus\u00e9es dans le cadre du programme d\u2019admission r\u00e9ciproque.<\/li><\/ul><p><strong><br \/>Crit\u00e8res d\u2019admissibilit\u00e9<\/strong><\/p><ul><li>S\u2019identifier comme une personne Noire\/d\u2019ascendance Africaine au Canada avec un v\u00e9cu fa\u00e7onn\u00e9 par cette identit\u00e9\u2009;<\/li><li>D\u00e9montrer une participation manifeste aupr\u00e8s de communaut\u00e9s Noires\/d\u2019ascendance africaine, y compris la participation \u00e0 des programmes artistiques et \u00e0 des initiatives culturelles\u2009;<\/li><li>Habiter dans la r\u00e9gion de la capitale nationale pendant la dur\u00e9e de l\u2019attribution de la bourse (la personne choisie devra travailler \u00e0 la fois virtuellement et sur place\u2009; des d\u00e9placements r\u00e9gionaux pourraient \u00eatre n\u00e9cessaires)\u2009;<\/li><li>D\u00e9montrer un int\u00e9r\u00eat manifeste pour la pratique du commissariat d\u2019exposition, l\u2019histoire de l\u2019art, les \u00e9tudes mus\u00e9ales, la culture visuelle ou des domaines connexes\u2009;<\/li><li>\u00catre une personne professionnelle en d\u00e9but de carri\u00e8re poss\u00e9dant une certaine exp\u00e9rience dans l\u2019\u00e9laboration d\u2019expositions, la recherche, la r\u00e9daction, l\u2019engagement communautaire, l\u2019administration des arts ou la programmation\u2009;<\/li><li>La connaissance et l\u2019appr\u00e9ciation des arts et de la culture au Canada.<\/li><\/ul><p><strong><br \/><\/strong><strong>Comp\u00e9tences et aptitudes<\/strong><\/p><ul><li>Un dipl\u00f4me d\u2019\u00e9tudes postsecondaires ou de l\u2019exp\u00e9rience professionnelle pertinente (les domaines li\u00e9s aux arts sont un atout\u2009; ceux des autres domaines seront \u00e9galement consid\u00e9r\u00e9s en attente d\u2019une d\u00e9monstration d\u2019int\u00e9r\u00eat pour les arts)\u2009;<\/li><li>D\u2019excellentes comp\u00e9tences organisationnelles et de gestion du temps\u2009;<\/li><li>De l\u2019exp\u00e9rience en gestion de projets ou en planification d\u2019\u00e9v\u00e9nements\u2009;<\/li><li>De solides comp\u00e9tences administratives, une excellente ma\u00eetrise de l\u2019informatique et de l\u2019exp\u00e9rience avec la suite MSOffice (Word, Excel, PowerPoint, etc.)\u2009;<\/li><li>Le bilinguisme (\u00e9crit et oral) en fran\u00e7ais et en anglais est un atout\u2009;<\/li><li>De solides comp\u00e9tences de communication, y compris la capacit\u00e9 \u00e0 communiquer des id\u00e9es clairement par \u00e9crit et au moyen de diverses formes d\u2019expression.<\/li><\/ul><p><strong><br \/>Responsabilit\u00e9s<\/strong><\/p><p>Il est possible que la personne choisie n\u2019ait pas d\u2019exp\u00e9rience dans toutes les responsabilit\u00e9s \u00e9num\u00e9r\u00e9es ci-dessous, mais elle b\u00e9n\u00e9ficiera d\u2019occasions de formation et de mentorat de la part de la GAO et du MBAC tout au long du contrat.<\/p><p><strong><br \/>Phase 1 : GAO (du 11 mai au 31 ao\u00fbt 2026)<\/strong><\/p><ul><li>Travailler avec une personne de la GAO responsable du commissariat d\u2019exposition affect\u00e9e \u00e0 l\u2019int\u00e9gration, \u00e0 la facilitation et \u00e0 la supervision\u2009;<\/li><li>Mettre au point et r\u00e9aliser une exposition dans la Galerie Annexe de la GAO qui met en vedette des artistes de leur choix avec des \u0153uvres \u00e0 vendre ;<\/li><li>Collaborer avec le personnel de la GAO dans l\u2019ensemble des services (commissariat d\u2019exposition, collections, installation, \u00e9ducation et engagement, communications, etc.)\u2009;<\/li><li>Participer \u00e0 des r\u00e9unions mensuelles avec les \u00e9quipes de la GAO, du MBAC et d\u2019OBAK dans le but de soutenir la communication et la collaboration continues ;<\/li><li>Effectuer des visites de studio, choisir les artistes, faire la recherche et l\u2019\u00e9criture\u2009;<\/li><li>Assister \u00e0 des visites d\u2019autres institutions, \u00e0 des s\u00e9ances de mentorat et \u00e0 des activit\u00e9s de r\u00e9seautage\u2009;<\/li><li>Organiser une r\u00e9ception pour l\u2019exposition\u2009;<\/li><li>D\u00e9velopper de solides comp\u00e9tences en communication avec le public gr\u00e2ce \u00e0 des visites d\u2019exposition, des discours et des entrevues avec les m\u00e9dias.<\/li><\/ul><p><strong><br \/>Phase\u00a02\u00a0: MBAC (du 1<sup>er<\/sup> septembre 2026 au 28 f\u00e9vrier 2027)<\/strong><\/p><ul><li>Travailler avec une personne du MBAC responsable du commissariat d\u2019exposition affect\u00e9e \u00e0 l\u2019int\u00e9gration, la facilitation et la supervision\u2009;<\/li><li>Effectuer de la recherche sur les collections et r\u00e9diger un texte de commissaire de 1500\u00a0mots li\u00e9 \u00e0 l\u2019exposition \u00e0 la GAO en vue d\u2019une \u00e9ventuelle publication en ligne\u2009;<\/li><li>Travailler avec le personnel du MBAC dans divers services (conservation, voies autochtones et d\u00e9colonisation, marketing, communications, antiracisme, \u00e9quit\u00e9, diversit\u00e9, inclusion et accessibilit\u00e9, collections et pr\u00eats, etc.)\u2009;<\/li><li>Participer \u00e0 des r\u00e9unions mensuelles avec les \u00e9quipes de la GAO, du MBAC et d\u2019OBAK dans le but de soutenir la communication et la collaboration continues ;<\/li><li>Mettre au point et organiser conjointement un programme public au MBAC avec le service Apprentissage et engagement communautaire\u2009;<\/li><li>Assister \u00e0 des visites d\u2019autres institutions, \u00e0 des s\u00e9ances de mentorat et \u00e0 des activit\u00e9s de r\u00e9seautage\u2009;<\/li><li>Participer \u00e0 une s\u00e9ance de d\u00e9breffage r\u00e9flexif afin de partager son exp\u00e9rience et fournir des commentaires qui aideront \u00e0 am\u00e9liorer et \u00e0 faire \u00e9voluer le poste \u00e0 l\u2019avenir.<\/li><\/ul><p><strong><br \/>Comment postuler<\/strong><\/p><p>Les personnes int\u00e9ress\u00e9es sont invit\u00e9es \u00e0 soumettre ce qui suit\u00a0:<\/p><ul><li>une lettre de pr\u00e9sentation ou d\u2019intention (maximum 1\u00a0page) d\u00e9crivant leur int\u00e9r\u00eat pour le programme et leurs aspirations en commissariat d\u2019exposition\u2009;<\/li><li>une courte proposition d\u00e9taillant le th\u00e8me propos\u00e9 pour l\u2019exposition (maximum 1\u00a0page)\u2009;<\/li><li>un CV d\u00e9taillant l\u2019exp\u00e9rience pertinente\u2009;<\/li><li>deux r\u00e9f\u00e9rences (les coordonn\u00e9es seulement).<\/li><\/ul><p>Envoyez votre demande \u00e0\u00a0<a href=\"mailto:emploi@oaggao.ca\">emploi@oaggao.ca<\/a> \u00e0 l\u2019attention de Rebecca Basciano, commissaire en chef de la GAO, avant la date limite du 28 avril 2026, 23 h 59. Assurez-vous de mentionner le poste pr\u00e9cis pour lequel vous posez votre candidature dans la ligne d\u2019objet. Si vous avez besoin de mesures d\u2019adaptation pour pr\u00e9senter votre demande ou pour le processus d\u2019entrevue, veuillez l\u2019indiquer dans votre courriel. Un comit\u00e9 compos\u00e9 de membres qui repr\u00e9sentent la GAO, le MBAC et l\u2019OBAK examinera toutes les pr\u00e9sentations. Nous remercions toutes les personnes qui manifestent leur int\u00e9r\u00eat, et seules les propositions s\u00e9lectionn\u00e9es pour une entrevue seront contact\u00e9es.<\/p><p><strong><br \/>Accessibilit\u00e9 et \u00e9quit\u00e9<\/strong><\/p><p>Nous encourageons les gens provenant de diff\u00e9rents milieux, y compris ceux ayant des identit\u00e9s intersectorielles, \u00e0 poser leur candidature. La GAO soutient pleinement l\u2019int\u00e9gration des personnes handicap\u00e9es dans toutes ses activit\u00e9s. Conform\u00e9ment aux exigences de la Loi de 2005 sur l\u2019accessibilit\u00e9 pour les personnes handicap\u00e9es de l\u2019Ontario (LAPHO) et du Code des droits de la personne de l\u2019Ontario, la GAO s\u2019efforce de mener ses activit\u00e9s d\u2019une mani\u00e8re accessible, inclusive et adapt\u00e9e aux besoins des personnes handicap\u00e9es. Si vous avez besoin de mesures d\u2019adaptation pendant le processus de dotation, n\u2019h\u00e9sitez pas \u00e0 communiquer avec Zoe MacNeil (<a href=\"mailto:ZMacNeil@oaggao.ca\">ZMacNeil@oaggao.ca<\/a>).<\/p><p><strong><br \/>\u00c0 propos de la GAO<\/strong><\/p><p><strong>R\u00e9sonance<\/strong><\/p><p>La GAO raconte l\u2019histoire de la communaut\u00e9 \u00e0 travers l\u2019art et aide \u00e0 cr\u00e9er une vision positive de l\u2019avenir de la r\u00e9gion. V\u00e9ritable destination culturelle au c\u0153ur du centre-ville, la GAO est un organisme durable et innovant qui promeut l\u2019\u00e9quit\u00e9, l\u2019antiracisme et l\u2019accessibilit\u00e9 au moyen de l\u2019art. La GAO contribue \u00e0 l\u2019\u00e9conomie de la r\u00e9gion de la capitale nationale et d\u00e9tient une collection d\u2019art de classe mondiale au nom des gens de la r\u00e9gion.<\/p><p><strong>Vision<\/strong><\/p><p>Nous croyons que l\u2019art et les artistes de la r\u00e9gion offrent une vision unique de la soci\u00e9t\u00e9. Bien qu\u2019ancr\u00e9 dans une g\u00e9ographie pr\u00e9cise, cela joue un r\u00f4le essentiel et aide \u00e0 saisir les d\u00e9fis complexes et mondiaux de notre \u00e9poque. Nos expositions pr\u00e9sentent l\u2019art r\u00e9gional au sein d\u2019un contexte national et international, et nos programmes s\u2019adressent \u00e0 tous les publics, tr\u00e8s jeunes et plus \u00e2g\u00e9s. La GAO est aussi un lieu qui taille une place \u00e0 diff\u00e9rentes communaut\u00e9s, et nous croyons fermement dans la tenue de collaborations et de partenariats interdisciplinaires.<\/p><p><a href=\"https:\/\/oaggao.ca\/fr\/\" target=\"_blank\" rel=\"noopener\"><img decoding=\"async\" class=\"alignnone wp-image-321\" src=\"https:\/\/oaggao.ca\/wp-content\/uploads\/2021\/09\/OAG-GAO-Logo-Colour.png\" alt=\"\" width=\"90\" height=\"71\" \/><\/a><\/p><p><strong><br \/>\u00c0 propos du MBAC<\/strong><\/p><p>Fond\u00e9 en 1880, le Mus\u00e9e des beaux-arts du Canada compte parmi les institutions artistiques les plus respect\u00e9es au monde. En tant que mus\u00e9e national, notre raison d\u2019\u00eatre est de servir toutes , o\u00f9 qu\u2019ils vivent. Pour ce faire, nous partageons largement notre collection, nos expositions et notre programmation publique. Nous cr\u00e9ons des exp\u00e9riences dynamiques qui permettent de nouvelles fa\u00e7ons de nous voir et de voir les autres \u00e0 travers les arts visuels, tout en mettant l\u2019accent sur les fa\u00e7ons autochtones de savoir et d\u2019\u00eatre. Notre mandat consiste \u00e0 d\u00e9velopper, pr\u00e9server et pr\u00e9senter une collection pour l\u2019apprentissage et le plaisir de toutes et tous \u2013 aujourd\u2019hui et pour les g\u00e9n\u00e9rations \u00e0 venir. Nous abritons plus de\u00a0<a href=\"https:\/\/www.beaux-arts.ca\/collection\/recherche-dans-la-collection?_gl=1*zuxr03*_gcl_au*MzUyNDM2NTcxLjE3MjY3NjgxNzY.*_ga*MTUwODI1NzQ5NS4xNzI2NzY4MTc2*_ga_83BW334MD2*MTczMzE2OTA2MC4zNS4wLjE3MzMxNjkwNjAuMC4wLjA.\">90\u2009000\u00a0\u0153uvres<\/a>, dont l\u2019une des plus belles collections d\u2019art autochtone et canadien, des \u0153uvres majeures du 14\u1d49 au 21\u1d49\u00a0si\u00e8cle, ainsi que de vastes fonds de biblioth\u00e8que et d\u2019archives.\u202f\u202f<\/p><p><a href=\"https:\/\/www.beaux-arts.ca\/\" target=\"_blank\" rel=\"noopener\"><img decoding=\"async\" class=\"alignnone size-medium wp-image-41933\" src=\"https:\/\/oaggao.ca\/wp-content\/uploads\/2024\/09\/lock-up-black-EN-v1-300x46.jpg\" alt=\"\" width=\"300\" height=\"46\" srcset=\"https:\/\/oaggao.ca\/wp-content\/uploads\/2024\/09\/lock-up-black-EN-v1-300x46.jpg 300w, https:\/\/oaggao.ca\/wp-content\/uploads\/2024\/09\/lock-up-black-EN-v1-1024x158.jpg 1024w, https:\/\/oaggao.ca\/wp-content\/uploads\/2024\/09\/lock-up-black-EN-v1-768x118.jpg 768w, https:\/\/oaggao.ca\/wp-content\/uploads\/2024\/09\/lock-up-black-EN-v1-1536x236.jpg 1536w, https:\/\/oaggao.ca\/wp-content\/uploads\/2024\/09\/lock-up-black-EN-v1-scaled.jpg 2048w\" sizes=\"(max-width: 300px) 100vw, 300px\" \/><\/a><\/p><p><strong><br \/>\u00c0 propos de l\u2019OBAK<\/strong><\/p><p>Le groupe OBAK\u00a0(Ottawa Black Art Kollective)\u00a0rassemble des artistes et des m\u00e9c\u00e8nes de communaut\u00e9s Noires qui se d\u00e9vouent \u00e0 l\u2019accroissement de la visibilit\u00e9 et d\u2019occasions de perfectionnement professionnel d\u2019artistes et de commissaires en arts visuels Noir.e.s dans la r\u00e9gion de la capitale nationale. Notre objectif est de fournir des occasions continues de mentorat, de r\u00e9seautage, d\u2019exposition et de perfectionnement professionnel \u00e0 nos membres. Notre vision : une r\u00e9gion de la capitale nationale dynamique aux niveaux artistiques et culturels, o\u00f9 les artistes et les commissaires Noir.e.s prosp\u00e8rent et atteignent leur plein potentiel.<\/p><p><a href=\"https:\/\/obak.ca\/\" target=\"_blank\" rel=\"noopener\"><img decoding=\"async\" class=\"alignnone wp-image-26647\" src=\"https:\/\/oaggao.ca\/wp-content\/uploads\/2022\/07\/obak_W-031-300x161.png\" alt=\"\" width=\"135\" height=\"72\" srcset=\"https:\/\/oaggao.ca\/wp-content\/uploads\/2022\/07\/obak_W-031-300x161.png 300w, https:\/\/oaggao.ca\/wp-content\/uploads\/2022\/07\/obak_W-031-1024x549.png 1024w, https:\/\/oaggao.ca\/wp-content\/uploads\/2022\/07\/obak_W-031-768x411.png 768w, https:\/\/oaggao.ca\/wp-content\/uploads\/2022\/07\/obak_W-031-1536x823.png 1536w, https:\/\/oaggao.ca\/wp-content\/uploads\/2022\/07\/obak_W-031.png 2048w\" sizes=\"(max-width: 135px) 100vw, 135px\" \/><\/a><\/p>\t\t\t\t\t\t\t\t<\/div>\n\t\t\t\t<\/div>\n\t\t\t\t\t<\/div>\n\t\t<\/div>\n\t\t\t\t\t<\/div>\n\t\t<\/section>\n\t\t\t\t<\/div>\n\t\t","protected":false},"excerpt":{"rendered":"<p>Appel \u00e0 candidatures : Programme de bourse pour commissaire 2026 &#8211; 2027 Date limite de pr\u00e9sentation des demandes : le 28 avril 2026Date de d\u00e9but du programme : le 11 [&hellip;]<\/p>\n","protected":false},"author":13,"featured_media":0,"parent":20201,"menu_order":0,"comment_status":"closed","ping_status":"closed","template":"","meta":{"_acf_changed":false,"footnotes":""},"class_list":["post-49025","page","type-page","status-publish","hentry"],"acf":[],"aioseo_notices":[],"_links":{"self":[{"href":"https:\/\/oaggao.ca\/fr\/wp-json\/wp\/v2\/pages\/49025","targetHints":{"allow":["GET"]}}],"collection":[{"href":"https:\/\/oaggao.ca\/fr\/wp-json\/wp\/v2\/pages"}],"about":[{"href":"https:\/\/oaggao.ca\/fr\/wp-json\/wp\/v2\/types\/page"}],"author":[{"embeddable":true,"href":"https:\/\/oaggao.ca\/fr\/wp-json\/wp\/v2\/users\/13"}],"replies":[{"embeddable":true,"href":"https:\/\/oaggao.ca\/fr\/wp-json\/wp\/v2\/comments?post=49025"}],"version-history":[{"count":3,"href":"https:\/\/oaggao.ca\/fr\/wp-json\/wp\/v2\/pages\/49025\/revisions"}],"predecessor-version":[{"id":49114,"href":"https:\/\/oaggao.ca\/fr\/wp-json\/wp\/v2\/pages\/49025\/revisions\/49114"}],"up":[{"embeddable":true,"href":"https:\/\/oaggao.ca\/fr\/wp-json\/wp\/v2\/pages\/20201"}],"wp:attachment":[{"href":"https:\/\/oaggao.ca\/fr\/wp-json\/wp\/v2\/media?parent=49025"}],"curies":[{"name":"wp","href":"https:\/\/api.w.org\/{rel}","templated":true}]}}